{"id":685,"date":"2018-10-10T20:59:43","date_gmt":"2018-10-10T18:59:43","guid":{"rendered":"http:\/\/hgfhammel.dk\/badminton\/?page_id=685"},"modified":"2020-07-29T13:30:40","modified_gmt":"2020-07-29T11:30:40","slug":"traeningsoversigt","status":"publish","type":"page","link":"https:\/\/hgfhammel.dk\/badminton\/senior\/traeningsoversigt\/","title":{"rendered":"Tr\u00e6ningsoversigt"},"content":{"rendered":"<p>Der tr\u00e6nes 1 eller 2 gange om ugen i Hal 4, hvor der i alle tilf\u00e6lde vil v\u00e6re en tr\u00e6ner tilstede. For de fleste af spillerne vil der v\u00e6re mulighed for at komme til at spille turneringskampe, ligesom du vil f\u00e5 mulighed for at deltage i st\u00e6vner.<\/p>\n<p>Der tr\u00e6nes i s\u00e6sonen p\u00e5 mandage og torsdage. S\u00e6sonen g\u00e5r fra midt i august til udgangen af april. I kontingentet er inkluderet boldforbrug i rimeligt omfang.<\/p>\n<p>Tilmelding foreg\u00e5r her:\u00a0<a href=\"https:\/\/hgfbadminton.klub-modul.dk\/cms\/ProfileMaintainEnrollment.aspx?TeamID=194\" target=\"_blank\" rel=\"noopener noreferrer\">Senior Hold<\/a><\/p>\n","protected":false},"excerpt":{"rendered":"<p>Der tr\u00e6nes 1 eller 2 gange om ugen i Hal 4, hvor der i alle tilf\u00e6lde vil v\u00e6re en tr\u00e6ner tilstede. For de fleste af spillerne vil der v\u00e6re mulighed for at komme til at spille turneringskampe, ligesom du vil f\u00e5 mulighed for at deltage i st\u00e6vner. Der tr\u00e6nes i s\u00e6sonen p\u00e5 mandage og torsdage. [&hellip;]<\/p>\n","protected":false},"author":41,"featured_media":0,"parent":609,"menu_order":0,"comment_status":"closed","ping_status":"closed","template":"","meta":{"_et_pb_use_builder":"","_et_pb_old_content":"","_et_gb_content_width":""},"yoast_head":"<!-- This site is optimized with the Yoast SEO plugin v20.9 - https:\/\/yoast.com\/wordpress\/plugins\/seo\/ -->\n<title>Tr\u00e6ningsoversigt - Badminton<\/title>\n<meta name=\"robots\" content=\"index, follow, max-snippet:-1, max-image-preview:large, max-video-preview:-1\" \/>\n<link rel=\"canonical\" href=\"https:\/\/hgfhammel.dk\/badminton\/senior\/traeningsoversigt\/\" \/>\n<meta property=\"og:locale\" content=\"da_DK\" \/>\n<meta property=\"og:type\" content=\"article\" \/>\n<meta property=\"og:title\" content=\"Tr\u00e6ningsoversigt - Badminton\" \/>\n<meta property=\"og:description\" content=\"Der tr\u00e6nes 1 eller 2 gange om ugen i Hal 4, hvor der i alle tilf\u00e6lde vil v\u00e6re en tr\u00e6ner tilstede. For de fleste af spillerne vil der v\u00e6re mulighed for at komme til at spille turneringskampe, ligesom du vil f\u00e5 mulighed for at deltage i st\u00e6vner. Der tr\u00e6nes i s\u00e6sonen p\u00e5 mandage og torsdage. [&hellip;]\" \/>\n<meta property=\"og:url\" content=\"https:\/\/hgfhammel.dk\/badminton\/senior\/traeningsoversigt\/\" \/>\n<meta property=\"og:site_name\" content=\"Badminton\" \/>\n<meta property=\"article:modified_time\" content=\"2020-07-29T11:30:40+00:00\" \/>\n<meta name=\"twitter:card\" content=\"summary_large_image\" \/>\n<!-- \/ Yoast SEO plugin. -->","yoast_head_json":{"title":"Tr\u00e6ningsoversigt - Badminton","robots":{"index":"index","follow":"follow","max-snippet":"max-snippet:-1","max-image-preview":"max-image-preview:large","max-video-preview":"max-video-preview:-1"},"canonical":"https:\/\/hgfhammel.dk\/badminton\/senior\/traeningsoversigt\/","og_locale":"da_DK","og_type":"article","og_title":"Tr\u00e6ningsoversigt - Badminton","og_description":"Der tr\u00e6nes 1 eller 2 gange om ugen i Hal 4, hvor der i alle tilf\u00e6lde vil v\u00e6re en tr\u00e6ner tilstede. For de fleste af spillerne vil der v\u00e6re mulighed for at komme til at spille turneringskampe, ligesom du vil f\u00e5 mulighed for at deltage i st\u00e6vner. Der tr\u00e6nes i s\u00e6sonen p\u00e5 mandage og torsdage. [&hellip;]","og_url":"https:\/\/hgfhammel.dk\/badminton\/senior\/traeningsoversigt\/","og_site_name":"Badminton","article_modified_time":"2020-07-29T11:30:40+00:00","twitter_card":"summary_large_image","schema":{"@context":"https:\/\/schema.org","@graph":[{"@type":"WebPage","@id":"https:\/\/hgfhammel.dk\/badminton\/senior\/traeningsoversigt\/","url":"https:\/\/hgfhammel.dk\/badminton\/senior\/traeningsoversigt\/","name":"Tr\u00e6ningsoversigt - Badminton","isPartOf":{"@id":"https:\/\/hgfhammel.dk\/badminton\/#website"},"datePublished":"2018-10-10T18:59:43+00:00","dateModified":"2020-07-29T11:30:40+00:00","breadcrumb":{"@id":"https:\/\/hgfhammel.dk\/badminton\/senior\/traeningsoversigt\/#breadcrumb"},"inLanguage":"da-DK","potentialAction":[{"@type":"ReadAction","target":["https:\/\/hgfhammel.dk\/badminton\/senior\/traeningsoversigt\/"]}]},{"@type":"BreadcrumbList","@id":"https:\/\/hgfhammel.dk\/badminton\/senior\/traeningsoversigt\/#breadcrumb","itemListElement":[{"@type":"ListItem","position":1,"name":"Hjem","item":"https:\/\/hgfhammel.dk\/badminton\/"},{"@type":"ListItem","position":2,"name":"Senior","item":"https:\/\/hgfhammel.dk\/badminton\/senior\/"},{"@type":"ListItem","position":3,"name":"Tr\u00e6ningsoversigt"}]},{"@type":"WebSite","@id":"https:\/\/hgfhammel.dk\/badminton\/#website","url":"https:\/\/hgfhammel.dk\/badminton\/","name":"Badminton","description":"Badminton","potentialAction":[{"@type":"SearchAction","target":{"@type":"EntryPoint","urlTemplate":"https:\/\/hgfhammel.dk\/badminton\/?s={search_term_string}"},"query-input":"required name=search_term_string"}],"inLanguage":"da-DK"}]}},"_links":{"self":[{"href":"https:\/\/hgfhammel.dk\/badminton\/wp-json\/wp\/v2\/pages\/685"}],"collection":[{"href":"https:\/\/hgfhammel.dk\/badminton\/wp-json\/wp\/v2\/pages"}],"about":[{"href":"https:\/\/hgfhammel.dk\/badminton\/wp-json\/wp\/v2\/types\/page"}],"author":[{"embeddable":true,"href":"https:\/\/hgfhammel.dk\/badminton\/wp-json\/wp\/v2\/users\/41"}],"replies":[{"embeddable":true,"href":"https:\/\/hgfhammel.dk\/badminton\/wp-json\/wp\/v2\/comments?post=685"}],"version-history":[{"count":0,"href":"https:\/\/hgfhammel.dk\/badminton\/wp-json\/wp\/v2\/pages\/685\/revisions"}],"up":[{"embeddable":true,"href":"https:\/\/hgfhammel.dk\/badminton\/wp-json\/wp\/v2\/pages\/609"}],"wp:attachment":[{"href":"https:\/\/hgfhammel.dk\/badminton\/wp-json\/wp\/v2\/media?parent=685"}],"curies":[{"name":"wp","href":"https:\/\/api.w.org\/{rel}","templated":true}]}}