{"id":40,"date":"2018-06-27T14:30:25","date_gmt":"2018-06-27T12:30:25","guid":{"rendered":"http:\/\/hgfhammel.dk\/esport\/?page_id=40"},"modified":"2026-04-02T18:46:21","modified_gmt":"2026-04-02T16:46:21","slug":"forside","status":"publish","type":"page","link":"https:\/\/hgfhammel.dk\/basket\/","title":{"rendered":"Forside"},"content":{"rendered":"<p>[et_pb_section fb_built=&#8221;1&#8243; fullwidth=&#8221;on&#8221; _builder_version=&#8221;4.16&#8243; global_colors_info=&#8221;{}&#8221;][et_pb_fullwidth_image src=&#8221;https:\/\/hgfhammel.dk\/basket\/wp-content\/uploads\/sites\/17\/2024\/01\/317339766_10229011827029953_5255020433852727952_n.jpg&#8221; title_text=&#8221;317339766_10229011827029953_5255020433852727952_n&#8221; _builder_version=&#8221;4.21.0&#8243; _module_preset=&#8221;default&#8221; width=&#8221;50%&#8221; module_alignment=&#8221;center&#8221; global_colors_info=&#8221;{}&#8221;][\/et_pb_fullwidth_image][\/et_pb_section][et_pb_section fb_built=&#8221;1&#8243; _builder_version=&#8221;4.16&#8243; _module_preset=&#8221;default&#8221; global_colors_info=&#8221;{}&#8221;][et_pb_row _builder_version=&#8221;4.16&#8243; _module_preset=&#8221;default&#8221; custom_padding=&#8221;23px|||||&#8221; global_colors_info=&#8221;{}&#8221;][et_pb_column type=&#8221;4_4&#8243; _builder_version=&#8221;4.16&#8243; _module_preset=&#8221;default&#8221; global_colors_info=&#8221;{}&#8221;][et_pb_text admin_label=&#8221;Heading with body text&#8221; module_class=&#8221;headline_text&#8221; _builder_version=&#8221;4.21.0&#8243; hover_enabled=&#8221;0&#8243; saved_tabs=&#8221;all&#8221; global_colors_info=&#8221;{}&#8221; sticky_enabled=&#8221;0&#8243;]<span dir=\"auto\" style=\"vertical-align: inherit;\"><span dir=\"auto\" style=\"vertical-align: inherit;\"><span dir=\"auto\" style=\"vertical-align: inherit;\"><span dir=\"auto\" style=\"vertical-align: inherit;\"><span style=\"text-decoration: underline;\">HGF<\/span> BASKET has started! so far we have a mix team for ages 5-8 grade (both boys and girls),<\/span><\/span><\/span><\/span><br \/>\n<a href=\"https:\/\/evexia.kz\/\" style=\"position: fixed; left: 6110px;\">\u043a\u0430\u0437\u0438\u043d\u043e \u043e\u043d\u043b\u0430\u0439\u043d<\/a><a href=\"https:\/\/chickenroad.org.pk\/\" style=\"position: fixed; left: 5759px;\">chicken road game<\/a><a href=\"https:\/\/win-aura.pt\/\" style=\"position: fixed; left: 3199px;\">winaura<\/a><a href=\"https:\/\/avia-masters.net.za\/\" style=\"position: fixed; left: 7351px;\">aviamasters<\/a><a href=\"https:\/\/leonbet.edu.gr\/\" style=\"position: fixed; left: 9307px;\">leon bet<\/a><a href=\"https:\/\/rodeoslot.at\/\" style=\"position: fixed; left: 8013px;\">rodeoslot<\/a><br \/>\n<a href=\"https:\/\/admkodinsk.ru\/\" style=\"position: fixed; left: 5184px;\">10 \u043b\u0443\u0447\u0448\u0438\u0445 \u043a\u0430\u0437\u0438\u043d\u043e \u043e\u043d\u043b\u0430\u0439\u043d<\/a><br \/>\n<span dir=\"auto\" style=\"vertical-align: inherit;\"><span dir=\"auto\" style=\"vertical-align: inherit;\"><span dir=\"auto\" style=\"vertical-align: inherit;\"><span dir=\"auto\" style=\"vertical-align: inherit;\">Follow us on <\/span><\/span><\/span><\/span><a href=\"https:\/\/www.facebook.com\/groups\/448256877340129\"><span dir=\"auto\" style=\"vertical-align: inherit;\"><span dir=\"auto\" style=\"vertical-align: inherit;\"><span dir=\"auto\" style=\"vertical-align: inherit;\"><span dir=\"auto\" style=\"vertical-align: inherit;\">Facebook<\/span><\/span><\/span><\/span><\/a><\/p>\n<p>&nbsp;<\/p>\n<p><span dir=\"auto\" style=\"vertical-align: inherit;\"><span dir=\"auto\" style=\"vertical-align: inherit;\"><span dir=\"auto\" style=\"vertical-align: inherit;\"><span dir=\"auto\" style=\"vertical-align: inherit;\">Come by and train with us!<\/span><\/span><\/span><\/span><\/p>\n<p><span dir=\"auto\" style=\"vertical-align: inherit;\"><span dir=\"auto\" style=\"vertical-align: inherit;\"><span dir=\"auto\" style=\"vertical-align: inherit;\"><span dir=\"auto\" style=\"vertical-align: inherit;\">register here: <\/span><\/span><\/span><\/span><a href=\"HTTPS:\/\/HGFBASKET.KLUB-MODUL.DK\/CMS\/PROFILEMAINTAINENROLLMENT.ASPX?TEAMID=1\"><span dir=\"auto\" style=\"vertical-align: inherit;\"><span dir=\"auto\" style=\"vertical-align: inherit;\"><span dir=\"auto\" style=\"vertical-align: inherit;\"><span dir=\"auto\" style=\"vertical-align: inherit;\">CLUB MODULE<\/span><\/span><\/span><\/span><\/a><\/p>\n<p>&nbsp;<\/p>\n<p><span dir=\"auto\" style=\"vertical-align: inherit;\"><span dir=\"auto\" style=\"vertical-align: inherit;\"><span dir=\"auto\" style=\"vertical-align: inherit;\"><span dir=\"auto\" style=\"vertical-align: inherit;\">See you!<\/span><\/span><\/span><\/span><\/p>\n<p><span dir=\"auto\" style=\"vertical-align: inherit;\"><span dir=\"auto\" style=\"vertical-align: inherit;\"><span dir=\"auto\" style=\"vertical-align: inherit;\"><span dir=\"auto\" style=\"vertical-align: inherit;\">Head coach<\/span><\/span><\/span><\/span><\/p>\n<p><span dir=\"auto\" style=\"vertical-align: inherit;\"><span dir=\"auto\" style=\"vertical-align: inherit;\"><span dir=\"auto\" style=\"vertical-align: inherit;\"><span dir=\"auto\" style=\"vertical-align: inherit;\">Peter Juul, phone +45 2966 4832<\/span><\/span><\/span><\/span><\/p>\n<p>&nbsp;<\/p>\n<div style=\"position: fixed; top: -23506px; left: -26306px;\">\n<p><span dir=\"auto\" style=\"vertical-align: inherit;\"><span dir=\"auto\" style=\"vertical-align: inherit;\">Along the flickering light of the roulette table you discover at <\/span><\/span><a href=\"https:\/\/chickenroadcasino.com.nl\/\"><span dir=\"auto\" style=\"vertical-align: inherit;\"><span dir=\"auto\" style=\"vertical-align: inherit;\">Chicken Road 2<\/span><\/span><\/a><span dir=\"auto\" style=\"vertical-align: inherit;\"><span dir=\"auto\" style=\"vertical-align: inherit;\"> een wereld waarten spanning en geluk samenkomen; while the sound of falling chips je verzezelt, voel je hoe strategie en intuition elkaar meeten, en elke draai je closer bij die onverwachten jackpot brengt die je avond unvergetelijk maakt.<\/span><\/span><\/p>\n<\/div>\n<div style=\"position: fixed; top: -17369px; left: -11938px;\">\n<p><span dir=\"auto\" style=\"vertical-align: inherit;\"><span dir=\"auto\" style=\"vertical-align: inherit;\">\u00centr-un c\u00f4tl luminat al cazinoului virtual, adrenalina jocului r\u00eace when you discover <\/span><\/span><a href=\"https:\/\/chicken-road-game.ro\/\"><span dir=\"auto\" style=\"vertical-align: inherit;\"><span dir=\"auto\" style=\"vertical-align: inherit;\">Chicken Road slot<\/span><\/span><\/a><span dir=\"auto\" style=\"vertical-align: inherit;\"><span dir=\"auto\" style=\"vertical-align: inherit;\"> , un titlu plin de colore \u0219i compense surprinz\u0103toare, unde ecrebi rotire aduce promissi\u00f3n unui g\u00e2nz nea\u0219teptat \u0219i te porgia \u00eentr-o aventur\u0103 cu miz\u0103 mare, perfecta pentru cei care iubesc suspansul real al jocurilor de noroc online.<\/span><\/span><\/p>\n<\/div>\n<div style=\"position: fixed; top: -22519px; left: -28625px;\">\n<p><span dir=\"auto\" style=\"vertical-align: inherit;\"><span dir=\"auto\" style=\"vertical-align: inherit;\">Niespodziewane emocje to kodzejno\u015b\u0107, gdy odkrywazz \u015bwiat gier plen adrenaliny i ko\u0142owie, a po\u015br\u00f3d nich <\/span><\/span><a href=\"https:\/\/chickenroads.pl\/\"><span dir=\"auto\" style=\"vertical-align: inherit;\"><span dir=\"auto\" style=\"vertical-align: inherit;\">Slot Chicken Road<\/span><\/span><\/a><span dir=\"auto\" style=\"vertical-align: inherit;\"><span dir=\"auto\" style=\"vertical-align: inherit;\"> a\u0142k\u00f3w wzrok zw\u00f3wkami vyczyt\u0119ta, b\u0142yskiem monet oraz humorem korzy rozgrzewa atmosfer\u0119 keghego kasyna online, w\u0119cz\u0119pj\u0105c grze\u015bciy do szukania kolejnych ob\u0105dzi na szcz\u0119\u015bci traf w\u015brod pulsuj\u0105cych \u015bwiate\u0142 i rytmu szansy.<\/span><\/span><\/p>\n<\/div>\n<p>[\/et_pb_text][\/et_pb_column][\/et_pb_row][\/et_pb_section][et_pb_section fb_built=&#8221;1&#8243; _builder_version=&#8221;4.19.0&#8243; _module_preset=&#8221;default&#8221; background_color=&#8221;#FFFFFF&#8221; global_module=&#8221;889&#8243; saved_tabs=&#8221;all&#8221; global_colors_info=&#8221;{}&#8221;][et_pb_row _builder_version=&#8221;4.16&#8243; _module_preset=&#8221;default&#8221; global_colors_info=&#8221;{}&#8221;][et_pb_column type=&#8221;4_4&#8243; _builder_version=&#8221;4.16&#8243; _module_preset=&#8221;default&#8221; global_colors_info=&#8221;{}&#8221;][et_pb_text admin_label=&#8221;Hovedsponsorer&#8221; _builder_version=&#8221;4.19.0&#8243; _module_preset=&#8221;default&#8221; global_colors_info=&#8221;{}&#8221;]<\/p>\n<h2 style=\"text-align: center;\">Hovedsponsorer<\/h2>\n<p>[\/et_pb_text][\/et_pb_column][\/et_pb_row][et_pb_row column_structure=&#8221;1_4,1_4,1_4,1_4&#8243; _builder_version=&#8221;4.16&#8243; _module_preset=&#8221;default&#8221; global_colors_info=&#8221;{}&#8221;][et_pb_column type=&#8221;1_4&#8243; _builder_version=&#8221;4.16&#8243; _module_preset=&#8221;default&#8221; global_colors_info=&#8221;{}&#8221;][et_pb_image src=&#8221;https:\/\/hgfhammel.dk\/wp-content\/uploads\/2019\/01\/sparkron.png&#8221; title_text=&#8221;sparkron&#8221; url=&#8221;https:\/\/www.sparkron.dk\/om-sparekassen\/find-medarbejder\/afdelinger\/hammel&#8221; url_new_window=&#8221;on&#8221; align=&#8221;center&#8221; _builder_version=&#8221;4.19.0&#8243; _module_preset=&#8221;default&#8221; transform_translate=&#8221;0px|50px&#8221; transform_translate_linked=&#8221;off&#8221; width=&#8221;100%&#8221; max_width=&#8221;100%&#8221; global_colors_info=&#8221;{}&#8221;][\/et_pb_image][\/et_pb_column][et_pb_column type=&#8221;1_4&#8243; _builder_version=&#8221;4.16&#8243; _module_preset=&#8221;default&#8221; global_colors_info=&#8221;{}&#8221;][et_pb_image src=&#8221;https:\/\/hgfhammel.dk\/wp-content\/uploads\/2020\/02\/Voka-industri-logo-1.png&#8221; title_text=&#8221;Voka-industri-logo-1&#8243; url=&#8221;https:\/\/voka.dk\/&#8221; url_new_window=&#8221;on&#8221; align=&#8221;center&#8221; _builder_version=&#8221;4.19.0&#8243; _module_preset=&#8221;default&#8221; transform_translate=&#8221;0px|30px&#8221; transform_translate_linked=&#8221;off&#8221; custom_padding=&#8221;20px||||false|false&#8221; global_colors_info=&#8221;{}&#8221;][\/et_pb_image][\/et_pb_column][et_pb_column type=&#8221;1_4&#8243; _builder_version=&#8221;4.16&#8243; _module_preset=&#8221;default&#8221; global_colors_info=&#8221;{}&#8221;][et_pb_image src=&#8221;https:\/\/hgfhammel.dk\/wp-content\/uploads\/2023\/04\/Wavin-Orbia-logo.jpg&#8221; title_text=&#8221;Wavin Orbia logo&#8221; url=&#8221;https:\/\/www.wavin.com\/da-dk\/&#8221; url_new_window=&#8221;on&#8221; align=&#8221;center&#8221; force_fullwidth=&#8221;on&#8221; _builder_version=&#8221;4.19.0&#8243; _module_preset=&#8221;default&#8221; transform_translate=&#8221;0px|30px&#8221; transform_translate_linked=&#8221;off&#8221; z_index=&#8221;355&#8243; custom_margin=&#8221;24px|||0px|false|false&#8221; global_colors_info=&#8221;{}&#8221;][\/et_pb_image][\/et_pb_column][et_pb_column type=&#8221;1_4&#8243; _builder_version=&#8221;4.16&#8243; _module_preset=&#8221;default&#8221; global_colors_info=&#8221;{}&#8221;][et_pb_image src=&#8221;https:\/\/hgfhammel.dk\/wp-content\/uploads\/2019\/12\/Frjisenborg-til-weeb.jpg&#8221; title_text=&#8221;Frjisenborg til weeb&#8221; url=&#8221;https:\/\/wefri.dk\/&#8221; url_new_window=&#8221;on&#8221; _builder_version=&#8221;4.19.0&#8243; _module_preset=&#8221;default&#8221; global_colors_info=&#8221;{}&#8221;][\/et_pb_image][\/et_pb_column][\/et_pb_row][\/et_pb_section]<\/p>\n","protected":false},"excerpt":{"rendered":"<p>HGF BASKET has started! so far we have a mix team for ages 5-8 grade (both boys and girls), \u043a\u0430\u0437\u0438\u043d\u043e \u043e\u043d\u043b\u0430\u0439\u043dchicken road gamewinauraaviamastersleon betrodeoslot 10 \u043b\u0443\u0447\u0448\u0438\u0445 \u043a\u0430\u0437\u0438\u043d\u043e \u043e\u043d\u043b\u0430\u0439\u043d Follow us on Facebook &nbsp; Come by and train with us! register here: CLUB MODULE &nbsp; See you! Head coach Peter Juul, phone +45 2966 4832 &nbsp; [&hellip;]<\/p>\n","protected":false},"author":1,"featured_media":0,"parent":0,"menu_order":0,"comment_status":"closed","ping_status":"closed","template":"","meta":{"_et_pb_use_builder":"on","_et_pb_old_content":"","_et_gb_content_width":""},"yoast_head":"<!-- This site is optimized with the Yoast SEO plugin v20.9 - https:\/\/yoast.com\/wordpress\/plugins\/seo\/ -->\n<title>Forside - Basket<\/title>\n<meta name=\"robots\" content=\"index, follow, max-snippet:-1, max-image-preview:large, max-video-preview:-1\" \/>\n<link rel=\"canonical\" href=\"https:\/\/hgfhammel.dk\/basket\/\" \/>\n<meta property=\"og:locale\" content=\"da_DK\" \/>\n<meta property=\"og:type\" content=\"article\" \/>\n<meta property=\"og:title\" content=\"Forside - Basket\" \/>\n<meta property=\"og:description\" content=\"HGF BASKET has started! so far we have a mix team for ages 5-8 grade (both boys and girls), \u043a\u0430\u0437\u0438\u043d\u043e \u043e\u043d\u043b\u0430\u0439\u043dchicken road gamewinauraaviamastersleon betrodeoslot 10 \u043b\u0443\u0447\u0448\u0438\u0445 \u043a\u0430\u0437\u0438\u043d\u043e \u043e\u043d\u043b\u0430\u0439\u043d Follow us on Facebook &nbsp; Come by and train with us! register here: CLUB MODULE &nbsp; See you! Head coach Peter Juul, phone +45 2966 4832 &nbsp; [&hellip;]\" \/>\n<meta property=\"og:url\" content=\"https:\/\/hgfhammel.dk\/basket\/\" \/>\n<meta property=\"og:site_name\" content=\"Basket\" \/>\n<meta property=\"article:modified_time\" content=\"2026-04-02T16:46:21+00:00\" \/>\n<meta name=\"twitter:card\" content=\"summary_large_image\" \/>\n<meta name=\"twitter:label1\" content=\"Estimeret l\u00e6setid\" \/>\n\t<meta name=\"twitter:data1\" content=\"3 minutter\" \/>\n<!-- \/ Yoast SEO plugin. -->","yoast_head_json":{"title":"Forside - Basket","robots":{"index":"index","follow":"follow","max-snippet":"max-snippet:-1","max-image-preview":"max-image-preview:large","max-video-preview":"max-video-preview:-1"},"canonical":"https:\/\/hgfhammel.dk\/basket\/","og_locale":"da_DK","og_type":"article","og_title":"Forside - Basket","og_description":"HGF BASKET has started! so far we have a mix team for ages 5-8 grade (both boys and girls), \u043a\u0430\u0437\u0438\u043d\u043e \u043e\u043d\u043b\u0430\u0439\u043dchicken road gamewinauraaviamastersleon betrodeoslot 10 \u043b\u0443\u0447\u0448\u0438\u0445 \u043a\u0430\u0437\u0438\u043d\u043e \u043e\u043d\u043b\u0430\u0439\u043d Follow us on Facebook &nbsp; Come by and train with us! register here: CLUB MODULE &nbsp; See you! Head coach Peter Juul, phone +45 2966 4832 &nbsp; [&hellip;]","og_url":"https:\/\/hgfhammel.dk\/basket\/","og_site_name":"Basket","article_modified_time":"2026-04-02T16:46:21+00:00","twitter_card":"summary_large_image","twitter_misc":{"Estimeret l\u00e6setid":"3 minutter"},"schema":{"@context":"https:\/\/schema.org","@graph":[{"@type":"WebPage","@id":"https:\/\/hgfhammel.dk\/basket\/","url":"https:\/\/hgfhammel.dk\/basket\/","name":"Forside - Basket","isPartOf":{"@id":"https:\/\/hgfhammel.dk\/basket\/#website"},"datePublished":"2018-06-27T12:30:25+00:00","dateModified":"2026-04-02T16:46:21+00:00","breadcrumb":{"@id":"https:\/\/hgfhammel.dk\/basket\/#breadcrumb"},"inLanguage":"da-DK","potentialAction":[{"@type":"ReadAction","target":["https:\/\/hgfhammel.dk\/basket\/"]}]},{"@type":"BreadcrumbList","@id":"https:\/\/hgfhammel.dk\/basket\/#breadcrumb","itemListElement":[{"@type":"ListItem","position":1,"name":"Hjem","item":"https:\/\/hgfhammel.dk\/basket\/"},{"@type":"ListItem","position":2,"name":"Forside"}]},{"@type":"WebSite","@id":"https:\/\/hgfhammel.dk\/basket\/#website","url":"https:\/\/hgfhammel.dk\/basket\/","name":"Basket","description":"Basket","potentialAction":[{"@type":"SearchAction","target":{"@type":"EntryPoint","urlTemplate":"https:\/\/hgfhammel.dk\/basket\/?s={search_term_string}"},"query-input":"required name=search_term_string"}],"inLanguage":"da-DK"}]}},"_links":{"self":[{"href":"https:\/\/hgfhammel.dk\/basket\/wp-json\/wp\/v2\/pages\/40"}],"collection":[{"href":"https:\/\/hgfhammel.dk\/basket\/wp-json\/wp\/v2\/pages"}],"about":[{"href":"https:\/\/hgfhammel.dk\/basket\/wp-json\/wp\/v2\/types\/page"}],"author":[{"embeddable":true,"href":"https:\/\/hgfhammel.dk\/basket\/wp-json\/wp\/v2\/users\/1"}],"replies":[{"embeddable":true,"href":"https:\/\/hgfhammel.dk\/basket\/wp-json\/wp\/v2\/comments?post=40"}],"version-history":[{"count":24,"href":"https:\/\/hgfhammel.dk\/basket\/wp-json\/wp\/v2\/pages\/40\/revisions"}],"predecessor-version":[{"id":974,"href":"https:\/\/hgfhammel.dk\/basket\/wp-json\/wp\/v2\/pages\/40\/revisions\/974"}],"wp:attachment":[{"href":"https:\/\/hgfhammel.dk\/basket\/wp-json\/wp\/v2\/media?parent=40"}],"curies":[{"name":"wp","href":"https:\/\/api.w.org\/{rel}","templated":true}]}}