{"id":40,"date":"2018-06-27T14:30:25","date_gmt":"2018-06-27T12:30:25","guid":{"rendered":"http:\/\/hgfhammel.dk\/dart\/?page_id=40"},"modified":"2026-03-25T00:54:48","modified_gmt":"2026-03-24T23:54:48","slug":"forside","status":"publish","type":"page","link":"https:\/\/hgfhammel.dk\/dart\/","title":{"rendered":"Forside"},"content":{"rendered":"<p>[et_pb_section fb_built=&#8221;1&#8243; admin_label=&#8221;section&#8221; _builder_version=&#8221;4.16&#8243; global_colors_info=&#8221;{}&#8221;][et_pb_row column_structure=&#8221;1_2,1_2&#8243; admin_label=&#8221;row&#8221; _builder_version=&#8221;4.21.0&#8243; background_size=&#8221;initial&#8221; background_position=&#8221;top_left&#8221; background_repeat=&#8221;repeat&#8221; global_colors_info=&#8221;{}&#8221;][et_pb_column type=&#8221;1_2&#8243; _builder_version=&#8221;4.16&#8243; custom_padding=&#8221;|||&#8221; global_colors_info=&#8221;{}&#8221; custom_padding__hover=&#8221;|||&#8221;][et_pb_image src=&#8221;https:\/\/hgfhammel.dk\/dart\/wp-content\/uploads\/sites\/25\/2026\/02\/Dart-rum.jpg&#8221; alt=&#8221;Hammel Dartklub&#8221; title_text=&#8221;Dart-rum&#8221; admin_label=&#8221;Hammel GF Dart rum&#8221; _builder_version=&#8221;4.21.0&#8243; _module_preset=&#8221;default&#8221; global_colors_info=&#8221;{}&#8221;][\/et_pb_image][\/et_pb_column][et_pb_column type=&#8221;1_2&#8243; _builder_version=&#8221;4.16&#8243; custom_padding=&#8221;|||&#8221; global_colors_info=&#8221;{}&#8221; custom_padding__hover=&#8221;|||&#8221;][et_pb_text admin_label=&#8221;Tekst&#8221; _builder_version=&#8221;4.21.0&#8243; _module_preset=&#8221;default&#8221; text_font_size=&#8221;14px&#8221; text_line_height=&#8221;1.5em&#8221; global_colors_info=&#8221;{}&#8221;]<\/p>\n<h4><strong>Velkommen til Hammel Dart klub.<\/strong><\/h4>\n<p><span style=\"font-weight: 400;\"><br \/><\/span><span style=\"font-weight: 400;\">Kort om klubben:<\/span><span style=\"font-weight: 400;\"><br \/><\/span><span style=\"font-weight: 400;\">Vi har besluttet at vi vil v\u00e6re digitale. <\/span><span style=\"font-weight: 400;\"><br \/><\/span><span style=\"font-weight: 400;\">S\u00e5 ingen kridt og tavler, men i stedet vil vi anvende sk\u00e6rme, tablets, apps.<br \/><\/span><span style=\"font-weight: 400;\"><br \/><\/span><span style=\"font-weight: 400;\">Vi f\u00e5r 6 baner, hvoraf 2 af dem vil v\u00e6re Scolia baner, hvor det vil v\u00e6re muligt at spille online dart turneringer og tr\u00e6ne via Godartspro.com.<br \/><\/span><span style=\"font-weight: 400;\"><br \/><\/span><span style=\"font-weight: 400;\">Tr\u00e6ningstider<\/span><span style=\"font-weight: 400;\"><br \/><\/span><span style=\"font-weight: 400;\">&#8211; mandag og onsdag fra 18:30 til 21:00.<br \/><\/span><span style=\"font-weight: 400;\">&#8211; der er mulighed for selvtr\u00e6ning alle ugens dage i hallens \u00e5bningstid.<br \/><\/span><span style=\"font-weight: 400;\"><br \/><\/span><span style=\"font-weight: 400;\">Alt dette kan du h\u00f8re mere om, hvis du m\u00f8der op mandag eller onsdag mellem 18:30 og 21:00.<br \/><\/span><span style=\"font-weight: 400;\"><br \/><\/span><span style=\"font-weight: 400;\">Vel m\u00f8dt!<br \/><\/span><span style=\"font-weight: 400;\"><br \/><\/span><span style=\"font-weight: 400;\">Mvh<br \/><\/span><span style=\"font-weight: 400;\">Hammel GF Dart<\/span><\/p>\n<p>[\/et_pb_text][\/et_pb_column][\/et_pb_row][et_pb_row _builder_version=&#8221;4.21.0&#8243; _module_preset=&#8221;default&#8221; global_colors_info=&#8221;{}&#8221;][et_pb_column type=&#8221;4_4&#8243; _builder_version=&#8221;4.21.0&#8243; _module_preset=&#8221;default&#8221; global_colors_info=&#8221;{}&#8221;][et_pb_blurb title=&#8221;Tilmeld dig allerede i dag&#8221; url=&#8221;http:\/\/Tilmelding%20til%20Hammel%20GF%20Dart&#8221; _builder_version=&#8221;4.21.0&#8243; _module_preset=&#8221;default&#8221; background_color=&#8221;#E9EAEB&#8221; link_option_url=&#8221;https:\/\/hgfdart.klub-modul.dk\/cms\/TeamOverviewalt.aspx&#8221; link_option_url_new_window=&#8221;on&#8221; global_colors_info=&#8221;{}&#8221; title__hover_enabled=&#8221;off|desktop&#8221;]<\/p>\n<p><span style=\"color: #000000;\"><span style=\"text-decoration: underline;\">Der \u00e5bnet for tilmeldinger<\/span> \ud83c\udfaf<\/span><\/p>\n<p>S\u00e5dan g\u00f8r du:<br \/>1. Klik p\u00e5 linket ovenfor<br \/>2. Log ind med din eksisternede HGF bruger og tilmeld dig eller opret en ny bruger og tilmeld dig.<\/p>\n<p>Er du i tvivl om hvordan du g\u00f8r, s\u00e5 kom til , s\u00e5 hj\u00e6lper vi dig.<\/p>\n<p>[\/et_pb_blurb][\/et_pb_column][\/et_pb_row][\/et_pb_section][et_pb_section fb_built=&#8221;1&#8243; _builder_version=&#8221;4.21.0&#8243; _module_preset=&#8221;default&#8221; global_colors_info=&#8221;{}&#8221;][\/et_pb_section]<\/p>\n","protected":false},"excerpt":{"rendered":"<p>Velkommen til Hammel Dart klub. Kort om klubben:Vi har besluttet at vi vil v\u00e6re digitale. S\u00e5 ingen kridt og tavler, men i stedet vil vi anvende sk\u00e6rme, tablets, apps.Vi f\u00e5r 6 baner, hvoraf 2 af dem vil v\u00e6re Scolia baner, hvor det vil v\u00e6re muligt at spille online dart turneringer og tr\u00e6ne via Godartspro.com.Tr\u00e6ningstider- mandag [&hellip;]<\/p>\n","protected":false},"author":1,"featured_media":0,"parent":0,"menu_order":0,"comment_status":"closed","ping_status":"closed","template":"","meta":{"_et_pb_use_builder":"on","_et_pb_old_content":"","_et_gb_content_width":""},"yoast_head":"<!-- This site is optimized with the Yoast SEO plugin v20.9 - https:\/\/yoast.com\/wordpress\/plugins\/seo\/ -->\n<title>Forside - Dart<\/title>\n<meta name=\"robots\" content=\"index, follow, max-snippet:-1, max-image-preview:large, max-video-preview:-1\" \/>\n<link rel=\"canonical\" href=\"https:\/\/hgfhammel.dk\/dart\/\" \/>\n<meta property=\"og:locale\" content=\"da_DK\" \/>\n<meta property=\"og:type\" content=\"article\" \/>\n<meta property=\"og:title\" content=\"Forside - Dart\" \/>\n<meta property=\"og:description\" content=\"Velkommen til Hammel Dart klub. Kort om klubben:Vi har besluttet at vi vil v\u00e6re digitale. S\u00e5 ingen kridt og tavler, men i stedet vil vi anvende sk\u00e6rme, tablets, apps.Vi f\u00e5r 6 baner, hvoraf 2 af dem vil v\u00e6re Scolia baner, hvor det vil v\u00e6re muligt at spille online dart turneringer og tr\u00e6ne via Godartspro.com.Tr\u00e6ningstider- mandag [&hellip;]\" \/>\n<meta property=\"og:url\" content=\"https:\/\/hgfhammel.dk\/dart\/\" \/>\n<meta property=\"og:site_name\" content=\"Dart\" \/>\n<meta property=\"article:modified_time\" content=\"2026-03-24T23:54:48+00:00\" \/>\n<meta name=\"twitter:card\" content=\"summary_large_image\" \/>\n<meta name=\"twitter:label1\" content=\"Estimeret l\u00e6setid\" \/>\n\t<meta name=\"twitter:data1\" content=\"2 minutter\" \/>\n<!-- \/ Yoast SEO plugin. -->","yoast_head_json":{"title":"Forside - Dart","robots":{"index":"index","follow":"follow","max-snippet":"max-snippet:-1","max-image-preview":"max-image-preview:large","max-video-preview":"max-video-preview:-1"},"canonical":"https:\/\/hgfhammel.dk\/dart\/","og_locale":"da_DK","og_type":"article","og_title":"Forside - Dart","og_description":"Velkommen til Hammel Dart klub. Kort om klubben:Vi har besluttet at vi vil v\u00e6re digitale. S\u00e5 ingen kridt og tavler, men i stedet vil vi anvende sk\u00e6rme, tablets, apps.Vi f\u00e5r 6 baner, hvoraf 2 af dem vil v\u00e6re Scolia baner, hvor det vil v\u00e6re muligt at spille online dart turneringer og tr\u00e6ne via Godartspro.com.Tr\u00e6ningstider- mandag [&hellip;]","og_url":"https:\/\/hgfhammel.dk\/dart\/","og_site_name":"Dart","article_modified_time":"2026-03-24T23:54:48+00:00","twitter_card":"summary_large_image","twitter_misc":{"Estimeret l\u00e6setid":"2 minutter"},"schema":{"@context":"https:\/\/schema.org","@graph":[{"@type":"WebPage","@id":"https:\/\/hgfhammel.dk\/dart\/","url":"https:\/\/hgfhammel.dk\/dart\/","name":"Forside - Dart","isPartOf":{"@id":"https:\/\/hgfhammel.dk\/dart\/#website"},"datePublished":"2018-06-27T12:30:25+00:00","dateModified":"2026-03-24T23:54:48+00:00","breadcrumb":{"@id":"https:\/\/hgfhammel.dk\/dart\/#breadcrumb"},"inLanguage":"da-DK","potentialAction":[{"@type":"ReadAction","target":["https:\/\/hgfhammel.dk\/dart\/"]}]},{"@type":"BreadcrumbList","@id":"https:\/\/hgfhammel.dk\/dart\/#breadcrumb","itemListElement":[{"@type":"ListItem","position":1,"name":"Hjem","item":"https:\/\/hgfhammel.dk\/dart\/"},{"@type":"ListItem","position":2,"name":"Forside"}]},{"@type":"WebSite","@id":"https:\/\/hgfhammel.dk\/dart\/#website","url":"https:\/\/hgfhammel.dk\/dart\/","name":"Dart","description":"Dart","potentialAction":[{"@type":"SearchAction","target":{"@type":"EntryPoint","urlTemplate":"https:\/\/hgfhammel.dk\/dart\/?s={search_term_string}"},"query-input":"required name=search_term_string"}],"inLanguage":"da-DK"}]}},"_links":{"self":[{"href":"https:\/\/hgfhammel.dk\/dart\/wp-json\/wp\/v2\/pages\/40"}],"collection":[{"href":"https:\/\/hgfhammel.dk\/dart\/wp-json\/wp\/v2\/pages"}],"about":[{"href":"https:\/\/hgfhammel.dk\/dart\/wp-json\/wp\/v2\/types\/page"}],"author":[{"embeddable":true,"href":"https:\/\/hgfhammel.dk\/dart\/wp-json\/wp\/v2\/users\/1"}],"replies":[{"embeddable":true,"href":"https:\/\/hgfhammel.dk\/dart\/wp-json\/wp\/v2\/comments?post=40"}],"version-history":[{"count":32,"href":"https:\/\/hgfhammel.dk\/dart\/wp-json\/wp\/v2\/pages\/40\/revisions"}],"predecessor-version":[{"id":721,"href":"https:\/\/hgfhammel.dk\/dart\/wp-json\/wp\/v2\/pages\/40\/revisions\/721"}],"wp:attachment":[{"href":"https:\/\/hgfhammel.dk\/dart\/wp-json\/wp\/v2\/media?parent=40"}],"curies":[{"name":"wp","href":"https:\/\/api.w.org\/{rel}","templated":true}]}}