{"id":1475,"date":"2022-11-07T21:59:11","date_gmt":"2022-11-07T20:59:11","guid":{"rendered":"https:\/\/hgfhammel.dk\/gymnastik\/?page_id=1475"},"modified":"2024-08-17T14:10:37","modified_gmt":"2024-08-17T12:10:37","slug":"traenerportal","status":"publish","type":"page","link":"https:\/\/hgfhammel.dk\/gymnastik\/traenere-og-hjaelpetraenere\/traenerportal\/","title":{"rendered":"Tr\u00e6nerportal"},"content":{"rendered":"<p>[et_pb_section fb_built=&#8221;1&#8243; disabled_on=&#8221;off|off|off&#8221; _builder_version=&#8221;4.21.0&#8243; _module_preset=&#8221;default&#8221; global_colors_info=&#8221;{}&#8221;][et_pb_row _builder_version=&#8221;4.19.0&#8243; _module_preset=&#8221;default&#8221; global_colors_info=&#8221;{}&#8221;][et_pb_column type=&#8221;4_4&#8243; _builder_version=&#8221;4.19.0&#8243; _module_preset=&#8221;default&#8221; global_colors_info=&#8221;{}&#8221;][et_pb_text _builder_version=&#8221;4.19.0&#8243; _module_preset=&#8221;default&#8221; global_colors_info=&#8221;{}&#8221;]<\/p>\n<h1>Begivenheder for tr\u00e6nere i HGF Gymnastik<\/h1>\n<p>[\/et_pb_text][\/et_pb_column][\/et_pb_row][et_pb_row _builder_version=&#8221;4.21.0&#8243; _module_preset=&#8221;default&#8221; max_width=&#8221;1800px&#8221; hover_enabled=&#8221;0&#8243; global_colors_info=&#8221;{}&#8221; sticky_enabled=&#8221;0&#8243;][et_pb_column type=&#8221;4_4&#8243; _builder_version=&#8221;4.21.0&#8243; _module_preset=&#8221;default&#8221; global_colors_info=&#8221;{}&#8221;][et_pb_code _builder_version=&#8221;4.21.0&#8243; _module_preset=&#8221;default&#8221; hover_enabled=&#8221;0&#8243; global_colors_info=&#8221;{}&#8221; sticky_enabled=&#8221;0&#8243;]<\/p>\n<div style=\"max-width:1800px;width:100%;\">\n<div style=\"position: relative;padding-bottom: 117%;padding-top: 35px;height: 0;overflow: hidden;\"><iframe src=\"https:\/\/create.plandisc.com\/wheel\/embed\/HYAsjmo\" scrolling=\"no\" frameborder=\"0\" title=\"Tr\u00e6ner \u00e5rshjul\" style=\"position:absolute;top:0;left:0;width:100%;height:100%;\"><\/iframe><\/div>\n<\/div>\n<p><a style=\"font-size:10px;\" href=\"https:\/\/create.plandisc.com\/HYAsjmo \">Problemer med at se plandiscen? Klik her<\/a>[\/et_pb_code][\/et_pb_column][\/et_pb_row][\/et_pb_section][et_pb_section fb_built=&#8221;1&#8243; disabled_on=&#8221;on|on|on&#8221; _builder_version=&#8221;4.21.0&#8243; _module_preset=&#8221;default&#8221; background_color=&#8221;#06178F&#8221; disabled=&#8221;on&#8221; global_colors_info=&#8221;{}&#8221;][et_pb_row _builder_version=&#8221;4.19.0&#8243; _module_preset=&#8221;default&#8221; global_colors_info=&#8221;{}&#8221;][et_pb_column type=&#8221;4_4&#8243; _builder_version=&#8221;4.19.0&#8243; _module_preset=&#8221;default&#8221; global_colors_info=&#8221;{}&#8221;][et_pb_text _builder_version=&#8221;4.19.0&#8243; _module_preset=&#8221;default&#8221; text_font=&#8221;||||||||&#8221; text_text_color=&#8221;#FFFFFF&#8221; background_color=&#8221;RGBA(255,255,255,0)&#8221; background_layout=&#8221;dark&#8221; global_colors_info=&#8221;{}&#8221;]<\/p>\n<h2>Bestilling af tr\u00e6nergoder<\/h2>\n<p>[\/et_pb_text][et_pb_cta title=&#8221;Bestilling af tr\u00e6nert\u00f8j&#8221; button_url=&#8221;https:\/\/hgfhammel.nemtilmeld.dk\/41\/at-t1zphikh\/&#8221; url_new_window=&#8221;on&#8221; button_text=&#8221;Bestil via nemtilmeld&#8221; _builder_version=&#8221;4.19.0&#8243; _module_preset=&#8221;default&#8221; background_color=&#8221;RGBA(255,255,255,0)&#8221; background_image=&#8221;https:\/\/hgfhammel.dk\/gymnastik\/wp-content\/uploads\/sites\/12\/2023\/01\/Traenertoej.jpg&#8221; custom_button=&#8221;on&#8221; button_text_color=&#8221;#06178F&#8221; button_bg_color=&#8221;#E9EAEB&#8221; button_border_color=&#8221;#06178F&#8221; text_shadow_style=&#8221;preset4&#8243; text_shadow_horizontal_length=&#8221;0.16em&#8221; text_shadow_vertical_length=&#8221;0.16em&#8221; text_shadow_color=&#8221;#06178F&#8221; global_colors_info=&#8221;{}&#8221;][\/et_pb_cta][\/et_pb_column][\/et_pb_row][\/et_pb_section][et_pb_section fb_built=&#8221;1&#8243; disabled_on=&#8221;on|on|on&#8221; _builder_version=&#8221;4.21.0&#8243; _module_preset=&#8221;default&#8221; background_color=&#8221;#EE1929&#8243; disabled=&#8221;on&#8221; global_colors_info=&#8221;{}&#8221;][et_pb_row _builder_version=&#8221;4.19.0&#8243; _module_preset=&#8221;default&#8221; global_colors_info=&#8221;{}&#8221;][et_pb_column type=&#8221;4_4&#8243; _builder_version=&#8221;4.19.0&#8243; _module_preset=&#8221;default&#8221; global_colors_info=&#8221;{}&#8221;][et_pb_text _builder_version=&#8221;4.19.0&#8243; _module_preset=&#8221;default&#8221; text_text_color=&#8221;#E9EAEB&#8221; global_colors_info=&#8221;{}&#8221;]<\/p>\n<h2><span style=\"color: #e9eaeb;\">Holdbestillinger<\/span><\/h2>\n<p>[\/et_pb_text][\/et_pb_column][\/et_pb_row][et_pb_row column_structure=&#8221;1_2,1_2&#8243; _builder_version=&#8221;4.19.0&#8243; _module_preset=&#8221;default&#8221; global_colors_info=&#8221;{}&#8221;][et_pb_column type=&#8221;1_2&#8243; _builder_version=&#8221;4.19.0&#8243; _module_preset=&#8221;default&#8221; global_colors_info=&#8221;{}&#8221;][et_pb_cta title=&#8221;Hygge til juleafslutning&#8221; button_url=&#8221;https:\/\/hgfhammel.nemtilmeld.dk\/58\/at-4klmn7mm\/&#8221; url_new_window=&#8221;on&#8221; button_text=&#8221;Via nemtilmeld&#8221; _builder_version=&#8221;4.21.0&#8243; _module_preset=&#8221;default&#8221; header_level=&#8221;h3&#8243; background_color=&#8221;RGBA(255,255,255,0)&#8221; background_image=&#8221;https:\/\/hgfhammel.dk\/gymnastik\/wp-content\/uploads\/sites\/12\/2022\/11\/25447776367_2e15244049_c.jpg&#8221; background_blend=&#8221;luminosity&#8221; custom_button=&#8221;on&#8221; button_bg_color=&#8221;#EE1929&#8243; custom_padding=&#8221;|40px||||&#8221; header_text_shadow_style=&#8221;preset3&#8243; header_text_shadow_color=&#8221;#EE1929&#8243; global_colors_info=&#8221;{}&#8221;][\/et_pb_cta][\/et_pb_column][et_pb_column type=&#8221;1_2&#8243; _builder_version=&#8221;4.19.0&#8243; _module_preset=&#8221;default&#8221; global_colors_info=&#8221;{}&#8221;][et_pb_cta title=&#8221;T-Shirt til opvisning&#8221; button_url=&#8221;https:\/\/docs.google.com\/forms\/d\/e\/1FAIpQLSdmsNGhQKuFPdZsTMa3Ptpd0F_bCu9LtktHZgPI9PpcihR1xQ\/viewform?usp=sf_link&#8221; url_new_window=&#8221;on&#8221; button_text=&#8221;via nemtilmeld&#8221; _builder_version=&#8221;4.19.0&#8243; _module_preset=&#8221;default&#8221; header_level=&#8221;h3&#8243; background_color=&#8221;RGBA(255,255,255,0)&#8221; background_image=&#8221;https:\/\/hgfhammel.dk\/gymnastik\/wp-content\/uploads\/sites\/12\/2022\/11\/pexels-sorapong-chaipanya-4530795.jpg&#8221; background_blend=&#8221;luminosity&#8221; custom_button=&#8221;on&#8221; button_bg_color=&#8221;#EE1929&#8243; custom_padding=&#8221;|40px||||&#8221; header_text_shadow_style=&#8221;preset3&#8243; header_text_shadow_color=&#8221;#EE1929&#8243; global_colors_info=&#8221;{}&#8221;][\/et_pb_cta][\/et_pb_column][\/et_pb_row][\/et_pb_section][et_pb_section fb_built=&#8221;1&#8243; _builder_version=&#8221;4.19.0&#8243; _module_preset=&#8221;default&#8221; global_colors_info=&#8221;{}&#8221;][et_pb_row _builder_version=&#8221;4.19.0&#8243; _module_preset=&#8221;default&#8221; global_colors_info=&#8221;{}&#8221;][et_pb_column type=&#8221;4_4&#8243; _builder_version=&#8221;4.19.0&#8243; _module_preset=&#8221;default&#8221; global_colors_info=&#8221;{}&#8221;][et_pb_text _builder_version=&#8221;4.19.0&#8243; _module_preset=&#8221;default&#8221; global_colors_info=&#8221;{}&#8221;]<\/p>\n<h1 style=\"text-align: center;\">Information til tr\u00e6nere og hj\u00e6lpetr\u00e6nere<\/h1>\n<p>[\/et_pb_text][\/et_pb_column][\/et_pb_row][et_pb_row column_structure=&#8221;1_3,1_3,1_3&#8243; _builder_version=&#8221;4.19.0&#8243; _module_preset=&#8221;default&#8221; global_colors_info=&#8221;{}&#8221;][et_pb_column type=&#8221;1_3&#8243; _builder_version=&#8221;4.19.0&#8243; _module_preset=&#8221;default&#8221; global_colors_info=&#8221;{}&#8221;][et_pb_cta title=&#8221;Krise og skader&#8221; button_url=&#8221;https:\/\/hgfhammel.dk\/gymnastik\/wp-content\/uploads\/sites\/12\/2018\/10\/HGFGymnastik-Kriseberedskabsplan.pdf&#8221; button_text=&#8221;Klik&#8221; _builder_version=&#8221;4.19.0&#8243; _module_preset=&#8221;default&#8221; background_image=&#8221;https:\/\/hgfhammel.dk\/gymnastik\/wp-content\/uploads\/sites\/12\/2022\/11\/Skade.png&#8221; background_blend=&#8221;luminosity&#8221; custom_button=&#8221;on&#8221; button_bg_color=&#8221;#EE1929&#8243; header_text_shadow_style=&#8221;preset3&#8243; header_text_shadow_color=&#8221;#EE1929&#8243; global_colors_info=&#8221;{}&#8221;][\/et_pb_cta][\/et_pb_column][et_pb_column type=&#8221;1_3&#8243; _builder_version=&#8221;4.19.0&#8243; _module_preset=&#8221;default&#8221; global_colors_info=&#8221;{}&#8221;][et_pb_cta title=&#8221;Godt- g\u00f8relse&#8221; button_url=&#8221;https:\/\/hgfhammel.nemtilmeld.dk\/72\/at-s0n7w3zd\/&#8221; button_text=&#8221;Klik&#8221; _builder_version=&#8221;4.21.0&#8243; _module_preset=&#8221;default&#8221; background_image=&#8221;https:\/\/hgfhammel.dk\/gymnastik\/wp-content\/uploads\/sites\/12\/2022\/11\/hands-2827594_1920.jpg&#8221; background_blend=&#8221;luminosity&#8221; custom_button=&#8221;on&#8221; button_bg_color=&#8221;#EE1929&#8243; custom_padding=&#8221;|40px||||&#8221; header_text_shadow_style=&#8221;preset3&#8243; header_text_shadow_color=&#8221;#EE1929&#8243; global_colors_info=&#8221;{}&#8221;][\/et_pb_cta][\/et_pb_column][et_pb_column type=&#8221;1_3&#8243; _builder_version=&#8221;4.19.0&#8243; _module_preset=&#8221;default&#8221; global_colors_info=&#8221;{}&#8221;][et_pb_cta title=&#8221;DGI Kurser&#8221; button_url=&#8221;https:\/\/www.dgi.dk\/arrangementer?tilmeldingsfrist=AabenForTilmelding&#038;showFilters=true&#038;arrangementstype%5B%5D=1118&#038;_gl=1*5ssqwp*_up*MQ..*_ga*NTg0Mzg2MjYwLjE2Njc4NTY4OTg.*_ga_KRYYJVF101*MTY2Nzg1Njg5OC4xLjAuMTY2Nzg1Njg5OC4wLjAuMA..&#038;alder%5B%5D=null-12&#038;alder%5B%5D=13-15&#038;alder%5B%5D=16-18&#038;alder%5B%5D=18-null&#038;aktivitet%5B%5D=1137&#038;region%5B%5D=1213&#038;region%5B%5D=1221&#038;region%5B%5D=1216&#038;region%5B%5D=39109&#038;region%5B%5D=39111&#038;region%5B%5D=39112&#038;traener=true&#8221; url_new_window=&#8221;on&#8221; button_text=&#8221;Klik&#8221; _builder_version=&#8221;4.19.0&#8243; _module_preset=&#8221;default&#8221; background_image=&#8221;https:\/\/hgfhammel.dk\/gymnastik\/wp-content\/uploads\/sites\/12\/2020\/01\/kids-2580991_1280.jpg&#8221; background_blend=&#8221;luminosity&#8221; custom_button=&#8221;on&#8221; button_bg_color=&#8221;#EE1929&#8243; custom_padding=&#8221;|40px||||&#8221; header_text_shadow_style=&#8221;preset3&#8243; header_text_shadow_color=&#8221;#EE1929&#8243; global_colors_info=&#8221;{}&#8221;][\/et_pb_cta][\/et_pb_column][\/et_pb_row][et_pb_row _builder_version=&#8221;4.19.0&#8243; _module_preset=&#8221;default&#8221; background_color=&#8221;#E9EAEB&#8221; global_colors_info=&#8221;{}&#8221;][et_pb_column type=&#8221;4_4&#8243; _builder_version=&#8221;4.19.0&#8243; _module_preset=&#8221;default&#8221; global_colors_info=&#8221;{}&#8221;][et_pb_text _builder_version=&#8221;4.19.0&#8243; _module_preset=&#8221;default&#8221; global_colors_info=&#8221;{}&#8221;]<\/p>\n<p>Er du i tvivl om noget, fx hvilke kurser der kunne v\u00e6re relevante for dig, kan du altid tage fat i <a href=\"https:\/\/hgfhammel.dk\/gymnastik\/bestyrelsen\/\" title=\"Link til bestyrelsen\">bestyrelsen<\/a><\/p>\n<p>[\/et_pb_text][\/et_pb_column][\/et_pb_row][\/et_pb_section][et_pb_section fb_built=&#8221;1&#8243; _builder_version=&#8221;4.21.0&#8243; _module_preset=&#8221;default&#8221; global_colors_info=&#8221;{}&#8221;][et_pb_row _builder_version=&#8221;4.21.0&#8243; _module_preset=&#8221;default&#8221; global_colors_info=&#8221;{}&#8221;][et_pb_column type=&#8221;4_4&#8243; _builder_version=&#8221;4.21.0&#8243; _module_preset=&#8221;default&#8221; global_colors_info=&#8221;{}&#8221;][et_pb_text _builder_version=&#8221;4.21.0&#8243; _module_preset=&#8221;default&#8221; global_colors_info=&#8221;{}&#8221;]<\/p>\n<h2><b>Hvilke forventninger har foreningen til dig som tr\u00e6ner?<\/b><\/h2>\n<ul>\n<li style=\"font-weight: 400;\" aria-level=\"1\"><span style=\"font-weight: 400;\">M\u00f8der velforberedt frem til tr\u00e6ning<\/span><\/li>\n<li style=\"font-weight: 400;\" aria-level=\"1\"><span style=\"font-weight: 400;\">Deltager i tr\u00e6nerm\u00f8derne og \u00f8vrige arrangementer\u00a0<\/span><\/li>\n<li style=\"font-weight: 400;\" aria-level=\"1\"><span style=\"font-weight: 400;\">Deltager i de uddannelser der kr\u00e6ves for at v\u00e6re instrukt\u00f8r\/hj\u00e6lpetr\u00e6ner<\/span><\/li>\n<li style=\"font-weight: 400;\" aria-level=\"1\"><span style=\"font-weight: 400;\">Holder orden i redskabsrum<\/span><\/li>\n<li style=\"font-weight: 400;\" aria-level=\"1\"><span style=\"font-weight: 400;\">Ikke benytter sin telefon under tr\u00e6ningen.<\/span><\/li>\n<li style=\"font-weight: 400;\" aria-level=\"1\"><span style=\"font-weight: 400;\">Melder afbud i god tid og s\u00f8rger for en afl\u00f8ser.<\/span><\/li>\n<li style=\"font-weight: 400;\" aria-level=\"1\"><span style=\"font-weight: 400;\">S\u00e6tte sig ind i HGF gymnastiks <\/span><b>KRISEBEREDSKABS PLAN<\/b><\/li>\n<li style=\"font-weight: 400;\" aria-level=\"1\"><span style=\"font-weight: 400;\">Den\/de ansvarlige tr\u00e6nere skal have en mobiltelefon til brug i n\u00f8dsituationer<\/span><\/li>\n<li style=\"font-weight: 400;\" aria-level=\"1\"><span style=\"font-weight: 400;\">Tr\u00e6nere kan ikke give dispensation for eks. for lav alder ved tilmelding til hold, eller overbookning af hold. Evt. dispensation kan kun gives af formanden.<\/span><\/li>\n<li style=\"font-weight: 400;\" aria-level=\"1\"><span style=\"font-weight: 400;\">Vedligeholder Klubmodul med g\u00e6ldende mobil og mail adr. og at disse TJEKKES, det samme g\u00e6lder at e-boks skal tjekkes (vedr. b\u00f8rneattest).<\/span><\/li>\n<\/ul>\n<h2><b>Hvad kan du forvente af bestyrelsen?<\/b><\/h2>\n<ul>\n<li style=\"font-weight: 400;\" aria-level=\"1\"><span style=\"font-weight: 400;\">Vi hj\u00e6lper dig i gang ved s\u00e6sonstart<\/span><\/li>\n<li style=\"font-weight: 400;\" aria-level=\"1\"><span style=\"font-weight: 400;\">Du kan altid kontakte os og s\u00f8ge hj\u00e6lp<\/span><\/li>\n<li style=\"font-weight: 400;\" aria-level=\"1\"><span style=\"font-weight: 400;\">Har du ideer, vil vi tage dem seri\u00f8st<\/span><\/li>\n<\/ul>\n<h2><b>Regler for hallen.<\/b><\/h2>\n<ul>\n<li style=\"font-weight: 400;\" aria-level=\"1\"><span style=\"font-weight: 400;\">Overhold holdets tr\u00e6ningstid<\/span><\/li>\n<li style=\"font-weight: 400;\" aria-level=\"1\"><span style=\"font-weight: 400;\">G\u00e5 f\u00f8rst ind i hallen n\u00e5r det er din tr\u00e6ningstid<\/span><\/li>\n<li style=\"font-weight: 400;\" aria-level=\"1\"><span style=\"font-weight: 400;\">Er spejlsalen i brug, skal adgang til springsalen foreg\u00e5 gennem cafeteriet.<\/span><\/li>\n<li style=\"font-weight: 400;\" aria-level=\"1\"><span style=\"font-weight: 400;\">Brug kun indend\u00f8rs fodt\u00f8j i hallen.<\/span><\/li>\n<li style=\"font-weight: 400;\" aria-level=\"1\"><span style=\"font-weight: 400;\">Brug hylderne til fodt\u00f8j uden for hal C.<\/span><\/li>\n<\/ul>\n<h2><b>HGF samv\u00e6rspolitik.<\/b><\/h2>\n<p><span style=\"font-weight: 400;\">I HGF har man en f\u00e6lles samv\u00e6rspolitik, g\u00e6ldende for alle afdelinger.<\/span><\/p>\n<p><span style=\"font-weight: 400;\">Se den p\u00e5 <\/span><a href=\"http:\/\/www.hgfhammel.dk\/default.asp?id=1522\"><span style=\"font-weight: 400;\">http:\/\/www.hgfhammel.dk\/default.asp?id=1522<\/span><\/a><span style=\"font-weight: 400;\"> &#8211; <\/span><span style=\"font-weight: 400;\">L\u00e6s venligst denne.<\/span><\/p>\n<h2><b>Kurser.<\/b><\/h2>\n<p><span style=\"font-weight: 400;\">Vi \u00f8nsker at have en h\u00f8j grad af sikkerhed i gymnastikforeningen. Vi opfordrer derfor alle tr\u00e6nere og hj\u00e6lpetr\u00e6nere til at tage p\u00e5 kursus, og samtidig er det <\/span><b><i>et krav<\/i><\/b><span style=\"font-weight: 400;\"> at tr\u00e6nere og hj\u00e6lpetr\u00e6nere der har springgymnaster over 8 \u00e5r har deltaget i kurser om springmodtagning. Kurset bookes gennem bestyrelsen. K\u00f8rselsudgifter til kurser kan evt. kompenseres <\/span><b><i>efter forudg\u00e5ende aftale med bestyrelsen.<\/i><\/b><\/p>\n<h2><b>Tr\u00e6nergodtg\u00f8relse.<\/b><\/h2>\n<ul>\n<li style=\"font-weight: 400;\" aria-level=\"1\"><span style=\"font-weight: 400;\">Der gives tr\u00e6nergodtg\u00f8relse efter SKATs regler <\/span><span style=\"font-weight: 400;\"><br \/><\/span><span style=\"font-weight: 400;\">Der kan derfor maks. udbetales kr. 5.700,- skattefrit pr. kalender \u00e5r.<\/span><\/li>\n<li style=\"font-weight: 400;\" aria-level=\"1\"><span style=\"font-weight: 400;\">K\u00f8rselsudgifter til tr\u00e6ning gives kun efter forudg\u00e5ende aftale med bestyrelsen.\u00a0<\/span><\/li>\n<li style=\"font-weight: 400;\" aria-level=\"1\"><span style=\"font-weight: 400;\">Ekstra tr\u00e6ninger og \u00f8vrige arrangementer udl\u00f8ser ikke tr\u00e6nergodtg\u00f8relse.<\/span><\/li>\n<li style=\"font-weight: 400;\" aria-level=\"1\"><span style=\"font-weight: 400;\">Tr\u00e6nergodtg\u00f8relse udbetales inden jul og efter for\u00e5rsopvisningen.<\/span><\/li>\n<li style=\"font-weight: 400;\" aria-level=\"1\"><span style=\"font-weight: 400;\">For sommers\u00e6sonen udbetales den inden sommerferien.<\/span><\/li>\n<\/ul>\n<h2><b>Tr\u00e6nerpleje<\/b><\/h2>\n<ul>\n<li style=\"font-weight: 400;\" aria-level=\"1\"><span style=\"font-weight: 400;\">Hvis du som tr\u00e6ner deltager p\u00e5 aspiranthold el. lign. kan man efter aftale med bestyrelsen f\u00e5 tilskud til eks. kontingent.<\/span><\/li>\n<li style=\"font-weight: 400;\" aria-level=\"1\"><span style=\"font-weight: 400;\">Til for\u00e5rsopvisningen f\u00e5r alle tr\u00e6nere og hj\u00e6lpetr\u00e6nere tr\u00e6ningst\u00f8j eks. en t-shirt, som naturligvis skal b\u00e6res til opvisningen.<\/span><\/li>\n<li style=\"font-weight: 400;\" aria-level=\"1\"><span style=\"font-weight: 400;\">Alle hj\u00e6lpetr\u00e6nere, tr\u00e6nere\/deres \u00e6gtef\u00e6ller og b\u00f8rn g\u00e5r billigt til gymnastik. Der gives rabat s\u00e5 der blot betales 35% af prisen, undtaget er elitehold. I skal dog selv give besked med navne og f\u00f8dselsdage pr. mail til kassereren p\u00e5 hgfgymkasserer@outlook.dk<\/span><\/li>\n<\/ul>\n<h2><b>B\u00f8rneattest.<\/b><\/h2>\n<p><span style=\"font-weight: 400;\">Alle, der har med b\u00f8rn under 15 \u00e5r at g\u00f8re, <\/span><b><i>SKAL<\/i><\/b><span style=\"font-weight: 400;\"> udfylde en b\u00f8rneattest.\u00a0<\/span><\/p>\n<h2><b>Tr\u00e6nerinspiration<\/b><\/h2>\n<ul>\n<li style=\"font-weight: 400;\" aria-level=\"1\"><a href=\"http:\/\/www.springsikker.dk\/\"><span style=\"font-weight: 400;\">www.springsikker.dk\/<\/span><\/a><span style=\"font-weight: 400;\">\u00a0<\/span><\/li>\n<li style=\"font-weight: 400;\" aria-level=\"1\"><a href=\"http:\/\/www.motorikmaskinen.dk\"><span style=\"font-weight: 400;\">www.motorikmaskinen.dk<\/span><\/a><span style=\"font-weight: 400;\">\u00a0<\/span><\/li>\n<li style=\"font-weight: 400;\" aria-level=\"1\"><a href=\"http:\/\/traenerguiden.dgi.dk\"><span style=\"font-weight: 400;\">traenerguiden.dgi.dk<\/span><\/a><span style=\"font-weight: 400;\">\u00a0<\/span><\/li>\n<\/ul>\n<h2><b>Forsikringer<\/b><\/h2>\n<p><span style=\"font-weight: 400;\">Tr\u00e6nere\/hj\u00e6lpetr\u00e6nere og bestyrelsesmedlemmer er d\u00e6kket under Idr\u00e6ttensforsikringer.<\/span><\/p>\n<p><span style=\"font-weight: 400;\">Eksempler p\u00e5 d\u00e6kning: hj\u00e6lp til kiropraktor of fysioterapeut, \u00f8delagte briller. <\/span><span style=\"font-weight: 400;\"><br \/><\/span><span style=\"font-weight: 400;\">L\u00e6s mere her: <\/span><a href=\"http:\/\/www.idraettensforsikringer.dk\/Arbejdsskadeforsikring\"><span style=\"font-weight: 400;\">http:\/\/www.idraettensforsikringer.dk\/Arbejdsskadeforsikring<\/span><\/a><span style=\"font-weight: 400;\">\u00a0<\/span><\/p>\n<h2><b>Ekstra tr\u00e6ninger og opvisninger<\/b><\/h2>\n<ul>\n<li style=\"font-weight: 400;\" aria-level=\"1\"><span style=\"font-weight: 400;\">S\u00f8rg for i god tid at informerer gymnasterne om evt. ekstra tr\u00e6ninger og opvisninger, informer gerne i hold beskrivelsen om omfanget af dette.<\/span><\/li>\n<li style=\"font-weight: 400;\" aria-level=\"1\"><span style=\"font-weight: 400;\">Booking af trailer og redskaber \u2013 kontakt den ansvarlige for \u201dOpvisninger eksterne\u201d<\/span><\/li>\n<\/ul>\n<h2><b>Brug af socialemedier m.v.<\/b><\/h2>\n<ul>\n<li style=\"font-weight: 400;\" aria-level=\"1\"><span style=\"font-weight: 400;\">P\u00e5 hold med minimumsalder p\u00e5 13 \u00e5r og derover er det ok at lave en lukket facebook gruppe til intern kommunikation, hvis ikke alle gymnaster p\u00e5 holdet har en konto skal kommunikation g\u00e5 igennem klubmodul (SMS\/E-mail)<\/span><\/li>\n<li style=\"font-weight: 400;\" aria-level=\"1\"><span style=\"font-weight: 400;\">Det er ok at tage Situationsbilleder til de sociale medier<\/span><\/li>\n<li style=\"font-weight: 400;\" aria-level=\"1\"><span style=\"font-weight: 400;\">Portr\u00e6tbilleder kr\u00e6ver samtykke<\/span><\/li>\n<li style=\"font-weight: 400;\" aria-level=\"1\"><span style=\"font-weight: 400;\">Holdbilleder m\u00e5 kr\u00e6ver samtykke fra samtlige p\u00e5 billedet<\/span><\/li>\n<li style=\"font-weight: 400;\" aria-level=\"1\"><span style=\"font-weight: 400;\">L\u00e6s mere: https:\/\/www.dgi.dk\/foreningsledelse\/foreningsudvikling\/kommunikation\/artikler\/billede-og-video-paa-nettet-hvad-siger-loven<\/span><\/li>\n<\/ul>\n<p>[\/et_pb_text][\/et_pb_column][\/et_pb_row][\/et_pb_section]<\/p>\n","protected":false},"excerpt":{"rendered":"<p>Begivenheder for tr\u00e6nere i HGF GymnastikBestilling af tr\u00e6nergoderHoldbestillingerInformation til tr\u00e6nere og hj\u00e6lpetr\u00e6nereEr du i tvivl om noget, fx hvilke kurser der kunne v\u00e6re relevante for dig, kan du altid tage fat i bestyrelsenHvilke forventninger har foreningen til dig som tr\u00e6ner? M\u00f8der velforberedt frem til tr\u00e6ning Deltager i tr\u00e6nerm\u00f8derne og \u00f8vrige arrangementer\u00a0 Deltager i de uddannelser [&hellip;]<\/p>\n","protected":false},"author":32,"featured_media":0,"parent":616,"menu_order":0,"comment_status":"closed","ping_status":"closed","template":"","meta":{"_et_pb_use_builder":"on","_et_pb_old_content":"","_et_gb_content_width":""},"yoast_head":"<!-- This site is optimized with the Yoast SEO plugin v20.9 - https:\/\/yoast.com\/wordpress\/plugins\/seo\/ -->\n<title>Tr\u00e6nerportal - Gymnastik<\/title>\n<meta name=\"robots\" content=\"index, follow, max-snippet:-1, max-image-preview:large, max-video-preview:-1\" \/>\n<link rel=\"canonical\" href=\"https:\/\/hgfhammel.dk\/gymnastik\/traenere-og-hjaelpetraenere\/traenerportal\/\" \/>\n<meta property=\"og:locale\" content=\"da_DK\" \/>\n<meta property=\"og:type\" content=\"article\" \/>\n<meta property=\"og:title\" content=\"Tr\u00e6nerportal - Gymnastik\" \/>\n<meta property=\"og:description\" content=\"Begivenheder for tr\u00e6nere i HGF GymnastikBestilling af tr\u00e6nergoderHoldbestillingerInformation til tr\u00e6nere og hj\u00e6lpetr\u00e6nereEr du i tvivl om noget, fx hvilke kurser der kunne v\u00e6re relevante for dig, kan du altid tage fat i bestyrelsenHvilke forventninger har foreningen til dig som tr\u00e6ner? M\u00f8der velforberedt frem til tr\u00e6ning Deltager i tr\u00e6nerm\u00f8derne og \u00f8vrige arrangementer\u00a0 Deltager i de uddannelser [&hellip;]\" \/>\n<meta property=\"og:url\" content=\"https:\/\/hgfhammel.dk\/gymnastik\/traenere-og-hjaelpetraenere\/traenerportal\/\" \/>\n<meta property=\"og:site_name\" content=\"Gymnastik\" \/>\n<meta property=\"article:modified_time\" content=\"2024-08-17T12:10:37+00:00\" \/>\n<meta name=\"twitter:card\" content=\"summary_large_image\" \/>\n<meta name=\"twitter:label1\" content=\"Estimeret l\u00e6setid\" \/>\n\t<meta name=\"twitter:data1\" content=\"5 minutter\" \/>\n<!-- \/ Yoast SEO plugin. -->","yoast_head_json":{"title":"Tr\u00e6nerportal - Gymnastik","robots":{"index":"index","follow":"follow","max-snippet":"max-snippet:-1","max-image-preview":"max-image-preview:large","max-video-preview":"max-video-preview:-1"},"canonical":"https:\/\/hgfhammel.dk\/gymnastik\/traenere-og-hjaelpetraenere\/traenerportal\/","og_locale":"da_DK","og_type":"article","og_title":"Tr\u00e6nerportal - Gymnastik","og_description":"Begivenheder for tr\u00e6nere i HGF GymnastikBestilling af tr\u00e6nergoderHoldbestillingerInformation til tr\u00e6nere og hj\u00e6lpetr\u00e6nereEr du i tvivl om noget, fx hvilke kurser der kunne v\u00e6re relevante for dig, kan du altid tage fat i bestyrelsenHvilke forventninger har foreningen til dig som tr\u00e6ner? M\u00f8der velforberedt frem til tr\u00e6ning Deltager i tr\u00e6nerm\u00f8derne og \u00f8vrige arrangementer\u00a0 Deltager i de uddannelser [&hellip;]","og_url":"https:\/\/hgfhammel.dk\/gymnastik\/traenere-og-hjaelpetraenere\/traenerportal\/","og_site_name":"Gymnastik","article_modified_time":"2024-08-17T12:10:37+00:00","twitter_card":"summary_large_image","twitter_misc":{"Estimeret l\u00e6setid":"5 minutter"},"schema":{"@context":"https:\/\/schema.org","@graph":[{"@type":"WebPage","@id":"https:\/\/hgfhammel.dk\/gymnastik\/traenere-og-hjaelpetraenere\/traenerportal\/","url":"https:\/\/hgfhammel.dk\/gymnastik\/traenere-og-hjaelpetraenere\/traenerportal\/","name":"Tr\u00e6nerportal - Gymnastik","isPartOf":{"@id":"https:\/\/hgfhammel.dk\/gymnastik\/#website"},"datePublished":"2022-11-07T20:59:11+00:00","dateModified":"2024-08-17T12:10:37+00:00","breadcrumb":{"@id":"https:\/\/hgfhammel.dk\/gymnastik\/traenere-og-hjaelpetraenere\/traenerportal\/#breadcrumb"},"inLanguage":"da-DK","potentialAction":[{"@type":"ReadAction","target":["https:\/\/hgfhammel.dk\/gymnastik\/traenere-og-hjaelpetraenere\/traenerportal\/"]}]},{"@type":"BreadcrumbList","@id":"https:\/\/hgfhammel.dk\/gymnastik\/traenere-og-hjaelpetraenere\/traenerportal\/#breadcrumb","itemListElement":[{"@type":"ListItem","position":1,"name":"Hjem","item":"https:\/\/hgfhammel.dk\/gymnastik\/"},{"@type":"ListItem","position":2,"name":"Tr\u00e6nere og hj\u00e6lpetr\u00e6nere","item":"https:\/\/hgfhammel.dk\/gymnastik\/traenere-og-hjaelpetraenere\/"},{"@type":"ListItem","position":3,"name":"Tr\u00e6nerportal"}]},{"@type":"WebSite","@id":"https:\/\/hgfhammel.dk\/gymnastik\/#website","url":"https:\/\/hgfhammel.dk\/gymnastik\/","name":"Gymnastik","description":"Gymnastik","potentialAction":[{"@type":"SearchAction","target":{"@type":"EntryPoint","urlTemplate":"https:\/\/hgfhammel.dk\/gymnastik\/?s={search_term_string}"},"query-input":"required name=search_term_string"}],"inLanguage":"da-DK"}]}},"_links":{"self":[{"href":"https:\/\/hgfhammel.dk\/gymnastik\/wp-json\/wp\/v2\/pages\/1475"}],"collection":[{"href":"https:\/\/hgfhammel.dk\/gymnastik\/wp-json\/wp\/v2\/pages"}],"about":[{"href":"https:\/\/hgfhammel.dk\/gymnastik\/wp-json\/wp\/v2\/types\/page"}],"author":[{"embeddable":true,"href":"https:\/\/hgfhammel.dk\/gymnastik\/wp-json\/wp\/v2\/users\/32"}],"replies":[{"embeddable":true,"href":"https:\/\/hgfhammel.dk\/gymnastik\/wp-json\/wp\/v2\/comments?post=1475"}],"version-history":[{"count":33,"href":"https:\/\/hgfhammel.dk\/gymnastik\/wp-json\/wp\/v2\/pages\/1475\/revisions"}],"predecessor-version":[{"id":1914,"href":"https:\/\/hgfhammel.dk\/gymnastik\/wp-json\/wp\/v2\/pages\/1475\/revisions\/1914"}],"up":[{"embeddable":true,"href":"https:\/\/hgfhammel.dk\/gymnastik\/wp-json\/wp\/v2\/pages\/616"}],"wp:attachment":[{"href":"https:\/\/hgfhammel.dk\/gymnastik\/wp-json\/wp\/v2\/media?parent=1475"}],"curies":[{"name":"wp","href":"https:\/\/api.w.org\/{rel}","templated":true}]}}