{"id":1495,"date":"2022-11-07T23:00:32","date_gmt":"2022-11-07T22:00:32","guid":{"rendered":"https:\/\/hgfhammel.dk\/gymnastik\/?page_id=1495"},"modified":"2022-11-07T23:18:03","modified_gmt":"2022-11-07T22:18:03","slug":"bliv-traener-i-hgf","status":"publish","type":"page","link":"https:\/\/hgfhammel.dk\/gymnastik\/traenere-og-hjaelpetraenere\/bliv-traener-i-hgf\/","title":{"rendered":"Bliv tr\u00e6ner i HGF"},"content":{"rendered":"<p>[et_pb_section fb_built=&#8221;1&#8243; theme_builder_area=&#8221;post_content&#8221; _builder_version=&#8221;4.19.0&#8243; _module_preset=&#8221;default&#8221;][et_pb_row _builder_version=&#8221;4.19.0&#8243; _module_preset=&#8221;default&#8221; theme_builder_area=&#8221;post_content&#8221;][et_pb_column _builder_version=&#8221;4.19.0&#8243; _module_preset=&#8221;default&#8221; type=&#8221;4_4&#8243; theme_builder_area=&#8221;post_content&#8221;][et_pb_text _builder_version=&#8221;4.19.0&#8243; _module_preset=&#8221;default&#8221; theme_builder_area=&#8221;post_content&#8221; hover_enabled=&#8221;0&#8243; sticky_enabled=&#8221;0&#8243;]<\/p>\n<h3>Tr\u00e6ner<\/h3>\n<p>Er du over 18 \u00e5r, og har du et eller flere af DGI&#8217;s instrukt\u00f8rkurser, eller er du interesseret i at tage dem, og har du mod p\u00e5 og lyst til at tr\u00e6ner vores fantastiske gymnaster, s\u00e5 kan vi helt sikkert bruge dig i rollen som tr\u00e6ner.<\/p>\n<p>[\/et_pb_text][et_pb_text _builder_version=&#8221;4.19.0&#8243; _module_preset=&#8221;default&#8221; theme_builder_area=&#8221;post_content&#8221; hover_enabled=&#8221;0&#8243; sticky_enabled=&#8221;0&#8243;]<\/p>\n<h3>Hj\u00e6lpetr\u00e6ner<\/h3>\n<p>Er du mellem 13 og 18 \u00e5r s\u00e5 kan du m\u00e5ske blive hj\u00e6lpetr\u00e6ner. Vi ser selvf\u00f8lgelig helst at du selv er gymnast p\u00e5 et eller flere hold, s\u00e5 du ved hvad du s\u00e6tter gymnasterne til, ud fra egne erfaringer. Vi tilbyder at du kan komme p\u00e5 relevante kurser, s\u00e5 du kan tage del i instruktionen, tage sikkert imod og bliver en del af et st\u00e6rkt tr\u00e6nerteam.<\/p>\n<p>[\/et_pb_text][et_pb_text _builder_version=&#8221;4.19.0&#8243; _module_preset=&#8221;default&#8221; theme_builder_area=&#8221;post_content&#8221; hover_enabled=&#8221;0&#8243; sticky_enabled=&#8221;0&#8243;]<\/p>\n<h3>Minihj\u00e6lper<\/h3>\n<p>Er du under, men snart 13 \u00e5r, og br\u00e6nder du virkelig for gymnastiken, og kan ikke vente til du bliver 13, s\u00e5 du kan blive hj\u00e6lpetr\u00e6ner, s\u00e5 kan du m\u00e5ske v\u00e6re minihj\u00e6lper p\u00e5 nogle af vores yngste hold. Her kan snuse lidt til hvad det vil sige at v\u00e6re hj\u00e6lpetr\u00e6ner, men husk b\u00e5de at snakke godt med dine for\u00e6ldre om det. Modsat tr\u00e6ner og hj\u00e6lpetr\u00e6ner kan minhj\u00e6lpere ikke f\u00e5 godtg\u00f8relse, s\u00e5 det skal virkelig v\u00e6re interessen for gymnastik der b\u00e6rer opgaven, og s\u00e5 det kan godt v\u00e6re at vi bede dig vente lidt endnu, hvis du henvender dig.<\/p>\n<p>[\/et_pb_text][\/et_pb_column][\/et_pb_row][\/et_pb_section][et_pb_section fb_built=&#8221;1&#8243; theme_builder_area=&#8221;post_content&#8221; _builder_version=&#8221;4.19.0&#8243; _module_preset=&#8221;default&#8221; background_color=&#8221;#EE1929&#8243; hover_enabled=&#8221;0&#8243; sticky_enabled=&#8221;0&#8243;][et_pb_row _builder_version=&#8221;4.19.0&#8243; _module_preset=&#8221;default&#8221; theme_builder_area=&#8221;post_content&#8221;][et_pb_column _builder_version=&#8221;4.19.0&#8243; _module_preset=&#8221;default&#8221; type=&#8221;4_4&#8243; theme_builder_area=&#8221;post_content&#8221;][et_pb_cta button_text=&#8221;Kontaktoplysninger&#8221; _builder_version=&#8221;4.19.0&#8243; _module_preset=&#8221;default&#8221; theme_builder_area=&#8221;post_content&#8221; button_url=&#8221;https:\/\/hgfhammel.dk\/gymnastik\/bestyrelsen\/&#8221; hover_enabled=&#8221;0&#8243; sticky_enabled=&#8221;0&#8243;]<\/p>\n<p>Kan du se dig selv ind i en af ovenst\u00e5ende roller, s\u00e5 kan du tage fat i bestyrelsen.<\/p>\n<p>[\/et_pb_cta][\/et_pb_column][\/et_pb_row][\/et_pb_section]<\/p>\n","protected":false},"excerpt":{"rendered":"<p>Tr\u00e6ner Er du over 18 \u00e5r, og har du et eller flere af DGI&#8217;s instrukt\u00f8rkurser, eller er du interesseret i at tage dem, og har du mod p\u00e5 og lyst til at tr\u00e6ner vores fantastiske gymnaster, s\u00e5 kan vi helt sikkert bruge dig i rollen som tr\u00e6ner.Hj\u00e6lpetr\u00e6ner Er du mellem 13 og 18 \u00e5r s\u00e5 [&hellip;]<\/p>\n","protected":false},"author":32,"featured_media":0,"parent":616,"menu_order":0,"comment_status":"closed","ping_status":"closed","template":"","meta":{"_et_pb_use_builder":"on","_et_pb_old_content":"","_et_gb_content_width":""},"yoast_head":"<!-- This site is optimized with the Yoast SEO plugin v20.9 - https:\/\/yoast.com\/wordpress\/plugins\/seo\/ -->\n<title>Bliv tr\u00e6ner i HGF - Gymnastik<\/title>\n<meta name=\"robots\" content=\"index, follow, max-snippet:-1, max-image-preview:large, max-video-preview:-1\" \/>\n<link rel=\"canonical\" href=\"https:\/\/hgfhammel.dk\/gymnastik\/traenere-og-hjaelpetraenere\/bliv-traener-i-hgf\/\" \/>\n<meta property=\"og:locale\" content=\"da_DK\" \/>\n<meta property=\"og:type\" content=\"article\" \/>\n<meta property=\"og:title\" content=\"Bliv tr\u00e6ner i HGF - Gymnastik\" \/>\n<meta property=\"og:description\" content=\"Tr\u00e6ner Er du over 18 \u00e5r, og har du et eller flere af DGI&#039;s instrukt\u00f8rkurser, eller er du interesseret i at tage dem, og har du mod p\u00e5 og lyst til at tr\u00e6ner vores fantastiske gymnaster, s\u00e5 kan vi helt sikkert bruge dig i rollen som tr\u00e6ner.Hj\u00e6lpetr\u00e6ner Er du mellem 13 og 18 \u00e5r s\u00e5 [&hellip;]\" \/>\n<meta property=\"og:url\" content=\"https:\/\/hgfhammel.dk\/gymnastik\/traenere-og-hjaelpetraenere\/bliv-traener-i-hgf\/\" \/>\n<meta property=\"og:site_name\" content=\"Gymnastik\" \/>\n<meta property=\"article:modified_time\" content=\"2022-11-07T22:18:03+00:00\" \/>\n<meta name=\"twitter:card\" content=\"summary_large_image\" \/>\n<!-- \/ Yoast SEO plugin. -->","yoast_head_json":{"title":"Bliv tr\u00e6ner i HGF - Gymnastik","robots":{"index":"index","follow":"follow","max-snippet":"max-snippet:-1","max-image-preview":"max-image-preview:large","max-video-preview":"max-video-preview:-1"},"canonical":"https:\/\/hgfhammel.dk\/gymnastik\/traenere-og-hjaelpetraenere\/bliv-traener-i-hgf\/","og_locale":"da_DK","og_type":"article","og_title":"Bliv tr\u00e6ner i HGF - Gymnastik","og_description":"Tr\u00e6ner Er du over 18 \u00e5r, og har du et eller flere af DGI's instrukt\u00f8rkurser, eller er du interesseret i at tage dem, og har du mod p\u00e5 og lyst til at tr\u00e6ner vores fantastiske gymnaster, s\u00e5 kan vi helt sikkert bruge dig i rollen som tr\u00e6ner.Hj\u00e6lpetr\u00e6ner Er du mellem 13 og 18 \u00e5r s\u00e5 [&hellip;]","og_url":"https:\/\/hgfhammel.dk\/gymnastik\/traenere-og-hjaelpetraenere\/bliv-traener-i-hgf\/","og_site_name":"Gymnastik","article_modified_time":"2022-11-07T22:18:03+00:00","twitter_card":"summary_large_image","schema":{"@context":"https:\/\/schema.org","@graph":[{"@type":"WebPage","@id":"https:\/\/hgfhammel.dk\/gymnastik\/traenere-og-hjaelpetraenere\/bliv-traener-i-hgf\/","url":"https:\/\/hgfhammel.dk\/gymnastik\/traenere-og-hjaelpetraenere\/bliv-traener-i-hgf\/","name":"Bliv tr\u00e6ner i HGF - Gymnastik","isPartOf":{"@id":"https:\/\/hgfhammel.dk\/gymnastik\/#website"},"datePublished":"2022-11-07T22:00:32+00:00","dateModified":"2022-11-07T22:18:03+00:00","breadcrumb":{"@id":"https:\/\/hgfhammel.dk\/gymnastik\/traenere-og-hjaelpetraenere\/bliv-traener-i-hgf\/#breadcrumb"},"inLanguage":"da-DK","potentialAction":[{"@type":"ReadAction","target":["https:\/\/hgfhammel.dk\/gymnastik\/traenere-og-hjaelpetraenere\/bliv-traener-i-hgf\/"]}]},{"@type":"BreadcrumbList","@id":"https:\/\/hgfhammel.dk\/gymnastik\/traenere-og-hjaelpetraenere\/bliv-traener-i-hgf\/#breadcrumb","itemListElement":[{"@type":"ListItem","position":1,"name":"Hjem","item":"https:\/\/hgfhammel.dk\/gymnastik\/"},{"@type":"ListItem","position":2,"name":"Tr\u00e6nere og hj\u00e6lpetr\u00e6nere","item":"https:\/\/hgfhammel.dk\/gymnastik\/traenere-og-hjaelpetraenere\/"},{"@type":"ListItem","position":3,"name":"Bliv tr\u00e6ner i HGF"}]},{"@type":"WebSite","@id":"https:\/\/hgfhammel.dk\/gymnastik\/#website","url":"https:\/\/hgfhammel.dk\/gymnastik\/","name":"Gymnastik","description":"Gymnastik","potentialAction":[{"@type":"SearchAction","target":{"@type":"EntryPoint","urlTemplate":"https:\/\/hgfhammel.dk\/gymnastik\/?s={search_term_string}"},"query-input":"required name=search_term_string"}],"inLanguage":"da-DK"}]}},"_links":{"self":[{"href":"https:\/\/hgfhammel.dk\/gymnastik\/wp-json\/wp\/v2\/pages\/1495"}],"collection":[{"href":"https:\/\/hgfhammel.dk\/gymnastik\/wp-json\/wp\/v2\/pages"}],"about":[{"href":"https:\/\/hgfhammel.dk\/gymnastik\/wp-json\/wp\/v2\/types\/page"}],"author":[{"embeddable":true,"href":"https:\/\/hgfhammel.dk\/gymnastik\/wp-json\/wp\/v2\/users\/32"}],"replies":[{"embeddable":true,"href":"https:\/\/hgfhammel.dk\/gymnastik\/wp-json\/wp\/v2\/comments?post=1495"}],"version-history":[{"count":3,"href":"https:\/\/hgfhammel.dk\/gymnastik\/wp-json\/wp\/v2\/pages\/1495\/revisions"}],"predecessor-version":[{"id":1501,"href":"https:\/\/hgfhammel.dk\/gymnastik\/wp-json\/wp\/v2\/pages\/1495\/revisions\/1501"}],"up":[{"embeddable":true,"href":"https:\/\/hgfhammel.dk\/gymnastik\/wp-json\/wp\/v2\/pages\/616"}],"wp:attachment":[{"href":"https:\/\/hgfhammel.dk\/gymnastik\/wp-json\/wp\/v2\/media?parent=1495"}],"curies":[{"name":"wp","href":"https:\/\/api.w.org\/{rel}","templated":true}]}}