{"id":1608,"date":"2022-11-26T15:23:04","date_gmt":"2022-11-26T14:23:04","guid":{"rendered":"https:\/\/hgfhammel.dk\/gymnastik\/?page_id=1608"},"modified":"2022-11-26T17:42:31","modified_gmt":"2022-11-26T16:42:31","slug":"til-gymnaster","status":"publish","type":"page","link":"https:\/\/hgfhammel.dk\/gymnastik\/til-gymnaster\/","title":{"rendered":"Til gymnaster"},"content":{"rendered":"<p>[et_pb_section fb_built=&#8221;1&#8243; _builder_version=&#8221;4.19.0&#8243; _module_preset=&#8221;default&#8221; global_colors_info=&#8221;{}&#8221;][et_pb_row _builder_version=&#8221;4.19.0&#8243; _module_preset=&#8221;default&#8221; global_colors_info=&#8221;{}&#8221;][et_pb_column type=&#8221;4_4&#8243; _builder_version=&#8221;4.19.0&#8243; _module_preset=&#8221;default&#8221; global_colors_info=&#8221;{}&#8221;][et_pb_text _builder_version=&#8221;4.19.0&#8243; _module_preset=&#8221;default&#8221; global_colors_info=&#8221;{}&#8221;]<\/p>\n<h1>Til gymnaster<\/h1>\n<p>[\/et_pb_text][\/et_pb_column][\/et_pb_row][et_pb_row _builder_version=&#8221;4.19.0&#8243; _module_preset=&#8221;default&#8221; global_colors_info=&#8221;{}&#8221;][et_pb_column type=&#8221;4_4&#8243; _builder_version=&#8221;4.19.0&#8243; _module_preset=&#8221;default&#8221; global_colors_info=&#8221;{}&#8221;][et_pb_text _builder_version=&#8221;4.19.0&#8243; _module_preset=&#8221;default&#8221; global_colors_info=&#8221;{}&#8221;]<\/p>\n<p>Det er dig og dine holdkammerater det hele drejer sig om. Mere end 400 medlemmer fordelt p\u00e5 22 hold, er aktive i Hammel GF&#8217;s gymnastikafdeling&#8230; og vi har plads til flere.<\/p>\n<p>&nbsp;<\/p>\n<p>[\/et_pb_text][\/et_pb_column][\/et_pb_row][\/et_pb_section][et_pb_section fb_built=&#8221;1&#8243; _builder_version=&#8221;4.19.0&#8243; _module_preset=&#8221;default&#8221; background_color=&#8221;#EE1929&#8243; background_image=&#8221;https:\/\/hgfhammel.dk\/gymnastik\/wp-content\/uploads\/sites\/12\/2022\/11\/Skaermbillede-2022-11-26-131759-1.png&#8221; background_position=&#8221;top_center&#8221; background_vertical_offset=&#8221;36%&#8221; background_blend=&#8221;screen&#8221; background_enable_mask_style=&#8221;on&#8221; background_mask_style=&#8221;paint&#8221; background_mask_color=&#8221;#E9EAEB&#8221; custom_margin=&#8221;-34px|||||&#8221; custom_padding=&#8221;||248px|||&#8221; hover_enabled=&#8221;0&#8243; global_colors_info=&#8221;{}&#8221; sticky_enabled=&#8221;0&#8243;][et_pb_row column_structure=&#8221;1_2,1_2&#8243; _builder_version=&#8221;4.19.0&#8243; _module_preset=&#8221;default&#8221; global_colors_info=&#8221;{}&#8221;][et_pb_column type=&#8221;1_2&#8243; _builder_version=&#8221;4.19.0&#8243; _module_preset=&#8221;default&#8221; global_colors_info=&#8221;{}&#8221;][et_pb_cta title=&#8221;Gymnast i HGF&#8221; button_url=&#8221;https:\/\/hgfhammel.dk\/gymnastik\/info-til-gymnaster\/&#8221; button_text=&#8221;L\u00e6s mere&#8221; _builder_version=&#8221;4.19.0&#8243; _module_preset=&#8221;default&#8221; background_color=&#8221;#06178F&#8221; filter_opacity=&#8221;66%&#8221; global_colors_info=&#8221;{}&#8221;]<\/p>\n<p>Hvad er godt gymnastikt\u00f8j?<br \/>Gode r\u00e5d og krav, s\u00e5 vi kan passe p\u00e5 hinanden.<\/p>\n<p>[\/et_pb_cta][et_pb_cta title=&#8221;Holdoversigt&#8221; button_url=&#8221;https:\/\/hgfhammel.dk\/gymnastik\/til-gymnaster\/holdoversigt\/&#8221; button_text=&#8221;Se holdene&#8221; _builder_version=&#8221;4.19.0&#8243; _module_preset=&#8221;default&#8221; background_color=&#8221;#06178F&#8221; filter_opacity=&#8221;66%&#8221; global_colors_info=&#8221;{}&#8221;]<\/p>\n<p>Hvilke hold kan du g\u00e5 p\u00e5?<br \/>Det kan du finde ud af her.<\/p>\n<p>[\/et_pb_cta][et_pb_cta title=&#8221;Tilmelding&#8221; button_url=&#8221;https:\/\/hgfgymnastik.klub-modul.dk\/cms\/TeamOverview.aspx&#8221; button_text=&#8221;Til klubmodul&#8221; _builder_version=&#8221;4.19.0&#8243; _module_preset=&#8221;default&#8221; background_color=&#8221;#06178F&#8221; filter_opacity=&#8221;66%&#8221; global_colors_info=&#8221;{}&#8221;]<\/p>\n<p>Jamen selvf\u00f8lgelig skal du g\u00e5 til gymnastik.<br \/>Hvad venter du p\u00e5? Tilmeld dig her.<\/p>\n<p>[\/et_pb_cta][\/et_pb_column][et_pb_column type=&#8221;1_2&#8243; _builder_version=&#8221;4.19.0&#8243; _module_preset=&#8221;default&#8221; global_colors_info=&#8221;{}&#8221;][\/et_pb_column][\/et_pb_row][\/et_pb_section]<\/p>\n","protected":false},"excerpt":{"rendered":"<p>Til gymnasterDet er dig og dine holdkammerater det hele drejer sig om. Mere end 400 medlemmer fordelt p\u00e5 22 hold, er aktive i Hammel GF&#8217;s gymnastikafdeling&#8230; og vi har plads til flere. &nbsp;Hvad er godt gymnastikt\u00f8j?Gode r\u00e5d og krav, s\u00e5 vi kan passe p\u00e5 hinanden.Hvilke hold kan du g\u00e5 p\u00e5?Det kan du finde ud af [&hellip;]<\/p>\n","protected":false},"author":32,"featured_media":0,"parent":0,"menu_order":0,"comment_status":"closed","ping_status":"closed","template":"","meta":{"_et_pb_use_builder":"on","_et_pb_old_content":"","_et_gb_content_width":""},"yoast_head":"<!-- This site is optimized with the Yoast SEO plugin v20.9 - https:\/\/yoast.com\/wordpress\/plugins\/seo\/ -->\n<title>Til gymnaster - Gymnastik<\/title>\n<meta name=\"robots\" content=\"index, follow, max-snippet:-1, max-image-preview:large, max-video-preview:-1\" \/>\n<link rel=\"canonical\" href=\"https:\/\/hgfhammel.dk\/gymnastik\/til-gymnaster\/\" \/>\n<meta property=\"og:locale\" content=\"da_DK\" \/>\n<meta property=\"og:type\" content=\"article\" \/>\n<meta property=\"og:title\" content=\"Til gymnaster - Gymnastik\" \/>\n<meta property=\"og:description\" content=\"Til gymnasterDet er dig og dine holdkammerater det hele drejer sig om. Mere end 400 medlemmer fordelt p\u00e5 22 hold, er aktive i Hammel GF&#039;s gymnastikafdeling... og vi har plads til flere. &nbsp;Hvad er godt gymnastikt\u00f8j?Gode r\u00e5d og krav, s\u00e5 vi kan passe p\u00e5 hinanden.Hvilke hold kan du g\u00e5 p\u00e5?Det kan du finde ud af [&hellip;]\" \/>\n<meta property=\"og:url\" content=\"https:\/\/hgfhammel.dk\/gymnastik\/til-gymnaster\/\" \/>\n<meta property=\"og:site_name\" content=\"Gymnastik\" \/>\n<meta property=\"article:modified_time\" content=\"2022-11-26T16:42:31+00:00\" \/>\n<meta name=\"twitter:card\" content=\"summary_large_image\" \/>\n<meta name=\"twitter:label1\" content=\"Estimeret l\u00e6setid\" \/>\n\t<meta name=\"twitter:data1\" content=\"1 minut\" \/>\n<!-- \/ Yoast SEO plugin. -->","yoast_head_json":{"title":"Til gymnaster - Gymnastik","robots":{"index":"index","follow":"follow","max-snippet":"max-snippet:-1","max-image-preview":"max-image-preview:large","max-video-preview":"max-video-preview:-1"},"canonical":"https:\/\/hgfhammel.dk\/gymnastik\/til-gymnaster\/","og_locale":"da_DK","og_type":"article","og_title":"Til gymnaster - Gymnastik","og_description":"Til gymnasterDet er dig og dine holdkammerater det hele drejer sig om. Mere end 400 medlemmer fordelt p\u00e5 22 hold, er aktive i Hammel GF's gymnastikafdeling... og vi har plads til flere. &nbsp;Hvad er godt gymnastikt\u00f8j?Gode r\u00e5d og krav, s\u00e5 vi kan passe p\u00e5 hinanden.Hvilke hold kan du g\u00e5 p\u00e5?Det kan du finde ud af [&hellip;]","og_url":"https:\/\/hgfhammel.dk\/gymnastik\/til-gymnaster\/","og_site_name":"Gymnastik","article_modified_time":"2022-11-26T16:42:31+00:00","twitter_card":"summary_large_image","twitter_misc":{"Estimeret l\u00e6setid":"1 minut"},"schema":{"@context":"https:\/\/schema.org","@graph":[{"@type":"WebPage","@id":"https:\/\/hgfhammel.dk\/gymnastik\/til-gymnaster\/","url":"https:\/\/hgfhammel.dk\/gymnastik\/til-gymnaster\/","name":"Til gymnaster - Gymnastik","isPartOf":{"@id":"https:\/\/hgfhammel.dk\/gymnastik\/#website"},"datePublished":"2022-11-26T14:23:04+00:00","dateModified":"2022-11-26T16:42:31+00:00","breadcrumb":{"@id":"https:\/\/hgfhammel.dk\/gymnastik\/til-gymnaster\/#breadcrumb"},"inLanguage":"da-DK","potentialAction":[{"@type":"ReadAction","target":["https:\/\/hgfhammel.dk\/gymnastik\/til-gymnaster\/"]}]},{"@type":"BreadcrumbList","@id":"https:\/\/hgfhammel.dk\/gymnastik\/til-gymnaster\/#breadcrumb","itemListElement":[{"@type":"ListItem","position":1,"name":"Hjem","item":"https:\/\/hgfhammel.dk\/gymnastik\/"},{"@type":"ListItem","position":2,"name":"Til gymnaster"}]},{"@type":"WebSite","@id":"https:\/\/hgfhammel.dk\/gymnastik\/#website","url":"https:\/\/hgfhammel.dk\/gymnastik\/","name":"Gymnastik","description":"Gymnastik","potentialAction":[{"@type":"SearchAction","target":{"@type":"EntryPoint","urlTemplate":"https:\/\/hgfhammel.dk\/gymnastik\/?s={search_term_string}"},"query-input":"required name=search_term_string"}],"inLanguage":"da-DK"}]}},"_links":{"self":[{"href":"https:\/\/hgfhammel.dk\/gymnastik\/wp-json\/wp\/v2\/pages\/1608"}],"collection":[{"href":"https:\/\/hgfhammel.dk\/gymnastik\/wp-json\/wp\/v2\/pages"}],"about":[{"href":"https:\/\/hgfhammel.dk\/gymnastik\/wp-json\/wp\/v2\/types\/page"}],"author":[{"embeddable":true,"href":"https:\/\/hgfhammel.dk\/gymnastik\/wp-json\/wp\/v2\/users\/32"}],"replies":[{"embeddable":true,"href":"https:\/\/hgfhammel.dk\/gymnastik\/wp-json\/wp\/v2\/comments?post=1608"}],"version-history":[{"count":8,"href":"https:\/\/hgfhammel.dk\/gymnastik\/wp-json\/wp\/v2\/pages\/1608\/revisions"}],"predecessor-version":[{"id":1625,"href":"https:\/\/hgfhammel.dk\/gymnastik\/wp-json\/wp\/v2\/pages\/1608\/revisions\/1625"}],"wp:attachment":[{"href":"https:\/\/hgfhammel.dk\/gymnastik\/wp-json\/wp\/v2\/media?parent=1608"}],"curies":[{"name":"wp","href":"https:\/\/api.w.org\/{rel}","templated":true}]}}