{"id":1947,"date":"2024-08-17T15:53:37","date_gmt":"2024-08-17T13:53:37","guid":{"rendered":"https:\/\/hgfhammel.dk\/gymnastik\/?page_id=1947"},"modified":"2024-08-17T15:57:31","modified_gmt":"2024-08-17T13:57:31","slug":"mission-maal","status":"publish","type":"page","link":"https:\/\/hgfhammel.dk\/gymnastik\/mission-maal\/","title":{"rendered":"Mission &#038; M\u00e5l"},"content":{"rendered":"<p>[et_pb_section fb_built=&#8221;1&#8243; _builder_version=&#8221;4.21.0&#8243; _module_preset=&#8221;default&#8221; global_colors_info=&#8221;{}&#8221;][et_pb_row _builder_version=&#8221;4.21.0&#8243; _module_preset=&#8221;default&#8221; global_colors_info=&#8221;{}&#8221;][et_pb_column type=&#8221;4_4&#8243; _builder_version=&#8221;4.21.0&#8243; _module_preset=&#8221;default&#8221; global_colors_info=&#8221;{}&#8221;][et_pb_text _builder_version=&#8221;4.21.0&#8243; _module_preset=&#8221;default&#8221; global_colors_info=&#8221;{}&#8221;]<\/p>\n<h1>Vision &amp; M\u00e5l<\/h1>\n<p>[\/et_pb_text][\/et_pb_column][\/et_pb_row][et_pb_row _builder_version=&#8221;4.21.0&#8243; _module_preset=&#8221;default&#8221; global_colors_info=&#8221;{}&#8221;][et_pb_column type=&#8221;4_4&#8243; _builder_version=&#8221;4.21.0&#8243; _module_preset=&#8221;default&#8221; global_colors_info=&#8221;{}&#8221;][et_pb_text _builder_version=&#8221;4.21.0&#8243; _module_preset=&#8221;default&#8221; global_colors_info=&#8221;{}&#8221;]<\/p>\n<h2><strong>Vision<\/strong><\/h2>\n<p>Spring ind i f\u00e6llesskabet<\/p>\n<p><em>I Hammel GF Gymnastik skaber vi muligheder for aktiviteter og f\u00e6llesskaber for alle \u2013 uanset alder \u2013 gennem hele livet.<\/em><\/p>\n<p><em>\u00a0<\/em><\/p>\n<p><em>\u00a0<\/em><\/p>\n<h2><strong>M\u00e5l<\/strong><\/h2>\n<p><strong>\u00a0<\/strong><\/p>\n<h3><em>Frivillige instrukt\u00f8rer<\/em><\/h3>\n<p>Vi \u00f8nsker, at alle instrukt\u00f8rer skal have mulighed for at udvikle sig ved at deltage i fx kurser og andre inspirationsmuligheder.<\/p>\n<p>Foreningens unge frivillige skal f\u00f8le, at de er en del af et st\u00e6rkt f\u00e6llesskab. Vi vil gerne inspirere unge instrukt\u00f8rer og hj\u00e6lpeinstrukt\u00f8rer til at forts\u00e6tte med foreningsarbejde.<\/p>\n<p>&nbsp;<\/p>\n<h3><em>Rammer<\/em><\/h3>\n<p>Vi \u00f8nsker, at det skal v\u00e6re et trygt og rart sted at v\u00e6re, hvor vi har tillid til hinanden.<\/p>\n<p>Vi prioriterer, at sikkerheden er i top ved at alt udstyr er opdateret, sikkert og passende for de aktiviteter, der tilbydes.<\/p>\n<p>&nbsp;<\/p>\n<h3><em>Gymnastik<\/em><\/h3>\n<p>Vi \u00f8nsker at skabe et milj\u00f8, hvor gl\u00e6de ved bev\u00e6gelse og passion for gymnastik binder os sammen.<\/p>\n<p>Vi \u00f8nsker h\u00f8j kvalitet i tr\u00e6ningen og mulighed for at alle kan udvikle sig.<\/p>\n<p>&nbsp;<\/p>\n<h3><em>F\u00e6llesskaber<\/em><\/h3>\n<p>Vi \u00f8nsker at udvikle engagerende f\u00e6llesskaber. M\u00f8det med andre gennem gymnastik udvikler vores kulturelle indsigt og styrker vores forst\u00e5else og respekt for hinanden.<\/p>\n<p><em>\u00a0<\/em><\/p>\n<h3><em>Muligheder<\/em><\/h3>\n<p>Vi st\u00f8tter aktivt op om initiativer og indsatser, der danner grobund for attraktive gymnastiktilbud for alle.<\/p>\n<p>Vi \u00f8nsker at tilbyde et bredt og tidssvarende udbud af aktiviteter til alle medlemmer i gymnastikafdelingen.<\/p>\n<p>[\/et_pb_text][\/et_pb_column][\/et_pb_row][\/et_pb_section]<\/p>\n","protected":false},"excerpt":{"rendered":"<p>Vision &amp; M\u00e5lVision Spring ind i f\u00e6llesskabet I Hammel GF Gymnastik skaber vi muligheder for aktiviteter og f\u00e6llesskaber for alle \u2013 uanset alder \u2013 gennem hele livet. \u00a0 \u00a0 M\u00e5l \u00a0 Frivillige instrukt\u00f8rer Vi \u00f8nsker, at alle instrukt\u00f8rer skal have mulighed for at udvikle sig ved at deltage i fx kurser og andre inspirationsmuligheder. Foreningens [&hellip;]<\/p>\n","protected":false},"author":32,"featured_media":0,"parent":0,"menu_order":0,"comment_status":"closed","ping_status":"closed","template":"","meta":{"_et_pb_use_builder":"on","_et_pb_old_content":"","_et_gb_content_width":""},"yoast_head":"<!-- This site is optimized with the Yoast SEO plugin v20.9 - https:\/\/yoast.com\/wordpress\/plugins\/seo\/ -->\n<title>Mission &amp; M\u00e5l - Gymnastik<\/title>\n<meta name=\"robots\" content=\"index, follow, max-snippet:-1, max-image-preview:large, max-video-preview:-1\" \/>\n<link rel=\"canonical\" href=\"https:\/\/hgfhammel.dk\/gymnastik\/mission-maal\/\" \/>\n<meta property=\"og:locale\" content=\"da_DK\" \/>\n<meta property=\"og:type\" content=\"article\" \/>\n<meta property=\"og:title\" content=\"Mission &amp; M\u00e5l - Gymnastik\" \/>\n<meta property=\"og:description\" content=\"Vision &amp; M\u00e5lVision Spring ind i f\u00e6llesskabet I Hammel GF Gymnastik skaber vi muligheder for aktiviteter og f\u00e6llesskaber for alle \u2013 uanset alder \u2013 gennem hele livet. \u00a0 \u00a0 M\u00e5l \u00a0 Frivillige instrukt\u00f8rer Vi \u00f8nsker, at alle instrukt\u00f8rer skal have mulighed for at udvikle sig ved at deltage i fx kurser og andre inspirationsmuligheder. Foreningens [&hellip;]\" \/>\n<meta property=\"og:url\" content=\"https:\/\/hgfhammel.dk\/gymnastik\/mission-maal\/\" \/>\n<meta property=\"og:site_name\" content=\"Gymnastik\" \/>\n<meta property=\"article:modified_time\" content=\"2024-08-17T13:57:31+00:00\" \/>\n<meta name=\"twitter:card\" content=\"summary_large_image\" \/>\n<meta name=\"twitter:label1\" content=\"Estimeret l\u00e6setid\" \/>\n\t<meta name=\"twitter:data1\" content=\"2 minutter\" \/>\n<!-- \/ Yoast SEO plugin. -->","yoast_head_json":{"title":"Mission & M\u00e5l - Gymnastik","robots":{"index":"index","follow":"follow","max-snippet":"max-snippet:-1","max-image-preview":"max-image-preview:large","max-video-preview":"max-video-preview:-1"},"canonical":"https:\/\/hgfhammel.dk\/gymnastik\/mission-maal\/","og_locale":"da_DK","og_type":"article","og_title":"Mission & M\u00e5l - Gymnastik","og_description":"Vision &amp; M\u00e5lVision Spring ind i f\u00e6llesskabet I Hammel GF Gymnastik skaber vi muligheder for aktiviteter og f\u00e6llesskaber for alle \u2013 uanset alder \u2013 gennem hele livet. \u00a0 \u00a0 M\u00e5l \u00a0 Frivillige instrukt\u00f8rer Vi \u00f8nsker, at alle instrukt\u00f8rer skal have mulighed for at udvikle sig ved at deltage i fx kurser og andre inspirationsmuligheder. Foreningens [&hellip;]","og_url":"https:\/\/hgfhammel.dk\/gymnastik\/mission-maal\/","og_site_name":"Gymnastik","article_modified_time":"2024-08-17T13:57:31+00:00","twitter_card":"summary_large_image","twitter_misc":{"Estimeret l\u00e6setid":"2 minutter"},"schema":{"@context":"https:\/\/schema.org","@graph":[{"@type":"WebPage","@id":"https:\/\/hgfhammel.dk\/gymnastik\/mission-maal\/","url":"https:\/\/hgfhammel.dk\/gymnastik\/mission-maal\/","name":"Mission & M\u00e5l - Gymnastik","isPartOf":{"@id":"https:\/\/hgfhammel.dk\/gymnastik\/#website"},"datePublished":"2024-08-17T13:53:37+00:00","dateModified":"2024-08-17T13:57:31+00:00","breadcrumb":{"@id":"https:\/\/hgfhammel.dk\/gymnastik\/mission-maal\/#breadcrumb"},"inLanguage":"da-DK","potentialAction":[{"@type":"ReadAction","target":["https:\/\/hgfhammel.dk\/gymnastik\/mission-maal\/"]}]},{"@type":"BreadcrumbList","@id":"https:\/\/hgfhammel.dk\/gymnastik\/mission-maal\/#breadcrumb","itemListElement":[{"@type":"ListItem","position":1,"name":"Hjem","item":"https:\/\/hgfhammel.dk\/gymnastik\/"},{"@type":"ListItem","position":2,"name":"Mission &#038; M\u00e5l"}]},{"@type":"WebSite","@id":"https:\/\/hgfhammel.dk\/gymnastik\/#website","url":"https:\/\/hgfhammel.dk\/gymnastik\/","name":"Gymnastik","description":"Gymnastik","potentialAction":[{"@type":"SearchAction","target":{"@type":"EntryPoint","urlTemplate":"https:\/\/hgfhammel.dk\/gymnastik\/?s={search_term_string}"},"query-input":"required name=search_term_string"}],"inLanguage":"da-DK"}]}},"_links":{"self":[{"href":"https:\/\/hgfhammel.dk\/gymnastik\/wp-json\/wp\/v2\/pages\/1947"}],"collection":[{"href":"https:\/\/hgfhammel.dk\/gymnastik\/wp-json\/wp\/v2\/pages"}],"about":[{"href":"https:\/\/hgfhammel.dk\/gymnastik\/wp-json\/wp\/v2\/types\/page"}],"author":[{"embeddable":true,"href":"https:\/\/hgfhammel.dk\/gymnastik\/wp-json\/wp\/v2\/users\/32"}],"replies":[{"embeddable":true,"href":"https:\/\/hgfhammel.dk\/gymnastik\/wp-json\/wp\/v2\/comments?post=1947"}],"version-history":[{"count":5,"href":"https:\/\/hgfhammel.dk\/gymnastik\/wp-json\/wp\/v2\/pages\/1947\/revisions"}],"predecessor-version":[{"id":1954,"href":"https:\/\/hgfhammel.dk\/gymnastik\/wp-json\/wp\/v2\/pages\/1947\/revisions\/1954"}],"wp:attachment":[{"href":"https:\/\/hgfhammel.dk\/gymnastik\/wp-json\/wp\/v2\/media?parent=1947"}],"curies":[{"name":"wp","href":"https:\/\/api.w.org\/{rel}","templated":true}]}}