{"id":616,"date":"2018-10-22T20:52:15","date_gmt":"2018-10-22T18:52:15","guid":{"rendered":"http:\/\/hgfhammel.dk\/gymnastik\/?page_id=616"},"modified":"2024-02-10T15:36:46","modified_gmt":"2024-02-10T14:36:46","slug":"traenere-og-hjaelpetraenere","status":"publish","type":"page","link":"https:\/\/hgfhammel.dk\/gymnastik\/traenere-og-hjaelpetraenere\/","title":{"rendered":"Tr\u00e6nere og hj\u00e6lpetr\u00e6nere"},"content":{"rendered":"<p>[et_pb_section fb_built=&#8221;1&#8243; _builder_version=&#8221;4.16&#8243; global_colors_info=&#8221;{}&#8221;][et_pb_row _builder_version=&#8221;4.16&#8243; background_size=&#8221;initial&#8221; background_position=&#8221;top_left&#8221; background_repeat=&#8221;repeat&#8221; global_colors_info=&#8221;{}&#8221;][et_pb_column type=&#8221;4_4&#8243; _builder_version=&#8221;4.16&#8243; custom_padding=&#8221;|||&#8221; global_colors_info=&#8221;{}&#8221; custom_padding__hover=&#8221;|||&#8221;][et_pb_text _builder_version=&#8221;4.16&#8243; text_text_color=&#8221;#ee1929&#8243; header_text_color=&#8221;#ee1929&#8243; text_orientation=&#8221;center&#8221; global_colors_info=&#8221;{}&#8221;]<\/p>\n<h2 style=\"text-align: center\">Tr\u00e6nere og hj\u00e6lpetr\u00e6nere<\/h2>\n<p>[\/et_pb_text][et_pb_text _builder_version=&#8221;4.19.0&#8243; vertical_offset_tablet=&#8221;0&#8243; horizontal_offset_tablet=&#8221;0&#8243; z_index_tablet=&#8221;0&#8243; text_text_shadow_horizontal_length_tablet=&#8221;0px&#8221; text_text_shadow_vertical_length_tablet=&#8221;0px&#8221; text_text_shadow_blur_strength_tablet=&#8221;1px&#8221; link_text_shadow_horizontal_length_tablet=&#8221;0px&#8221; link_text_shadow_vertical_length_tablet=&#8221;0px&#8221; link_text_shadow_blur_strength_tablet=&#8221;1px&#8221; ul_text_shadow_horizontal_length_tablet=&#8221;0px&#8221; ul_text_shadow_vertical_length_tablet=&#8221;0px&#8221; ul_text_shadow_blur_strength_tablet=&#8221;1px&#8221; ol_text_shadow_horizontal_length_tablet=&#8221;0px&#8221; ol_text_shadow_vertical_length_tablet=&#8221;0px&#8221; ol_text_shadow_blur_strength_tablet=&#8221;1px&#8221; quote_text_shadow_horizontal_length_tablet=&#8221;0px&#8221; quote_text_shadow_vertical_length_tablet=&#8221;0px&#8221; quote_text_shadow_blur_strength_tablet=&#8221;1px&#8221; header_text_shadow_horizontal_length_tablet=&#8221;0px&#8221; header_text_shadow_vertical_length_tablet=&#8221;0px&#8221; header_text_shadow_blur_strength_tablet=&#8221;1px&#8221; header_2_text_shadow_horizontal_length_tablet=&#8221;0px&#8221; header_2_text_shadow_vertical_length_tablet=&#8221;0px&#8221; header_2_text_shadow_blur_strength_tablet=&#8221;1px&#8221; header_3_text_shadow_horizontal_length_tablet=&#8221;0px&#8221; header_3_text_shadow_vertical_length_tablet=&#8221;0px&#8221; header_3_text_shadow_blur_strength_tablet=&#8221;1px&#8221; header_4_text_shadow_horizontal_length_tablet=&#8221;0px&#8221; header_4_text_shadow_vertical_length_tablet=&#8221;0px&#8221; header_4_text_shadow_blur_strength_tablet=&#8221;1px&#8221; header_5_text_shadow_horizontal_length_tablet=&#8221;0px&#8221; header_5_text_shadow_vertical_length_tablet=&#8221;0px&#8221; header_5_text_shadow_blur_strength_tablet=&#8221;1px&#8221; header_6_text_shadow_horizontal_length_tablet=&#8221;0px&#8221; header_6_text_shadow_vertical_length_tablet=&#8221;0px&#8221; header_6_text_shadow_blur_strength_tablet=&#8221;1px&#8221; box_shadow_horizontal_tablet=&#8221;0px&#8221; box_shadow_vertical_tablet=&#8221;0px&#8221; box_shadow_blur_tablet=&#8221;40px&#8221; box_shadow_spread_tablet=&#8221;0px&#8221; global_colors_info=&#8221;{}&#8221;]<\/p>\n<p>I HGF Gymnastik har vi mange instrukt\u00f8rer og hj\u00e6lpetr\u00e6nere, der hver uge g\u00f8r en stor indsats for det frivillige arbejde i foreningen!<\/p>\n<p>Det kan vi slet ikke takke jer nok for.<\/p>\n<p>Som instrukt\u00f8r\/tr\u00e6ner i HGF, tilbydes du relevante kurser, s\u00e5 du kan v\u00e6re godt rustet til opgaven.<\/p>\n<p>[\/et_pb_text][\/et_pb_column][\/et_pb_row][\/et_pb_section][et_pb_section fb_built=&#8221;1&#8243; _builder_version=&#8221;4.19.0&#8243; _module_preset=&#8221;default&#8221; background_color=&#8221;#EE1929&#8243; background_image=&#8221;https:\/\/hgfhammel.dk\/gymnastik\/wp-content\/uploads\/sites\/12\/2019\/05\/IMG_87777579-e1667857404718.jpg&#8221; background_blend=&#8221;luminosity&#8221; global_colors_info=&#8221;{}&#8221;][et_pb_row column_structure=&#8221;1_3,1_3,1_3&#8243; _builder_version=&#8221;4.19.0&#8243; _module_preset=&#8221;default&#8221; global_colors_info=&#8221;{}&#8221;][et_pb_column type=&#8221;1_3&#8243; _builder_version=&#8221;4.19.0&#8243; _module_preset=&#8221;default&#8221; global_colors_info=&#8221;{}&#8221;][et_pb_cta title=&#8221;Bliv tr\u00e6ner eller hj\u00e6lpe- tr\u00e6ner&#8221; button_url=&#8221;https:\/\/hgfhammel.dk\/gymnastik\/traenere-og-hjaelpetraenere\/bliv-traener-i-hgf\/&#8221; button_text=&#8221;L\u00e6s mere her&#8221; _builder_version=&#8221;4.19.0&#8243; _module_preset=&#8221;default&#8221; background_color=&#8221;#E9EAEB&#8221; background_layout=&#8221;light&#8221; global_colors_info=&#8221;{}&#8221;]<\/p>\n<p>HGF Gymnastik kan altid bruge flere engagerede tr\u00e6nere til at give vores gymnaster den bedste oplevelse<\/p>\n<p>[\/et_pb_cta][\/et_pb_column][et_pb_column type=&#8221;1_3&#8243; _builder_version=&#8221;4.19.0&#8243; _module_preset=&#8221;default&#8221; global_colors_info=&#8221;{}&#8221;][\/et_pb_column][et_pb_column type=&#8221;1_3&#8243; _builder_version=&#8221;4.19.0&#8243; _module_preset=&#8221;default&#8221; global_colors_info=&#8221;{}&#8221;][et_pb_cta title=&#8221;Info til tr\u00e6nere og hj\u00e6lpe- tr\u00e6nere&#8221; button_url=&#8221;https:\/\/hgfhammel.dk\/gymnastik\/traenere-og-hjaelpetraenere\/traenerportal\/&#8221; button_text=&#8221;Til tr\u00e6nersiden&#8221; _builder_version=&#8221;4.19.0&#8243; _module_preset=&#8221;default&#8221; background_color=&#8221;#E9EAEB&#8221; background_layout=&#8221;light&#8221; global_colors_info=&#8221;{}&#8221;]<\/p>\n<p>Er du tr\u00e6ner eller hj\u00e6lpetr\u00e6ner, s\u00e5 kan du finde de mest relevante oplysninger for dig, her.<\/p>\n<p>[\/et_pb_cta][\/et_pb_column][\/et_pb_row][\/et_pb_section]<\/p>\n","protected":false},"excerpt":{"rendered":"<p>Tr\u00e6nere og hj\u00e6lpetr\u00e6nere I HGF Gymnastik har vi mange instrukt\u00f8rer og hj\u00e6lpetr\u00e6nere, der hver uge g\u00f8r en stor indsats for det frivillige arbejde i foreningen! Det kan vi slet ikke takke jer nok for. Som instrukt\u00f8r\/tr\u00e6ner i HGF, tilbydes du relevante kurser, s\u00e5 du kan v\u00e6re godt rustet til opgaven.HGF Gymnastik kan altid bruge flere [&hellip;]<\/p>\n","protected":false},"author":23,"featured_media":0,"parent":0,"menu_order":0,"comment_status":"closed","ping_status":"closed","template":"","meta":{"_et_pb_use_builder":"on","_et_pb_old_content":"","_et_gb_content_width":""},"yoast_head":"<!-- This site is optimized with the Yoast SEO plugin v20.9 - https:\/\/yoast.com\/wordpress\/plugins\/seo\/ -->\n<title>Tr\u00e6nere og hj\u00e6lpetr\u00e6nere - Gymnastik<\/title>\n<meta name=\"robots\" content=\"index, follow, max-snippet:-1, max-image-preview:large, max-video-preview:-1\" \/>\n<link rel=\"canonical\" href=\"https:\/\/hgfhammel.dk\/gymnastik\/traenere-og-hjaelpetraenere\/\" \/>\n<meta property=\"og:locale\" content=\"da_DK\" \/>\n<meta property=\"og:type\" content=\"article\" \/>\n<meta property=\"og:title\" content=\"Tr\u00e6nere og hj\u00e6lpetr\u00e6nere - Gymnastik\" \/>\n<meta property=\"og:description\" content=\"Tr\u00e6nere og hj\u00e6lpetr\u00e6nere I HGF Gymnastik har vi mange instrukt\u00f8rer og hj\u00e6lpetr\u00e6nere, der hver uge g\u00f8r en stor indsats for det frivillige arbejde i foreningen! Det kan vi slet ikke takke jer nok for. Som instrukt\u00f8r\/tr\u00e6ner i HGF, tilbydes du relevante kurser, s\u00e5 du kan v\u00e6re godt rustet til opgaven.HGF Gymnastik kan altid bruge flere [&hellip;]\" \/>\n<meta property=\"og:url\" content=\"https:\/\/hgfhammel.dk\/gymnastik\/traenere-og-hjaelpetraenere\/\" \/>\n<meta property=\"og:site_name\" content=\"Gymnastik\" \/>\n<meta property=\"article:modified_time\" content=\"2024-02-10T14:36:46+00:00\" \/>\n<meta name=\"twitter:card\" content=\"summary_large_image\" \/>\n<meta name=\"twitter:label1\" content=\"Estimeret l\u00e6setid\" \/>\n\t<meta name=\"twitter:data1\" content=\"2 minutter\" \/>\n<!-- \/ Yoast SEO plugin. -->","yoast_head_json":{"title":"Tr\u00e6nere og hj\u00e6lpetr\u00e6nere - Gymnastik","robots":{"index":"index","follow":"follow","max-snippet":"max-snippet:-1","max-image-preview":"max-image-preview:large","max-video-preview":"max-video-preview:-1"},"canonical":"https:\/\/hgfhammel.dk\/gymnastik\/traenere-og-hjaelpetraenere\/","og_locale":"da_DK","og_type":"article","og_title":"Tr\u00e6nere og hj\u00e6lpetr\u00e6nere - Gymnastik","og_description":"Tr\u00e6nere og hj\u00e6lpetr\u00e6nere I HGF Gymnastik har vi mange instrukt\u00f8rer og hj\u00e6lpetr\u00e6nere, der hver uge g\u00f8r en stor indsats for det frivillige arbejde i foreningen! Det kan vi slet ikke takke jer nok for. Som instrukt\u00f8r\/tr\u00e6ner i HGF, tilbydes du relevante kurser, s\u00e5 du kan v\u00e6re godt rustet til opgaven.HGF Gymnastik kan altid bruge flere [&hellip;]","og_url":"https:\/\/hgfhammel.dk\/gymnastik\/traenere-og-hjaelpetraenere\/","og_site_name":"Gymnastik","article_modified_time":"2024-02-10T14:36:46+00:00","twitter_card":"summary_large_image","twitter_misc":{"Estimeret l\u00e6setid":"2 minutter"},"schema":{"@context":"https:\/\/schema.org","@graph":[{"@type":"WebPage","@id":"https:\/\/hgfhammel.dk\/gymnastik\/traenere-og-hjaelpetraenere\/","url":"https:\/\/hgfhammel.dk\/gymnastik\/traenere-og-hjaelpetraenere\/","name":"Tr\u00e6nere og hj\u00e6lpetr\u00e6nere - Gymnastik","isPartOf":{"@id":"https:\/\/hgfhammel.dk\/gymnastik\/#website"},"datePublished":"2018-10-22T18:52:15+00:00","dateModified":"2024-02-10T14:36:46+00:00","breadcrumb":{"@id":"https:\/\/hgfhammel.dk\/gymnastik\/traenere-og-hjaelpetraenere\/#breadcrumb"},"inLanguage":"da-DK","potentialAction":[{"@type":"ReadAction","target":["https:\/\/hgfhammel.dk\/gymnastik\/traenere-og-hjaelpetraenere\/"]}]},{"@type":"BreadcrumbList","@id":"https:\/\/hgfhammel.dk\/gymnastik\/traenere-og-hjaelpetraenere\/#breadcrumb","itemListElement":[{"@type":"ListItem","position":1,"name":"Hjem","item":"https:\/\/hgfhammel.dk\/gymnastik\/"},{"@type":"ListItem","position":2,"name":"Tr\u00e6nere og hj\u00e6lpetr\u00e6nere"}]},{"@type":"WebSite","@id":"https:\/\/hgfhammel.dk\/gymnastik\/#website","url":"https:\/\/hgfhammel.dk\/gymnastik\/","name":"Gymnastik","description":"Gymnastik","potentialAction":[{"@type":"SearchAction","target":{"@type":"EntryPoint","urlTemplate":"https:\/\/hgfhammel.dk\/gymnastik\/?s={search_term_string}"},"query-input":"required name=search_term_string"}],"inLanguage":"da-DK"}]}},"_links":{"self":[{"href":"https:\/\/hgfhammel.dk\/gymnastik\/wp-json\/wp\/v2\/pages\/616"}],"collection":[{"href":"https:\/\/hgfhammel.dk\/gymnastik\/wp-json\/wp\/v2\/pages"}],"about":[{"href":"https:\/\/hgfhammel.dk\/gymnastik\/wp-json\/wp\/v2\/types\/page"}],"author":[{"embeddable":true,"href":"https:\/\/hgfhammel.dk\/gymnastik\/wp-json\/wp\/v2\/users\/23"}],"replies":[{"embeddable":true,"href":"https:\/\/hgfhammel.dk\/gymnastik\/wp-json\/wp\/v2\/comments?post=616"}],"version-history":[{"count":11,"href":"https:\/\/hgfhammel.dk\/gymnastik\/wp-json\/wp\/v2\/pages\/616\/revisions"}],"predecessor-version":[{"id":1781,"href":"https:\/\/hgfhammel.dk\/gymnastik\/wp-json\/wp\/v2\/pages\/616\/revisions\/1781"}],"wp:attachment":[{"href":"https:\/\/hgfhammel.dk\/gymnastik\/wp-json\/wp\/v2\/media?parent=616"}],"curies":[{"name":"wp","href":"https:\/\/api.w.org\/{rel}","templated":true}]}}