{"id":723,"date":"2018-11-01T20:28:03","date_gmt":"2018-11-01T19:28:03","guid":{"rendered":"http:\/\/hgfhammel.dk\/gymnastik\/?page_id=723"},"modified":"2023-03-21T13:31:46","modified_gmt":"2023-03-21T12:31:46","slug":"gymnastikopvisning","status":"publish","type":"page","link":"https:\/\/hgfhammel.dk\/gymnastik\/gymnastikopvisning\/","title":{"rendered":"Gymnastikopvisning"},"content":{"rendered":"<p>[et_pb_section fb_built=&#8221;1&#8243; _builder_version=&#8221;4.19.0&#8243; _module_preset=&#8221;default&#8221; global_colors_info=&#8221;{}&#8221;][et_pb_row _builder_version=&#8221;4.19.0&#8243; _module_preset=&#8221;default&#8221; global_colors_info=&#8221;{}&#8221;][et_pb_column type=&#8221;4_4&#8243; _builder_version=&#8221;4.19.0&#8243; _module_preset=&#8221;default&#8221; global_colors_info=&#8221;{}&#8221;][et_pb_text _builder_version=&#8221;4.19.0&#8243; _module_preset=&#8221;default&#8221; global_colors_info=&#8221;{}&#8221;]<\/p>\n<h1 style=\"text-align: center;\">Gymnastikopvisning<\/h1>\n<p>Kulminationen p\u00e5 en gymnastiks\u00e6son er kendetegnet ved for\u00e5ret og gymnastikopvisningerne. HGF har sin egen for\u00e5rsopvisning gymnastikgalla, men nogle hold deltager ogs\u00e5 ved DGI&#8217;s landsdelsst\u00e6vne. Alle 3 opvisninger er i 2023 i Hammel idr\u00e6tscenter.<\/p>\n<p>[\/et_pb_text][\/et_pb_column][\/et_pb_row][\/et_pb_section][et_pb_section fb_built=&#8221;1&#8243; _builder_version=&#8221;4.19.0&#8243; _module_preset=&#8221;default&#8221; background_color=&#8221;#EE1929&#8243; background_image=&#8221;https:\/\/hgfhammel.dk\/gymnastik\/wp-content\/uploads\/sites\/12\/2022\/11\/Skaermbillede-2022-11-26-132226.png&#8221; background_position=&#8221;top_center&#8221; background_vertical_offset=&#8221;69%&#8221; background_blend=&#8221;hard-light&#8221; global_colors_info=&#8221;{}&#8221;][et_pb_row column_structure=&#8221;1_3,1_3,1_3&#8243; _builder_version=&#8221;4.19.0&#8243; _module_preset=&#8221;default&#8221; global_colors_info=&#8221;{}&#8221;][et_pb_column type=&#8221;1_3&#8243; _builder_version=&#8221;4.19.0&#8243; _module_preset=&#8221;default&#8221; global_colors_info=&#8221;{}&#8221;][et_pb_cta title=&#8221;HGF For\u00e5rs- opvisning&#8221; button_url=&#8221;https:\/\/hgfhammel.dk\/gymnastik\/gymnastikopvisning\/foraarsopvisning&#8221; button_text=&#8221;Om opvisningen&#8221; _builder_version=&#8221;4.19.0&#8243; _module_preset=&#8221;default&#8221; background_color=&#8221;RGBA(255,255,255,0)&#8221; custom_button=&#8221;on&#8221; button_text_color=&#8221;#E9EAEB&#8221; button_bg_color=&#8221;#EE1929&#8243; header_text_shadow_style=&#8221;preset3&#8243; header_text_shadow_color=&#8221;#EE1929&#8243; body_text_shadow_style=&#8221;preset3&#8243; body_text_shadow_color=&#8221;#EE1929&#8243; text_shadow_style=&#8221;preset3&#8243; text_shadow_color=&#8221;#EE1929&#8243; global_colors_info=&#8221;{}&#8221;][\/et_pb_cta][\/et_pb_column][et_pb_column type=&#8221;1_3&#8243; _builder_version=&#8221;4.19.0&#8243; _module_preset=&#8221;default&#8221; global_colors_info=&#8221;{}&#8221;][et_pb_cta title=&#8221;HGF Gymnastik- Galla&#8221; button_url=&#8221;https:\/\/hgfhammel.dk\/gymnastik\/gymnastikopvisning\/gymnastik-galla\/&#8221; button_text=&#8221;Om Galla&#8221; _builder_version=&#8221;4.19.0&#8243; _module_preset=&#8221;default&#8221; background_color=&#8221;RGBA(255,255,255,0)&#8221; custom_button=&#8221;on&#8221; button_text_color=&#8221;#E9EAEB&#8221; button_bg_color=&#8221;#EE1929&#8243; button_border_color=&#8221;#E9EAEB&#8221; header_text_shadow_style=&#8221;preset3&#8243; header_text_shadow_color=&#8221;#EE1929&#8243; body_text_shadow_style=&#8221;preset3&#8243; body_text_shadow_color=&#8221;#EE1929&#8243; text_shadow_style=&#8221;preset3&#8243; text_shadow_color=&#8221;#EE1929&#8243; global_colors_info=&#8221;{}&#8221;][\/et_pb_cta][\/et_pb_column][et_pb_column type=&#8221;1_3&#8243; _builder_version=&#8221;4.19.0&#8243; _module_preset=&#8221;default&#8221; global_colors_info=&#8221;{}&#8221;][et_pb_cta title=&#8221;DGI for\u00e5rs- opvisning&#8221; button_url=&#8221;https:\/\/www.dgi.dk\/gymnastik\/arrangementer\/opvisninger-og-staevner\/landsdelenes-foraarsopvisninger\/foraarsopvisninger-i-dgi-oestjylland&#8221; url_new_window=&#8221;on&#8221; button_text=&#8221;Til DGI&#8221; _builder_version=&#8221;4.19.0&#8243; _module_preset=&#8221;default&#8221; background_color=&#8221;RGBA(255,255,255,0)&#8221; custom_button=&#8221;on&#8221; button_text_color=&#8221;#E9EAEB&#8221; button_bg_color=&#8221;#EE1929&#8243; button_border_color=&#8221;#E9EAEB&#8221; header_text_shadow_style=&#8221;preset3&#8243; header_text_shadow_color=&#8221;#EE1929&#8243; body_text_shadow_style=&#8221;preset3&#8243; body_text_shadow_color=&#8221;#EE1929&#8243; text_shadow_style=&#8221;preset3&#8243; text_shadow_color=&#8221;#EE1929&#8243; global_colors_info=&#8221;{}&#8221;][\/et_pb_cta][\/et_pb_column][\/et_pb_row][\/et_pb_section]<\/p>\n","protected":false},"excerpt":{"rendered":"<p>Gymnastikopvisning Kulminationen p\u00e5 en gymnastiks\u00e6son er kendetegnet ved for\u00e5ret og gymnastikopvisningerne. HGF har sin egen for\u00e5rsopvisning gymnastikgalla, men nogle hold deltager ogs\u00e5 ved DGI&#8217;s landsdelsst\u00e6vne. Alle 3 opvisninger er i 2023 i Hammel idr\u00e6tscenter.<\/p>\n","protected":false},"author":23,"featured_media":0,"parent":0,"menu_order":0,"comment_status":"closed","ping_status":"closed","template":"","meta":{"_et_pb_use_builder":"on","_et_pb_old_content":"","_et_gb_content_width":""},"yoast_head":"<!-- This site is optimized with the Yoast SEO plugin v20.9 - https:\/\/yoast.com\/wordpress\/plugins\/seo\/ -->\n<title>Gymnastikopvisning - Gymnastik<\/title>\n<meta name=\"robots\" content=\"index, follow, max-snippet:-1, max-image-preview:large, max-video-preview:-1\" \/>\n<link rel=\"canonical\" href=\"https:\/\/hgfhammel.dk\/gymnastik\/gymnastikopvisning\/\" \/>\n<meta property=\"og:locale\" content=\"da_DK\" \/>\n<meta property=\"og:type\" content=\"article\" \/>\n<meta property=\"og:title\" content=\"Gymnastikopvisning - Gymnastik\" \/>\n<meta property=\"og:description\" content=\"Gymnastikopvisning Kulminationen p\u00e5 en gymnastiks\u00e6son er kendetegnet ved for\u00e5ret og gymnastikopvisningerne. HGF har sin egen for\u00e5rsopvisning gymnastikgalla, men nogle hold deltager ogs\u00e5 ved DGI&#039;s landsdelsst\u00e6vne. Alle 3 opvisninger er i 2023 i Hammel idr\u00e6tscenter.\" \/>\n<meta property=\"og:url\" content=\"https:\/\/hgfhammel.dk\/gymnastik\/gymnastikopvisning\/\" \/>\n<meta property=\"og:site_name\" content=\"Gymnastik\" \/>\n<meta property=\"article:modified_time\" content=\"2023-03-21T12:31:46+00:00\" \/>\n<meta name=\"twitter:card\" content=\"summary_large_image\" \/>\n<meta name=\"twitter:label1\" content=\"Estimeret l\u00e6setid\" \/>\n\t<meta name=\"twitter:data1\" content=\"1 minut\" \/>\n<!-- \/ Yoast SEO plugin. -->","yoast_head_json":{"title":"Gymnastikopvisning - Gymnastik","robots":{"index":"index","follow":"follow","max-snippet":"max-snippet:-1","max-image-preview":"max-image-preview:large","max-video-preview":"max-video-preview:-1"},"canonical":"https:\/\/hgfhammel.dk\/gymnastik\/gymnastikopvisning\/","og_locale":"da_DK","og_type":"article","og_title":"Gymnastikopvisning - Gymnastik","og_description":"Gymnastikopvisning Kulminationen p\u00e5 en gymnastiks\u00e6son er kendetegnet ved for\u00e5ret og gymnastikopvisningerne. HGF har sin egen for\u00e5rsopvisning gymnastikgalla, men nogle hold deltager ogs\u00e5 ved DGI's landsdelsst\u00e6vne. Alle 3 opvisninger er i 2023 i Hammel idr\u00e6tscenter.","og_url":"https:\/\/hgfhammel.dk\/gymnastik\/gymnastikopvisning\/","og_site_name":"Gymnastik","article_modified_time":"2023-03-21T12:31:46+00:00","twitter_card":"summary_large_image","twitter_misc":{"Estimeret l\u00e6setid":"1 minut"},"schema":{"@context":"https:\/\/schema.org","@graph":[{"@type":"WebPage","@id":"https:\/\/hgfhammel.dk\/gymnastik\/gymnastikopvisning\/","url":"https:\/\/hgfhammel.dk\/gymnastik\/gymnastikopvisning\/","name":"Gymnastikopvisning - Gymnastik","isPartOf":{"@id":"https:\/\/hgfhammel.dk\/gymnastik\/#website"},"datePublished":"2018-11-01T19:28:03+00:00","dateModified":"2023-03-21T12:31:46+00:00","breadcrumb":{"@id":"https:\/\/hgfhammel.dk\/gymnastik\/gymnastikopvisning\/#breadcrumb"},"inLanguage":"da-DK","potentialAction":[{"@type":"ReadAction","target":["https:\/\/hgfhammel.dk\/gymnastik\/gymnastikopvisning\/"]}]},{"@type":"BreadcrumbList","@id":"https:\/\/hgfhammel.dk\/gymnastik\/gymnastikopvisning\/#breadcrumb","itemListElement":[{"@type":"ListItem","position":1,"name":"Hjem","item":"https:\/\/hgfhammel.dk\/gymnastik\/"},{"@type":"ListItem","position":2,"name":"Gymnastikopvisning"}]},{"@type":"WebSite","@id":"https:\/\/hgfhammel.dk\/gymnastik\/#website","url":"https:\/\/hgfhammel.dk\/gymnastik\/","name":"Gymnastik","description":"Gymnastik","potentialAction":[{"@type":"SearchAction","target":{"@type":"EntryPoint","urlTemplate":"https:\/\/hgfhammel.dk\/gymnastik\/?s={search_term_string}"},"query-input":"required name=search_term_string"}],"inLanguage":"da-DK"}]}},"_links":{"self":[{"href":"https:\/\/hgfhammel.dk\/gymnastik\/wp-json\/wp\/v2\/pages\/723"}],"collection":[{"href":"https:\/\/hgfhammel.dk\/gymnastik\/wp-json\/wp\/v2\/pages"}],"about":[{"href":"https:\/\/hgfhammel.dk\/gymnastik\/wp-json\/wp\/v2\/types\/page"}],"author":[{"embeddable":true,"href":"https:\/\/hgfhammel.dk\/gymnastik\/wp-json\/wp\/v2\/users\/23"}],"replies":[{"embeddable":true,"href":"https:\/\/hgfhammel.dk\/gymnastik\/wp-json\/wp\/v2\/comments?post=723"}],"version-history":[{"count":11,"href":"https:\/\/hgfhammel.dk\/gymnastik\/wp-json\/wp\/v2\/pages\/723\/revisions"}],"predecessor-version":[{"id":1701,"href":"https:\/\/hgfhammel.dk\/gymnastik\/wp-json\/wp\/v2\/pages\/723\/revisions\/1701"}],"wp:attachment":[{"href":"https:\/\/hgfhammel.dk\/gymnastik\/wp-json\/wp\/v2\/media?parent=723"}],"curies":[{"name":"wp","href":"https:\/\/api.w.org\/{rel}","templated":true}]}}