{"id":726,"date":"2018-11-01T20:30:22","date_gmt":"2018-11-01T19:30:22","guid":{"rendered":"http:\/\/hgfhammel.dk\/gymnastik\/?page_id=726"},"modified":"2024-02-04T15:14:27","modified_gmt":"2024-02-04T14:14:27","slug":"gymnastik-galla","status":"publish","type":"page","link":"https:\/\/hgfhammel.dk\/gymnastik\/gymnastikopvisning\/gymnastik-galla\/","title":{"rendered":"Gymnastik Galla"},"content":{"rendered":"<p>[et_pb_section fb_built=&#8221;1&#8243; _builder_version=&#8221;4.19.0&#8243; _module_preset=&#8221;default&#8221; global_colors_info=&#8221;{}&#8221;][et_pb_row _builder_version=&#8221;4.19.0&#8243; _module_preset=&#8221;default&#8221; global_colors_info=&#8221;{}&#8221;][et_pb_column type=&#8221;4_4&#8243; _builder_version=&#8221;4.19.0&#8243; _module_preset=&#8221;default&#8221; global_colors_info=&#8221;{}&#8221;][et_pb_text _builder_version=&#8221;4.19.0&#8243; _module_preset=&#8221;default&#8221; global_colors_info=&#8221;{}&#8221;]<\/p>\n<h1>Gymnastik-galla<\/h1>\n<p>[\/et_pb_text][\/et_pb_column][\/et_pb_row][et_pb_row column_structure=&#8221;3_5,2_5&#8243; _builder_version=&#8221;4.19.0&#8243; _module_preset=&#8221;default&#8221; global_colors_info=&#8221;{}&#8221;][et_pb_column type=&#8221;3_5&#8243; _builder_version=&#8221;4.19.0&#8243; _module_preset=&#8221;default&#8221; global_colors_info=&#8221;{}&#8221;][et_pb_cta _builder_version=&#8221;4.21.0&#8243; _module_preset=&#8221;default&#8221; background_color=&#8221;#E9EAEB&#8221; text_orientation=&#8221;left&#8221; background_layout=&#8221;light&#8221; hover_enabled=&#8221;0&#8243; global_colors_info=&#8221;{}&#8221; sticky_enabled=&#8221;0&#8243;]<\/p>\n<h5>2\/3 9:00 i HIC<\/h5>\n<p>&nbsp;<\/p>\n<p>Igen i 2024 holder HGF gymnastik vores store Gymnastik-galla.<\/p>\n<p>M\u00e5let med gallaen er, at vi invitere efterskole-, regions- og konkurrencehold for at vise hvordan gymnastik kan se ud, n\u00e5r man tr\u00e6ner sig rigtig god.<\/p>\n<p>Vi pr\u00f8ver altid at udv\u00e6lge hold, som p\u00e5 en eller anden m\u00e5de har tilknytning til HGF, fx efterskolehold med Hammel-gymnaster, eller hold hvor instrukt\u00f8rer fra HGF selv er ud\u00f8vende gymnaster.<\/p>\n<p>Udover g\u00e6steholdene, har vi ogs\u00e5 nogle af HGF&#8217;s egne hold med.<\/p>\n<h5><\/h5>\n<p>[\/et_pb_cta][\/et_pb_column][et_pb_column type=&#8221;2_5&#8243; _builder_version=&#8221;4.19.0&#8243; _module_preset=&#8221;default&#8221; global_colors_info=&#8221;{}&#8221;][et_pb_text _builder_version=&#8221;4.21.0&#8243; _module_preset=&#8221;default&#8221; hover_enabled=&#8221;0&#8243; global_colors_info=&#8221;{}&#8221; sticky_enabled=&#8221;0&#8243;]<\/p>\n<p><span style=\"font-weight: 400;\">9:00<\/span> <span style=\"font-weight: 400;\">Hallen \u00c5bner<\/span><\/p>\n<p><span style=\"font-weight: 400;\">9:50<\/span>\u00a0<span style=\"font-weight: 400;\">Velkommen<\/span><\/p>\n<p><span style=\"font-weight: 400;\">10:00<\/span> DGI \u00d8stjyllands REPhold<\/p>\n<p><span style=\"font-weight: 400;\">10:35 Balle Musik- &amp; Idr\u00e6tsefterskole<\/span><\/p>\n<p><span style=\"font-weight: 400;\">11:15 DGI \u00d8stjyllands MiniREP<\/span><\/p>\n<p><span style=\"font-weight: 400;\">11:30 HGF Springmix 12+<\/span><\/p>\n<p><span style=\"font-weight: 400;\">12:05 Vesterholdet<\/span><\/p>\n<p><span style=\"font-weight: 400;\">12:20<\/span>\u00a0<span style=\"font-weight: 400;\">SDP Udtaget Piger<\/span><\/p>\n<p><span style=\"font-weight: 400;\">12:35<\/span>\u00a0<span style=\"font-weight: 400;\">Hinnerup Juniorhold<\/span><\/p>\n<p>13:05 SPD Opvisningsholdet<\/p>\n<p>13:20 Vivild Gymnastik- og Idr\u00e6tsefterskole<\/p>\n<p><span style=\"font-weight: 400;\">14:00 ASG 21+ MIX<\/span><\/p>\n<p><span style=\"font-weight: 400;\">14:25 Lystrup Showholdet<\/span><\/p>\n<p><span style=\"font-weight: 400;\">14:50 Hinnerup Ungeholdet<\/span><\/p>\n<p><span style=\"font-weight: 400;\">15:15 Hammel Acroteam Opvisningshold<\/span><\/p>\n<p><span style=\"font-weight: 400;\">15:35 \u00c5g\u00e5rd Efterskole<\/span><\/p>\n<p><span style=\"font-weight: 400;\">(med forbehold for \u00e6ndringer)<\/span><\/p>\n<p>[\/et_pb_text][\/et_pb_column][\/et_pb_row][\/et_pb_section][et_pb_section fb_built=&#8221;1&#8243; fullwidth=&#8221;on&#8221; _builder_version=&#8221;4.19.0&#8243; _module_preset=&#8221;default&#8221; background_color=&#8221;#EE1929&#8243; global_colors_info=&#8221;{}&#8221;][et_pb_fullwidth_image src=&#8221;https:\/\/hgfhammel.dk\/gymnastik\/wp-content\/uploads\/sites\/12\/2019\/03\/IMG_6711-2.jpg&#8221; title_text=&#8221;IMG_6711 (2)&#8221; _builder_version=&#8221;4.19.0&#8243; _module_preset=&#8221;default&#8221; filter_opacity=&#8221;52%&#8221; global_colors_info=&#8221;{}&#8221;][\/et_pb_fullwidth_image][\/et_pb_section]<\/p>\n","protected":false},"excerpt":{"rendered":"<p>Gymnastik-galla2\/3 9:00 i HIC &nbsp; Igen i 2024 holder HGF gymnastik vores store Gymnastik-galla. M\u00e5let med gallaen er, at vi invitere efterskole-, regions- og konkurrencehold for at vise hvordan gymnastik kan se ud, n\u00e5r man tr\u00e6ner sig rigtig god. Vi pr\u00f8ver altid at udv\u00e6lge hold, som p\u00e5 en eller anden m\u00e5de har tilknytning til HGF, [&hellip;]<\/p>\n","protected":false},"author":23,"featured_media":0,"parent":723,"menu_order":0,"comment_status":"closed","ping_status":"closed","template":"","meta":{"_et_pb_use_builder":"on","_et_pb_old_content":"","_et_gb_content_width":""},"yoast_head":"<!-- This site is optimized with the Yoast SEO plugin v20.9 - https:\/\/yoast.com\/wordpress\/plugins\/seo\/ -->\n<title>Gymnastik Galla - Gymnastik<\/title>\n<meta name=\"robots\" content=\"index, follow, max-snippet:-1, max-image-preview:large, max-video-preview:-1\" \/>\n<link rel=\"canonical\" href=\"https:\/\/hgfhammel.dk\/gymnastik\/gymnastikopvisning\/gymnastik-galla\/\" \/>\n<meta property=\"og:locale\" content=\"da_DK\" \/>\n<meta property=\"og:type\" content=\"article\" \/>\n<meta property=\"og:title\" content=\"Gymnastik Galla - Gymnastik\" \/>\n<meta property=\"og:description\" content=\"Gymnastik-galla2\/3 9:00 i HIC &nbsp; Igen i 2024 holder HGF gymnastik vores store Gymnastik-galla. M\u00e5let med gallaen er, at vi invitere efterskole-, regions- og konkurrencehold for at vise hvordan gymnastik kan se ud, n\u00e5r man tr\u00e6ner sig rigtig god. Vi pr\u00f8ver altid at udv\u00e6lge hold, som p\u00e5 en eller anden m\u00e5de har tilknytning til HGF, [&hellip;]\" \/>\n<meta property=\"og:url\" content=\"https:\/\/hgfhammel.dk\/gymnastik\/gymnastikopvisning\/gymnastik-galla\/\" \/>\n<meta property=\"og:site_name\" content=\"Gymnastik\" \/>\n<meta property=\"article:modified_time\" content=\"2024-02-04T14:14:27+00:00\" \/>\n<meta name=\"twitter:card\" content=\"summary_large_image\" \/>\n<meta name=\"twitter:label1\" content=\"Estimeret l\u00e6setid\" \/>\n\t<meta name=\"twitter:data1\" content=\"1 minut\" \/>\n<!-- \/ Yoast SEO plugin. -->","yoast_head_json":{"title":"Gymnastik Galla - Gymnastik","robots":{"index":"index","follow":"follow","max-snippet":"max-snippet:-1","max-image-preview":"max-image-preview:large","max-video-preview":"max-video-preview:-1"},"canonical":"https:\/\/hgfhammel.dk\/gymnastik\/gymnastikopvisning\/gymnastik-galla\/","og_locale":"da_DK","og_type":"article","og_title":"Gymnastik Galla - Gymnastik","og_description":"Gymnastik-galla2\/3 9:00 i HIC &nbsp; Igen i 2024 holder HGF gymnastik vores store Gymnastik-galla. M\u00e5let med gallaen er, at vi invitere efterskole-, regions- og konkurrencehold for at vise hvordan gymnastik kan se ud, n\u00e5r man tr\u00e6ner sig rigtig god. Vi pr\u00f8ver altid at udv\u00e6lge hold, som p\u00e5 en eller anden m\u00e5de har tilknytning til HGF, [&hellip;]","og_url":"https:\/\/hgfhammel.dk\/gymnastik\/gymnastikopvisning\/gymnastik-galla\/","og_site_name":"Gymnastik","article_modified_time":"2024-02-04T14:14:27+00:00","twitter_card":"summary_large_image","twitter_misc":{"Estimeret l\u00e6setid":"1 minut"},"schema":{"@context":"https:\/\/schema.org","@graph":[{"@type":"WebPage","@id":"https:\/\/hgfhammel.dk\/gymnastik\/gymnastikopvisning\/gymnastik-galla\/","url":"https:\/\/hgfhammel.dk\/gymnastik\/gymnastikopvisning\/gymnastik-galla\/","name":"Gymnastik Galla - Gymnastik","isPartOf":{"@id":"https:\/\/hgfhammel.dk\/gymnastik\/#website"},"datePublished":"2018-11-01T19:30:22+00:00","dateModified":"2024-02-04T14:14:27+00:00","breadcrumb":{"@id":"https:\/\/hgfhammel.dk\/gymnastik\/gymnastikopvisning\/gymnastik-galla\/#breadcrumb"},"inLanguage":"da-DK","potentialAction":[{"@type":"ReadAction","target":["https:\/\/hgfhammel.dk\/gymnastik\/gymnastikopvisning\/gymnastik-galla\/"]}]},{"@type":"BreadcrumbList","@id":"https:\/\/hgfhammel.dk\/gymnastik\/gymnastikopvisning\/gymnastik-galla\/#breadcrumb","itemListElement":[{"@type":"ListItem","position":1,"name":"Hjem","item":"https:\/\/hgfhammel.dk\/gymnastik\/"},{"@type":"ListItem","position":2,"name":"Gymnastikopvisning","item":"https:\/\/hgfhammel.dk\/gymnastik\/gymnastikopvisning\/"},{"@type":"ListItem","position":3,"name":"Gymnastik Galla"}]},{"@type":"WebSite","@id":"https:\/\/hgfhammel.dk\/gymnastik\/#website","url":"https:\/\/hgfhammel.dk\/gymnastik\/","name":"Gymnastik","description":"Gymnastik","potentialAction":[{"@type":"SearchAction","target":{"@type":"EntryPoint","urlTemplate":"https:\/\/hgfhammel.dk\/gymnastik\/?s={search_term_string}"},"query-input":"required name=search_term_string"}],"inLanguage":"da-DK"}]}},"_links":{"self":[{"href":"https:\/\/hgfhammel.dk\/gymnastik\/wp-json\/wp\/v2\/pages\/726"}],"collection":[{"href":"https:\/\/hgfhammel.dk\/gymnastik\/wp-json\/wp\/v2\/pages"}],"about":[{"href":"https:\/\/hgfhammel.dk\/gymnastik\/wp-json\/wp\/v2\/types\/page"}],"author":[{"embeddable":true,"href":"https:\/\/hgfhammel.dk\/gymnastik\/wp-json\/wp\/v2\/users\/23"}],"replies":[{"embeddable":true,"href":"https:\/\/hgfhammel.dk\/gymnastik\/wp-json\/wp\/v2\/comments?post=726"}],"version-history":[{"count":11,"href":"https:\/\/hgfhammel.dk\/gymnastik\/wp-json\/wp\/v2\/pages\/726\/revisions"}],"predecessor-version":[{"id":1768,"href":"https:\/\/hgfhammel.dk\/gymnastik\/wp-json\/wp\/v2\/pages\/726\/revisions\/1768"}],"up":[{"embeddable":true,"href":"https:\/\/hgfhammel.dk\/gymnastik\/wp-json\/wp\/v2\/pages\/723"}],"wp:attachment":[{"href":"https:\/\/hgfhammel.dk\/gymnastik\/wp-json\/wp\/v2\/media?parent=726"}],"curies":[{"name":"wp","href":"https:\/\/api.w.org\/{rel}","templated":true}]}}