{"id":577,"date":"2018-10-03T09:13:05","date_gmt":"2018-10-03T07:13:05","guid":{"rendered":"http:\/\/hgfhammel.dk\/haandbold\/?page_id=577"},"modified":"2025-09-11T18:32:41","modified_gmt":"2025-09-11T16:32:41","slug":"u6pige-dreng","status":"publish","type":"page","link":"https:\/\/hgfhammel.dk\/haandbold\/holdoversigt\/u6pige-dreng\/","title":{"rendered":"U7 Piger\/Drenge"},"content":{"rendered":"<p>[et_pb_section fb_built=&#8221;1&#8243; _builder_version=&#8221;4.16&#8243; global_colors_info=&#8221;{}&#8221;][et_pb_row _builder_version=&#8221;4.16&#8243; background_size=&#8221;initial&#8221; background_position=&#8221;top_left&#8221; background_repeat=&#8221;repeat&#8221; collapsed=&#8221;off&#8221; global_colors_info=&#8221;{}&#8221;][et_pb_column type=&#8221;4_4&#8243; _builder_version=&#8221;4.16&#8243; custom_padding=&#8221;|||&#8221; global_colors_info=&#8221;{}&#8221; custom_padding__hover=&#8221;|||&#8221;][et_pb_text admin_label=&#8221;Overskrift med br\u00f8dtekst&#8221; module_class=&#8221;headline_text&#8221; _builder_version=&#8221;4.16&#8243; saved_tabs=&#8221;all&#8221; global_colors_info=&#8221;{}&#8221;]<\/p>\n<h1>U7 Piger\/drenge<\/h1>\n<blockquote><\/blockquote>\n<p>Medlemskontingent for 2025\/2026: <b>kr. 800<\/b><br \/><a href=\"https:\/\/hgfhaandbold.klub-modul.dk\/cms\/ProfileMaintainEnrollment.aspx?TeamID=447\" target=\"_blank\" rel=\"noopener noreferrer\">Tilmelding her i klubmodulet<\/a><\/p>\n<blockquote><\/blockquote>\n<p>[\/et_pb_text][\/et_pb_column][\/et_pb_row][et_pb_row column_structure=&#8221;1_2,1_2&#8243; admin_label=&#8221;Hold boks&#8221; module_class=&#8221;teambox flip&#8221; _builder_version=&#8221;4.16&#8243; background_color=&#8221;#06178f&#8221; global_colors_info=&#8221;{}&#8221;][et_pb_column type=&#8221;1_2&#8243; _builder_version=&#8221;4.16&#8243; custom_padding=&#8221;|||&#8221; global_colors_info=&#8221;{}&#8221; custom_padding__hover=&#8221;|||&#8221;][et_pb_text admin_label=&#8221;Hold info&#8221; _builder_version=&#8221;4.16&#8243; background_layout=&#8221;dark&#8221; saved_tabs=&#8221;all&#8221; global_colors_info=&#8221;{}&#8221;]<\/p>\n<h3>U7 Piger\/drenge &#8211; \u00c5rgang: 2018-19<\/h3>\n<p><strong>Tr\u00e6ningstider:<\/strong><br \/>L\u00f8rdag kl. 10:15 &#8211; 11:15<\/p>\n<p>Hal 2\u00a0<\/p>\n<p>&nbsp;<\/p>\n<p>&nbsp;<\/p>\n<p>[\/et_pb_text][\/et_pb_column][et_pb_column type=&#8221;1_2&#8243; _builder_version=&#8221;4.16&#8243; custom_padding=&#8221;|||&#8221; global_colors_info=&#8221;{}&#8221; custom_padding__hover=&#8221;|||&#8221;][\/et_pb_column][\/et_pb_row][et_pb_row column_structure=&#8221;1_3,1_3,1_3&#8243; _builder_version=&#8221;4.16&#8243; background_size=&#8221;initial&#8221; background_position=&#8221;top_left&#8221; background_repeat=&#8221;repeat&#8221; global_colors_info=&#8221;{}&#8221;][et_pb_column type=&#8221;1_3&#8243; _builder_version=&#8221;4.16&#8243; custom_padding=&#8221;|||&#8221; global_colors_info=&#8221;{}&#8221; custom_padding__hover=&#8221;|||&#8221;][et_pb_team_member name=&#8221;Malene Skriver&#8221; position=&#8221;Tr\u00e6ner&#8221; image_url=&#8221;data:image\/svg+xml;base64,PHN2ZyB3aWR0aD0iNTAwIiBoZWlnaHQ9IjUwMCIgdmlld0JveD0iMCAwIDUwMCA1MDAiIHhtbG5zPSJodHRwOi8vd3d3LnczLm9yZy8yMDAwL3N2ZyI+CiAgICA8ZyBmaWxsPSJub25lIiBmaWxsLXJ1bGU9ImV2ZW5vZGQiPgogICAgICAgIDxwYXRoIGZpbGw9IiNFQkVCRUIiIGQ9Ik0wIDBoNTAwdjUwMEgweiIvPgogICAgICAgIDxyZWN0IGZpbGwtb3BhY2l0eT0iLjEiIGZpbGw9IiMwMDAiIHg9IjY4IiB5PSIzMDUiIHdpZHRoPSIzNjQiIGhlaWdodD0iNTY4IiByeD0iMTgyIi8+CiAgICAgICAgPGNpcmNsZSBmaWxsLW9wYWNpdHk9Ii4xIiBmaWxsPSIjMDAwIiBjeD0iMjQ5IiBjeT0iMTcyIiByPSIxMDAiLz4KICAgIDwvZz4KPC9zdmc+Cg==&#8221; _builder_version=&#8221;4.16&#8243; _module_preset=&#8221;default&#8221; global_colors_info=&#8221;{}&#8221;]<\/p>\n<p>Telefon: <span>2878 4988<\/span><\/p>\n<p>Mail: Lunne90@live.dk<\/p>\n<p>[\/et_pb_team_member][\/et_pb_column][et_pb_column type=&#8221;1_3&#8243; _builder_version=&#8221;4.16&#8243; custom_padding=&#8221;|||&#8221; global_colors_info=&#8221;{}&#8221; custom_padding__hover=&#8221;|||&#8221;][et_pb_team_member name=&#8221;Maria Larsen&#8221; position=&#8221;Tr\u00e6ner&#8221; image_url=&#8221;data:image\/svg+xml;base64,PHN2ZyB3aWR0aD0iNTAwIiBoZWlnaHQ9IjUwMCIgdmlld0JveD0iMCAwIDUwMCA1MDAiIHhtbG5zPSJodHRwOi8vd3d3LnczLm9yZy8yMDAwL3N2ZyI+CiAgICA8ZyBmaWxsPSJub25lIiBmaWxsLXJ1bGU9ImV2ZW5vZGQiPgogICAgICAgIDxwYXRoIGZpbGw9IiNFQkVCRUIiIGQ9Ik0wIDBoNTAwdjUwMEgweiIvPgogICAgICAgIDxyZWN0IGZpbGwtb3BhY2l0eT0iLjEiIGZpbGw9IiMwMDAiIHg9IjY4IiB5PSIzMDUiIHdpZHRoPSIzNjQiIGhlaWdodD0iNTY4IiByeD0iMTgyIi8+CiAgICAgICAgPGNpcmNsZSBmaWxsLW9wYWNpdHk9Ii4xIiBmaWxsPSIjMDAwIiBjeD0iMjQ5IiBjeT0iMTcyIiByPSIxMDAiLz4KICAgIDwvZz4KPC9zdmc+Cg==&#8221; _builder_version=&#8221;4.21.0&#8243; _module_preset=&#8221;default&#8221; global_colors_info=&#8221;{}&#8221;][\/et_pb_team_member][\/et_pb_column][et_pb_column type=&#8221;1_3&#8243; _builder_version=&#8221;4.16&#8243; custom_padding=&#8221;|||&#8221; global_colors_info=&#8221;{}&#8221; custom_padding__hover=&#8221;|||&#8221;][et_pb_team_member name=&#8221;Tine Lambertsen&#8221; position=&#8221;Tr\u00e6ner&#8221; image_url=&#8221;data:image\/svg+xml;base64,PHN2ZyB3aWR0aD0iNTAwIiBoZWlnaHQ9IjUwMCIgdmlld0JveD0iMCAwIDUwMCA1MDAiIHhtbG5zPSJodHRwOi8vd3d3LnczLm9yZy8yMDAwL3N2ZyI+CiAgICA8ZyBmaWxsPSJub25lIiBmaWxsLXJ1bGU9ImV2ZW5vZGQiPgogICAgICAgIDxwYXRoIGZpbGw9IiNFQkVCRUIiIGQ9Ik0wIDBoNTAwdjUwMEgweiIvPgogICAgICAgIDxyZWN0IGZpbGwtb3BhY2l0eT0iLjEiIGZpbGw9IiMwMDAiIHg9IjY4IiB5PSIzMDUiIHdpZHRoPSIzNjQiIGhlaWdodD0iNTY4IiByeD0iMTgyIi8+CiAgICAgICAgPGNpcmNsZSBmaWxsLW9wYWNpdHk9Ii4xIiBmaWxsPSIjMDAwIiBjeD0iMjQ5IiBjeT0iMTcyIiByPSIxMDAiLz4KICAgIDwvZz4KPC9zdmc+Cg==&#8221; _builder_version=&#8221;4.21.0&#8243; _module_preset=&#8221;default&#8221; global_colors_info=&#8221;{}&#8221;][\/et_pb_team_member][\/et_pb_column][\/et_pb_row][\/et_pb_section][et_pb_section fb_built=&#8221;1&#8243; _builder_version=&#8221;4.16&#8243; _module_preset=&#8221;default&#8221; global_colors_info=&#8221;{}&#8221;][et_pb_row _builder_version=&#8221;4.16&#8243; _module_preset=&#8221;default&#8221; global_colors_info=&#8221;{}&#8221;][et_pb_column type=&#8221;4_4&#8243; _builder_version=&#8221;4.16&#8243; _module_preset=&#8221;default&#8221; global_colors_info=&#8221;{}&#8221;][et_pb_code admin_label=&#8221;Googlemaps&#8221; _builder_version=&#8221;4.16&#8243; _module_preset=&#8221;default&#8221; global_colors_info=&#8221;{}&#8221;]<iframe loading=\"lazy\" src=\"https:\/\/www.google.com\/maps\/embed?pb=!1m18!1m12!1m3!1d8864.172620634221!2d9.85944404529994!3d56.26003639107164!2m3!1f0!2f0!3f0!3m2!1i1024!2i768!4f13.1!3m3!1m2!1s0x464c0e8189cf8285%3A0x5be75ea14821ae4b!2sHammel%20Idr%C3%A6tscenter!5e0!3m2!1sda!2sdk!4v1601580463876!5m2!1sda!2sdk\" width=\"1200\" height=\"450\" frameborder=\"0\" style=\"border:0;\" allowfullscreen=\"\" aria-hidden=\"false\" tabindex=\"0\"><\/iframe>[\/et_pb_code][\/et_pb_column][\/et_pb_row][\/et_pb_section]<\/p>\n","protected":false},"excerpt":{"rendered":"<p>U7 Piger\/drenge Medlemskontingent for 2025\/2026: kr. 800Tilmelding her i klubmodulet U7 Piger\/drenge &#8211; \u00c5rgang: 2018-19 Tr\u00e6ningstider:L\u00f8rdag kl. 10:15 &#8211; 11:15 Hal 2\u00a0 &nbsp; &nbsp;Telefon: 2878 4988 Mail: Lunne90@live.dk<\/p>\n","protected":false},"author":35,"featured_media":0,"parent":54,"menu_order":1,"comment_status":"closed","ping_status":"closed","template":"","meta":{"_et_pb_use_builder":"on","_et_pb_old_content":"","_et_gb_content_width":""},"yoast_head":"<!-- This site is optimized with the Yoast SEO plugin v20.9 - https:\/\/yoast.com\/wordpress\/plugins\/seo\/ -->\n<title>U7 Piger\/Drenge - H\u00e5ndbold<\/title>\n<meta name=\"robots\" content=\"index, follow, max-snippet:-1, max-image-preview:large, max-video-preview:-1\" \/>\n<link rel=\"canonical\" href=\"https:\/\/hgfhammel.dk\/haandbold\/holdoversigt\/u6pige-dreng\/\" \/>\n<meta property=\"og:locale\" content=\"da_DK\" \/>\n<meta property=\"og:type\" content=\"article\" \/>\n<meta property=\"og:title\" content=\"U7 Piger\/Drenge - H\u00e5ndbold\" \/>\n<meta property=\"og:description\" content=\"U7 Piger\/drenge Medlemskontingent for 2025\/2026: kr. 800Tilmelding her i klubmodulet U7 Piger\/drenge - \u00c5rgang: 2018-19 Tr\u00e6ningstider:L\u00f8rdag kl. 10:15 - 11:15 Hal 2\u00a0 &nbsp; &nbsp;Telefon: 2878 4988 Mail: Lunne90@live.dk\" \/>\n<meta property=\"og:url\" content=\"https:\/\/hgfhammel.dk\/haandbold\/holdoversigt\/u6pige-dreng\/\" \/>\n<meta property=\"og:site_name\" content=\"H\u00e5ndbold\" \/>\n<meta property=\"article:modified_time\" content=\"2025-09-11T16:32:41+00:00\" \/>\n<meta name=\"twitter:card\" content=\"summary_large_image\" \/>\n<meta name=\"twitter:label1\" content=\"Estimeret l\u00e6setid\" \/>\n\t<meta name=\"twitter:data1\" content=\"1 minut\" \/>\n<!-- \/ Yoast SEO plugin. -->","yoast_head_json":{"title":"U7 Piger\/Drenge - H\u00e5ndbold","robots":{"index":"index","follow":"follow","max-snippet":"max-snippet:-1","max-image-preview":"max-image-preview:large","max-video-preview":"max-video-preview:-1"},"canonical":"https:\/\/hgfhammel.dk\/haandbold\/holdoversigt\/u6pige-dreng\/","og_locale":"da_DK","og_type":"article","og_title":"U7 Piger\/Drenge - H\u00e5ndbold","og_description":"U7 Piger\/drenge Medlemskontingent for 2025\/2026: kr. 800Tilmelding her i klubmodulet U7 Piger\/drenge - \u00c5rgang: 2018-19 Tr\u00e6ningstider:L\u00f8rdag kl. 10:15 - 11:15 Hal 2\u00a0 &nbsp; &nbsp;Telefon: 2878 4988 Mail: Lunne90@live.dk","og_url":"https:\/\/hgfhammel.dk\/haandbold\/holdoversigt\/u6pige-dreng\/","og_site_name":"H\u00e5ndbold","article_modified_time":"2025-09-11T16:32:41+00:00","twitter_card":"summary_large_image","twitter_misc":{"Estimeret l\u00e6setid":"1 minut"},"schema":{"@context":"https:\/\/schema.org","@graph":[{"@type":"WebPage","@id":"https:\/\/hgfhammel.dk\/haandbold\/holdoversigt\/u6pige-dreng\/","url":"https:\/\/hgfhammel.dk\/haandbold\/holdoversigt\/u6pige-dreng\/","name":"U7 Piger\/Drenge - H\u00e5ndbold","isPartOf":{"@id":"https:\/\/hgfhammel.dk\/haandbold\/#website"},"datePublished":"2018-10-03T07:13:05+00:00","dateModified":"2025-09-11T16:32:41+00:00","breadcrumb":{"@id":"https:\/\/hgfhammel.dk\/haandbold\/holdoversigt\/u6pige-dreng\/#breadcrumb"},"inLanguage":"da-DK","potentialAction":[{"@type":"ReadAction","target":["https:\/\/hgfhammel.dk\/haandbold\/holdoversigt\/u6pige-dreng\/"]}]},{"@type":"BreadcrumbList","@id":"https:\/\/hgfhammel.dk\/haandbold\/holdoversigt\/u6pige-dreng\/#breadcrumb","itemListElement":[{"@type":"ListItem","position":1,"name":"Hjem","item":"https:\/\/hgfhammel.dk\/haandbold\/"},{"@type":"ListItem","position":2,"name":"Holdoversigt","item":"https:\/\/hgfhammel.dk\/haandbold\/holdoversigt\/"},{"@type":"ListItem","position":3,"name":"U7 Piger\/Drenge"}]},{"@type":"WebSite","@id":"https:\/\/hgfhammel.dk\/haandbold\/#website","url":"https:\/\/hgfhammel.dk\/haandbold\/","name":"H\u00e5ndbold","description":"H\u00e5ndbold","potentialAction":[{"@type":"SearchAction","target":{"@type":"EntryPoint","urlTemplate":"https:\/\/hgfhammel.dk\/haandbold\/?s={search_term_string}"},"query-input":"required name=search_term_string"}],"inLanguage":"da-DK"}]}},"_links":{"self":[{"href":"https:\/\/hgfhammel.dk\/haandbold\/wp-json\/wp\/v2\/pages\/577"}],"collection":[{"href":"https:\/\/hgfhammel.dk\/haandbold\/wp-json\/wp\/v2\/pages"}],"about":[{"href":"https:\/\/hgfhammel.dk\/haandbold\/wp-json\/wp\/v2\/types\/page"}],"author":[{"embeddable":true,"href":"https:\/\/hgfhammel.dk\/haandbold\/wp-json\/wp\/v2\/users\/35"}],"replies":[{"embeddable":true,"href":"https:\/\/hgfhammel.dk\/haandbold\/wp-json\/wp\/v2\/comments?post=577"}],"version-history":[{"count":35,"href":"https:\/\/hgfhammel.dk\/haandbold\/wp-json\/wp\/v2\/pages\/577\/revisions"}],"predecessor-version":[{"id":3025,"href":"https:\/\/hgfhammel.dk\/haandbold\/wp-json\/wp\/v2\/pages\/577\/revisions\/3025"}],"up":[{"embeddable":true,"href":"https:\/\/hgfhammel.dk\/haandbold\/wp-json\/wp\/v2\/pages\/54"}],"wp:attachment":[{"href":"https:\/\/hgfhammel.dk\/haandbold\/wp-json\/wp\/v2\/media?parent=577"}],"curies":[{"name":"wp","href":"https:\/\/api.w.org\/{rel}","templated":true}]}}