{"id":825,"date":"2018-11-18T15:23:52","date_gmt":"2018-11-18T14:23:52","guid":{"rendered":"http:\/\/hgfhammel.dk\/haandbold\/?page_id=825"},"modified":"2019-06-16T14:43:00","modified_gmt":"2019-06-16T12:43:00","slug":"event-2","status":"publish","type":"page","link":"https:\/\/hgfhammel.dk\/haandbold\/event-2\/","title":{"rendered":"Event"},"content":{"rendered":"<p>[et_pb_section fb_built=&#8221;1&#8243; _builder_version=&#8221;3.22.3&#8243;][et_pb_row _builder_version=&#8221;3.22.3&#8243; background_size=&#8221;initial&#8221; background_position=&#8221;top_left&#8221; background_repeat=&#8221;repeat&#8221;][et_pb_column type=&#8221;4_4&#8243; _builder_version=&#8221;3.0.47&#8243;][et_pb_text admin_label=&#8221;Overskrift med br\u00f8dtekst&#8221; module_class=&#8221;headline_text&#8221; _builder_version=&#8221;3.17.5&#8243; saved_tabs=&#8221;all&#8221;]<\/p>\n<h1>St\u00e6vner og andre aktiviteter i HGF Hammel H\u00e5ndbold<\/h1>\n<p>Klik p\u00e5 nedenst\u00e5ende for at se aktive st\u00e6vner og aktiviteter, \u00e5bne for tilmelding eller for at oprette et nyt event p\u00e5 klubmodul.<\/p>\n<p>\u00a0<\/p>\n<p>[\/et_pb_text][\/et_pb_column][\/et_pb_row][et_pb_row _builder_version=&#8221;3.22.3&#8243; background_size=&#8221;initial&#8221; background_position=&#8221;top_left&#8221; background_repeat=&#8221;repeat&#8221;][et_pb_column type=&#8221;1_2&#8243; _builder_version=&#8221;3.0.47&#8243;][et_pb_button button_url=&#8221;https:\/\/hgfhaandbold.klub-modul.dk\/cms\/EventOverview.aspx&#8221; url_new_window=&#8221;on&#8221; button_text=&#8221;Tilmelding&#8221; admin_label=&#8221;Tilmelding&#8221; _builder_version=&#8221;3.17.5&#8243;][\/et_pb_button][\/et_pb_column][et_pb_column type=&#8221;1_2&#8243; _builder_version=&#8221;3.0.47&#8243;][et_pb_button button_url=&#8221;https:\/\/hgfhammel.dk\/haandbold\/wp-content\/uploads\/sites\/9\/2018\/11\/Event.docx&#8221; url_new_window=&#8221;on&#8221; button_text=&#8221;Oprettelses skabelon&#8221; admin_label=&#8221;Oprettelsesskabelon&#8221; _builder_version=&#8221;3.17.5&#8243;][\/et_pb_button][\/et_pb_column][\/et_pb_row][\/et_pb_section]<\/p>\n","protected":false},"excerpt":{"rendered":"<p>St\u00e6vner og andre aktiviteter i HGF Hammel H\u00e5ndboldKlik p\u00e5 nedenst\u00e5ende for at se aktive st\u00e6vner og aktiviteter, \u00e5bne for tilmelding eller for at oprette et nyt event p\u00e5 klubmodul.\u00a0<\/p>\n","protected":false},"author":31,"featured_media":0,"parent":0,"menu_order":0,"comment_status":"closed","ping_status":"closed","template":"","meta":{"_et_pb_use_builder":"on","_et_pb_old_content":"","_et_gb_content_width":""},"yoast_head":"<!-- This site is optimized with the Yoast SEO plugin v20.9 - https:\/\/yoast.com\/wordpress\/plugins\/seo\/ -->\n<title>Event - H\u00e5ndbold<\/title>\n<meta name=\"robots\" content=\"index, follow, max-snippet:-1, max-image-preview:large, max-video-preview:-1\" \/>\n<link rel=\"canonical\" href=\"https:\/\/hgfhammel.dk\/haandbold\/event-2\/\" \/>\n<meta property=\"og:locale\" content=\"da_DK\" \/>\n<meta property=\"og:type\" content=\"article\" \/>\n<meta property=\"og:title\" content=\"Event - H\u00e5ndbold\" \/>\n<meta property=\"og:description\" content=\"St\u00e6vner og andre aktiviteter i HGF Hammel H\u00e5ndboldKlik p\u00e5 nedenst\u00e5ende for at se aktive st\u00e6vner og aktiviteter, \u00e5bne for tilmelding eller for at oprette et nyt event p\u00e5 klubmodul.\u00a0\" \/>\n<meta property=\"og:url\" content=\"https:\/\/hgfhammel.dk\/haandbold\/event-2\/\" \/>\n<meta property=\"og:site_name\" content=\"H\u00e5ndbold\" \/>\n<meta property=\"article:modified_time\" content=\"2019-06-16T12:43:00+00:00\" \/>\n<meta name=\"twitter:card\" content=\"summary_large_image\" \/>\n<meta name=\"twitter:label1\" content=\"Estimeret l\u00e6setid\" \/>\n\t<meta name=\"twitter:data1\" content=\"1 minut\" \/>\n<!-- \/ Yoast SEO plugin. -->","yoast_head_json":{"title":"Event - H\u00e5ndbold","robots":{"index":"index","follow":"follow","max-snippet":"max-snippet:-1","max-image-preview":"max-image-preview:large","max-video-preview":"max-video-preview:-1"},"canonical":"https:\/\/hgfhammel.dk\/haandbold\/event-2\/","og_locale":"da_DK","og_type":"article","og_title":"Event - H\u00e5ndbold","og_description":"St\u00e6vner og andre aktiviteter i HGF Hammel H\u00e5ndboldKlik p\u00e5 nedenst\u00e5ende for at se aktive st\u00e6vner og aktiviteter, \u00e5bne for tilmelding eller for at oprette et nyt event p\u00e5 klubmodul.\u00a0","og_url":"https:\/\/hgfhammel.dk\/haandbold\/event-2\/","og_site_name":"H\u00e5ndbold","article_modified_time":"2019-06-16T12:43:00+00:00","twitter_card":"summary_large_image","twitter_misc":{"Estimeret l\u00e6setid":"1 minut"},"schema":{"@context":"https:\/\/schema.org","@graph":[{"@type":"WebPage","@id":"https:\/\/hgfhammel.dk\/haandbold\/event-2\/","url":"https:\/\/hgfhammel.dk\/haandbold\/event-2\/","name":"Event - H\u00e5ndbold","isPartOf":{"@id":"https:\/\/hgfhammel.dk\/haandbold\/#website"},"datePublished":"2018-11-18T14:23:52+00:00","dateModified":"2019-06-16T12:43:00+00:00","breadcrumb":{"@id":"https:\/\/hgfhammel.dk\/haandbold\/event-2\/#breadcrumb"},"inLanguage":"da-DK","potentialAction":[{"@type":"ReadAction","target":["https:\/\/hgfhammel.dk\/haandbold\/event-2\/"]}]},{"@type":"BreadcrumbList","@id":"https:\/\/hgfhammel.dk\/haandbold\/event-2\/#breadcrumb","itemListElement":[{"@type":"ListItem","position":1,"name":"Hjem","item":"https:\/\/hgfhammel.dk\/haandbold\/"},{"@type":"ListItem","position":2,"name":"Event"}]},{"@type":"WebSite","@id":"https:\/\/hgfhammel.dk\/haandbold\/#website","url":"https:\/\/hgfhammel.dk\/haandbold\/","name":"H\u00e5ndbold","description":"H\u00e5ndbold","potentialAction":[{"@type":"SearchAction","target":{"@type":"EntryPoint","urlTemplate":"https:\/\/hgfhammel.dk\/haandbold\/?s={search_term_string}"},"query-input":"required name=search_term_string"}],"inLanguage":"da-DK"}]}},"_links":{"self":[{"href":"https:\/\/hgfhammel.dk\/haandbold\/wp-json\/wp\/v2\/pages\/825"}],"collection":[{"href":"https:\/\/hgfhammel.dk\/haandbold\/wp-json\/wp\/v2\/pages"}],"about":[{"href":"https:\/\/hgfhammel.dk\/haandbold\/wp-json\/wp\/v2\/types\/page"}],"author":[{"embeddable":true,"href":"https:\/\/hgfhammel.dk\/haandbold\/wp-json\/wp\/v2\/users\/31"}],"replies":[{"embeddable":true,"href":"https:\/\/hgfhammel.dk\/haandbold\/wp-json\/wp\/v2\/comments?post=825"}],"version-history":[{"count":0,"href":"https:\/\/hgfhammel.dk\/haandbold\/wp-json\/wp\/v2\/pages\/825\/revisions"}],"wp:attachment":[{"href":"https:\/\/hgfhammel.dk\/haandbold\/wp-json\/wp\/v2\/media?parent=825"}],"curies":[{"name":"wp","href":"https:\/\/api.w.org\/{rel}","templated":true}]}}