{"id":1896,"date":"2022-08-23T20:34:00","date_gmt":"2022-08-23T18:34:00","guid":{"rendered":"https:\/\/hgfhammel.dk\/hestemarked\/?page_id=1896"},"modified":"2025-06-29T18:20:09","modified_gmt":"2025-06-29T16:20:09","slug":"program","status":"publish","type":"page","link":"https:\/\/hgfhammel.dk\/hestemarked\/program\/","title":{"rendered":"Program"},"content":{"rendered":"<p>[et_pb_section fb_built=&#8221;1&#8243; fullwidth=&#8221;on&#8221; _builder_version=&#8221;4.16&#8243; global_colors_info=&#8221;{}&#8221;][et_pb_fullwidth_image alt=&#8221;Hammel Hestemarked &#8211; Program&#8221; title_text=&#8221;headers-program_1920x600&#8243; admin_label=&#8221;Header&#8221; _builder_version=&#8221;4.16&#8243; background_image=&#8221;https:\/\/hgfhammel.dk\/hestemarked\/wp-content\/uploads\/sites\/19\/2022\/05\/headers-program_1920x600.png&#8221; background_position=&#8221;top_center&#8221; vertical_offset_tablet=&#8221;0&#8243; horizontal_offset_tablet=&#8221;0&#8243; height=&#8221;655px&#8221; z_index_tablet=&#8221;0&#8243; box_shadow_horizontal_tablet=&#8221;0px&#8221; box_shadow_vertical_tablet=&#8221;0px&#8221; box_shadow_blur_tablet=&#8221;40px&#8221; box_shadow_spread_tablet=&#8221;0px&#8221; global_colors_info=&#8221;{}&#8221;][\/et_pb_fullwidth_image][\/et_pb_section][et_pb_section fb_built=&#8221;1&#8243; admin_label=&#8221;Program&#8221; _builder_version=&#8221;4.10.5&#8243; background_color=&#8221;#ffffff&#8221; vertical_offset_tablet=&#8221;0&#8243; horizontal_offset_tablet=&#8221;0&#8243; min_height=&#8221;159px&#8221; custom_margin=&#8221;||||false|false&#8221; custom_padding=&#8221;||50px|||&#8221; z_index_tablet=&#8221;0&#8243; box_shadow_horizontal_tablet=&#8221;0px&#8221; box_shadow_vertical_tablet=&#8221;0px&#8221; box_shadow_blur_tablet=&#8221;40px&#8221; box_shadow_spread_tablet=&#8221;0px&#8221; global_module=&#8221;2504&#8243; saved_tabs=&#8221;all&#8221; global_colors_info=&#8221;{}&#8221;][et_pb_row column_structure=&#8221;1_3,2_3&#8243; admin_label=&#8221;Overskrift&#8221; _builder_version=&#8221;4.21.0&#8243; background_size=&#8221;initial&#8221; background_position=&#8221;top_left&#8221; background_repeat=&#8221;repeat&#8221; global_colors_info=&#8221;{}&#8221;][et_pb_column type=&#8221;1_3&#8243; _builder_version=&#8221;4.16&#8243; custom_padding=&#8221;|||&#8221; global_colors_info=&#8221;{}&#8221; custom_padding__hover=&#8221;|||&#8221;][et_pb_image _builder_version=&#8221;4.21.0&#8243; _module_preset=&#8221;default&#8221; title_text=&#8221;Program_Hammel-Hestemarked 2025&#8243; src=&#8221;https:\/\/hgfhammel.dk\/hestemarked\/wp-content\/uploads\/sites\/19\/2025\/06\/screenshot_390.png&#8221; hover_enabled=&#8221;0&#8243; sticky_enabled=&#8221;0&#8243;][\/et_pb_image][et_pb_text admin_label=&#8221;Program&#8221; _builder_version=&#8221;4.21.0&#8243; vertical_offset_tablet=&#8221;0&#8243; horizontal_offset_tablet=&#8221;0&#8243; hover_enabled=&#8221;0&#8243; z_index_tablet=&#8221;0&#8243; text_text_shadow_horizontal_length_tablet=&#8221;0px&#8221; text_text_shadow_vertical_length_tablet=&#8221;0px&#8221; text_text_shadow_blur_strength_tablet=&#8221;1px&#8221; link_text_shadow_horizontal_length_tablet=&#8221;0px&#8221; link_text_shadow_vertical_length_tablet=&#8221;0px&#8221; link_text_shadow_blur_strength_tablet=&#8221;1px&#8221; ul_text_shadow_horizontal_length_tablet=&#8221;0px&#8221; ul_text_shadow_vertical_length_tablet=&#8221;0px&#8221; ul_text_shadow_blur_strength_tablet=&#8221;1px&#8221; ol_text_shadow_horizontal_length_tablet=&#8221;0px&#8221; ol_text_shadow_vertical_length_tablet=&#8221;0px&#8221; ol_text_shadow_blur_strength_tablet=&#8221;1px&#8221; quote_text_shadow_horizontal_length_tablet=&#8221;0px&#8221; quote_text_shadow_vertical_length_tablet=&#8221;0px&#8221; quote_text_shadow_blur_strength_tablet=&#8221;1px&#8221; header_text_shadow_horizontal_length_tablet=&#8221;0px&#8221; header_text_shadow_vertical_length_tablet=&#8221;0px&#8221; header_text_shadow_blur_strength_tablet=&#8221;1px&#8221; header_2_text_shadow_horizontal_length_tablet=&#8221;0px&#8221; header_2_text_shadow_vertical_length_tablet=&#8221;0px&#8221; header_2_text_shadow_blur_strength_tablet=&#8221;1px&#8221; header_3_text_shadow_horizontal_length_tablet=&#8221;0px&#8221; header_3_text_shadow_vertical_length_tablet=&#8221;0px&#8221; header_3_text_shadow_blur_strength_tablet=&#8221;1px&#8221; header_4_text_shadow_horizontal_length_tablet=&#8221;0px&#8221; header_4_text_shadow_vertical_length_tablet=&#8221;0px&#8221; header_4_text_shadow_blur_strength_tablet=&#8221;1px&#8221; header_5_text_shadow_horizontal_length_tablet=&#8221;0px&#8221; header_5_text_shadow_vertical_length_tablet=&#8221;0px&#8221; header_5_text_shadow_blur_strength_tablet=&#8221;1px&#8221; header_6_text_shadow_horizontal_length_tablet=&#8221;0px&#8221; header_6_text_shadow_vertical_length_tablet=&#8221;0px&#8221; header_6_text_shadow_blur_strength_tablet=&#8221;1px&#8221; box_shadow_horizontal_tablet=&#8221;0px&#8221; box_shadow_vertical_tablet=&#8221;0px&#8221; box_shadow_blur_tablet=&#8221;40px&#8221; box_shadow_spread_tablet=&#8221;0px&#8221; global_colors_info=&#8221;{}&#8221; sticky_enabled=&#8221;0&#8243;]<\/p>\n<p><strong>Print det og h\u00e6ng det op p\u00e5 k\u00f8leskabet, s\u00e5 du nemt kan planl\u00e6gge, hvorn\u00e5r du skal til Hestemarked.<\/strong><\/p>\n<p>[\/et_pb_text][et_pb_button _builder_version=&#8221;4.21.0&#8243; _module_preset=&#8221;default&#8221; button_text=&#8221;Hent programmet her&#8221; hover_enabled=&#8221;0&#8243; sticky_enabled=&#8221;0&#8243; button_url=&#8221;https:\/\/hgfhammel.dk\/hestemarked\/wp-content\/uploads\/sites\/19\/2025\/06\/Hammel_Hestemarked_program_A3_2025.pdf&#8221; url_new_window=&#8221;on&#8221;][\/et_pb_button][\/et_pb_column][et_pb_column type=&#8221;2_3&#8243; _builder_version=&#8221;4.16&#8243; custom_padding=&#8221;|||&#8221; global_colors_info=&#8221;{}&#8221; custom_padding__hover=&#8221;|||&#8221;][et_pb_accordion db_closeable=&#8221;on&#8221; db_initial_state=&#8221;all_closed&#8221; toggle_icon=&#8221;&#x37;||divi||400&#8243; icon_color=&#8221;#06178F&#8221; use_icon_font_size=&#8221;on&#8221; icon_font_size=&#8221;18px&#8221; _builder_version=&#8221;4.21.0&#8243; _module_preset=&#8221;default&#8221; body_font_size=&#8221;16px&#8221; animation_style=&#8221;zoom&#8221; hover_enabled=&#8221;0&#8243; global_colors_info=&#8221;{}&#8221; sticky_enabled=&#8221;0&#8243;][et_pb_accordion_item title=&#8221;Torsdag&#8221; open=&#8221;on&#8221; _builder_version=&#8221;4.21.0&#8243; _module_preset=&#8221;default&#8221; hover_enabled=&#8221;0&#8243; global_colors_info=&#8221;{}&#8221; sticky_enabled=&#8221;0&#8243;]<\/p>\n<p>17.30 &#8211; 24.00 &#8211; <strong>Udsk\u00e6nkning i Hestestalden<\/strong> \/\/ Festpladsen ved s\u00f8en<br \/>18.00 &#8211; <strong>Frijsenborgl\u00f8bet 2025 B\u00f8rnel\u00f8b 0 &#8211; 12 \u00e5r<\/strong> \/\/ Festpladsen ved s\u00f8en<br \/>18.45 &#8211; <strong>Frijsenborgl\u00f8bet 2025 Voksne 10 km<\/strong> \/\/ Festpladsen ved s\u00f8en<br \/>18.45 &#8211; <strong>Frijsenborgl\u00f8bet 2025 5 km<\/strong> \/\/ Festpladsen ved s\u00f8en<br \/>18.45 &#8211; <strong>Frijsenborgl\u00f8bet 2025 Walk 5 km<\/strong> \/\/ Festpladsen ved s\u00f8en<br \/>19.00 &#8211; <strong>Hestemarkedsbanko Hammel GF<\/strong> \/\/ Kulturhuset InSide<br \/>20.20 &#8211; <strong>Officiel \u00e5bning v. Borgmester Lars Storgaard<\/strong> \/\/ Hestestalden ved s\u00f8en<br \/>20.30 &#8211; <strong>Hammel GF prisoverr\u00e6kkelser 2025<\/strong> \/\/ Hestestalden ved s\u00f8en<br \/>21.00 &#8211; <strong>JOHN MOGENSEN LIVE<\/strong> \/\/ Hestestalden ved s\u00f8en<\/p>\n<p>[\/et_pb_accordion_item][et_pb_accordion_item title=&#8221;Fredag&#8221; _builder_version=&#8221;4.21.0&#8243; _module_preset=&#8221;default&#8221; hover_enabled=&#8221;0&#8243; global_colors_info=&#8221;{}&#8221; open=&#8221;off&#8221; sticky_enabled=&#8221;0&#8243;]<\/p>\n<p>11.00 -12.00 &#8211; <strong>Gratis tivoli for Dagplejeb\u00f8rn<\/strong> \/\/ Markedspladsen<br \/>12.00 &#8211; <strong>Nordisk Tivoli Park \u00e5ben<\/strong> \/\/ Markedspladsen<br \/>12.00 &#8211; 01.00 &#8211; <strong>Udsk\u00e6nkning i Hestestalden<\/strong> \/\/ Festpladsen ved s\u00f8en<br \/>15.00 &#8211; <strong>Markedsgudstjeneste<\/strong> \/\/ Scenen ved s\u00f8en<br \/>16.00 &#8211; <strong>Hammel Hestemarked Masters &#8211; Dart tunering<\/strong> \/\/ Hestestalden ved s\u00f8en<br \/>18.00 &#8211; 01.00 &#8211; <strong>Arena er \u00e5ben, entre\u00b450 kr<\/strong> \/\/ Arena<br \/>19.00 &#8211; 21.00 <strong>Heste-Quiz og god stemning<\/strong> \/\/ Arena<br \/><strong>Koncert med Thomas Helmig Jam + Trier &amp; The Hard Hit\u00b4ers<\/strong> \/\/ Arena<br \/>18.00 &#8211; 01.00 &#8211; <strong>DJ Chill f\u00f8r og efter koncerten<\/strong> \/\/ Arena<br \/>20.00 &#8211; 02.00 &#8211; <strong>DJ RINGHOLM\u00b4s VENNER entre\u00b4 100 kr. ved indgang<\/strong> \/\/ DJ Pladsen<br \/>0.00 &#8211;\u00a0 <strong>F\u00d8NS koncert<\/strong> \/\/ DJ Pladsen<\/p>\n<p>[\/et_pb_accordion_item][et_pb_accordion_item title=&#8221;L\u00f8rdag&#8221; _builder_version=&#8221;4.21.0&#8243; _module_preset=&#8221;default&#8221; hover_enabled=&#8221;0&#8243; global_colors_info=&#8221;{}&#8221; open=&#8221;off&#8221; sticky_enabled=&#8221;0&#8243;]<\/p>\n<p>07.00 &#8211; 08.30 &#8211; <strong>Gratis rundstykker i Hestestalden<\/strong> \/\/ Festpladsen ved s\u00f8en<br \/>07.00 &#8211; 01.00 &#8211; <strong>Udsk\u00e6nkning i Hestestalden<\/strong> \/\/ Festpladsen ved s\u00f8en<br \/>09.00 &#8211; 18.00 &#8211; <strong>Stadepladser og kr\u00e6mmerboder er \u00e5bne<\/strong> \/\/ Markedspladsen<br \/>09.00 &#8211; 14.00 &#8211; <strong>Byg insekthotel\/fuglekasse, krible-krable- aktiviteter<\/strong> \/\/ Ved s\u00f8en<br \/>10.00 &#8211; <strong>Nordisk Tivoli Park \u00e5ben<\/strong> \/\/ Markedspladsen<br \/>10.00 &#8211; 11.00 &#8211; <strong>Frijsenborg Efterskole &#8211; Koncert<\/strong> \/\/ Scenen ved s\u00f8en<br \/>10.00 &#8211; 16.00 &#8211; <strong>Ponyridning &#8211; Midtjydsk Rideklub &#8211; Klintholm<\/strong> \/\/ Markedspladsen<br \/>11.00 &#8211; <strong>CIRKUS AROMA FORESTILLING<\/strong> \/\/ Ved s\u00f8en<br \/>12.00 &#8211; 18.00 &#8211; <strong>CIRKUS AROMA Legeplads<\/strong> \/\/ Ved s\u00f8en<br \/>12.00 &#8211; 14.00 &#8211; <strong>Hauge Band<\/strong> \/\/ Scenen ved s\u00f8en<br \/>13.00 &#8211; <strong>CIRKUS AROMA FORESTILLING<\/strong> \/\/ Ved s\u00f8en<br \/>14.00 &#8211; <strong>KAPSEJLADS<\/strong> \/\/ P\u00e5 s\u00f8en<br \/>15.00 &#8211; <strong>CIRKUS AROMA FORESTILLING<\/strong> \/\/ Ved s\u00f8en<br \/>15.30 &#8211; 18.30 &#8211; <strong>Coverklubben<\/strong> \/\/ Scenen ved s\u00f8en<br \/>18.30 &#8211; <strong>90\u00b4er fest ENTRE\u00b4 395 kr i forsalg<\/strong> \/\/ Arena<br \/>18.30 &#8211; 01.00 &#8211; <strong>Hampenberg, Barcode Brothers og Dr. Bombay<\/strong> \/\/ Arena<br \/>18.30 &#8211; 01.00 &#8211; <strong>DJ Kim Birk<\/strong> \/\/ Arena<br \/>20.00 &#8211; 02.00 &#8211; <strong>DJ RINGHOLM\u00b4s Venner Entre\u00b4 100 kr. ved indgang<\/strong> \/\/ DJ Pladsen<br \/>00.30 &#8211; <strong>Benny Jamz<\/strong> \/\/ DJ Pladsen<br \/>02.00 &#8211; <strong>Tak for iaften<\/strong><\/p>\n<p>[\/et_pb_accordion_item][et_pb_accordion_item title=&#8221;S\u00f8ndag&#8221; _builder_version=&#8221;4.21.0&#8243; _module_preset=&#8221;default&#8221; hover_enabled=&#8221;0&#8243; global_colors_info=&#8221;{}&#8221; open=&#8221;off&#8221; sticky_enabled=&#8221;0&#8243;]<\/p>\n<p>08.00 &#8211; 09.30 &#8211; <strong>Gratis rundstykker i Hestestalden<\/strong> \/\/ Festpladsen ved s\u00f8en<br \/>08.00 &#8211; 17.00 &#8211; <strong>Udsk\u00e6nkning i Hestestalden<\/strong> \/\/ Festpladsen ved s\u00f8en<br \/>10.00 &#8211; 17.00 &#8211; <strong>Stadepladser og kr\u00e6mmerboder er \u00e5bne<\/strong> \/\/ Markedspladsen<br \/>10.00 &#8211; 17.00 &#8211; <strong>Nordisk Tivoli Park er \u00e5ben<\/strong> \/\/ Markedspladsen<br \/>10.00 &#8211; 12.00 &#8211; <strong>Hammels s\u00f8deste k\u00e6ledyr<\/strong> \/\/ Festpladsen ved s\u00f8en<br \/>10.00 &#8211; 16.00 &#8211; <strong>Ponyridning &#8211; Midtjydsk Rideklub &#8211; Klintholm<\/strong> \/\/ Markedspladsen<br \/>10.00 &#8211; 16.00 &#8211; <strong>Veteran traktorer<\/strong> \/\/ Festpladsen ved s\u00f8en<br \/>10.00 &#8211; 16.00 &#8211; <strong>CIRKUS AROMA LEGEPLADS<\/strong> \/\/ Ved s\u00f8en<br \/>10.30 &#8211; <strong>Falck er p\u00e5 pladsen<\/strong> \/\/ Ved s\u00f8en<br \/>11.00 &#8211; <strong>CIRKUS AROMA FORESTILLING<\/strong> \/\/ Ved s\u00f8en<br \/>11.00 &#8211; 12.00 &#8211; <strong>Tik Tok Just Dance<\/strong> \/\/ Scenen ved s\u00f8en<br \/>13.00 &#8211; 16.30 &#8211; <strong>Seebach &amp; Grand Prix Hits af Rene Jakobsen<\/strong> \/\/ Scenen ved s\u00f8en<br \/>13.00 &#8211; <strong>CIRKUS AROMA FORESTILLING<\/strong> \/\/ Ved s\u00f8en<br \/>15.00 &#8211; <strong>CIRKUS AROMA FORESTILLING<\/strong> \/\/ Ved s\u00f8en<br \/>17.00 &#8211; <strong>Hammel Hestemarked siger tak for i \u00e5r. Vi ses i 2026!<\/strong><\/p>\n<p>[\/et_pb_accordion_item][\/et_pb_accordion][et_pb_text _builder_version=&#8221;4.21.0&#8243; _module_preset=&#8221;default&#8221; hover_enabled=&#8221;0&#8243; sticky_enabled=&#8221;0&#8243;]<\/p>\n<p>WEEKEND-BILLET KR. 30,- G\u00c6LDER FOR ALLE ARRANGEMENTER EXCL. ADGANG TIL DJ-PLADS OG ARENA.<br \/>ARRANG\u00d8R: HAMMEL GF HESTEMARKED \/ RET TIL \u00c6NDRINGER FORBEHOLDES<\/p>\n<p>[\/et_pb_text][\/et_pb_column][\/et_pb_row][\/et_pb_section][et_pb_section fb_built=&#8221;1&#8243; admin_label=&#8221;Footer&#8221; _builder_version=&#8221;4.10.5&#8243; background_color=&#8221;#ffffff&#8221; max_height=&#8221;308px&#8221; custom_padding=&#8221;8px||0px|||&#8221; z_index_tablet=&#8221;500&#8243; box_shadow_horizontal_tablet=&#8221;0px&#8221; box_shadow_vertical_tablet=&#8221;0px&#8221; box_shadow_blur_tablet=&#8221;40px&#8221; box_shadow_spread_tablet=&#8221;0px&#8221; global_module=&#8221;1379&#8243; saved_tabs=&#8221;all&#8221; global_colors_info=&#8221;{}&#8221;][et_pb_row column_structure=&#8221;1_5,1_5,1_5,1_5,1_5&#8243; _builder_version=&#8221;4.16&#8243; min_height=&#8221;102px&#8221; custom_padding=&#8221;||0px|||&#8221; z_index_tablet=&#8221;500&#8243; box_shadow_horizontal_tablet=&#8221;0px&#8221; box_shadow_vertical_tablet=&#8221;0px&#8221; box_shadow_blur_tablet=&#8221;40px&#8221; box_shadow_spread_tablet=&#8221;0px&#8221; global_colors_info=&#8221;{}&#8221;][et_pb_column type=&#8221;1_5&#8243; _builder_version=&#8221;4.16&#8243; custom_padding=&#8221;|||&#8221; global_colors_info=&#8221;{}&#8221; custom_padding__hover=&#8221;|||&#8221;][et_pb_social_media_follow follow_button=&#8221;on&#8221; use_icon_font_size=&#8221;on&#8221; icon_font_size=&#8221;24px&#8221; _builder_version=&#8221;4.16&#8243; custom_button=&#8221;on&#8221; button_text_color=&#8221;#E9EAEB&#8221; text_orientation=&#8221;left&#8221; global_colors_info=&#8221;{}&#8221;][et_pb_social_media_follow_network social_network=&#8221;facebook&#8221; url=&#8221;https:\/\/www.facebook.com\/HammelHestemarked\/&#8221; _builder_version=&#8221;4.16&#8243; background_color=&#8221;#3b5998&#8243; custom_button=&#8221;on&#8221; button_text_size=&#8221;14px&#8221; button_text_color=&#8221;#FFFFFF&#8221; button_bg_color=&#8221;#E9EAEB&#8221; button_border_radius=&#8221;10px&#8221; global_colors_info=&#8221;{}&#8221; follow_button=&#8221;on&#8221; url_new_window=&#8221;on&#8221;]<\/p>\n<p>Facebook<\/p>\n<p>[\/et_pb_social_media_follow_network][\/et_pb_social_media_follow][\/et_pb_column][et_pb_column type=&#8221;1_5&#8243; _builder_version=&#8221;4.16&#8243; _module_preset=&#8221;default&#8221; global_colors_info=&#8221;{}&#8221;][et_pb_blurb title=&#8221;adresse&#8221; use_icon=&#8221;on&#8221; font_icon=&#8221;&#xe01d;||divi||400&#8243; image_icon_width=&#8221;50px&#8221; icon_alignment=&#8221;left&#8221; admin_label=&#8221;Adresse&#8221; _builder_version=&#8221;4.16&#8243; _module_preset=&#8221;37590dc0-6d30-4198-8560-24e14cbf1cea&#8221; body_text_color=&#8221;#000000&#8243; body_font_size=&#8221;14px&#8221; body_line_height=&#8221;1.2em&#8221; icon_font_size=&#8221;50px&#8221; global_colors_info=&#8221;{}&#8221;]<\/p>\n<p>Markedspladsen,<\/p>\n<p>Thorsvej 4, 8450 Hammel<\/p>\n<p>[\/et_pb_blurb][\/et_pb_column][et_pb_column type=&#8221;1_5&#8243; _builder_version=&#8221;4.16&#8243; custom_padding=&#8221;|||&#8221; global_colors_info=&#8221;{}&#8221; custom_padding__hover=&#8221;|||&#8221;][et_pb_blurb title=&#8221;TELEFON&#8221; use_icon=&#8221;on&#8221; font_icon=&#8221;&#xe090;||divi||400&#8243; image_icon_width=&#8221;50px&#8221; icon_alignment=&#8221;left&#8221; admin_label=&#8221;Telefon&#8221; _builder_version=&#8221;4.16&#8243; _module_preset=&#8221;37590dc0-6d30-4198-8560-24e14cbf1cea&#8221; body_text_color=&#8221;#000000&#8243; body_font_size=&#8221;14px&#8221; icon_font_size=&#8221;50px&#8221; global_colors_info=&#8221;{}&#8221;]<\/p>\n<p>24 43 19 50<\/p>\n<p>[\/et_pb_blurb][\/et_pb_column][et_pb_column type=&#8221;1_5&#8243; _builder_version=&#8221;4.16&#8243; custom_padding=&#8221;|||&#8221; global_colors_info=&#8221;{}&#8221; custom_padding__hover=&#8221;|||&#8221;][et_pb_blurb title=&#8221;Email&#8221; use_icon=&#8221;on&#8221; font_icon=&#8221;&#xe010;||divi||400&#8243; image_icon_width=&#8221;50px&#8221; icon_alignment=&#8221;left&#8221; admin_label=&#8221;Email&#8221; _builder_version=&#8221;4.16&#8243; _module_preset=&#8221;37590dc0-6d30-4198-8560-24e14cbf1cea&#8221; body_text_color=&#8221;#000000&#8243; body_font_size=&#8221;14px&#8221; icon_font_size=&#8221;50px&#8221; global_colors_info=&#8221;{}&#8221;]<\/p>\n<p>post@hammelhestemarked.dk<\/p>\n<p>[\/et_pb_blurb][\/et_pb_column][et_pb_column type=&#8221;1_5&#8243; _builder_version=&#8221;4.16&#8243; custom_padding=&#8221;|||&#8221; global_colors_info=&#8221;{}&#8221; custom_padding__hover=&#8221;|||&#8221;][et_pb_image src=&#8221;https:\/\/hgfhammel.dk\/hestemarked\/wp-content\/uploads\/sites\/19\/2019\/03\/Hestehoved_200.jpg&#8221; align_tablet=&#8221;center&#8221; align_phone=&#8221;&#8221; align_last_edited=&#8221;on|desktop&#8221; admin_label=&#8221;Logo&#8221; _builder_version=&#8221;4.16&#8243; transform_scale=&#8221;70%|70%&#8221; transform_translate=&#8221;0px|-81px&#8221; custom_padding=&#8221;||0px|||&#8221; global_colors_info=&#8221;{}&#8221;][\/et_pb_image][\/et_pb_column][\/et_pb_row][\/et_pb_section]<\/p>\n","protected":false},"excerpt":{"rendered":"<p>Print det og h\u00e6ng det op p\u00e5 k\u00f8leskabet, s\u00e5 du nemt kan planl\u00e6gge, hvorn\u00e5r du skal til Hestemarked.17.30 &#8211; 24.00 &#8211; Udsk\u00e6nkning i Hestestalden \/\/ Festpladsen ved s\u00f8en18.00 &#8211; Frijsenborgl\u00f8bet 2025 B\u00f8rnel\u00f8b 0 &#8211; 12 \u00e5r \/\/ Festpladsen ved s\u00f8en18.45 &#8211; Frijsenborgl\u00f8bet 2025 Voksne 10 km \/\/ Festpladsen ved s\u00f8en18.45 &#8211; Frijsenborgl\u00f8bet 2025 5 km [&hellip;]<\/p>\n","protected":false},"author":40,"featured_media":0,"parent":0,"menu_order":0,"comment_status":"closed","ping_status":"closed","template":"","meta":{"_et_pb_use_builder":"on","_et_pb_old_content":"","_et_gb_content_width":""},"yoast_head":"<!-- This site is optimized with the Yoast SEO plugin v20.9 - https:\/\/yoast.com\/wordpress\/plugins\/seo\/ -->\n<title>Program - Hammel Hestemarked<\/title>\n<meta name=\"robots\" content=\"index, follow, max-snippet:-1, max-image-preview:large, max-video-preview:-1\" \/>\n<link rel=\"canonical\" href=\"https:\/\/hgfhammel.dk\/hestemarked\/program\/\" \/>\n<meta property=\"og:locale\" content=\"da_DK\" \/>\n<meta property=\"og:type\" content=\"article\" \/>\n<meta property=\"og:title\" content=\"Program - Hammel Hestemarked\" \/>\n<meta property=\"og:description\" content=\"Print det og h\u00e6ng det op p\u00e5 k\u00f8leskabet, s\u00e5 du nemt kan planl\u00e6gge, hvorn\u00e5r du skal til Hestemarked.17.30 - 24.00 - Udsk\u00e6nkning i Hestestalden \/\/ Festpladsen ved s\u00f8en18.00 - Frijsenborgl\u00f8bet 2025 B\u00f8rnel\u00f8b 0 - 12 \u00e5r \/\/ Festpladsen ved s\u00f8en18.45 - Frijsenborgl\u00f8bet 2025 Voksne 10 km \/\/ Festpladsen ved s\u00f8en18.45 - Frijsenborgl\u00f8bet 2025 5 km [&hellip;]\" \/>\n<meta property=\"og:url\" content=\"https:\/\/hgfhammel.dk\/hestemarked\/program\/\" \/>\n<meta property=\"og:site_name\" content=\"Hammel Hestemarked\" \/>\n<meta property=\"article:modified_time\" content=\"2025-06-29T16:20:09+00:00\" \/>\n<meta name=\"twitter:card\" content=\"summary_large_image\" \/>\n<meta name=\"twitter:label1\" content=\"Estimeret l\u00e6setid\" \/>\n\t<meta name=\"twitter:data1\" content=\"5 minutter\" \/>\n<!-- \/ Yoast SEO plugin. -->","yoast_head_json":{"title":"Program - Hammel Hestemarked","robots":{"index":"index","follow":"follow","max-snippet":"max-snippet:-1","max-image-preview":"max-image-preview:large","max-video-preview":"max-video-preview:-1"},"canonical":"https:\/\/hgfhammel.dk\/hestemarked\/program\/","og_locale":"da_DK","og_type":"article","og_title":"Program - Hammel Hestemarked","og_description":"Print det og h\u00e6ng det op p\u00e5 k\u00f8leskabet, s\u00e5 du nemt kan planl\u00e6gge, hvorn\u00e5r du skal til Hestemarked.17.30 - 24.00 - Udsk\u00e6nkning i Hestestalden \/\/ Festpladsen ved s\u00f8en18.00 - Frijsenborgl\u00f8bet 2025 B\u00f8rnel\u00f8b 0 - 12 \u00e5r \/\/ Festpladsen ved s\u00f8en18.45 - Frijsenborgl\u00f8bet 2025 Voksne 10 km \/\/ Festpladsen ved s\u00f8en18.45 - Frijsenborgl\u00f8bet 2025 5 km [&hellip;]","og_url":"https:\/\/hgfhammel.dk\/hestemarked\/program\/","og_site_name":"Hammel Hestemarked","article_modified_time":"2025-06-29T16:20:09+00:00","twitter_card":"summary_large_image","twitter_misc":{"Estimeret l\u00e6setid":"5 minutter"},"schema":{"@context":"https:\/\/schema.org","@graph":[{"@type":"WebPage","@id":"https:\/\/hgfhammel.dk\/hestemarked\/program\/","url":"https:\/\/hgfhammel.dk\/hestemarked\/program\/","name":"Program - Hammel Hestemarked","isPartOf":{"@id":"https:\/\/hgfhammel.dk\/hestemarked\/#website"},"datePublished":"2022-08-23T18:34:00+00:00","dateModified":"2025-06-29T16:20:09+00:00","breadcrumb":{"@id":"https:\/\/hgfhammel.dk\/hestemarked\/program\/#breadcrumb"},"inLanguage":"da-DK","potentialAction":[{"@type":"ReadAction","target":["https:\/\/hgfhammel.dk\/hestemarked\/program\/"]}]},{"@type":"BreadcrumbList","@id":"https:\/\/hgfhammel.dk\/hestemarked\/program\/#breadcrumb","itemListElement":[{"@type":"ListItem","position":1,"name":"Hjem","item":"https:\/\/hgfhammel.dk\/hestemarked\/"},{"@type":"ListItem","position":2,"name":"Program"}]},{"@type":"WebSite","@id":"https:\/\/hgfhammel.dk\/hestemarked\/#website","url":"https:\/\/hgfhammel.dk\/hestemarked\/","name":"Hammel Hestemarked","description":"Hammel Hestemarked","potentialAction":[{"@type":"SearchAction","target":{"@type":"EntryPoint","urlTemplate":"https:\/\/hgfhammel.dk\/hestemarked\/?s={search_term_string}"},"query-input":"required name=search_term_string"}],"inLanguage":"da-DK"}]}},"_links":{"self":[{"href":"https:\/\/hgfhammel.dk\/hestemarked\/wp-json\/wp\/v2\/pages\/1896"}],"collection":[{"href":"https:\/\/hgfhammel.dk\/hestemarked\/wp-json\/wp\/v2\/pages"}],"about":[{"href":"https:\/\/hgfhammel.dk\/hestemarked\/wp-json\/wp\/v2\/types\/page"}],"author":[{"embeddable":true,"href":"https:\/\/hgfhammel.dk\/hestemarked\/wp-json\/wp\/v2\/users\/40"}],"replies":[{"embeddable":true,"href":"https:\/\/hgfhammel.dk\/hestemarked\/wp-json\/wp\/v2\/comments?post=1896"}],"version-history":[{"count":46,"href":"https:\/\/hgfhammel.dk\/hestemarked\/wp-json\/wp\/v2\/pages\/1896\/revisions"}],"predecessor-version":[{"id":3396,"href":"https:\/\/hgfhammel.dk\/hestemarked\/wp-json\/wp\/v2\/pages\/1896\/revisions\/3396"}],"wp:attachment":[{"href":"https:\/\/hgfhammel.dk\/hestemarked\/wp-json\/wp\/v2\/media?parent=1896"}],"curies":[{"name":"wp","href":"https:\/\/api.w.org\/{rel}","templated":true}]}}