{"id":1087,"date":"2018-10-26T20:21:32","date_gmt":"2018-10-26T18:21:32","guid":{"rendered":"http:\/\/hgfhammel.dk\/loeb\/?page_id=1087"},"modified":"2018-10-26T20:57:21","modified_gmt":"2018-10-26T18:57:21","slug":"klubbens-historie","status":"publish","type":"page","link":"https:\/\/hgfhammel.dk\/loeb\/klubbens-historie\/","title":{"rendered":"Klubbens historie"},"content":{"rendered":"<p>[et_pb_section fb_built=&#8221;1&#8243; _builder_version=&#8221;3.0.47&#8243;][et_pb_row _builder_version=&#8221;3.17.1&#8243;][et_pb_column type=&#8221;4_4&#8243; _builder_version=&#8221;3.17.1&#8243; parallax=&#8221;off&#8221; parallax_method=&#8221;on&#8221;][et_pb_text _builder_version=&#8221;3.17.1&#8243; text_font=&#8221;||||||||&#8221;]<\/p>\n<p>Tryk p\u00e5 linket med jubil\u00e6umsskriftet og l\u00e6s om klubbens fantastiske historie.<\/p>\n<p><a href=\"http:\/\/hgfhammel.dk\/loeb\/wp-content\/uploads\/sites\/11\/2018\/10\/jubilA\u0303\u00a6umsskrift-1.pdf\">Jubil\u00e6umsskrift<\/a><\/p>\n<p>[\/et_pb_text][\/et_pb_column][\/et_pb_row][\/et_pb_section][et_pb_section fb_built=&#8221;1&#8243; _builder_version=&#8221;3.0.47&#8243;][et_pb_row make_equal=&#8221;on&#8221; module_class=&#8221;sponsorlogo_row&#8221; _builder_version=&#8221;3.11&#8243;][et_pb_column type=&#8221;1_4&#8243; _builder_version=&#8221;3.0.47&#8243; parallax=&#8221;off&#8221; parallax_method=&#8221;on&#8221;][et_pb_image src=&#8221;http:\/\/hgfhammel.dk\/wp-content\/uploads\/2018\/08\/sponsor_kronjylland.png&#8221; url=&#8221;https:\/\/google.dk&#8221; url_new_window=&#8221;on&#8221; admin_label=&#8221;Sponsor logo&#8221; module_class=&#8221;sponsorlogo&#8221; _builder_version=&#8221;3.11&#8243; saved_tabs=&#8221;all&#8221;][\/et_pb_image][\/et_pb_column][et_pb_column type=&#8221;1_4&#8243; _builder_version=&#8221;3.0.47&#8243; parallax=&#8221;off&#8221; parallax_method=&#8221;on&#8221;][et_pb_image src=&#8221;http:\/\/hgfhammel.dk\/wp-content\/uploads\/2018\/08\/sponsor_jordgaard.png&#8221; url=&#8221;https:\/\/google.dk&#8221; url_new_window=&#8221;on&#8221; admin_label=&#8221;Sponsor logo&#8221; module_class=&#8221;sponsorlogo&#8221; _builder_version=&#8221;3.11&#8243; saved_tabs=&#8221;all&#8221;][\/et_pb_image][\/et_pb_column][et_pb_column type=&#8221;1_4&#8243; _builder_version=&#8221;3.0.47&#8243; parallax=&#8221;off&#8221; parallax_method=&#8221;on&#8221;][et_pb_image src=&#8221;http:\/\/hgfhammel.dk\/wp-content\/uploads\/2018\/08\/sponsor-olehagen.png&#8221; url=&#8221;https:\/\/google.dk&#8221; url_new_window=&#8221;on&#8221; admin_label=&#8221;Sponsor logo&#8221; module_class=&#8221;sponsorlogo&#8221; _builder_version=&#8221;3.11&#8243; saved_tabs=&#8221;all&#8221;][\/et_pb_image][\/et_pb_column][et_pb_column type=&#8221;1_4&#8243; _builder_version=&#8221;3.0.47&#8243; parallax=&#8221;off&#8221; parallax_method=&#8221;on&#8221;][et_pb_image src=&#8221;http:\/\/hgfhammel.dk\/wp-content\/uploads\/2018\/08\/sponsor_oeko.png&#8221; url=&#8221;https:\/\/google.dk&#8221; url_new_window=&#8221;on&#8221; align=&#8221;center&#8221; admin_label=&#8221;Sponsor logo&#8221; module_class=&#8221;sponsorlogo&#8221; _builder_version=&#8221;3.11&#8243; saved_tabs=&#8221;all&#8221;][\/et_pb_image][\/et_pb_column][\/et_pb_row][\/et_pb_section]<\/p>\n","protected":false},"excerpt":{"rendered":"<p>Tryk p\u00e5 linket med jubil\u00e6umsskriftet og l\u00e6s om klubbens fantastiske historie. Jubil\u00e6umsskrift<\/p>\n","protected":false},"author":18,"featured_media":0,"parent":0,"menu_order":0,"comment_status":"closed","ping_status":"closed","template":"","meta":{"_et_pb_use_builder":"on","_et_pb_old_content":"","_et_gb_content_width":""},"yoast_head":"<!-- This site is optimized with the Yoast SEO plugin v20.9 - https:\/\/yoast.com\/wordpress\/plugins\/seo\/ -->\n<title>Klubbens historie - L\u00f8b &amp; Motion<\/title>\n<meta name=\"robots\" content=\"index, follow, max-snippet:-1, max-image-preview:large, max-video-preview:-1\" \/>\n<link rel=\"canonical\" href=\"https:\/\/hgfhammel.dk\/loeb\/klubbens-historie\/\" \/>\n<meta property=\"og:locale\" content=\"da_DK\" \/>\n<meta property=\"og:type\" content=\"article\" \/>\n<meta property=\"og:title\" content=\"Klubbens historie - L\u00f8b &amp; Motion\" \/>\n<meta property=\"og:description\" content=\"Tryk p\u00e5 linket med jubil\u00e6umsskriftet og l\u00e6s om klubbens fantastiske historie. Jubil\u00e6umsskrift\" \/>\n<meta property=\"og:url\" content=\"https:\/\/hgfhammel.dk\/loeb\/klubbens-historie\/\" \/>\n<meta property=\"og:site_name\" content=\"L\u00f8b &amp; Motion\" \/>\n<meta property=\"article:modified_time\" content=\"2018-10-26T18:57:21+00:00\" \/>\n<meta name=\"twitter:card\" content=\"summary_large_image\" \/>\n<meta name=\"twitter:label1\" content=\"Estimeret l\u00e6setid\" \/>\n\t<meta name=\"twitter:data1\" content=\"1 minut\" \/>\n<!-- \/ Yoast SEO plugin. -->","yoast_head_json":{"title":"Klubbens historie - L\u00f8b &amp; Motion","robots":{"index":"index","follow":"follow","max-snippet":"max-snippet:-1","max-image-preview":"max-image-preview:large","max-video-preview":"max-video-preview:-1"},"canonical":"https:\/\/hgfhammel.dk\/loeb\/klubbens-historie\/","og_locale":"da_DK","og_type":"article","og_title":"Klubbens historie - L\u00f8b &amp; Motion","og_description":"Tryk p\u00e5 linket med jubil\u00e6umsskriftet og l\u00e6s om klubbens fantastiske historie. Jubil\u00e6umsskrift","og_url":"https:\/\/hgfhammel.dk\/loeb\/klubbens-historie\/","og_site_name":"L\u00f8b &amp; Motion","article_modified_time":"2018-10-26T18:57:21+00:00","twitter_card":"summary_large_image","twitter_misc":{"Estimeret l\u00e6setid":"1 minut"},"schema":{"@context":"https:\/\/schema.org","@graph":[{"@type":"WebPage","@id":"https:\/\/hgfhammel.dk\/loeb\/klubbens-historie\/","url":"https:\/\/hgfhammel.dk\/loeb\/klubbens-historie\/","name":"Klubbens historie - L\u00f8b &amp; Motion","isPartOf":{"@id":"https:\/\/hgfhammel.dk\/loeb\/#website"},"datePublished":"2018-10-26T18:21:32+00:00","dateModified":"2018-10-26T18:57:21+00:00","breadcrumb":{"@id":"https:\/\/hgfhammel.dk\/loeb\/klubbens-historie\/#breadcrumb"},"inLanguage":"da-DK","potentialAction":[{"@type":"ReadAction","target":["https:\/\/hgfhammel.dk\/loeb\/klubbens-historie\/"]}]},{"@type":"BreadcrumbList","@id":"https:\/\/hgfhammel.dk\/loeb\/klubbens-historie\/#breadcrumb","itemListElement":[{"@type":"ListItem","position":1,"name":"Hjem","item":"https:\/\/hgfhammel.dk\/loeb\/"},{"@type":"ListItem","position":2,"name":"Klubbens historie"}]},{"@type":"WebSite","@id":"https:\/\/hgfhammel.dk\/loeb\/#website","url":"https:\/\/hgfhammel.dk\/loeb\/","name":"L\u00f8b &amp; Motion","description":"L\u00f8b &amp; Motion","potentialAction":[{"@type":"SearchAction","target":{"@type":"EntryPoint","urlTemplate":"https:\/\/hgfhammel.dk\/loeb\/?s={search_term_string}"},"query-input":"required name=search_term_string"}],"inLanguage":"da-DK"}]}},"_links":{"self":[{"href":"https:\/\/hgfhammel.dk\/loeb\/wp-json\/wp\/v2\/pages\/1087"}],"collection":[{"href":"https:\/\/hgfhammel.dk\/loeb\/wp-json\/wp\/v2\/pages"}],"about":[{"href":"https:\/\/hgfhammel.dk\/loeb\/wp-json\/wp\/v2\/types\/page"}],"author":[{"embeddable":true,"href":"https:\/\/hgfhammel.dk\/loeb\/wp-json\/wp\/v2\/users\/18"}],"replies":[{"embeddable":true,"href":"https:\/\/hgfhammel.dk\/loeb\/wp-json\/wp\/v2\/comments?post=1087"}],"version-history":[{"count":0,"href":"https:\/\/hgfhammel.dk\/loeb\/wp-json\/wp\/v2\/pages\/1087\/revisions"}],"wp:attachment":[{"href":"https:\/\/hgfhammel.dk\/loeb\/wp-json\/wp\/v2\/media?parent=1087"}],"curies":[{"name":"wp","href":"https:\/\/api.w.org\/{rel}","templated":true}]}}