{"id":1485,"date":"2018-11-25T13:41:36","date_gmt":"2018-11-25T12:41:36","guid":{"rendered":"http:\/\/hgfhammel.dk\/loeb\/?page_id=1485"},"modified":"2021-08-26T20:14:34","modified_gmt":"2021-08-26T18:14:34","slug":"soendagsrute-3","status":"publish","type":"page","link":"https:\/\/hgfhammel.dk\/loeb\/soendagsrute-3\/","title":{"rendered":"S\u00f8ndagsrute 3"},"content":{"rendered":"<p>[et_pb_section bb_built=&#8221;1&#8243; _builder_version=&#8221;4.5.1&#8243; custom_padding=&#8221;59px|0px|0|0px|false|false&#8221; hover_enabled=&#8221;0&#8243; next_background_color=&#8221;#000000&#8243;][et_pb_row _builder_version=&#8221;4.5.1&#8243; background_size=&#8221;initial&#8221; background_position=&#8221;top_left&#8221; background_repeat=&#8221;repeat&#8221; hover_enabled=&#8221;0&#8243;][et_pb_column type=&#8221;4_4&#8243; _builder_version=&#8221;3.0.47&#8243; custom_padding=&#8221;|||&#8221; custom_padding__hover=&#8221;|||&#8221;][et_pb_text admin_label=&#8221;S\u00f8ndagsrute 3&#8243; module_class=&#8221;headline_text&#8221; _builder_version=&#8221;4.5.1&#8243; vertical_offset_tablet=&#8221;0&#8243; horizontal_offset_tablet=&#8221;0&#8243; z_index_tablet=&#8221;0&#8243; text_text_shadow_horizontal_length_tablet=&#8221;0px&#8221; text_text_shadow_vertical_length_tablet=&#8221;0px&#8221; text_text_shadow_blur_strength_tablet=&#8221;1px&#8221; link_text_shadow_horizontal_length_tablet=&#8221;0px&#8221; link_text_shadow_vertical_length_tablet=&#8221;0px&#8221; link_text_shadow_blur_strength_tablet=&#8221;1px&#8221; ul_text_shadow_horizontal_length_tablet=&#8221;0px&#8221; ul_text_shadow_vertical_length_tablet=&#8221;0px&#8221; ul_text_shadow_blur_strength_tablet=&#8221;1px&#8221; ol_text_shadow_horizontal_length_tablet=&#8221;0px&#8221; ol_text_shadow_vertical_length_tablet=&#8221;0px&#8221; ol_text_shadow_blur_strength_tablet=&#8221;1px&#8221; quote_text_shadow_horizontal_length_tablet=&#8221;0px&#8221; quote_text_shadow_vertical_length_tablet=&#8221;0px&#8221; quote_text_shadow_blur_strength_tablet=&#8221;1px&#8221; header_text_shadow_horizontal_length_tablet=&#8221;0px&#8221; header_text_shadow_vertical_length_tablet=&#8221;0px&#8221; header_text_shadow_blur_strength_tablet=&#8221;1px&#8221; header_2_text_shadow_horizontal_length_tablet=&#8221;0px&#8221; header_2_text_shadow_vertical_length_tablet=&#8221;0px&#8221; header_2_text_shadow_blur_strength_tablet=&#8221;1px&#8221; header_3_text_shadow_horizontal_length_tablet=&#8221;0px&#8221; header_3_text_shadow_vertical_length_tablet=&#8221;0px&#8221; header_3_text_shadow_blur_strength_tablet=&#8221;1px&#8221; header_4_text_shadow_horizontal_length_tablet=&#8221;0px&#8221; header_4_text_shadow_vertical_length_tablet=&#8221;0px&#8221; header_4_text_shadow_blur_strength_tablet=&#8221;1px&#8221; header_5_text_shadow_horizontal_length_tablet=&#8221;0px&#8221; header_5_text_shadow_vertical_length_tablet=&#8221;0px&#8221; header_5_text_shadow_blur_strength_tablet=&#8221;1px&#8221; header_6_text_shadow_horizontal_length_tablet=&#8221;0px&#8221; header_6_text_shadow_vertical_length_tablet=&#8221;0px&#8221; header_6_text_shadow_blur_strength_tablet=&#8221;1px&#8221; box_shadow_horizontal_tablet=&#8221;0px&#8221; box_shadow_vertical_tablet=&#8221;0px&#8221; box_shadow_blur_tablet=&#8221;40px&#8221; box_shadow_spread_tablet=&#8221;0px&#8221; saved_tabs=&#8221;all&#8221; text_text_shadow_horizontal_length=&#8221;text_text_shadow_style,%91object Object%93&#8243; text_text_shadow_vertical_length=&#8221;text_text_shadow_style,%91object Object%93&#8243; text_text_shadow_blur_strength=&#8221;text_text_shadow_style,%91object Object%93&#8243; link_text_shadow_horizontal_length=&#8221;link_text_shadow_style,%91object Object%93&#8243; link_text_shadow_vertical_length=&#8221;link_text_shadow_style,%91object Object%93&#8243; link_text_shadow_blur_strength=&#8221;link_text_shadow_style,%91object Object%93&#8243; ul_text_shadow_horizontal_length=&#8221;ul_text_shadow_style,%91object Object%93&#8243; ul_text_shadow_vertical_length=&#8221;ul_text_shadow_style,%91object Object%93&#8243; ul_text_shadow_blur_strength=&#8221;ul_text_shadow_style,%91object Object%93&#8243; ol_text_shadow_horizontal_length=&#8221;ol_text_shadow_style,%91object Object%93&#8243; ol_text_shadow_vertical_length=&#8221;ol_text_shadow_style,%91object Object%93&#8243; ol_text_shadow_blur_strength=&#8221;ol_text_shadow_style,%91object Object%93&#8243; quote_text_shadow_horizontal_length=&#8221;quote_text_shadow_style,%91object Object%93&#8243; quote_text_shadow_vertical_length=&#8221;quote_text_shadow_style,%91object Object%93&#8243; quote_text_shadow_blur_strength=&#8221;quote_text_shadow_style,%91object Object%93&#8243; header_text_shadow_horizontal_length=&#8221;header_text_shadow_style,%91object Object%93&#8243; header_text_shadow_vertical_length=&#8221;header_text_shadow_style,%91object Object%93&#8243; header_text_shadow_blur_strength=&#8221;header_text_shadow_style,%91object Object%93&#8243; header_2_text_shadow_horizontal_length=&#8221;header_2_text_shadow_style,%91object Object%93&#8243; header_2_text_shadow_vertical_length=&#8221;header_2_text_shadow_style,%91object Object%93&#8243; header_2_text_shadow_blur_strength=&#8221;header_2_text_shadow_style,%91object Object%93&#8243; header_3_text_shadow_horizontal_length=&#8221;header_3_text_shadow_style,%91object Object%93&#8243; header_3_text_shadow_vertical_length=&#8221;header_3_text_shadow_style,%91object Object%93&#8243; header_3_text_shadow_blur_strength=&#8221;header_3_text_shadow_style,%91object Object%93&#8243; header_4_text_shadow_horizontal_length=&#8221;header_4_text_shadow_style,%91object Object%93&#8243; header_4_text_shadow_vertical_length=&#8221;header_4_text_shadow_style,%91object Object%93&#8243; header_4_text_shadow_blur_strength=&#8221;header_4_text_shadow_style,%91object Object%93&#8243; header_5_text_shadow_horizontal_length=&#8221;header_5_text_shadow_style,%91object Object%93&#8243; header_5_text_shadow_vertical_length=&#8221;header_5_text_shadow_style,%91object Object%93&#8243; header_5_text_shadow_blur_strength=&#8221;header_5_text_shadow_style,%91object Object%93&#8243; header_6_text_shadow_horizontal_length=&#8221;header_6_text_shadow_style,%91object Object%93&#8243; header_6_text_shadow_vertical_length=&#8221;header_6_text_shadow_style,%91object Object%93&#8243; header_6_text_shadow_blur_strength=&#8221;header_6_text_shadow_style,%91object Object%93&#8243;]<\/p>\n<h1>S\u00f8ndagsrute 3<\/h1>\n<p>HELE TUREN ER 17,7 KM. VI STARTER TUREN MED AT TAGE DEN KORTESTE VEJ (OVER RANDERSVEJ) TIL PR\u00c6STENS B\u00d8G. DERFRA:<br \/>FRIJSENBORG SLOT\u00a0<br \/>DYREHAVE\u00a0<br \/>NED AD MOTORVEJEN\u00a0<br \/>NED AF RESTEN AF STENB\u00c6KKEN\u00a0<br \/>OVER TIL DEN ANDEN SIDE AF ENGEN\u00a0<br \/>LANGS ENGEN\u00a0<br \/>OP AD KRAGELUNDVEJ\u00a0<br \/>DERFRA DEN GAMLE HALVMARATON RUTE TIL P\u00d8T M\u00d8LLE, UNTAGET FORBI GAMMEL SKOVFOGEDG\u00c5RD (200 M NED AF BAKKEN) L\u00d8BER VI DEN KORTESTE VEJ TILBAGE (HOLD TIL H\u00d8JRE).\u00a0<br \/>LANGS VENSTRE SIDE AF ENGEN OG CYKELBAKKEN TILBAGE IGEN\u00a0<\/p>\n<p>RUTEN KAN KORTES AF MANGE STEDER:<\/p>\n<p>5,5 KM: TILBAGE VIA BUNDEN AF STENB\u00c6KKEN VIA CYKELBAKKEN<br \/>9,2 KM: TIL H\u00d8JRE OM ENGEN VED KRAGELUNDVEJ<br \/>13,3 KM: TILBAGE VED 5-VEJSKRYDSET<br \/>17,7 KM: HELE RUTEN<\/p>\n<p>[\/et_pb_text][\/et_pb_column][\/et_pb_row][\/et_pb_section][et_pb_section bb_built=&#8221;1&#8243; _builder_version=&#8221;3.22&#8243; background_color=&#8221;#ffffff&#8221; custom_padding=&#8221;0|0px|59px|0px|false|false&#8221; prev_background_color=&#8221;#000000&#8243; next_background_color=&#8221;#000000&#8243;][et_pb_row _builder_version=&#8221;3.25&#8243; column_structure=&#8221;1_2,1_2&#8243;][et_pb_column type=&#8221;1_2&#8243; _builder_version=&#8221;3.17.5&#8243; custom_padding=&#8221;|||&#8221; custom_padding__hover=&#8221;|||&#8221;][et_pb_image src=&#8221;https:\/\/hgfhammel.dk\/loeb\/wp-content\/uploads\/sites\/11\/2018\/11\/HGF003KM17.jpg&#8221; align_tablet=&#8221;center&#8221; align_last_edited=&#8221;on|desktop&#8221; _builder_version=&#8221;4.5.1&#8243; hover_enabled=&#8221;0&#8243;]<\/p>\n<p>[\/et_pb_image][\/et_pb_column][et_pb_column type=&#8221;1_2&#8243; _builder_version=&#8221;3.17.5&#8243; custom_padding=&#8221;|||&#8221; custom_padding__hover=&#8221;|||&#8221;][et_pb_text _builder_version=&#8221;4.5.1&#8243; width=&#8221;80%&#8221; max_width=&#8221;1180px&#8221;]<\/p>\n<p><a href=\"http:\/\/connect.garmin.com\/activity\/77595560\" target=\"_blank\" rel=\"noopener noreferrer\">17,5 km<\/a><span>\u00a0(Garmin Connect)\u00a0<\/span><\/p>\n<p>[\/et_pb_text][\/et_pb_column][\/et_pb_row][et_pb_row _builder_version=&#8221;3.25&#8243; column_structure=&#8221;1_2,1_2&#8243;][et_pb_column type=&#8221;1_2&#8243; _builder_version=&#8221;3.17.5&#8243; custom_padding=&#8221;|||&#8221; custom_padding__hover=&#8221;|||&#8221;][et_pb_image src=&#8221;https:\/\/hgfhammel.dk\/loeb\/wp-content\/uploads\/sites\/11\/2018\/11\/HGF003KM13.jpg&#8221; align_tablet=&#8221;center&#8221; align_last_edited=&#8221;on|desktop&#8221; _builder_version=&#8221;3.23&#8243;]<\/p>\n<p>[\/et_pb_image][\/et_pb_column][et_pb_column type=&#8221;1_2&#8243; _builder_version=&#8221;3.17.5&#8243; custom_padding=&#8221;|||&#8221; custom_padding__hover=&#8221;|||&#8221;][et_pb_text _builder_version=&#8221;3.27.4&#8243; width=&#8221;80%&#8221; max_width=&#8221;1180px&#8221;]<\/p>\n<p><a href=\"http:\/\/connect.garmin.com\/activity\/77596432\" target=\"_blank\" rel=\"noopener noreferrer\">13,3 km<\/a><span>\u00a0(Garmin Connect)\u00a0<\/span><\/p>\n<p>&nbsp;<\/p>\n<p>[\/et_pb_text][\/et_pb_column][\/et_pb_row][et_pb_row _builder_version=&#8221;3.25&#8243; column_structure=&#8221;1_2,1_2&#8243;][et_pb_column type=&#8221;1_2&#8243; _builder_version=&#8221;3.17.5&#8243; custom_padding=&#8221;|||&#8221; custom_padding__hover=&#8221;|||&#8221;][et_pb_image src=&#8221;https:\/\/hgfhammel.dk\/loeb\/wp-content\/uploads\/sites\/11\/2018\/11\/HGF003KM09.jpg&#8221; align_tablet=&#8221;center&#8221; align_last_edited=&#8221;on|desktop&#8221; _builder_version=&#8221;3.23&#8243;]<\/p>\n<p>[\/et_pb_image][\/et_pb_column][et_pb_column type=&#8221;1_2&#8243; _builder_version=&#8221;3.17.5&#8243; custom_padding=&#8221;|||&#8221; custom_padding__hover=&#8221;|||&#8221;][et_pb_text _builder_version=&#8221;3.27.4&#8243; width=&#8221;80%&#8221; max_width=&#8221;1180px&#8221;]<\/p>\n<p><a href=\"http:\/\/connect.garmin.com\/activity\/77597351\" target=\"_blank\" rel=\"noopener noreferrer\">9,2 km<span>\u00a0<\/span><\/a><span>(Garmin Connect)<\/span><\/p>\n<p>&nbsp;<\/p>\n<p>[\/et_pb_text][\/et_pb_column][\/et_pb_row][et_pb_row _builder_version=&#8221;3.25&#8243; column_structure=&#8221;1_2,1_2&#8243;][et_pb_column type=&#8221;1_2&#8243; _builder_version=&#8221;3.17.5&#8243; custom_padding=&#8221;|||&#8221; custom_padding__hover=&#8221;|||&#8221;][et_pb_image src=&#8221;https:\/\/hgfhammel.dk\/loeb\/wp-content\/uploads\/sites\/11\/2018\/11\/HGF003KM05.jpg&#8221; align_tablet=&#8221;center&#8221; align_last_edited=&#8221;on|desktop&#8221; _builder_version=&#8221;3.23&#8243;]<\/p>\n<p>[\/et_pb_image][\/et_pb_column][et_pb_column type=&#8221;1_2&#8243; _builder_version=&#8221;3.17.5&#8243; custom_padding=&#8221;|||&#8221; custom_padding__hover=&#8221;|||&#8221;][et_pb_text _builder_version=&#8221;3.27.4&#8243; width=&#8221;80%&#8221; max_width=&#8221;1180px&#8221;]<\/p>\n<p><a href=\"http:\/\/connect.garmin.com\/activity\/77598134\" target=\"_blank\" rel=\"noopener noreferrer\">5,5 km<\/a><span>\u00a0(Garmin Connect)\u00a0<\/span><\/p>\n<p>&nbsp;<\/p>\n<p>[\/et_pb_text][\/et_pb_column][\/et_pb_row][\/et_pb_section][et_pb_section bb_built=&#8221;1&#8243; fullwidth=&#8221;on&#8221; _builder_version=&#8221;3.22&#8243; prev_background_color=&#8221;#000000&#8243;][et_pb_fullwidth_code admin_label=&#8221;Googlemaps&#8221; _builder_version=&#8221;4.5.1&#8243; vertical_offset_tablet=&#8221;0&#8243; horizontal_offset_tablet=&#8221;0&#8243; box_shadow_horizontal_tablet=&#8221;0px&#8221; box_shadow_vertical_tablet=&#8221;0px&#8221; box_shadow_blur_tablet=&#8221;40px&#8221; box_shadow_spread_tablet=&#8221;0px&#8221;]<iframe loading=\"lazy\" src=\"https:\/\/www.google.com\/maps\/embed?pb=!1m18!1m12!1m3!1d2216.0427168496212!2d9.865971680423614!3d56.260043960317496!2m3!1f0!2f0!3f0!3m2!1i1024!2i768!4f13.1!3m3!1m2!1s0x464c0e8189cf8285%3A0x5be75ea14821ae4b!2sHammel%20Idr%C3%A6tscenter!5e0!3m2!1sda!2sdk!4v1597089272812!5m2!1sda!2sdk\" width=\"1600\" height=\"450\" frameborder=\"0\" style=\"border:0;\" allowfullscreen=\"\" aria-hidden=\"false\" tabindex=\"0\"><\/iframe>[\/et_pb_fullwidth_code][\/et_pb_section]<\/p>\n","protected":false},"excerpt":{"rendered":"<p>S\u00f8ndagsrute 3HELE TUREN ER 17,7 KM. VI STARTER TUREN MED AT TAGE DEN KORTESTE VEJ (OVER RANDERSVEJ) TIL PR\u00c6STENS B\u00d8G. DERFRA:FRIJSENBORG SLOT\u00a0DYREHAVE\u00a0NED AD MOTORVEJEN\u00a0NED AF RESTEN AF STENB\u00c6KKEN\u00a0OVER TIL DEN ANDEN SIDE AF ENGEN\u00a0LANGS ENGEN\u00a0OP AD KRAGELUNDVEJ\u00a0DERFRA DEN GAMLE HALVMARATON RUTE TIL P\u00d8T M\u00d8LLE, UNTAGET FORBI GAMMEL SKOVFOGEDG\u00c5RD (200 M NED AF BAKKEN) L\u00d8BER VI [&hellip;]<\/p>\n","protected":false},"author":18,"featured_media":0,"parent":0,"menu_order":0,"comment_status":"closed","ping_status":"closed","template":"","meta":{"_et_pb_use_builder":"on","_et_pb_old_content":"","_et_gb_content_width":""},"yoast_head":"<!-- This site is optimized with the Yoast SEO plugin v20.9 - https:\/\/yoast.com\/wordpress\/plugins\/seo\/ -->\n<title>S\u00f8ndagsrute 3 - L\u00f8b &amp; Motion<\/title>\n<meta name=\"robots\" content=\"index, follow, max-snippet:-1, max-image-preview:large, max-video-preview:-1\" \/>\n<link rel=\"canonical\" href=\"https:\/\/hgfhammel.dk\/loeb\/soendagsrute-3\/\" \/>\n<meta property=\"og:locale\" content=\"da_DK\" \/>\n<meta property=\"og:type\" content=\"article\" \/>\n<meta property=\"og:title\" content=\"S\u00f8ndagsrute 3 - L\u00f8b &amp; Motion\" \/>\n<meta property=\"og:description\" content=\"S\u00f8ndagsrute 3HELE TUREN ER 17,7 KM. VI STARTER TUREN MED AT TAGE DEN KORTESTE VEJ (OVER RANDERSVEJ) TIL PR\u00c6STENS B\u00d8G. DERFRA:FRIJSENBORG SLOT\u00a0DYREHAVE\u00a0NED AD MOTORVEJEN\u00a0NED AF RESTEN AF STENB\u00c6KKEN\u00a0OVER TIL DEN ANDEN SIDE AF ENGEN\u00a0LANGS ENGEN\u00a0OP AD KRAGELUNDVEJ\u00a0DERFRA DEN GAMLE HALVMARATON RUTE TIL P\u00d8T M\u00d8LLE, UNTAGET FORBI GAMMEL SKOVFOGEDG\u00c5RD (200 M NED AF BAKKEN) L\u00d8BER VI [&hellip;]\" \/>\n<meta property=\"og:url\" content=\"https:\/\/hgfhammel.dk\/loeb\/soendagsrute-3\/\" \/>\n<meta property=\"og:site_name\" content=\"L\u00f8b &amp; Motion\" \/>\n<meta property=\"article:modified_time\" content=\"2021-08-26T18:14:34+00:00\" \/>\n<meta name=\"twitter:card\" content=\"summary_large_image\" \/>\n<meta name=\"twitter:label1\" content=\"Estimeret l\u00e6setid\" \/>\n\t<meta name=\"twitter:data1\" content=\"6 minutter\" \/>\n<!-- \/ Yoast SEO plugin. -->","yoast_head_json":{"title":"S\u00f8ndagsrute 3 - L\u00f8b &amp; Motion","robots":{"index":"index","follow":"follow","max-snippet":"max-snippet:-1","max-image-preview":"max-image-preview:large","max-video-preview":"max-video-preview:-1"},"canonical":"https:\/\/hgfhammel.dk\/loeb\/soendagsrute-3\/","og_locale":"da_DK","og_type":"article","og_title":"S\u00f8ndagsrute 3 - L\u00f8b &amp; Motion","og_description":"S\u00f8ndagsrute 3HELE TUREN ER 17,7 KM. VI STARTER TUREN MED AT TAGE DEN KORTESTE VEJ (OVER RANDERSVEJ) TIL PR\u00c6STENS B\u00d8G. DERFRA:FRIJSENBORG SLOT\u00a0DYREHAVE\u00a0NED AD MOTORVEJEN\u00a0NED AF RESTEN AF STENB\u00c6KKEN\u00a0OVER TIL DEN ANDEN SIDE AF ENGEN\u00a0LANGS ENGEN\u00a0OP AD KRAGELUNDVEJ\u00a0DERFRA DEN GAMLE HALVMARATON RUTE TIL P\u00d8T M\u00d8LLE, UNTAGET FORBI GAMMEL SKOVFOGEDG\u00c5RD (200 M NED AF BAKKEN) L\u00d8BER VI [&hellip;]","og_url":"https:\/\/hgfhammel.dk\/loeb\/soendagsrute-3\/","og_site_name":"L\u00f8b &amp; Motion","article_modified_time":"2021-08-26T18:14:34+00:00","twitter_card":"summary_large_image","twitter_misc":{"Estimeret l\u00e6setid":"6 minutter"},"schema":{"@context":"https:\/\/schema.org","@graph":[{"@type":"WebPage","@id":"https:\/\/hgfhammel.dk\/loeb\/soendagsrute-3\/","url":"https:\/\/hgfhammel.dk\/loeb\/soendagsrute-3\/","name":"S\u00f8ndagsrute 3 - L\u00f8b &amp; Motion","isPartOf":{"@id":"https:\/\/hgfhammel.dk\/loeb\/#website"},"datePublished":"2018-11-25T12:41:36+00:00","dateModified":"2021-08-26T18:14:34+00:00","breadcrumb":{"@id":"https:\/\/hgfhammel.dk\/loeb\/soendagsrute-3\/#breadcrumb"},"inLanguage":"da-DK","potentialAction":[{"@type":"ReadAction","target":["https:\/\/hgfhammel.dk\/loeb\/soendagsrute-3\/"]}]},{"@type":"BreadcrumbList","@id":"https:\/\/hgfhammel.dk\/loeb\/soendagsrute-3\/#breadcrumb","itemListElement":[{"@type":"ListItem","position":1,"name":"Hjem","item":"https:\/\/hgfhammel.dk\/loeb\/"},{"@type":"ListItem","position":2,"name":"S\u00f8ndagsrute 3"}]},{"@type":"WebSite","@id":"https:\/\/hgfhammel.dk\/loeb\/#website","url":"https:\/\/hgfhammel.dk\/loeb\/","name":"L\u00f8b &amp; Motion","description":"L\u00f8b &amp; Motion","potentialAction":[{"@type":"SearchAction","target":{"@type":"EntryPoint","urlTemplate":"https:\/\/hgfhammel.dk\/loeb\/?s={search_term_string}"},"query-input":"required name=search_term_string"}],"inLanguage":"da-DK"}]}},"_links":{"self":[{"href":"https:\/\/hgfhammel.dk\/loeb\/wp-json\/wp\/v2\/pages\/1485"}],"collection":[{"href":"https:\/\/hgfhammel.dk\/loeb\/wp-json\/wp\/v2\/pages"}],"about":[{"href":"https:\/\/hgfhammel.dk\/loeb\/wp-json\/wp\/v2\/types\/page"}],"author":[{"embeddable":true,"href":"https:\/\/hgfhammel.dk\/loeb\/wp-json\/wp\/v2\/users\/18"}],"replies":[{"embeddable":true,"href":"https:\/\/hgfhammel.dk\/loeb\/wp-json\/wp\/v2\/comments?post=1485"}],"version-history":[{"count":9,"href":"https:\/\/hgfhammel.dk\/loeb\/wp-json\/wp\/v2\/pages\/1485\/revisions"}],"predecessor-version":[{"id":3670,"href":"https:\/\/hgfhammel.dk\/loeb\/wp-json\/wp\/v2\/pages\/1485\/revisions\/3670"}],"wp:attachment":[{"href":"https:\/\/hgfhammel.dk\/loeb\/wp-json\/wp\/v2\/media?parent=1485"}],"curies":[{"name":"wp","href":"https:\/\/api.w.org\/{rel}","templated":true}]}}