{"id":1617,"date":"2018-11-30T00:43:59","date_gmt":"2018-11-29T23:43:59","guid":{"rendered":"http:\/\/hgfhammel.dk\/loeb\/?page_id=1617"},"modified":"2018-11-30T00:47:39","modified_gmt":"2018-11-29T23:47:39","slug":"soendagsrute-101","status":"publish","type":"page","link":"https:\/\/hgfhammel.dk\/loeb\/soendagsrute-101\/","title":{"rendered":"S\u00f8ndagsrute 101"},"content":{"rendered":"<p>[et_pb_section fb_built=&#8221;1&#8243; _builder_version=&#8221;3.0.47&#8243; custom_padding=&#8221;59px|0px|0|0px|false|false&#8221;][et_pb_row _builder_version=&#8221;3.0.48&#8243; background_size=&#8221;initial&#8221; background_position=&#8221;top_left&#8221; background_repeat=&#8221;repeat&#8221;][et_pb_column type=&#8221;4_4&#8243; _builder_version=&#8221;3.0.47&#8243; parallax=&#8221;off&#8221; parallax_method=&#8221;on&#8221;][et_pb_text admin_label=&#8221;Overskrift med br\u00f8dtekst&#8221; module_class=&#8221;headline_text&#8221; _builder_version=&#8221;3.11.1&#8243; saved_tabs=&#8221;all&#8221;]<\/p>\n<h1>S\u00f8ndagsrute 101<\/h1>\n<p><span>Den lange tur er 10,7 km og f\u00f8lger kanten af Hammel by hele vejen rundt.<\/span><\/p>\n<p><span>Ruterne:<\/span><br \/><a href=\"http:\/\/web.faraway.dk\/phpBB3\/shared\/101\/101_5,7_km.jpg\" target=\"_blank\" rel=\"noopener\">5,7 km<\/a><br \/><a href=\"http:\/\/web.faraway.dk\/phpBB3\/shared\/101\/101_10,7_km.jpg\" target=\"_blank\" rel=\"noopener\">10,7 km<\/a><\/p>\n<p><span><\/span><\/p>\n<p><span>Der l\u00f8bes i 3 fartgrupper, som nogenlunde svarer til:<\/span><br \/><span>Gruppe 1: ca. 5:00 min\/km<\/span><br \/><span>Gruppe 2: ca. 6:00- min\/km<\/span><br \/><span>Gruppe 3: ca. 6:00+ min\/km<\/span><\/p>\n<p><span>Alt afh\u00e6ngig af hvem og hvor mange l\u00f8bere der er. Vi skal sikre os at alle har nogen at l\u00f8be sammen med og at alle finder vejen hjem igen.<\/span><\/p>\n<p><span>God tur!<\/span><\/p>\n<p>[\/et_pb_text][\/et_pb_column][\/et_pb_row][\/et_pb_section][et_pb_section fb_built=&#8221;1&#8243; _builder_version=&#8221;3.17.5&#8243; background_color=&#8221;#ffffff&#8221; custom_padding=&#8221;0|0px|59px|0px|false|false&#8221;][et_pb_row _builder_version=&#8221;3.17.5&#8243;][et_pb_column type=&#8221;1_2&#8243; _builder_version=&#8221;3.17.5&#8243; parallax=&#8221;off&#8221; parallax_method=&#8221;on&#8221;][et_pb_image _builder_version=&#8221;3.17.5&#8243;][\/et_pb_image][\/et_pb_column][et_pb_column type=&#8221;1_2&#8243; _builder_version=&#8221;3.17.5&#8243; parallax=&#8221;off&#8221; parallax_method=&#8221;on&#8221;][et_pb_text _builder_version=&#8221;3.17.5&#8243;]<br \/>\n[\/et_pb_text][\/et_pb_column][\/et_pb_row][et_pb_row _builder_version=&#8221;3.17.5&#8243;][et_pb_column type=&#8221;1_2&#8243; _builder_version=&#8221;3.17.5&#8243; parallax=&#8221;off&#8221; parallax_method=&#8221;on&#8221;][et_pb_image _builder_version=&#8221;3.17.5&#8243;][\/et_pb_image][\/et_pb_column][et_pb_column type=&#8221;1_2&#8243; _builder_version=&#8221;3.17.5&#8243; parallax=&#8221;off&#8221; parallax_method=&#8221;on&#8221;][et_pb_text _builder_version=&#8221;3.17.5&#8243;]<\/p>\n<p>&nbsp;<\/p>\n<p>&nbsp;<\/p>\n<p>[\/et_pb_text][\/et_pb_column][\/et_pb_row][\/et_pb_section][et_pb_section fb_built=&#8221;1&#8243; fullwidth=&#8221;on&#8221; _builder_version=&#8221;3.0.47&#8243;][et_pb_map_fullwidth_extended address=&#8221;Stadionvej 7, 8450 Hammel, Denmark&#8221; zoom_level=&#8221;17&#8243; address_lat=&#8221;56.26173582993552&#8243; address_lng=&#8221;9.87695291534419&#8243; use_grayscale_filter=&#8221;on&#8221; grayscale_filter_amount=&#8221;86&#8243; map_type_control_style=&#8221;DEFAULT&#8221; marker_center=&#8221;off&#8221; infowindow_styles=&#8221;custom_style&#8221; infowindow_radius=&#8221;0px&#8221; infowindow_bg_color=&#8221;#ffffff&#8221; info_window_width=&#8221;300&#8243; info_window=&#8221;on&#8221; bounce_on_click_on_off=&#8221;off&#8221; marker_animation=&#8221;off&#8221; marker_label_bg=&#8221;rgba(80,80,80,0.9)&#8221; marker_clustering_pulse_color=&#8221;rgba(0,140,255,0.4)&#8221; marker_cluster_border_color=&#8221;#ffffff&#8221; map_options=&#8221;2&#8243; map_height_tablet=&#8221;600&#8243; _builder_version=&#8221;3.11.1&#8243; box_shadow_style_infowindow=&#8221;preset1&#8243;][et_pb_map_pin_extended title=&#8221;HGF Hammel&#8221; pin_address=&#8221;Stadionvej 7, 8450 Hammel, Denmark&#8221; pin_address_lat=&#8221;56.261277&#8243; pin_address_lng=&#8221;9.876909999999953&#8243; pin_on_off=&#8221;off&#8221; pin_src=&#8221;http:\/\/hgfhammel.dk\/wp-content\/uploads\/2018\/08\/map_marker.png&#8221; _builder_version=&#8221;3.11.1&#8243; module_font=&#8221;||||||||&#8221; module_font_size_tablet=&#8221;51&#8243; module_font_size_phone=&#8221;51&#8243; module_letter_spacing_tablet=&#8221;50&#8243; module_letter_spacing_phone=&#8221;50&#8243; module_line_height_tablet=&#8221;2&#8243; module_line_height_phone=&#8221;2&#8243;] Stadionvej 7 8450 Hammel Telefon: 61 36 13 11 E-mail:\u00a0info@hgfhammel.dk [\/et_pb_map_pin_extended][\/et_pb_map_fullwidth_extended][\/et_pb_section]<\/p>\n","protected":false},"excerpt":{"rendered":"<p>S\u00f8ndagsrute 101 Den lange tur er 10,7 km og f\u00f8lger kanten af Hammel by hele vejen rundt. Ruterne:5,7 km10,7 km Der l\u00f8bes i 3 fartgrupper, som nogenlunde svarer til:Gruppe 1: ca. 5:00 min\/kmGruppe 2: ca. 6:00- min\/kmGruppe 3: ca. 6:00+ min\/km Alt afh\u00e6ngig af hvem og hvor mange l\u00f8bere der er. Vi skal sikre os [&hellip;]<\/p>\n","protected":false},"author":18,"featured_media":0,"parent":0,"menu_order":0,"comment_status":"closed","ping_status":"closed","template":"","meta":{"_et_pb_use_builder":"on","_et_pb_old_content":"","_et_gb_content_width":""},"yoast_head":"<!-- This site is optimized with the Yoast SEO plugin v20.9 - https:\/\/yoast.com\/wordpress\/plugins\/seo\/ -->\n<title>S\u00f8ndagsrute 101 - L\u00f8b &amp; Motion<\/title>\n<meta name=\"robots\" content=\"index, follow, max-snippet:-1, max-image-preview:large, max-video-preview:-1\" \/>\n<link rel=\"canonical\" href=\"https:\/\/hgfhammel.dk\/loeb\/soendagsrute-101\/\" \/>\n<meta property=\"og:locale\" content=\"da_DK\" \/>\n<meta property=\"og:type\" content=\"article\" \/>\n<meta property=\"og:title\" content=\"S\u00f8ndagsrute 101 - L\u00f8b &amp; Motion\" \/>\n<meta property=\"og:description\" content=\"S\u00f8ndagsrute 101 Den lange tur er 10,7 km og f\u00f8lger kanten af Hammel by hele vejen rundt. Ruterne:5,7 km10,7 km Der l\u00f8bes i 3 fartgrupper, som nogenlunde svarer til:Gruppe 1: ca. 5:00 min\/kmGruppe 2: ca. 6:00- min\/kmGruppe 3: ca. 6:00+ min\/km Alt afh\u00e6ngig af hvem og hvor mange l\u00f8bere der er. Vi skal sikre os [&hellip;]\" \/>\n<meta property=\"og:url\" content=\"https:\/\/hgfhammel.dk\/loeb\/soendagsrute-101\/\" \/>\n<meta property=\"og:site_name\" content=\"L\u00f8b &amp; Motion\" \/>\n<meta property=\"article:modified_time\" content=\"2018-11-29T23:47:39+00:00\" \/>\n<meta name=\"twitter:card\" content=\"summary_large_image\" \/>\n<meta name=\"twitter:label1\" content=\"Estimeret l\u00e6setid\" \/>\n\t<meta name=\"twitter:data1\" content=\"2 minutter\" \/>\n<!-- \/ Yoast SEO plugin. -->","yoast_head_json":{"title":"S\u00f8ndagsrute 101 - L\u00f8b &amp; Motion","robots":{"index":"index","follow":"follow","max-snippet":"max-snippet:-1","max-image-preview":"max-image-preview:large","max-video-preview":"max-video-preview:-1"},"canonical":"https:\/\/hgfhammel.dk\/loeb\/soendagsrute-101\/","og_locale":"da_DK","og_type":"article","og_title":"S\u00f8ndagsrute 101 - L\u00f8b &amp; Motion","og_description":"S\u00f8ndagsrute 101 Den lange tur er 10,7 km og f\u00f8lger kanten af Hammel by hele vejen rundt. Ruterne:5,7 km10,7 km Der l\u00f8bes i 3 fartgrupper, som nogenlunde svarer til:Gruppe 1: ca. 5:00 min\/kmGruppe 2: ca. 6:00- min\/kmGruppe 3: ca. 6:00+ min\/km Alt afh\u00e6ngig af hvem og hvor mange l\u00f8bere der er. Vi skal sikre os [&hellip;]","og_url":"https:\/\/hgfhammel.dk\/loeb\/soendagsrute-101\/","og_site_name":"L\u00f8b &amp; Motion","article_modified_time":"2018-11-29T23:47:39+00:00","twitter_card":"summary_large_image","twitter_misc":{"Estimeret l\u00e6setid":"2 minutter"},"schema":{"@context":"https:\/\/schema.org","@graph":[{"@type":"WebPage","@id":"https:\/\/hgfhammel.dk\/loeb\/soendagsrute-101\/","url":"https:\/\/hgfhammel.dk\/loeb\/soendagsrute-101\/","name":"S\u00f8ndagsrute 101 - L\u00f8b &amp; Motion","isPartOf":{"@id":"https:\/\/hgfhammel.dk\/loeb\/#website"},"datePublished":"2018-11-29T23:43:59+00:00","dateModified":"2018-11-29T23:47:39+00:00","breadcrumb":{"@id":"https:\/\/hgfhammel.dk\/loeb\/soendagsrute-101\/#breadcrumb"},"inLanguage":"da-DK","potentialAction":[{"@type":"ReadAction","target":["https:\/\/hgfhammel.dk\/loeb\/soendagsrute-101\/"]}]},{"@type":"BreadcrumbList","@id":"https:\/\/hgfhammel.dk\/loeb\/soendagsrute-101\/#breadcrumb","itemListElement":[{"@type":"ListItem","position":1,"name":"Hjem","item":"https:\/\/hgfhammel.dk\/loeb\/"},{"@type":"ListItem","position":2,"name":"S\u00f8ndagsrute 101"}]},{"@type":"WebSite","@id":"https:\/\/hgfhammel.dk\/loeb\/#website","url":"https:\/\/hgfhammel.dk\/loeb\/","name":"L\u00f8b &amp; Motion","description":"L\u00f8b &amp; Motion","potentialAction":[{"@type":"SearchAction","target":{"@type":"EntryPoint","urlTemplate":"https:\/\/hgfhammel.dk\/loeb\/?s={search_term_string}"},"query-input":"required name=search_term_string"}],"inLanguage":"da-DK"}]}},"_links":{"self":[{"href":"https:\/\/hgfhammel.dk\/loeb\/wp-json\/wp\/v2\/pages\/1617"}],"collection":[{"href":"https:\/\/hgfhammel.dk\/loeb\/wp-json\/wp\/v2\/pages"}],"about":[{"href":"https:\/\/hgfhammel.dk\/loeb\/wp-json\/wp\/v2\/types\/page"}],"author":[{"embeddable":true,"href":"https:\/\/hgfhammel.dk\/loeb\/wp-json\/wp\/v2\/users\/18"}],"replies":[{"embeddable":true,"href":"https:\/\/hgfhammel.dk\/loeb\/wp-json\/wp\/v2\/comments?post=1617"}],"version-history":[{"count":0,"href":"https:\/\/hgfhammel.dk\/loeb\/wp-json\/wp\/v2\/pages\/1617\/revisions"}],"wp:attachment":[{"href":"https:\/\/hgfhammel.dk\/loeb\/wp-json\/wp\/v2\/media?parent=1617"}],"curies":[{"name":"wp","href":"https:\/\/api.w.org\/{rel}","templated":true}]}}