{"id":1673,"date":"2018-12-13T20:11:54","date_gmt":"2018-12-13T19:11:54","guid":{"rendered":"http:\/\/hgfhammel.dk\/loeb\/?page_id=1673"},"modified":"2018-12-27T00:29:08","modified_gmt":"2018-12-26T23:29:08","slug":"loeb-mellem-jul-og-nytaar","status":"publish","type":"page","link":"https:\/\/hgfhammel.dk\/loeb\/loeb-mellem-jul-og-nytaar\/","title":{"rendered":"L\u00f8b mellem jul og nyt\u00e5r"},"content":{"rendered":"<p>Hvis man gerne vil ud og l\u00f8be med andre mellem jul og nyt\u00e5r, er der muligheder for at m\u00f8des ved Bommen, for enden af Gl. Randersvej og l\u00f8be en tur.<\/p>\n<p>Vi aftaler ture fra dag til dag, alt efter hvem der kommer.<\/p>\n<p>24. dec. kl. 10,00<br \/>\n25. dec. kl. 13,00<br \/>\n26. dec. kl. 13,00<br \/>\n27. dec. kl. 10,00<br \/>\n28. dec. kl. 10,00<br \/>\n29. dec. kl. 10,00<br \/>\n30. dec. kl. 10,30 Fra Klubhuset<br \/>\n31. dec. kl. 10,00<\/p>\n<p>Lars Julius<\/p>\n","protected":false},"excerpt":{"rendered":"<p>Hvis man gerne vil ud og l\u00f8be med andre mellem jul og nyt\u00e5r, er der muligheder for at m\u00f8des ved Bommen, for enden af Gl. Randersvej og l\u00f8be en tur. Vi aftaler ture fra dag til dag, alt efter hvem der kommer. 24. dec. kl. 10,00 25. dec. kl. 13,00 26. dec. kl. 13,00 27. [&hellip;]<\/p>\n","protected":false},"author":18,"featured_media":0,"parent":0,"menu_order":0,"comment_status":"closed","ping_status":"closed","template":"","meta":{"_et_pb_use_builder":"","_et_pb_old_content":"","_et_gb_content_width":""},"yoast_head":"<!-- This site is optimized with the Yoast SEO plugin v20.9 - https:\/\/yoast.com\/wordpress\/plugins\/seo\/ -->\n<title>L\u00f8b mellem jul og nyt\u00e5r - L\u00f8b &amp; Motion<\/title>\n<meta name=\"robots\" content=\"index, follow, max-snippet:-1, max-image-preview:large, max-video-preview:-1\" \/>\n<link rel=\"canonical\" href=\"https:\/\/hgfhammel.dk\/loeb\/loeb-mellem-jul-og-nytaar\/\" \/>\n<meta property=\"og:locale\" content=\"da_DK\" \/>\n<meta property=\"og:type\" content=\"article\" \/>\n<meta property=\"og:title\" content=\"L\u00f8b mellem jul og nyt\u00e5r - L\u00f8b &amp; Motion\" \/>\n<meta property=\"og:description\" content=\"Hvis man gerne vil ud og l\u00f8be med andre mellem jul og nyt\u00e5r, er der muligheder for at m\u00f8des ved Bommen, for enden af Gl. Randersvej og l\u00f8be en tur. Vi aftaler ture fra dag til dag, alt efter hvem der kommer. 24. dec. kl. 10,00 25. dec. kl. 13,00 26. dec. kl. 13,00 27. [&hellip;]\" \/>\n<meta property=\"og:url\" content=\"https:\/\/hgfhammel.dk\/loeb\/loeb-mellem-jul-og-nytaar\/\" \/>\n<meta property=\"og:site_name\" content=\"L\u00f8b &amp; Motion\" \/>\n<meta property=\"article:modified_time\" content=\"2018-12-26T23:29:08+00:00\" \/>\n<meta name=\"twitter:card\" content=\"summary_large_image\" \/>\n<!-- \/ Yoast SEO plugin. -->","yoast_head_json":{"title":"L\u00f8b mellem jul og nyt\u00e5r - L\u00f8b &amp; Motion","robots":{"index":"index","follow":"follow","max-snippet":"max-snippet:-1","max-image-preview":"max-image-preview:large","max-video-preview":"max-video-preview:-1"},"canonical":"https:\/\/hgfhammel.dk\/loeb\/loeb-mellem-jul-og-nytaar\/","og_locale":"da_DK","og_type":"article","og_title":"L\u00f8b mellem jul og nyt\u00e5r - L\u00f8b &amp; Motion","og_description":"Hvis man gerne vil ud og l\u00f8be med andre mellem jul og nyt\u00e5r, er der muligheder for at m\u00f8des ved Bommen, for enden af Gl. Randersvej og l\u00f8be en tur. Vi aftaler ture fra dag til dag, alt efter hvem der kommer. 24. dec. kl. 10,00 25. dec. kl. 13,00 26. dec. kl. 13,00 27. [&hellip;]","og_url":"https:\/\/hgfhammel.dk\/loeb\/loeb-mellem-jul-og-nytaar\/","og_site_name":"L\u00f8b &amp; Motion","article_modified_time":"2018-12-26T23:29:08+00:00","twitter_card":"summary_large_image","schema":{"@context":"https:\/\/schema.org","@graph":[{"@type":"WebPage","@id":"https:\/\/hgfhammel.dk\/loeb\/loeb-mellem-jul-og-nytaar\/","url":"https:\/\/hgfhammel.dk\/loeb\/loeb-mellem-jul-og-nytaar\/","name":"L\u00f8b mellem jul og nyt\u00e5r - L\u00f8b &amp; Motion","isPartOf":{"@id":"https:\/\/hgfhammel.dk\/loeb\/#website"},"datePublished":"2018-12-13T19:11:54+00:00","dateModified":"2018-12-26T23:29:08+00:00","breadcrumb":{"@id":"https:\/\/hgfhammel.dk\/loeb\/loeb-mellem-jul-og-nytaar\/#breadcrumb"},"inLanguage":"da-DK","potentialAction":[{"@type":"ReadAction","target":["https:\/\/hgfhammel.dk\/loeb\/loeb-mellem-jul-og-nytaar\/"]}]},{"@type":"BreadcrumbList","@id":"https:\/\/hgfhammel.dk\/loeb\/loeb-mellem-jul-og-nytaar\/#breadcrumb","itemListElement":[{"@type":"ListItem","position":1,"name":"Hjem","item":"https:\/\/hgfhammel.dk\/loeb\/"},{"@type":"ListItem","position":2,"name":"L\u00f8b mellem jul og nyt\u00e5r"}]},{"@type":"WebSite","@id":"https:\/\/hgfhammel.dk\/loeb\/#website","url":"https:\/\/hgfhammel.dk\/loeb\/","name":"L\u00f8b &amp; Motion","description":"L\u00f8b &amp; Motion","potentialAction":[{"@type":"SearchAction","target":{"@type":"EntryPoint","urlTemplate":"https:\/\/hgfhammel.dk\/loeb\/?s={search_term_string}"},"query-input":"required name=search_term_string"}],"inLanguage":"da-DK"}]}},"_links":{"self":[{"href":"https:\/\/hgfhammel.dk\/loeb\/wp-json\/wp\/v2\/pages\/1673"}],"collection":[{"href":"https:\/\/hgfhammel.dk\/loeb\/wp-json\/wp\/v2\/pages"}],"about":[{"href":"https:\/\/hgfhammel.dk\/loeb\/wp-json\/wp\/v2\/types\/page"}],"author":[{"embeddable":true,"href":"https:\/\/hgfhammel.dk\/loeb\/wp-json\/wp\/v2\/users\/18"}],"replies":[{"embeddable":true,"href":"https:\/\/hgfhammel.dk\/loeb\/wp-json\/wp\/v2\/comments?post=1673"}],"version-history":[{"count":0,"href":"https:\/\/hgfhammel.dk\/loeb\/wp-json\/wp\/v2\/pages\/1673\/revisions"}],"wp:attachment":[{"href":"https:\/\/hgfhammel.dk\/loeb\/wp-json\/wp\/v2\/media?parent=1673"}],"curies":[{"name":"wp","href":"https:\/\/api.w.org\/{rel}","templated":true}]}}