{"id":4223,"date":"2023-04-07T08:16:11","date_gmt":"2023-04-07T06:16:11","guid":{"rendered":"https:\/\/hgfhammel.dk\/loeb\/?page_id=4223"},"modified":"2023-04-07T08:16:11","modified_gmt":"2023-04-07T06:16:11","slug":"begyndertraening","status":"publish","type":"page","link":"https:\/\/hgfhammel.dk\/loeb\/begyndertraening\/","title":{"rendered":"Begyndertr\u00e6ning"},"content":{"rendered":"<p><b>Vil du kunne l\u00f8be 5 km om 10 uger?<\/b><\/p>\n<p><span style=\"font-weight: 400;\">S\u00e5 nu er chancen der for at komme godt i gang, og ikke mindst at holde ved tr\u00e6ningen. Begynderholdet har f\u00f8rste f\u00e6lles tr\u00e6ning onsdag den 12. april, men for at f\u00e5 en bl\u00f8d opstart og for at alle kan v\u00e6re med, gentages f\u00f8rste uges program ugen efter, alts\u00e5 onsdag den 19. april. Begge uger m\u00f8des holdet og starter fra Hammel Idr\u00e6tscenter, Thorsvej 6.\u00a0<\/span><\/p>\n<p><span style=\"font-weight: 400;\">Holdet henvender sig til alle som gerne vil opleve eller genfinde l\u00f8begl\u00e6den sammen med andre. Du skal ikke v\u00e6re i l\u00f8beform for at v\u00e6re med. Der kr\u00e6ves ingen l\u00f8beerfaring, og der ventes altid p\u00e5 de sidste. Det vigtigste p\u00e5 begynderholdet er, at du f\u00e5r en en succesoplevelse og en positiv og motiverende start p\u00e5 l\u00f8berlivet.<\/span><\/p>\n<p><span style=\"font-weight: 400;\">I l\u00f8bet af de 10 uger tr\u00e6ningsforl\u00f8bet varer, bygges formen stille og roligt op, s\u00e5 tr\u00e6ningen g\u00e5r fra 4 x 2 minutters l\u00f8b og 3 minutters gang, til efter 10 uger, at kunne gennemf\u00f8re 5 km l\u00f8b.<\/span><\/p>\n<p><span style=\"font-weight: 400;\">Der er mulighed for f\u00e6llestr\u00e6ning hver onsdag kl. 17.30 fra Hammel Idr\u00e6tscenter og s\u00f8ndage kl. 10.30 fra HGFs klubhus p\u00e5 Stadionvej 7 i Hammel. For at f\u00e5r det fulde udbytte af forl\u00f8bet, l\u00e6gges der op til at du derudover tr\u00e6ner derhjemme en gange i ugen. Derfor f\u00e5r du et tr\u00e6ningsprogram med hjem, s\u00e5 du selv kan passe din \u201chjemmetr\u00e6ning\u201d ind i din hverdag.<\/span><\/p>\n","protected":false},"excerpt":{"rendered":"<p>Vil du kunne l\u00f8be 5 km om 10 uger? S\u00e5 nu er chancen der for at komme godt i gang, og ikke mindst at holde ved tr\u00e6ningen. Begynderholdet har f\u00f8rste f\u00e6lles tr\u00e6ning onsdag den 12. april, men for at f\u00e5 en bl\u00f8d opstart og for at alle kan v\u00e6re med, gentages f\u00f8rste uges program ugen [&hellip;]<\/p>\n","protected":false},"author":59,"featured_media":0,"parent":0,"menu_order":0,"comment_status":"closed","ping_status":"closed","template":"","meta":{"_et_pb_use_builder":"","_et_pb_old_content":"","_et_gb_content_width":""},"yoast_head":"<!-- This site is optimized with the Yoast SEO plugin v20.9 - https:\/\/yoast.com\/wordpress\/plugins\/seo\/ -->\n<title>Begyndertr\u00e6ning - L\u00f8b &amp; Motion<\/title>\n<meta name=\"robots\" content=\"index, follow, max-snippet:-1, max-image-preview:large, max-video-preview:-1\" \/>\n<link rel=\"canonical\" href=\"https:\/\/hgfhammel.dk\/loeb\/begyndertraening\/\" \/>\n<meta property=\"og:locale\" content=\"da_DK\" \/>\n<meta property=\"og:type\" content=\"article\" \/>\n<meta property=\"og:title\" content=\"Begyndertr\u00e6ning - L\u00f8b &amp; Motion\" \/>\n<meta property=\"og:description\" content=\"Vil du kunne l\u00f8be 5 km om 10 uger? S\u00e5 nu er chancen der for at komme godt i gang, og ikke mindst at holde ved tr\u00e6ningen. Begynderholdet har f\u00f8rste f\u00e6lles tr\u00e6ning onsdag den 12. april, men for at f\u00e5 en bl\u00f8d opstart og for at alle kan v\u00e6re med, gentages f\u00f8rste uges program ugen [&hellip;]\" \/>\n<meta property=\"og:url\" content=\"https:\/\/hgfhammel.dk\/loeb\/begyndertraening\/\" \/>\n<meta property=\"og:site_name\" content=\"L\u00f8b &amp; Motion\" \/>\n<meta name=\"twitter:card\" content=\"summary_large_image\" \/>\n<meta name=\"twitter:label1\" content=\"Estimeret l\u00e6setid\" \/>\n\t<meta name=\"twitter:data1\" content=\"2 minutter\" \/>\n<!-- \/ Yoast SEO plugin. -->","yoast_head_json":{"title":"Begyndertr\u00e6ning - L\u00f8b &amp; Motion","robots":{"index":"index","follow":"follow","max-snippet":"max-snippet:-1","max-image-preview":"max-image-preview:large","max-video-preview":"max-video-preview:-1"},"canonical":"https:\/\/hgfhammel.dk\/loeb\/begyndertraening\/","og_locale":"da_DK","og_type":"article","og_title":"Begyndertr\u00e6ning - L\u00f8b &amp; Motion","og_description":"Vil du kunne l\u00f8be 5 km om 10 uger? S\u00e5 nu er chancen der for at komme godt i gang, og ikke mindst at holde ved tr\u00e6ningen. Begynderholdet har f\u00f8rste f\u00e6lles tr\u00e6ning onsdag den 12. april, men for at f\u00e5 en bl\u00f8d opstart og for at alle kan v\u00e6re med, gentages f\u00f8rste uges program ugen [&hellip;]","og_url":"https:\/\/hgfhammel.dk\/loeb\/begyndertraening\/","og_site_name":"L\u00f8b &amp; Motion","twitter_card":"summary_large_image","twitter_misc":{"Estimeret l\u00e6setid":"2 minutter"},"schema":{"@context":"https:\/\/schema.org","@graph":[{"@type":"WebPage","@id":"https:\/\/hgfhammel.dk\/loeb\/begyndertraening\/","url":"https:\/\/hgfhammel.dk\/loeb\/begyndertraening\/","name":"Begyndertr\u00e6ning - L\u00f8b &amp; Motion","isPartOf":{"@id":"https:\/\/hgfhammel.dk\/loeb\/#website"},"datePublished":"2023-04-07T06:16:11+00:00","dateModified":"2023-04-07T06:16:11+00:00","breadcrumb":{"@id":"https:\/\/hgfhammel.dk\/loeb\/begyndertraening\/#breadcrumb"},"inLanguage":"da-DK","potentialAction":[{"@type":"ReadAction","target":["https:\/\/hgfhammel.dk\/loeb\/begyndertraening\/"]}]},{"@type":"BreadcrumbList","@id":"https:\/\/hgfhammel.dk\/loeb\/begyndertraening\/#breadcrumb","itemListElement":[{"@type":"ListItem","position":1,"name":"Hjem","item":"https:\/\/hgfhammel.dk\/loeb\/"},{"@type":"ListItem","position":2,"name":"Begyndertr\u00e6ning"}]},{"@type":"WebSite","@id":"https:\/\/hgfhammel.dk\/loeb\/#website","url":"https:\/\/hgfhammel.dk\/loeb\/","name":"L\u00f8b &amp; Motion","description":"L\u00f8b &amp; Motion","potentialAction":[{"@type":"SearchAction","target":{"@type":"EntryPoint","urlTemplate":"https:\/\/hgfhammel.dk\/loeb\/?s={search_term_string}"},"query-input":"required name=search_term_string"}],"inLanguage":"da-DK"}]}},"_links":{"self":[{"href":"https:\/\/hgfhammel.dk\/loeb\/wp-json\/wp\/v2\/pages\/4223"}],"collection":[{"href":"https:\/\/hgfhammel.dk\/loeb\/wp-json\/wp\/v2\/pages"}],"about":[{"href":"https:\/\/hgfhammel.dk\/loeb\/wp-json\/wp\/v2\/types\/page"}],"author":[{"embeddable":true,"href":"https:\/\/hgfhammel.dk\/loeb\/wp-json\/wp\/v2\/users\/59"}],"replies":[{"embeddable":true,"href":"https:\/\/hgfhammel.dk\/loeb\/wp-json\/wp\/v2\/comments?post=4223"}],"version-history":[{"count":1,"href":"https:\/\/hgfhammel.dk\/loeb\/wp-json\/wp\/v2\/pages\/4223\/revisions"}],"predecessor-version":[{"id":4224,"href":"https:\/\/hgfhammel.dk\/loeb\/wp-json\/wp\/v2\/pages\/4223\/revisions\/4224"}],"wp:attachment":[{"href":"https:\/\/hgfhammel.dk\/loeb\/wp-json\/wp\/v2\/media?parent=4223"}],"curies":[{"name":"wp","href":"https:\/\/api.w.org\/{rel}","templated":true}]}}