{"id":501,"date":"2018-09-27T11:09:13","date_gmt":"2018-09-27T09:09:13","guid":{"rendered":"http:\/\/hgfhammel.dk\/loeb\/?page_id=501"},"modified":"2024-12-22T18:03:18","modified_gmt":"2024-12-22T17:03:18","slug":"klubtoej","status":"publish","type":"page","link":"https:\/\/hgfhammel.dk\/loeb\/klubtoej\/","title":{"rendered":"Klubt\u00f8j"},"content":{"rendered":"<p>[et_pb_section fb_built=&#8221;1&#8243; _builder_version=&#8221;4.16&#8243; global_colors_info=&#8221;{}&#8221;][et_pb_row _builder_version=&#8221;4.16&#8243; background_size=&#8221;initial&#8221; background_position=&#8221;top_left&#8221; background_repeat=&#8221;repeat&#8221; global_colors_info=&#8221;{}&#8221;][et_pb_column type=&#8221;4_4&#8243; _builder_version=&#8221;4.16&#8243; custom_padding=&#8221;|||&#8221; global_colors_info=&#8221;{}&#8221; custom_padding__hover=&#8221;|||&#8221;][et_pb_image src=&#8221;https:\/\/hgfhammel.dk\/loeb\/wp-content\/uploads\/sites\/11\/2024\/12\/Klubtoej-2024.jpg&#8221; title_text=&#8221;Klubt\u00f8j 2024&#8243; disabled_on=&#8221;off|off|off&#8221; _builder_version=&#8221;4.21.0&#8243; hover_enabled=&#8221;0&#8243; z_index_tablet=&#8221;500&#8243; box_shadow_horizontal_tablet=&#8221;0px&#8221; box_shadow_vertical_tablet=&#8221;0px&#8221; box_shadow_blur_tablet=&#8221;40px&#8221; box_shadow_spread_tablet=&#8221;0px&#8221; global_colors_info=&#8221;{}&#8221; sticky_enabled=&#8221;0&#8243;][\/et_pb_image][et_pb_image src=&#8221;https:\/\/hgfhammel.dk\/loeb\/wp-content\/uploads\/sites\/11\/2024\/12\/Klubtoej-20241.jpg&#8221; title_text=&#8221;Klubt\u00f8j 20241&#8243; _builder_version=&#8221;4.21.0&#8243; _module_preset=&#8221;default&#8221; hover_enabled=&#8221;0&#8243; global_colors_info=&#8221;{}&#8221; sticky_enabled=&#8221;0&#8243;][\/et_pb_image][et_pb_text _builder_version=&#8221;4.21.0&#8243; _module_preset=&#8221;default&#8221; global_colors_info=&#8221;{}&#8221;]<\/p>\n<p>Sp\u00f8rgsm\u00e5l og bestilling af klubt\u00f8j kontakt Torben M\u00f8ller : <a href=\"mailto:torbenhgf@gmail.com\">torbenhgf@gmail.com<\/a><\/p>\n<p>[\/et_pb_text][\/et_pb_column][\/et_pb_row][\/et_pb_section]<\/p>\n","protected":false},"excerpt":{"rendered":"<p>Sp\u00f8rgsm\u00e5l og bestilling af klubt\u00f8j kontakt Torben M\u00f8ller : torbenhgf@gmail.com<\/p>\n","protected":false},"author":18,"featured_media":2577,"parent":0,"menu_order":0,"comment_status":"closed","ping_status":"closed","template":"","meta":{"_et_pb_use_builder":"on","_et_pb_old_content":"<p><a href=\"https:\/\/hgfhammel.dk\/loeb\/wp-content\/uploads\/sites\/11\/2019\/09\/IMG_0374.jpg\"><img class=\"alignleft size-thumbnail wp-image-2577\" src=\"https:\/\/hgfhammel.dk\/loeb\/wp-content\/uploads\/sites\/11\/2019\/09\/IMG_0374-150x150.jpg\" alt=\"\" width=\"150\" height=\"150\" \/><\/a><\/p><p>\u00a0<\/p><p>\u00a0<\/p>","_et_gb_content_width":""},"yoast_head":"<!-- This site is optimized with the Yoast SEO plugin v20.9 - https:\/\/yoast.com\/wordpress\/plugins\/seo\/ -->\n<title>Klubt\u00f8j - L\u00f8b &amp; Motion<\/title>\n<meta name=\"robots\" content=\"index, follow, max-snippet:-1, max-image-preview:large, max-video-preview:-1\" \/>\n<link rel=\"canonical\" href=\"https:\/\/hgfhammel.dk\/loeb\/klubtoej\/\" \/>\n<meta property=\"og:locale\" content=\"da_DK\" \/>\n<meta property=\"og:type\" content=\"article\" \/>\n<meta property=\"og:title\" content=\"Klubt\u00f8j - L\u00f8b &amp; Motion\" \/>\n<meta property=\"og:description\" content=\"Sp\u00f8rgsm\u00e5l og bestilling af klubt\u00f8j kontakt Torben M\u00f8ller : torbenhgf@gmail.com\" \/>\n<meta property=\"og:url\" content=\"https:\/\/hgfhammel.dk\/loeb\/klubtoej\/\" \/>\n<meta property=\"og:site_name\" content=\"L\u00f8b &amp; Motion\" \/>\n<meta property=\"article:modified_time\" content=\"2024-12-22T17:03:18+00:00\" \/>\n<meta property=\"og:image\" content=\"https:\/\/hgfhammel.dk\/loeb\/wp-content\/uploads\/sites\/11\/2019\/09\/IMG_0374.jpg\" \/>\n\t<meta property=\"og:image:width\" content=\"1536\" \/>\n\t<meta property=\"og:image:height\" content=\"2172\" \/>\n\t<meta property=\"og:image:type\" content=\"image\/jpeg\" \/>\n<meta name=\"twitter:card\" content=\"summary_large_image\" \/>\n<meta name=\"twitter:label1\" content=\"Estimeret l\u00e6setid\" \/>\n\t<meta name=\"twitter:data1\" content=\"1 minut\" \/>\n<!-- \/ Yoast SEO plugin. -->","yoast_head_json":{"title":"Klubt\u00f8j - L\u00f8b &amp; Motion","robots":{"index":"index","follow":"follow","max-snippet":"max-snippet:-1","max-image-preview":"max-image-preview:large","max-video-preview":"max-video-preview:-1"},"canonical":"https:\/\/hgfhammel.dk\/loeb\/klubtoej\/","og_locale":"da_DK","og_type":"article","og_title":"Klubt\u00f8j - L\u00f8b &amp; Motion","og_description":"Sp\u00f8rgsm\u00e5l og bestilling af klubt\u00f8j kontakt Torben M\u00f8ller : torbenhgf@gmail.com","og_url":"https:\/\/hgfhammel.dk\/loeb\/klubtoej\/","og_site_name":"L\u00f8b &amp; Motion","article_modified_time":"2024-12-22T17:03:18+00:00","og_image":[{"width":1536,"height":2172,"url":"https:\/\/hgfhammel.dk\/loeb\/wp-content\/uploads\/sites\/11\/2019\/09\/IMG_0374.jpg","type":"image\/jpeg"}],"twitter_card":"summary_large_image","twitter_misc":{"Estimeret l\u00e6setid":"1 minut"},"schema":{"@context":"https:\/\/schema.org","@graph":[{"@type":"WebPage","@id":"https:\/\/hgfhammel.dk\/loeb\/klubtoej\/","url":"https:\/\/hgfhammel.dk\/loeb\/klubtoej\/","name":"Klubt\u00f8j - L\u00f8b &amp; Motion","isPartOf":{"@id":"https:\/\/hgfhammel.dk\/loeb\/#website"},"datePublished":"2018-09-27T09:09:13+00:00","dateModified":"2024-12-22T17:03:18+00:00","breadcrumb":{"@id":"https:\/\/hgfhammel.dk\/loeb\/klubtoej\/#breadcrumb"},"inLanguage":"da-DK","potentialAction":[{"@type":"ReadAction","target":["https:\/\/hgfhammel.dk\/loeb\/klubtoej\/"]}]},{"@type":"BreadcrumbList","@id":"https:\/\/hgfhammel.dk\/loeb\/klubtoej\/#breadcrumb","itemListElement":[{"@type":"ListItem","position":1,"name":"Hjem","item":"https:\/\/hgfhammel.dk\/loeb\/"},{"@type":"ListItem","position":2,"name":"Klubt\u00f8j"}]},{"@type":"WebSite","@id":"https:\/\/hgfhammel.dk\/loeb\/#website","url":"https:\/\/hgfhammel.dk\/loeb\/","name":"L\u00f8b &amp; Motion","description":"L\u00f8b &amp; Motion","potentialAction":[{"@type":"SearchAction","target":{"@type":"EntryPoint","urlTemplate":"https:\/\/hgfhammel.dk\/loeb\/?s={search_term_string}"},"query-input":"required name=search_term_string"}],"inLanguage":"da-DK"}]}},"_links":{"self":[{"href":"https:\/\/hgfhammel.dk\/loeb\/wp-json\/wp\/v2\/pages\/501"}],"collection":[{"href":"https:\/\/hgfhammel.dk\/loeb\/wp-json\/wp\/v2\/pages"}],"about":[{"href":"https:\/\/hgfhammel.dk\/loeb\/wp-json\/wp\/v2\/types\/page"}],"author":[{"embeddable":true,"href":"https:\/\/hgfhammel.dk\/loeb\/wp-json\/wp\/v2\/users\/18"}],"replies":[{"embeddable":true,"href":"https:\/\/hgfhammel.dk\/loeb\/wp-json\/wp\/v2\/comments?post=501"}],"version-history":[{"count":8,"href":"https:\/\/hgfhammel.dk\/loeb\/wp-json\/wp\/v2\/pages\/501\/revisions"}],"predecessor-version":[{"id":5004,"href":"https:\/\/hgfhammel.dk\/loeb\/wp-json\/wp\/v2\/pages\/501\/revisions\/5004"}],"wp:featuredmedia":[{"embeddable":true,"href":"https:\/\/hgfhammel.dk\/loeb\/wp-json\/wp\/v2\/media\/2577"}],"wp:attachment":[{"href":"https:\/\/hgfhammel.dk\/loeb\/wp-json\/wp\/v2\/media?parent=501"}],"curies":[{"name":"wp","href":"https:\/\/api.w.org\/{rel}","templated":true}]}}