{"id":518,"date":"2018-09-27T11:18:38","date_gmt":"2018-09-27T09:18:38","guid":{"rendered":"http:\/\/hgfhammel.dk\/loeb\/?page_id=518"},"modified":"2024-12-12T17:34:40","modified_gmt":"2024-12-12T16:34:40","slug":"skriv-til-hjemmesiden","status":"publish","type":"page","link":"https:\/\/hgfhammel.dk\/loeb\/skriv-til-hjemmesiden\/","title":{"rendered":"Skriv til hjemmesiden"},"content":{"rendered":"<p>&nbsp;<\/p>\n<p>Har du deltaget i et l\u00f8b, eller har rettelser til div. ranglister, da send en mail til: <a href=\"mailto: pedersen.h@icloud.com\">Henrik Pedersen<\/a><\/p>\n<p>Du m\u00e5 rigtig gerne sende billede med n\u00e5r der skal l\u00e6gges nyheder p\u00e5 hjemmesiden.<\/p>\n<p>&nbsp;<\/p>\n","protected":false},"excerpt":{"rendered":"<p>&nbsp; Har du deltaget i et l\u00f8b, eller har rettelser til div. ranglister, da send en mail til: Henrik Pedersen Du m\u00e5 rigtig gerne sende billede med n\u00e5r der skal l\u00e6gges nyheder p\u00e5 hjemmesiden. &nbsp;<\/p>\n","protected":false},"author":18,"featured_media":0,"parent":0,"menu_order":0,"comment_status":"closed","ping_status":"closed","template":"","meta":{"_et_pb_use_builder":"","_et_pb_old_content":"","_et_gb_content_width":""},"yoast_head":"<!-- This site is optimized with the Yoast SEO plugin v20.9 - https:\/\/yoast.com\/wordpress\/plugins\/seo\/ -->\n<title>Skriv til hjemmesiden - L\u00f8b &amp; Motion<\/title>\n<meta name=\"robots\" content=\"index, follow, max-snippet:-1, max-image-preview:large, max-video-preview:-1\" \/>\n<link rel=\"canonical\" href=\"https:\/\/hgfhammel.dk\/loeb\/skriv-til-hjemmesiden\/\" \/>\n<meta property=\"og:locale\" content=\"da_DK\" \/>\n<meta property=\"og:type\" content=\"article\" \/>\n<meta property=\"og:title\" content=\"Skriv til hjemmesiden - L\u00f8b &amp; Motion\" \/>\n<meta property=\"og:description\" content=\"&nbsp; Har du deltaget i et l\u00f8b, eller har rettelser til div. ranglister, da send en mail til: Henrik Pedersen Du m\u00e5 rigtig gerne sende billede med n\u00e5r der skal l\u00e6gges nyheder p\u00e5 hjemmesiden. &nbsp;\" \/>\n<meta property=\"og:url\" content=\"https:\/\/hgfhammel.dk\/loeb\/skriv-til-hjemmesiden\/\" \/>\n<meta property=\"og:site_name\" content=\"L\u00f8b &amp; Motion\" \/>\n<meta property=\"article:modified_time\" content=\"2024-12-12T16:34:40+00:00\" \/>\n<meta name=\"twitter:card\" content=\"summary_large_image\" \/>\n<meta name=\"twitter:label1\" content=\"Estimeret l\u00e6setid\" \/>\n\t<meta name=\"twitter:data1\" content=\"1 minut\" \/>\n<!-- \/ Yoast SEO plugin. -->","yoast_head_json":{"title":"Skriv til hjemmesiden - L\u00f8b &amp; Motion","robots":{"index":"index","follow":"follow","max-snippet":"max-snippet:-1","max-image-preview":"max-image-preview:large","max-video-preview":"max-video-preview:-1"},"canonical":"https:\/\/hgfhammel.dk\/loeb\/skriv-til-hjemmesiden\/","og_locale":"da_DK","og_type":"article","og_title":"Skriv til hjemmesiden - L\u00f8b &amp; Motion","og_description":"&nbsp; Har du deltaget i et l\u00f8b, eller har rettelser til div. ranglister, da send en mail til: Henrik Pedersen Du m\u00e5 rigtig gerne sende billede med n\u00e5r der skal l\u00e6gges nyheder p\u00e5 hjemmesiden. &nbsp;","og_url":"https:\/\/hgfhammel.dk\/loeb\/skriv-til-hjemmesiden\/","og_site_name":"L\u00f8b &amp; Motion","article_modified_time":"2024-12-12T16:34:40+00:00","twitter_card":"summary_large_image","twitter_misc":{"Estimeret l\u00e6setid":"1 minut"},"schema":{"@context":"https:\/\/schema.org","@graph":[{"@type":"WebPage","@id":"https:\/\/hgfhammel.dk\/loeb\/skriv-til-hjemmesiden\/","url":"https:\/\/hgfhammel.dk\/loeb\/skriv-til-hjemmesiden\/","name":"Skriv til hjemmesiden - L\u00f8b &amp; Motion","isPartOf":{"@id":"https:\/\/hgfhammel.dk\/loeb\/#website"},"datePublished":"2018-09-27T09:18:38+00:00","dateModified":"2024-12-12T16:34:40+00:00","breadcrumb":{"@id":"https:\/\/hgfhammel.dk\/loeb\/skriv-til-hjemmesiden\/#breadcrumb"},"inLanguage":"da-DK","potentialAction":[{"@type":"ReadAction","target":["https:\/\/hgfhammel.dk\/loeb\/skriv-til-hjemmesiden\/"]}]},{"@type":"BreadcrumbList","@id":"https:\/\/hgfhammel.dk\/loeb\/skriv-til-hjemmesiden\/#breadcrumb","itemListElement":[{"@type":"ListItem","position":1,"name":"Hjem","item":"https:\/\/hgfhammel.dk\/loeb\/"},{"@type":"ListItem","position":2,"name":"Skriv til hjemmesiden"}]},{"@type":"WebSite","@id":"https:\/\/hgfhammel.dk\/loeb\/#website","url":"https:\/\/hgfhammel.dk\/loeb\/","name":"L\u00f8b &amp; Motion","description":"L\u00f8b &amp; Motion","potentialAction":[{"@type":"SearchAction","target":{"@type":"EntryPoint","urlTemplate":"https:\/\/hgfhammel.dk\/loeb\/?s={search_term_string}"},"query-input":"required name=search_term_string"}],"inLanguage":"da-DK"}]}},"_links":{"self":[{"href":"https:\/\/hgfhammel.dk\/loeb\/wp-json\/wp\/v2\/pages\/518"}],"collection":[{"href":"https:\/\/hgfhammel.dk\/loeb\/wp-json\/wp\/v2\/pages"}],"about":[{"href":"https:\/\/hgfhammel.dk\/loeb\/wp-json\/wp\/v2\/types\/page"}],"author":[{"embeddable":true,"href":"https:\/\/hgfhammel.dk\/loeb\/wp-json\/wp\/v2\/users\/18"}],"replies":[{"embeddable":true,"href":"https:\/\/hgfhammel.dk\/loeb\/wp-json\/wp\/v2\/comments?post=518"}],"version-history":[{"count":7,"href":"https:\/\/hgfhammel.dk\/loeb\/wp-json\/wp\/v2\/pages\/518\/revisions"}],"predecessor-version":[{"id":4965,"href":"https:\/\/hgfhammel.dk\/loeb\/wp-json\/wp\/v2\/pages\/518\/revisions\/4965"}],"wp:attachment":[{"href":"https:\/\/hgfhammel.dk\/loeb\/wp-json\/wp\/v2\/media?parent=518"}],"curies":[{"name":"wp","href":"https:\/\/api.w.org\/{rel}","templated":true}]}}