{"id":526,"date":"2018-09-27T11:22:20","date_gmt":"2018-09-27T09:22:20","guid":{"rendered":"http:\/\/hgfhammel.dk\/loeb\/?page_id=526"},"modified":"2024-02-04T16:40:19","modified_gmt":"2024-02-04T15:40:19","slug":"gratis-loeb-2020","status":"publish","type":"page","link":"https:\/\/hgfhammel.dk\/loeb\/gratis-loeb-2020\/","title":{"rendered":"Klub l\u00f8b"},"content":{"rendered":"<p>[et_pb_section fb_built=&#8221;1&#8243; _builder_version=&#8221;4.21.0&#8243; max_width_tablet=&#8221;&#8221; max_width_phone=&#8221;1%&#8221; max_width_last_edited=&#8221;on|phone&#8221; module_alignment=&#8221;left&#8221; link_option_url=&#8221;https:\/\/hgfhammel.dk\/loeb\/gratis-loeb-2020\/&#8221; global_colors_info=&#8221;{}&#8221;][et_pb_row use_custom_gutter=&#8221;on&#8221; make_equal=&#8221;on&#8221; disabled_on=&#8221;off|off|off&#8221; _builder_version=&#8221;4.16&#8243; background_size=&#8221;initial&#8221; background_position=&#8221;top_left&#8221; background_repeat=&#8221;repeat&#8221; max_width=&#8221;873px&#8221; module_alignment=&#8221;left&#8221; link_option_url=&#8221;https:\/\/hgfhammel.dk\/loeb\/gratis-loeb-2020\/&#8221; use_custom_width=&#8221;on&#8221; custom_width_px=&#8221;873px&#8221; global_colors_info=&#8221;{}&#8221;][et_pb_column type=&#8221;4_4&#8243; _builder_version=&#8221;4.16&#8243; custom_padding=&#8221;|||&#8221; link_option_url=&#8221;https:\/\/hgfhammel.dk\/loeb\/gratis-loeb-2020\/&#8221; global_colors_info=&#8221;{}&#8221; custom_padding__hover=&#8221;|||&#8221;][et_pb_text _builder_version=&#8221;4.21.0&#8243; background_size=&#8221;initial&#8221; background_position=&#8221;top_left&#8221; background_repeat=&#8221;repeat&#8221; vertical_offset_tablet=&#8221;0&#8243; horizontal_offset_tablet=&#8221;0&#8243; max_width_tablet=&#8221;50px&#8221; max_width_phone=&#8221;24%&#8221; max_width_last_edited=&#8221;on|phone&#8221; link_option_url=&#8221;https:\/\/hgfhammel.dk\/loeb\/Klub l\u00f8b 2024\/&#8221; z_index_tablet=&#8221;500&#8243; text_text_shadow_horizontal_length_tablet=&#8221;0px&#8221; text_text_shadow_vertical_length_tablet=&#8221;0px&#8221; text_text_shadow_blur_strength_tablet=&#8221;1px&#8221; link_text_shadow_horizontal_length_tablet=&#8221;0px&#8221; link_text_shadow_vertical_length_tablet=&#8221;0px&#8221; link_text_shadow_blur_strength_tablet=&#8221;1px&#8221; ul_text_shadow_horizontal_length_tablet=&#8221;0px&#8221; ul_text_shadow_vertical_length_tablet=&#8221;0px&#8221; ul_text_shadow_blur_strength_tablet=&#8221;1px&#8221; ol_text_shadow_horizontal_length_tablet=&#8221;0px&#8221; ol_text_shadow_vertical_length_tablet=&#8221;0px&#8221; ol_text_shadow_blur_strength_tablet=&#8221;1px&#8221; quote_text_shadow_horizontal_length_tablet=&#8221;0px&#8221; quote_text_shadow_vertical_length_tablet=&#8221;0px&#8221; quote_text_shadow_blur_strength_tablet=&#8221;1px&#8221; header_text_shadow_horizontal_length_tablet=&#8221;0px&#8221; header_text_shadow_vertical_length_tablet=&#8221;0px&#8221; header_text_shadow_blur_strength_tablet=&#8221;1px&#8221; header_2_text_shadow_horizontal_length_tablet=&#8221;0px&#8221; header_2_text_shadow_vertical_length_tablet=&#8221;0px&#8221; header_2_text_shadow_blur_strength_tablet=&#8221;1px&#8221; header_3_text_shadow_horizontal_length_tablet=&#8221;0px&#8221; header_3_text_shadow_vertical_length_tablet=&#8221;0px&#8221; header_3_text_shadow_blur_strength_tablet=&#8221;1px&#8221; header_4_text_shadow_horizontal_length_tablet=&#8221;0px&#8221; header_4_text_shadow_vertical_length_tablet=&#8221;0px&#8221; header_4_text_shadow_blur_strength_tablet=&#8221;1px&#8221; header_5_text_shadow_horizontal_length_tablet=&#8221;0px&#8221; header_5_text_shadow_vertical_length_tablet=&#8221;0px&#8221; header_5_text_shadow_blur_strength_tablet=&#8221;1px&#8221; header_6_text_shadow_horizontal_length_tablet=&#8221;0px&#8221; header_6_text_shadow_vertical_length_tablet=&#8221;0px&#8221; header_6_text_shadow_blur_strength_tablet=&#8221;1px&#8221; box_shadow_horizontal_tablet=&#8221;0px&#8221; box_shadow_vertical_tablet=&#8221;0px&#8221; box_shadow_blur_tablet=&#8221;40px&#8221; box_shadow_spread_tablet=&#8221;0px&#8221; global_colors_info=&#8221;{}&#8221;]<\/p>\n<table style=\"height: 340px; width: 99.7302%;\" width=\"1109\">\n<tbody>\n<tr>\n<td style=\"width: 98.6175%;\" colspan=\"4\"><strong>Klub l\u00f8b 2024<\/strong><\/td>\n<\/tr>\n<tr>\n<td style=\"width: 10.2535%;\"><strong>Dato<\/strong><\/td>\n<td style=\"width: 40.553%;\"><strong>Arrangement<\/strong><\/td>\n<td style=\"width: 32.6037%;\"><strong>Distance<\/strong><\/td>\n<td style=\"width: 15.2074%;\"><strong>link<\/strong><\/td>\n<\/tr>\n<tr>\n<td style=\"width: 10.2535%;\">14.04.24<\/td>\n<td style=\"width: 40.553%;\">Skv\u00e6t skovl\u00f8bet<\/td>\n<td style=\"width: 32.6037%;\">7,5 kuperet terr\u00e6n<\/td>\n<td style=\"width: 15.2074%;\">\u00a0<\/td>\n<\/tr>\n<tr>\n<td style=\"width: 10.2535%;\">\u00a0<\/td>\n<td style=\"width: 40.553%;\">\u00a0<\/td>\n<td style=\"width: 32.6037%;\">\u00a0<\/td>\n<td style=\"width: 15.2074%;\">\u00a0<\/td>\n<\/tr>\n<tr>\n<td style=\"width: 10.2535%;\">\u00a0<\/td>\n<td style=\"width: 40.553%;\">\u00a0<\/td>\n<td style=\"width: 32.6037%;\">\u00a0<\/td>\n<td style=\"width: 15.2074%;\">\u00a0<\/td>\n<\/tr>\n<\/tbody>\n<\/table>\n<p>&nbsp;<\/p>\n<p>HUSK, at det er et krav ,at du stiller op i din r\u00f8de HGF tr\u00f8je til alle gratis l\u00f8b.<\/p>\n<p>[\/et_pb_text][\/et_pb_column][\/et_pb_row][\/et_pb_section]<\/p>\n","protected":false},"excerpt":{"rendered":"<p>Klub l\u00f8b 2024 Dato Arrangement Distance link 14.04.24 Skv\u00e6t skovl\u00f8bet 7,5 kuperet terr\u00e6n \u00a0 \u00a0 \u00a0 \u00a0 \u00a0 \u00a0 \u00a0 \u00a0 \u00a0 &nbsp; HUSK, at det er et krav ,at du stiller op i din r\u00f8de HGF tr\u00f8je til alle gratis l\u00f8b.<\/p>\n","protected":false},"author":18,"featured_media":0,"parent":0,"menu_order":0,"comment_status":"closed","ping_status":"closed","template":"","meta":{"_et_pb_use_builder":"on","_et_pb_old_content":"<table style=\"height: 340px; width: 99.7302%;\" width=\"1109\"><tbody><tr><td colspan=\"4\"><strong>Gratis l\u00f8b 2018<\/strong><\/td><\/tr><tr><td><strong>Dato<\/strong><\/td><td><strong>Arrangement<\/strong><\/td><td><strong>Distance<\/strong><\/td><td><strong>link<\/strong><\/td><\/tr><tr><td>08.04.18<\/td><td>Skv\u00e6t Skov L\u00f8bet<\/td><td>7,5 km<\/td><td><a href=\"http:\/\/skanderborglobeklub.dk\/loeb\/skaevt-skovloeb\/\">Link<\/a><\/td><\/tr><tr><td>02.06.18<\/td><td>Silkeborgl\u00f8bet<\/td><td>5,4 - 11,6 - 17,0 km<\/td><td><a href=\"http:\/\/www.silkeborgloebet.dk\/news.php?readmore=17\">Link<\/a><\/td><\/tr><tr><td>07.06.18<\/td><td>Jyske Bank L\u00f8bet<\/td><td>4 - 8 km<\/td><td><a href=\"https:\/\/hinneruploberne.dk\/cms\/ShowContentPage.aspx?ContentPageID=16\">Link<\/a><\/td><\/tr><tr><td>18.08.18<\/td><td>Hjerl Hede Naturl\u00f8b<\/td><td>5,4 - 11,5 - 21,1 - 42,2 km<\/td><td><a href=\"http:\/\/www.hjerlhedenaturlob.dk\/\">Link<\/a><\/td><\/tr><tr><td>15.09.18<\/td><td>Molsl\u00f8bet<\/td><td>4,2 - 6,0 - 44,0 - 21,1 - 42,2 km<\/td><td><a href=\"http:\/\/molslobet.dk\/\">Link<\/a><\/td><\/tr><tr><td>28.10.18<\/td><td>Himmelbjergl\u00f8bet<\/td><td>9,6 - 15,1 km\u00a028.10.18<\/td><td><a href=\"http:\/\/www.silkeborgif.dk\/category\/himmelbjerglobet\/\">Link<\/a><\/td><\/tr><tr><td>\u00a0<\/td><td>\u00a0<\/td><td>\u00a0<\/td><td>\u00a0<\/td><\/tr><\/tbody><\/table><p>\u00a0<\/p>","_et_gb_content_width":""},"yoast_head":"<!-- This site is optimized with the Yoast SEO plugin v20.9 - https:\/\/yoast.com\/wordpress\/plugins\/seo\/ -->\n<title>Klub l\u00f8b - L\u00f8b &amp; Motion<\/title>\n<meta name=\"robots\" content=\"index, follow, max-snippet:-1, max-image-preview:large, max-video-preview:-1\" \/>\n<link rel=\"canonical\" href=\"https:\/\/hgfhammel.dk\/loeb\/gratis-loeb-2020\/\" \/>\n<meta property=\"og:locale\" content=\"da_DK\" \/>\n<meta property=\"og:type\" content=\"article\" \/>\n<meta property=\"og:title\" content=\"Klub l\u00f8b - L\u00f8b &amp; Motion\" \/>\n<meta property=\"og:description\" content=\"Klub l\u00f8b 2024 Dato Arrangement Distance link 14.04.24 Skv\u00e6t skovl\u00f8bet 7,5 kuperet terr\u00e6n \u00a0 \u00a0 \u00a0 \u00a0 \u00a0 \u00a0 \u00a0 \u00a0 \u00a0 &nbsp; HUSK, at det er et krav ,at du stiller op i din r\u00f8de HGF tr\u00f8je til alle gratis l\u00f8b.\" \/>\n<meta property=\"og:url\" content=\"https:\/\/hgfhammel.dk\/loeb\/gratis-loeb-2020\/\" \/>\n<meta property=\"og:site_name\" content=\"L\u00f8b &amp; Motion\" \/>\n<meta property=\"article:modified_time\" content=\"2024-02-04T15:40:19+00:00\" \/>\n<meta name=\"twitter:card\" content=\"summary_large_image\" \/>\n<meta name=\"twitter:label1\" content=\"Estimeret l\u00e6setid\" \/>\n\t<meta name=\"twitter:data1\" content=\"1 minut\" \/>\n<!-- \/ Yoast SEO plugin. -->","yoast_head_json":{"title":"Klub l\u00f8b - L\u00f8b &amp; Motion","robots":{"index":"index","follow":"follow","max-snippet":"max-snippet:-1","max-image-preview":"max-image-preview:large","max-video-preview":"max-video-preview:-1"},"canonical":"https:\/\/hgfhammel.dk\/loeb\/gratis-loeb-2020\/","og_locale":"da_DK","og_type":"article","og_title":"Klub l\u00f8b - L\u00f8b &amp; Motion","og_description":"Klub l\u00f8b 2024 Dato Arrangement Distance link 14.04.24 Skv\u00e6t skovl\u00f8bet 7,5 kuperet terr\u00e6n \u00a0 \u00a0 \u00a0 \u00a0 \u00a0 \u00a0 \u00a0 \u00a0 \u00a0 &nbsp; HUSK, at det er et krav ,at du stiller op i din r\u00f8de HGF tr\u00f8je til alle gratis l\u00f8b.","og_url":"https:\/\/hgfhammel.dk\/loeb\/gratis-loeb-2020\/","og_site_name":"L\u00f8b &amp; Motion","article_modified_time":"2024-02-04T15:40:19+00:00","twitter_card":"summary_large_image","twitter_misc":{"Estimeret l\u00e6setid":"1 minut"},"schema":{"@context":"https:\/\/schema.org","@graph":[{"@type":"WebPage","@id":"https:\/\/hgfhammel.dk\/loeb\/gratis-loeb-2020\/","url":"https:\/\/hgfhammel.dk\/loeb\/gratis-loeb-2020\/","name":"Klub l\u00f8b - L\u00f8b &amp; Motion","isPartOf":{"@id":"https:\/\/hgfhammel.dk\/loeb\/#website"},"datePublished":"2018-09-27T09:22:20+00:00","dateModified":"2024-02-04T15:40:19+00:00","breadcrumb":{"@id":"https:\/\/hgfhammel.dk\/loeb\/gratis-loeb-2020\/#breadcrumb"},"inLanguage":"da-DK","potentialAction":[{"@type":"ReadAction","target":["https:\/\/hgfhammel.dk\/loeb\/gratis-loeb-2020\/"]}]},{"@type":"BreadcrumbList","@id":"https:\/\/hgfhammel.dk\/loeb\/gratis-loeb-2020\/#breadcrumb","itemListElement":[{"@type":"ListItem","position":1,"name":"Hjem","item":"https:\/\/hgfhammel.dk\/loeb\/"},{"@type":"ListItem","position":2,"name":"Klub l\u00f8b"}]},{"@type":"WebSite","@id":"https:\/\/hgfhammel.dk\/loeb\/#website","url":"https:\/\/hgfhammel.dk\/loeb\/","name":"L\u00f8b &amp; Motion","description":"L\u00f8b &amp; Motion","potentialAction":[{"@type":"SearchAction","target":{"@type":"EntryPoint","urlTemplate":"https:\/\/hgfhammel.dk\/loeb\/?s={search_term_string}"},"query-input":"required name=search_term_string"}],"inLanguage":"da-DK"}]}},"_links":{"self":[{"href":"https:\/\/hgfhammel.dk\/loeb\/wp-json\/wp\/v2\/pages\/526"}],"collection":[{"href":"https:\/\/hgfhammel.dk\/loeb\/wp-json\/wp\/v2\/pages"}],"about":[{"href":"https:\/\/hgfhammel.dk\/loeb\/wp-json\/wp\/v2\/types\/page"}],"author":[{"embeddable":true,"href":"https:\/\/hgfhammel.dk\/loeb\/wp-json\/wp\/v2\/users\/18"}],"replies":[{"embeddable":true,"href":"https:\/\/hgfhammel.dk\/loeb\/wp-json\/wp\/v2\/comments?post=526"}],"version-history":[{"count":20,"href":"https:\/\/hgfhammel.dk\/loeb\/wp-json\/wp\/v2\/pages\/526\/revisions"}],"predecessor-version":[{"id":4429,"href":"https:\/\/hgfhammel.dk\/loeb\/wp-json\/wp\/v2\/pages\/526\/revisions\/4429"}],"wp:attachment":[{"href":"https:\/\/hgfhammel.dk\/loeb\/wp-json\/wp\/v2\/media?parent=526"}],"curies":[{"name":"wp","href":"https:\/\/api.w.org\/{rel}","templated":true}]}}