{"id":791,"date":"2018-10-14T11:14:25","date_gmt":"2018-10-14T09:14:25","guid":{"rendered":"http:\/\/hgfhammel.dk\/loeb\/?page_id=791"},"modified":"2024-01-28T16:21:57","modified_gmt":"2024-01-28T15:21:57","slug":"traeningstider","status":"publish","type":"page","link":"https:\/\/hgfhammel.dk\/loeb\/traeningstider\/","title":{"rendered":"Tr\u00e6ningstider"},"content":{"rendered":"<p>[et_pb_section fb_built=&#8221;1&#8243; _builder_version=&#8221;4.16&#8243; global_colors_info=&#8221;{}&#8221;][et_pb_row _builder_version=&#8221;4.16&#8243; background_size=&#8221;initial&#8221; background_position=&#8221;top_left&#8221; background_repeat=&#8221;repeat&#8221; global_colors_info=&#8221;{}&#8221;][et_pb_column type=&#8221;4_4&#8243; _builder_version=&#8221;4.16&#8243; custom_padding=&#8221;|||&#8221; global_colors_info=&#8221;{}&#8221; custom_padding__hover=&#8221;|||&#8221;][et_pb_text admin_label=&#8221;Overskrift med br\u00f8dtekst&#8221; module_class=&#8221;headline_text&#8221; _builder_version=&#8221;4.16&#8243; background_size=&#8221;initial&#8221; background_position=&#8221;top_left&#8221; background_repeat=&#8221;repeat&#8221; saved_tabs=&#8221;all&#8221; global_colors_info=&#8221;{}&#8221;]<\/p>\n<h1>Tr\u00e6ningstider<\/h1>\n<p>[\/et_pb_text][et_pb_text _builder_version=&#8221;4.21.0&#8243; hover_enabled=&#8221;0&#8243; global_colors_info=&#8221;{}&#8221; sticky_enabled=&#8221;0&#8243;]<\/p>\n<table>\n<tbody>\n<tr>\n<td><strong>Tidspunkt<\/strong><\/td>\n<td><strong>M \/U tr\u00e6ner<\/strong><\/td>\n<td><strong>Startsted<\/strong><\/td>\n<\/tr>\n<tr>\n<td>Tirsdag kl 17:30<\/td>\n<td>Med tr\u00e6ner<\/td>\n<td>Hammel Idr\u00e6tscenter<\/td>\n<\/tr>\n<tr>\n<td>Onsdag kl 17:30<\/td>\n<td>Med tr\u00e6ner<\/td>\n<td>Hammel Idr\u00e6tscenter<\/td>\n<\/tr>\n<tr>\n<td>S\u00f8ndag kl 10:00<\/td>\n<td>Uden tr\u00e6ner<\/td>\n<td>Klubhuset, Stadionvej 7<\/td>\n<\/tr>\n<\/tbody>\n<\/table>\n<p>[\/et_pb_text][\/et_pb_column][\/et_pb_row][\/et_pb_section][et_pb_section fb_built=&#8221;1&#8243; fullwidth=&#8221;on&#8221; _builder_version=&#8221;4.16&#8243; global_colors_info=&#8221;{}&#8221;][et_pb_fullwidth_code admin_label=&#8221;Googlemaps&#8221; _builder_version=&#8221;4.16&#8243; vertical_offset_tablet=&#8221;0&#8243; horizontal_offset_tablet=&#8221;0&#8243; box_shadow_horizontal_tablet=&#8221;0px&#8221; box_shadow_vertical_tablet=&#8221;0px&#8221; box_shadow_blur_tablet=&#8221;40px&#8221; box_shadow_spread_tablet=&#8221;0px&#8221; global_colors_info=&#8221;{}&#8221;]<iframe loading=\"lazy\" src=\"https:\/\/www.google.com\/maps\/embed?pb=!1m18!1m12!1m3!1d2216.0427168496212!2d9.865971680423614!3d56.260043960317496!2m3!1f0!2f0!3f0!3m2!1i1024!2i768!4f13.1!3m3!1m2!1s0x464c0e8189cf8285%3A0x5be75ea14821ae4b!2sHammel%20Idr%C3%A6tscenter!5e0!3m2!1sda!2sdk!4v1597089272812!5m2!1sda!2sdk\" width=\"1600\" height=\"450\" frameborder=\"0\" style=\"border:0;\" allowfullscreen=\"\" aria-hidden=\"false\" tabindex=\"0\"><\/iframe>[\/et_pb_fullwidth_code][\/et_pb_section]<\/p>\n","protected":false},"excerpt":{"rendered":"<p>Tr\u00e6ningstider Tidspunkt M \/U tr\u00e6ner Startsted Tirsdag kl 17:30 Med tr\u00e6ner Hammel Idr\u00e6tscenter Onsdag kl 17:30 Med tr\u00e6ner Hammel Idr\u00e6tscenter S\u00f8ndag kl 10:00 Uden tr\u00e6ner Klubhuset, Stadionvej 7<\/p>\n","protected":false},"author":18,"featured_media":0,"parent":0,"menu_order":0,"comment_status":"closed","ping_status":"closed","template":"","meta":{"_et_pb_use_builder":"on","_et_pb_old_content":"<table border=\"0\" width=\"100%\" cellpadding=\"3\">\r\n<tbody>\r\n<tr>\r\n<td class=\"dlBankRow\" colspan=\"3\" valign=\"top\" bgcolor=\"#4a6698\">\r\n<p class=\"dlBankRow\" align=\"left\"><span style=\"color: #ffffff\">\u00a0<strong>TR\u00c6NINGSTIDER\u00a0\u00a0<\/strong><\/span><\/p>\r\n<\/td>\r\n<\/tr>\r\n<tr>\r\n<td class=\"dlBankRowAlt\" valign=\"top\"><strong>Tidspunkt\u00a0<\/strong><\/td>\r\n<td class=\"dlBankRowAlt\" valign=\"top\"><strong>M \/ U tr\u00e6nere<\/strong><\/td>\r\n<td class=\"dlBankRowAlt\" valign=\"top\"><strong>Startsted<\/strong><\/td>\r\n<\/tr>\r\n<tr>\r\n<td class=\"dlBankRow\" valign=\"top\"><\/td>\r\n<td class=\"dlBankRow\" valign=\"top\"><\/td>\r\n<td class=\"dlBankRow\" valign=\"top\"><\/td>\r\n<\/tr>\r\n<tr>\r\n<td class=\"dlBankRowAlt\" valign=\"top\">Tirsdag kl. 17.30<\/td>\r\n<td class=\"dlBankRowAlt\" valign=\"top\">Med\u00a0tr\u00e6ner<\/td>\r\n<td class=\"dlBankRowAlt\">Hammel idr\u00e6tscenter<\/td>\r\n<\/tr>\r\n<tr>\r\n<td class=\"dlBankRow\" valign=\"top\"><\/td>\r\n<td class=\"dlBankRow\" valign=\"top\"><\/td>\r\n<td class=\"dlBankRow\" valign=\"top\"><\/td>\r\n<\/tr>\r\n<tr>\r\n<td class=\"dlBankRowAlt\" valign=\"top\">Onsdag kl. 17.30<\/td>\r\n<td class=\"dlBankRowAlt\" valign=\"top\">Med tr\u00e6ner<\/td>\r\n<td class=\"dlBankRowAlt\">Hammel Idr\u00e6tscenter<\/td>\r\n<\/tr>\r\n<tr>\r\n<td><\/td>\r\n<td><\/td>\r\n<td><\/td>\r\n<\/tr>\r\n<tr>\r\n<td class=\"dlBankRowAlt\" valign=\"top\">S\u00f8ndag kl. 10.30<\/td>\r\n<td class=\"dlBankRowAlt\" valign=\"top\">Uden\u00a0tr\u00e6ner<\/td>\r\n<td class=\"dlBankRowAlt\">Klubhuset<\/td>\r\n<\/tr>\r\n<tr>\r\n<td><\/td>\r\n<td><\/td>\r\n<td><\/td>\r\n<\/tr>\r\n<\/tbody>\r\n<\/table>\r\n<br \/>","_et_gb_content_width":""},"yoast_head":"<!-- This site is optimized with the Yoast SEO plugin v20.9 - https:\/\/yoast.com\/wordpress\/plugins\/seo\/ -->\n<title>Tr\u00e6ningstider - L\u00f8b &amp; Motion<\/title>\n<meta name=\"robots\" content=\"index, follow, max-snippet:-1, max-image-preview:large, max-video-preview:-1\" \/>\n<link rel=\"canonical\" href=\"https:\/\/hgfhammel.dk\/loeb\/traeningstider\/\" \/>\n<meta property=\"og:locale\" content=\"da_DK\" \/>\n<meta property=\"og:type\" content=\"article\" \/>\n<meta property=\"og:title\" content=\"Tr\u00e6ningstider - L\u00f8b &amp; Motion\" \/>\n<meta property=\"og:description\" content=\"Tr\u00e6ningstider Tidspunkt M \/U tr\u00e6ner Startsted Tirsdag kl 17:30 Med tr\u00e6ner Hammel Idr\u00e6tscenter Onsdag kl 17:30 Med tr\u00e6ner Hammel Idr\u00e6tscenter S\u00f8ndag kl 10:00 Uden tr\u00e6ner Klubhuset, Stadionvej 7\" \/>\n<meta property=\"og:url\" content=\"https:\/\/hgfhammel.dk\/loeb\/traeningstider\/\" \/>\n<meta property=\"og:site_name\" content=\"L\u00f8b &amp; Motion\" \/>\n<meta property=\"article:modified_time\" content=\"2024-01-28T15:21:57+00:00\" \/>\n<meta name=\"twitter:card\" content=\"summary_large_image\" \/>\n<meta name=\"twitter:label1\" content=\"Estimeret l\u00e6setid\" \/>\n\t<meta name=\"twitter:data1\" content=\"1 minut\" \/>\n<!-- \/ Yoast SEO plugin. -->","yoast_head_json":{"title":"Tr\u00e6ningstider - L\u00f8b &amp; Motion","robots":{"index":"index","follow":"follow","max-snippet":"max-snippet:-1","max-image-preview":"max-image-preview:large","max-video-preview":"max-video-preview:-1"},"canonical":"https:\/\/hgfhammel.dk\/loeb\/traeningstider\/","og_locale":"da_DK","og_type":"article","og_title":"Tr\u00e6ningstider - L\u00f8b &amp; Motion","og_description":"Tr\u00e6ningstider Tidspunkt M \/U tr\u00e6ner Startsted Tirsdag kl 17:30 Med tr\u00e6ner Hammel Idr\u00e6tscenter Onsdag kl 17:30 Med tr\u00e6ner Hammel Idr\u00e6tscenter S\u00f8ndag kl 10:00 Uden tr\u00e6ner Klubhuset, Stadionvej 7","og_url":"https:\/\/hgfhammel.dk\/loeb\/traeningstider\/","og_site_name":"L\u00f8b &amp; Motion","article_modified_time":"2024-01-28T15:21:57+00:00","twitter_card":"summary_large_image","twitter_misc":{"Estimeret l\u00e6setid":"1 minut"},"schema":{"@context":"https:\/\/schema.org","@graph":[{"@type":"WebPage","@id":"https:\/\/hgfhammel.dk\/loeb\/traeningstider\/","url":"https:\/\/hgfhammel.dk\/loeb\/traeningstider\/","name":"Tr\u00e6ningstider - L\u00f8b &amp; Motion","isPartOf":{"@id":"https:\/\/hgfhammel.dk\/loeb\/#website"},"datePublished":"2018-10-14T09:14:25+00:00","dateModified":"2024-01-28T15:21:57+00:00","breadcrumb":{"@id":"https:\/\/hgfhammel.dk\/loeb\/traeningstider\/#breadcrumb"},"inLanguage":"da-DK","potentialAction":[{"@type":"ReadAction","target":["https:\/\/hgfhammel.dk\/loeb\/traeningstider\/"]}]},{"@type":"BreadcrumbList","@id":"https:\/\/hgfhammel.dk\/loeb\/traeningstider\/#breadcrumb","itemListElement":[{"@type":"ListItem","position":1,"name":"Hjem","item":"https:\/\/hgfhammel.dk\/loeb\/"},{"@type":"ListItem","position":2,"name":"Tr\u00e6ningstider"}]},{"@type":"WebSite","@id":"https:\/\/hgfhammel.dk\/loeb\/#website","url":"https:\/\/hgfhammel.dk\/loeb\/","name":"L\u00f8b &amp; Motion","description":"L\u00f8b &amp; Motion","potentialAction":[{"@type":"SearchAction","target":{"@type":"EntryPoint","urlTemplate":"https:\/\/hgfhammel.dk\/loeb\/?s={search_term_string}"},"query-input":"required name=search_term_string"}],"inLanguage":"da-DK"}]}},"_links":{"self":[{"href":"https:\/\/hgfhammel.dk\/loeb\/wp-json\/wp\/v2\/pages\/791"}],"collection":[{"href":"https:\/\/hgfhammel.dk\/loeb\/wp-json\/wp\/v2\/pages"}],"about":[{"href":"https:\/\/hgfhammel.dk\/loeb\/wp-json\/wp\/v2\/types\/page"}],"author":[{"embeddable":true,"href":"https:\/\/hgfhammel.dk\/loeb\/wp-json\/wp\/v2\/users\/18"}],"replies":[{"embeddable":true,"href":"https:\/\/hgfhammel.dk\/loeb\/wp-json\/wp\/v2\/comments?post=791"}],"version-history":[{"count":2,"href":"https:\/\/hgfhammel.dk\/loeb\/wp-json\/wp\/v2\/pages\/791\/revisions"}],"predecessor-version":[{"id":4383,"href":"https:\/\/hgfhammel.dk\/loeb\/wp-json\/wp\/v2\/pages\/791\/revisions\/4383"}],"wp:attachment":[{"href":"https:\/\/hgfhammel.dk\/loeb\/wp-json\/wp\/v2\/media?parent=791"}],"curies":[{"name":"wp","href":"https:\/\/api.w.org\/{rel}","templated":true}]}}