{"id":794,"date":"2018-10-14T11:59:17","date_gmt":"2018-10-14T09:59:17","guid":{"rendered":"http:\/\/hgfhammel.dk\/loeb\/?page_id=794"},"modified":"2024-01-28T16:16:15","modified_gmt":"2024-01-28T15:16:15","slug":"saesonstart","status":"publish","type":"page","link":"https:\/\/hgfhammel.dk\/loeb\/saesonstart\/","title":{"rendered":"S\u00e6sonstart"},"content":{"rendered":"<p>[et_pb_section fb_built=&#8221;1&#8243; admin_label=&#8221;section&#8221; _builder_version=&#8221;4.16&#8243; custom_padding=&#8221;59px|0px|0|0px|false|false&#8221; global_colors_info=&#8221;{}&#8221;][et_pb_row admin_label=&#8221;row&#8221; _builder_version=&#8221;4.16&#8243; background_size=&#8221;initial&#8221; background_position=&#8221;top_left&#8221; background_repeat=&#8221;repeat&#8221; custom_padding=&#8221;29px|0px|0|0px|false|false&#8221; global_colors_info=&#8221;{}&#8221;][et_pb_column type=&#8221;4_4&#8243; _builder_version=&#8221;4.16&#8243; custom_padding=&#8221;|||&#8221; global_colors_info=&#8221;{}&#8221; custom_padding__hover=&#8221;|||&#8221;][et_pb_text disabled_on=&#8221;on|on|on&#8221; admin_label=&#8221;Text&#8221; _builder_version=&#8221;4.21.0&#8243; background_size=&#8221;initial&#8221; background_position=&#8221;top_left&#8221; background_repeat=&#8221;repeat&#8221; hover_enabled=&#8221;0&#8243; disabled=&#8221;on&#8221; global_colors_info=&#8221;{}&#8221; sticky_enabled=&#8221;0&#8243;]<\/p>\n<div class=\"page\" title=\"Page 1\">\n<div class=\"layoutArea\">\n<div class=\"column\">\n<h1>Sa\u030a skal l\u00f8beskoene sn\u00f8res<\/h1>\n<div class=\"page\" title=\"Page 1\">\u00a0<\/div>\n<p>&nbsp;<\/p>\n<\/div>\n<\/div>\n<\/div>\n<p>[\/et_pb_text][\/et_pb_column][\/et_pb_row][\/et_pb_section][et_pb_section fb_built=&#8221;1&#8243; _builder_version=&#8221;4.16&#8243; custom_padding=&#8221;0|0px|59px|0px|false|false&#8221; global_colors_info=&#8221;{}&#8221;][et_pb_row _builder_version=&#8221;4.16&#8243; custom_padding=&#8221;0|0px|29px|0px|false|false&#8221; hover_enabled=&#8221;0&#8243; global_colors_info=&#8221;{}&#8221; sticky_enabled=&#8221;0&#8243;][et_pb_column type=&#8221;4_4&#8243; _builder_version=&#8221;4.16&#8243; custom_padding=&#8221;|||&#8221; global_colors_info=&#8221;{}&#8221; custom_padding__hover=&#8221;|||&#8221;][et_pb_text disabled_on=&#8221;on|on|on&#8221; _builder_version=&#8221;4.21.0&#8243; hover_enabled=&#8221;0&#8243; z_index_tablet=&#8221;500&#8243; text_text_shadow_horizontal_length_tablet=&#8221;0px&#8221; text_text_shadow_vertical_length_tablet=&#8221;0px&#8221; text_text_shadow_blur_strength_tablet=&#8221;1px&#8221; link_text_shadow_horizontal_length_tablet=&#8221;0px&#8221; link_text_shadow_vertical_length_tablet=&#8221;0px&#8221; link_text_shadow_blur_strength_tablet=&#8221;1px&#8221; ul_text_shadow_horizontal_length_tablet=&#8221;0px&#8221; ul_text_shadow_vertical_length_tablet=&#8221;0px&#8221; ul_text_shadow_blur_strength_tablet=&#8221;1px&#8221; ol_text_shadow_horizontal_length_tablet=&#8221;0px&#8221; ol_text_shadow_vertical_length_tablet=&#8221;0px&#8221; ol_text_shadow_blur_strength_tablet=&#8221;1px&#8221; quote_text_shadow_horizontal_length_tablet=&#8221;0px&#8221; quote_text_shadow_vertical_length_tablet=&#8221;0px&#8221; quote_text_shadow_blur_strength_tablet=&#8221;1px&#8221; header_text_shadow_horizontal_length_tablet=&#8221;0px&#8221; header_text_shadow_vertical_length_tablet=&#8221;0px&#8221; header_text_shadow_blur_strength_tablet=&#8221;1px&#8221; header_2_text_shadow_horizontal_length_tablet=&#8221;0px&#8221; header_2_text_shadow_vertical_length_tablet=&#8221;0px&#8221; header_2_text_shadow_blur_strength_tablet=&#8221;1px&#8221; header_3_text_shadow_horizontal_length_tablet=&#8221;0px&#8221; header_3_text_shadow_vertical_length_tablet=&#8221;0px&#8221; header_3_text_shadow_blur_strength_tablet=&#8221;1px&#8221; header_4_text_shadow_horizontal_length_tablet=&#8221;0px&#8221; header_4_text_shadow_vertical_length_tablet=&#8221;0px&#8221; header_4_text_shadow_blur_strength_tablet=&#8221;1px&#8221; header_5_text_shadow_horizontal_length_tablet=&#8221;0px&#8221; header_5_text_shadow_vertical_length_tablet=&#8221;0px&#8221; header_5_text_shadow_blur_strength_tablet=&#8221;1px&#8221; header_6_text_shadow_horizontal_length_tablet=&#8221;0px&#8221; header_6_text_shadow_vertical_length_tablet=&#8221;0px&#8221; header_6_text_shadow_blur_strength_tablet=&#8221;1px&#8221; box_shadow_horizontal_tablet=&#8221;0px&#8221; box_shadow_vertical_tablet=&#8221;0px&#8221; box_shadow_blur_tablet=&#8221;40px&#8221; box_shadow_spread_tablet=&#8221;0px&#8221; disabled=&#8221;on&#8221; global_colors_info=&#8221;{}&#8221; sticky_enabled=&#8221;0&#8243;]<\/p>\n<h3><strong>L\u00f8b &amp; Motion er klar til den nye s\u00e6son<\/strong><strong style=\"font-size: 18px;\"><br \/>onsdag den 3. april 2024 kl. 17:30<\/strong><strong><br \/><\/strong><\/h3>\n<p><strong>Hammel Idr\u00e6tscenter (HIC), Thorsvej 4<\/strong><\/p>\n<p>Derefter er der f\u00e6lles l\u00f8betr\u00e6ning f\u00f8lgende dage:<br \/>\u2022 Tirsdage kl. 17.30 (Kvalitetstr\u00e6ning, ca. 10 km, hurtigt tempo) \u2022 Onsdage kl. 17.30<br \/>\u2022 S\u00f8ndage kl. 10.00<\/p>\n<p>Tirsdag og onsdag forega\u030ar tr\u00e6ningen fra HIC. S\u00f8ndag er tr\u00e6ningen fra Klubhuset pa\u030a Stadionvej 7, hvor der er f\u00e6lles the\/kaffe efter l\u00f8betr\u00e6ningen.<\/p>\n<p>I a\u030ar kan vi desv\u00e6rre ikke starte l\u00f8beskole op i fora\u030aret. Vi mangler pt. uddannede tr\u00e6nere, men ha\u030aber pa\u030a at starte et hold op efter sommerferien.<\/p>\n<p>Men det betyder ikke, at du som pa\u030at\u00e6nker at starte i l\u00f8beklubben, skal vente til efter sommer. Der er i l\u00f8beklubben mange l\u00f8bere pa\u030a vidt forskellige niveauer, og der vil altid v\u00e6re nogen, man kan l\u00f8be med.<\/p>\n<p>Vi vil ogsa\u030a g\u00f8re alt for at der i de enkelte l\u00f8begrupper er en slags tovholder\/holdleder, som ved hvor og hvor langt gruppen l\u00f8ber pa\u030a dagen. Vi plejer ogsa\u030a at indl\u00e6gge pitstop\/pauser, na\u030ar der er behov, sa\u030a alle kan f\u00f8lge med. Specielt s\u00f8ndag, som vi kalder sociall\u00f8b, f\u00f8lges man ad i grupper og kommer samlet hjem til den f\u00e6lles hygge med the\/kaffe i klubhuset.<\/p>\n<p>Sa\u030a pa\u030at\u00e6nker du at starte i l\u00f8beklubben, skal du v\u00e6re mere end velkommen. Kom ned og l\u00f8b med nogle gange, hvorefter du kan beslutte dig for at melde dig ind i l\u00f8beklubben. Medlemskab koster kun kr. 249,- for et helt a\u030ar. For det fa\u030ar du blandt andet hyggeligt samv\u00e6r med flinke og rare motionister, gratis deltagelse i flere motionsl\u00f8b i l\u00f8bet af s\u00e6sonen, s\u00f8ndagshygge efter l\u00f8betr\u00e6ning, sociale og faglige arrangementer.<\/p>\n<div class=\"page\" title=\"Page 1\">\n<div class=\"layoutArea\">\n<div class=\"column\">\n<p>Se mere pa\u030a <a href=\"http:\/\/hgfhammel.dk\/lob.asp\">http:\/\/hgfhammel.dk\/lob.asp<\/a>.<\/p>\n<\/div>\n<\/div>\n<\/div>\n<p>VI SES I HGF L\u00d8B &amp; MOTION .<\/p>\n<p>[\/et_pb_text][\/et_pb_column][\/et_pb_row][\/et_pb_section]<\/p>\n","protected":false},"excerpt":{"rendered":"<p>Sa\u030a skal l\u00f8beskoene sn\u00f8res \u00a0 &nbsp; L\u00f8b &amp; Motion er klar til den nye s\u00e6sononsdag den 3. april 2024 kl. 17:30 Hammel Idr\u00e6tscenter (HIC), Thorsvej 4 Derefter er der f\u00e6lles l\u00f8betr\u00e6ning f\u00f8lgende dage:\u2022 Tirsdage kl. 17.30 (Kvalitetstr\u00e6ning, ca. 10 km, hurtigt tempo) \u2022 Onsdage kl. 17.30\u2022 S\u00f8ndage kl. 10.00 Tirsdag og onsdag forega\u030ar tr\u00e6ningen fra [&hellip;]<\/p>\n","protected":false},"author":18,"featured_media":0,"parent":0,"menu_order":0,"comment_status":"closed","ping_status":"closed","template":"","meta":{"_et_pb_use_builder":"on","_et_pb_old_content":"<div class=\"page\" title=\"Page 1\">\r\n<div class=\"layoutArea\">\r\n<div class=\"column\">\r\n<h1>Sa\u030a skal l\u00f8beskoene sn\u00f8res\u00a0 \u00a0 \u00a0 \u00a0 \u00a0 \u00a0\u00a0<img class=\"alignnone size-full wp-image-327\" src=\"http:\/\/hgfhammel.dk\/loeb\/wp-content\/uploads\/sites\/11\/2018\/08\/logo_img.png\" alt=\"\" width=\"267\" height=\"101\" \/><\/h1>\r\n<div class=\"page\" title=\"Page 1\"><\/div>\r\n<h5>L\u00f8b & Motion er klar til den nye s\u00e6son\r\n\r\nonsdag den 4. april 2018 kl. 17:30\r\n\r\nHammel Idr\u00e6tscenter (HIC), Thorsvej 4<\/h5>\r\nDerefter er der f\u00e6lles l\u00f8betr\u00e6ning f\u00f8lgende dage:\r\n\u2022 Tirsdage kl. 17.30 (Kvalitetstr\u00e6ning, ca. 10 km, hurtigt tempo) \u2022 Onsdage kl. 17.30\r\n\u2022 S\u00f8ndage kl. 10.30\r\n\r\nTirsdag og onsdag forega\u030ar tr\u00e6ningen fra HIC. S\u00f8ndag er tr\u00e6ningen fra Klubhuset pa\u030a Stadionvej 7, hvor der er f\u00e6lles the\/kaffe efter l\u00f8betr\u00e6ningen.\r\n\r\nI a\u030ar kan vi desv\u00e6rre ikke starte l\u00f8beskole op i fora\u030aret. Vi mangler pt. uddannede tr\u00e6nere, men ha\u030aber pa\u030a at starte et hold op efter sommerferien.\r\n\r\nMen det betyder ikke, at du som pa\u030at\u00e6nker at starte i l\u00f8beklubben, skal vente til efter sommer. Der er i l\u00f8beklubben mange l\u00f8bere pa\u030a vidt forskellige niveauer, og der vil altid v\u00e6re nogen, man kan l\u00f8be med.\r\n\r\nVi vil ogsa\u030a g\u00f8re alt for at der i de enkelte l\u00f8begrupper er en slags tovholder\/holdleder, som ved hvor og hvor langt gruppen l\u00f8ber pa\u030a dagen. Vi plejer ogsa\u030a at indl\u00e6gge pitstop\/pauser, na\u030ar der er behov, sa\u030a alle kan f\u00f8lge med. Specielt s\u00f8ndag, som vi kalder sociall\u00f8b, f\u00f8lges man ad i grupper og kommer samlet hjem til den f\u00e6lles hygge med the\/kaffe i klubhuset.\r\n\r\nSa\u030a pa\u030at\u00e6nker du at starte i l\u00f8beklubben, skal du v\u00e6re mere end velkommen. Kom ned og l\u00f8b med nogle gange, hvorefter du kan beslutte dig for at melde dig ind i l\u00f8beklubben. Medlemskab koster kun kr. 225,- for et helt a\u030ar. For det fa\u030ar du blandt andet hyggeligt samv\u00e6r med flinke og rare motionister, gratis deltagelse i flere motionsl\u00f8b i l\u00f8bet af s\u00e6sonen, s\u00f8ndagshygge efter l\u00f8betr\u00e6ning, sociale og faglige arrangementer.\r\n<div class=\"page\" title=\"Page 1\">\r\n<div class=\"layoutArea\">\r\n<div class=\"column\">\r\n\r\nSe mere pa\u030a <a href=\"http:\/\/hgfhammel.dk\/lob.asp\">http:\/\/hgfhammel.dk\/lob.asp<\/a>.\r\n\r\n<\/div>\r\n<\/div>\r\n<\/div>\r\nVI SES I HGF L\u00d8B & MOTION .\r\n\r\n<\/div>\r\n<\/div>\r\n<\/div>","_et_gb_content_width":""},"yoast_head":"<!-- This site is optimized with the Yoast SEO plugin v20.9 - https:\/\/yoast.com\/wordpress\/plugins\/seo\/ -->\n<title>S\u00e6sonstart - L\u00f8b &amp; Motion<\/title>\n<meta name=\"robots\" content=\"index, follow, max-snippet:-1, max-image-preview:large, max-video-preview:-1\" \/>\n<link rel=\"canonical\" href=\"https:\/\/hgfhammel.dk\/loeb\/saesonstart\/\" \/>\n<meta property=\"og:locale\" content=\"da_DK\" \/>\n<meta property=\"og:type\" content=\"article\" \/>\n<meta property=\"og:title\" content=\"S\u00e6sonstart - L\u00f8b &amp; Motion\" \/>\n<meta property=\"og:description\" content=\"Sa\u030a skal l\u00f8beskoene sn\u00f8res \u00a0 &nbsp; L\u00f8b &amp; Motion er klar til den nye s\u00e6sononsdag den 3. april 2024 kl. 17:30 Hammel Idr\u00e6tscenter (HIC), Thorsvej 4 Derefter er der f\u00e6lles l\u00f8betr\u00e6ning f\u00f8lgende dage:\u2022 Tirsdage kl. 17.30 (Kvalitetstr\u00e6ning, ca. 10 km, hurtigt tempo) \u2022 Onsdage kl. 17.30\u2022 S\u00f8ndage kl. 10.00 Tirsdag og onsdag forega\u030ar tr\u00e6ningen fra [&hellip;]\" \/>\n<meta property=\"og:url\" content=\"https:\/\/hgfhammel.dk\/loeb\/saesonstart\/\" \/>\n<meta property=\"og:site_name\" content=\"L\u00f8b &amp; Motion\" \/>\n<meta property=\"article:modified_time\" content=\"2024-01-28T15:16:15+00:00\" \/>\n<meta name=\"twitter:card\" content=\"summary_large_image\" \/>\n<meta name=\"twitter:label1\" content=\"Estimeret l\u00e6setid\" \/>\n\t<meta name=\"twitter:data1\" content=\"2 minutter\" \/>\n<!-- \/ Yoast SEO plugin. -->","yoast_head_json":{"title":"S\u00e6sonstart - L\u00f8b &amp; Motion","robots":{"index":"index","follow":"follow","max-snippet":"max-snippet:-1","max-image-preview":"max-image-preview:large","max-video-preview":"max-video-preview:-1"},"canonical":"https:\/\/hgfhammel.dk\/loeb\/saesonstart\/","og_locale":"da_DK","og_type":"article","og_title":"S\u00e6sonstart - L\u00f8b &amp; Motion","og_description":"Sa\u030a skal l\u00f8beskoene sn\u00f8res \u00a0 &nbsp; L\u00f8b &amp; Motion er klar til den nye s\u00e6sononsdag den 3. april 2024 kl. 17:30 Hammel Idr\u00e6tscenter (HIC), Thorsvej 4 Derefter er der f\u00e6lles l\u00f8betr\u00e6ning f\u00f8lgende dage:\u2022 Tirsdage kl. 17.30 (Kvalitetstr\u00e6ning, ca. 10 km, hurtigt tempo) \u2022 Onsdage kl. 17.30\u2022 S\u00f8ndage kl. 10.00 Tirsdag og onsdag forega\u030ar tr\u00e6ningen fra [&hellip;]","og_url":"https:\/\/hgfhammel.dk\/loeb\/saesonstart\/","og_site_name":"L\u00f8b &amp; Motion","article_modified_time":"2024-01-28T15:16:15+00:00","twitter_card":"summary_large_image","twitter_misc":{"Estimeret l\u00e6setid":"2 minutter"},"schema":{"@context":"https:\/\/schema.org","@graph":[{"@type":"WebPage","@id":"https:\/\/hgfhammel.dk\/loeb\/saesonstart\/","url":"https:\/\/hgfhammel.dk\/loeb\/saesonstart\/","name":"S\u00e6sonstart - L\u00f8b &amp; Motion","isPartOf":{"@id":"https:\/\/hgfhammel.dk\/loeb\/#website"},"datePublished":"2018-10-14T09:59:17+00:00","dateModified":"2024-01-28T15:16:15+00:00","breadcrumb":{"@id":"https:\/\/hgfhammel.dk\/loeb\/saesonstart\/#breadcrumb"},"inLanguage":"da-DK","potentialAction":[{"@type":"ReadAction","target":["https:\/\/hgfhammel.dk\/loeb\/saesonstart\/"]}]},{"@type":"BreadcrumbList","@id":"https:\/\/hgfhammel.dk\/loeb\/saesonstart\/#breadcrumb","itemListElement":[{"@type":"ListItem","position":1,"name":"Hjem","item":"https:\/\/hgfhammel.dk\/loeb\/"},{"@type":"ListItem","position":2,"name":"S\u00e6sonstart"}]},{"@type":"WebSite","@id":"https:\/\/hgfhammel.dk\/loeb\/#website","url":"https:\/\/hgfhammel.dk\/loeb\/","name":"L\u00f8b &amp; Motion","description":"L\u00f8b &amp; Motion","potentialAction":[{"@type":"SearchAction","target":{"@type":"EntryPoint","urlTemplate":"https:\/\/hgfhammel.dk\/loeb\/?s={search_term_string}"},"query-input":"required name=search_term_string"}],"inLanguage":"da-DK"}]}},"_links":{"self":[{"href":"https:\/\/hgfhammel.dk\/loeb\/wp-json\/wp\/v2\/pages\/794"}],"collection":[{"href":"https:\/\/hgfhammel.dk\/loeb\/wp-json\/wp\/v2\/pages"}],"about":[{"href":"https:\/\/hgfhammel.dk\/loeb\/wp-json\/wp\/v2\/types\/page"}],"author":[{"embeddable":true,"href":"https:\/\/hgfhammel.dk\/loeb\/wp-json\/wp\/v2\/users\/18"}],"replies":[{"embeddable":true,"href":"https:\/\/hgfhammel.dk\/loeb\/wp-json\/wp\/v2\/comments?post=794"}],"version-history":[{"count":3,"href":"https:\/\/hgfhammel.dk\/loeb\/wp-json\/wp\/v2\/pages\/794\/revisions"}],"predecessor-version":[{"id":4379,"href":"https:\/\/hgfhammel.dk\/loeb\/wp-json\/wp\/v2\/pages\/794\/revisions\/4379"}],"wp:attachment":[{"href":"https:\/\/hgfhammel.dk\/loeb\/wp-json\/wp\/v2\/media?parent=794"}],"curies":[{"name":"wp","href":"https:\/\/api.w.org\/{rel}","templated":true}]}}