{"id":40,"date":"2018-06-27T14:30:25","date_gmt":"2018-06-27T12:30:25","guid":{"rendered":"http:\/\/hgfhammel.dk\/motionungeaeldre\/?page_id=40"},"modified":"2025-02-06T16:45:13","modified_gmt":"2025-02-06T15:45:13","slug":"forside","status":"publish","type":"page","link":"https:\/\/hgfhammel.dk\/motionungeaeldre\/","title":{"rendered":"Forside"},"content":{"rendered":"<p>[et_pb_section fb_built=&#8221;1&#8243; fullwidth=&#8221;on&#8221; _builder_version=&#8221;4.16&#8243; global_colors_info=&#8221;{}&#8221;][et_pb_fullwidth_image src=&#8221;https:\/\/hgfhammel.dk\/motionungeaeldre\/wp-content\/uploads\/sites\/13\/2025\/01\/1231.jpg&#8221; title_text=&#8221;1231&#8243; _builder_version=&#8221;4.21.0&#8243; position_origin_r=&#8221;top_right&#8221; width=&#8221;100%&#8221; max_width=&#8221;75%&#8221; hover_enabled=&#8221;0&#8243; global_colors_info=&#8221;{}&#8221; module_alignment=&#8221;center&#8221; sticky_enabled=&#8221;0&#8243;]<br \/>\n[\/et_pb_fullwidth_image][et_pb_fullwidth_image _builder_version=&#8221;4.21.0&#8243; global_colors_info=&#8221;{}&#8221;][\/et_pb_fullwidth_image][\/et_pb_section][et_pb_section fb_built=&#8221;1&#8243; _builder_version=&#8221;4.16&#8243; global_colors_info=&#8221;{}&#8221;][et_pb_row column_structure=&#8221;1_3,1_3,1_3&#8243; make_equal=&#8221;on&#8221; _builder_version=&#8221;4.16&#8243; custom_padding=&#8221;29px|0px|32px|0px|false|false&#8221; global_colors_info=&#8221;{}&#8221;][et_pb_column type=&#8221;1_3&#8243; _builder_version=&#8221;4.16&#8243; custom_padding=&#8221;|||&#8221; global_colors_info=&#8221;{}&#8221; custom_padding__hover=&#8221;|||&#8221;][et_pb_blurb title=&#8221;Holdoversigt&#8221; url=&#8221;\/motionungeaeldre\/holdtilmelding\/&#8221; image=&#8221;https:\/\/hgfhammel.dk\/motionungeaeldre\/wp-content\/uploads\/sites\/13\/2018\/08\/ikon_e-Sport.png&#8221; admin_label=&#8221;TILMELDING&#8221; module_class=&#8221;iconbox&#8221; _builder_version=&#8221;4.21.0&#8243; saved_tabs=&#8221;all&#8221; global_colors_info=&#8221;{}&#8221;][\/et_pb_blurb][\/et_pb_column][et_pb_column type=&#8221;1_3&#8243; _builder_version=&#8221;4.16&#8243; custom_padding=&#8221;|||&#8221; global_colors_info=&#8221;{}&#8221; custom_padding__hover=&#8221;|||&#8221;][et_pb_blurb title=&#8221;Bestyrelsen&#8221; url=&#8221;\/motionungeaeldre\/bestyrelsen\/&#8221; image=&#8221;https:\/\/hgfhammel.dk\/motionungeaeldre\/wp-content\/uploads\/sites\/13\/2018\/08\/ikon_Ung_Aeldre.png&#8221; admin_label=&#8221;bestyrrelsen&#8221; module_class=&#8221;iconbox&#8221; _builder_version=&#8221;4.16&#8243; background_color=&#8221;#06178f&#8221; global_colors_info=&#8221;{}&#8221;]<br \/>\n[\/et_pb_blurb][\/et_pb_column][et_pb_column type=&#8221;1_3&#8243; _builder_version=&#8221;4.16&#8243; custom_padding=&#8221;|||&#8221; global_colors_info=&#8221;{}&#8221; custom_padding__hover=&#8221;|||&#8221;][et_pb_blurb title=&#8221;Kontakt&#8221; url=&#8221;\/motionungeaeldre\/kontakt-os\/&#8221; image=&#8221;https:\/\/hgfhammel.dk\/motionungeaeldre\/wp-content\/uploads\/sites\/13\/2018\/08\/ikon_Gymnastik.png&#8221; admin_label=&#8221;KAMPOVERSIGT&#8221; module_class=&#8221;iconbox&#8221; _builder_version=&#8221;4.16&#8243; link_option_url_new_window=&#8221;on&#8221; global_colors_info=&#8221;{}&#8221;]<br \/>\n[\/et_pb_blurb][\/et_pb_column][\/et_pb_row][et_pb_row column_structure=&#8221;1_3,1_3,1_3&#8243; make_equal=&#8221;on&#8221; _builder_version=&#8221;4.16&#8243; custom_padding=&#8221;25px|0px|29px|0px|false|false&#8221; global_colors_info=&#8221;{}&#8221;][et_pb_column type=&#8221;1_3&#8243; _builder_version=&#8221;4.16&#8243; custom_padding=&#8221;|||&#8221; global_colors_info=&#8221;{}&#8221; custom_padding__hover=&#8221;|||&#8221;][et_pb_blurb title=&#8221;Udend\u00f8rsaktivitet&#8221; url=&#8221;\/motionungeaeldre\/udendoers-aktivitet\/&#8221; image=&#8221;https:\/\/hgfhammel.dk\/motionungeaeldre\/wp-content\/uploads\/sites\/13\/2018\/08\/ikon_Ung_Aeldre.png&#8221; admin_label=&#8221;TILMELDING&#8221; module_class=&#8221;iconbox&#8221; _builder_version=&#8221;4.16&#8243; background_color=&#8221;#06178f&#8221; link_option_url_new_window=&#8221;on&#8221; saved_tabs=&#8221;all&#8221; global_colors_info=&#8221;{}&#8221;]<br \/>\n[\/et_pb_blurb][\/et_pb_column][et_pb_column type=&#8221;1_3&#8243; _builder_version=&#8221;4.16&#8243; custom_padding=&#8221;|||&#8221; global_colors_info=&#8221;{}&#8221; custom_padding__hover=&#8221;|||&#8221;][et_pb_blurb title=&#8221;Indend\u00f8rsaktivitet mandag&#8221; url=&#8221;\/motionungeaeldre\/mandag-2\/&#8221; image=&#8221;https:\/\/hgfhammel.dk\/motionungeaeldre\/wp-content\/uploads\/sites\/13\/2018\/08\/ikon_Gymnastik.png&#8221; admin_label=&#8221;bestyrrelsen&#8221; module_class=&#8221;iconbox&#8221; _builder_version=&#8221;4.16&#8243; background_color=&#8221;#ee1929&#8243; global_colors_info=&#8221;{}&#8221;]<br \/>\n[\/et_pb_blurb][\/et_pb_column][et_pb_column type=&#8221;1_3&#8243; _builder_version=&#8221;4.16&#8243; custom_padding=&#8221;|||&#8221; global_colors_info=&#8221;{}&#8221; custom_padding__hover=&#8221;|||&#8221;][et_pb_blurb title=&#8221;Indend\u00f8rsaktivitet torsdag &#8221; url=&#8221;\/motionungeaeldre\/mandag\/&#8221; image=&#8221;https:\/\/hgfhammel.dk\/motionungeaeldre\/wp-content\/uploads\/sites\/13\/2018\/08\/ikon_Gymnastik.png&#8221; admin_label=&#8221;bestyrrelsen&#8221; module_class=&#8221;iconbox&#8221; _builder_version=&#8221;4.16&#8243; background_color=&#8221;#06178f&#8221; global_colors_info=&#8221;{}&#8221;]<br \/>\n[\/et_pb_blurb][\/et_pb_column][\/et_pb_row][\/et_pb_section][et_pb_section fb_built=&#8221;1&#8243; _builder_version=&#8221;4.19.0&#8243; _module_preset=&#8221;default&#8221; background_color=&#8221;#FFFFFF&#8221; global_module=&#8221;1414&#8243; saved_tabs=&#8221;all&#8221; global_colors_info=&#8221;{}&#8221;][et_pb_row _builder_version=&#8221;4.16&#8243; _module_preset=&#8221;default&#8221; global_colors_info=&#8221;{}&#8221;][et_pb_column type=&#8221;4_4&#8243; _builder_version=&#8221;4.16&#8243; _module_preset=&#8221;default&#8221; global_colors_info=&#8221;{}&#8221;][et_pb_text admin_label=&#8221;Hovedsponsorer&#8221; _builder_version=&#8221;4.19.0&#8243; _module_preset=&#8221;default&#8221; global_colors_info=&#8221;{}&#8221;]<\/p>\n<h2 style=\"text-align: center;\">Hovedsponsorer<\/h2>\n<p>[\/et_pb_text][\/et_pb_column][\/et_pb_row][et_pb_row column_structure=&#8221;1_4,1_4,1_4,1_4&#8243; _builder_version=&#8221;4.16&#8243; _module_preset=&#8221;default&#8221; global_colors_info=&#8221;{}&#8221;][et_pb_column type=&#8221;1_4&#8243; _builder_version=&#8221;4.16&#8243; _module_preset=&#8221;default&#8221; global_colors_info=&#8221;{}&#8221;][et_pb_image src=&#8221;https:\/\/hgfhammel.dk\/wp-content\/uploads\/2019\/01\/sparkron.png&#8221; title_text=&#8221;sparkron&#8221; url=&#8221;https:\/\/www.sparkron.dk\/om-sparekassen\/find-medarbejder\/afdelinger\/hammel&#8221; url_new_window=&#8221;on&#8221; align=&#8221;center&#8221; _builder_version=&#8221;4.19.0&#8243; _module_preset=&#8221;default&#8221; transform_translate=&#8221;0px|50px&#8221; transform_translate_linked=&#8221;off&#8221; width=&#8221;100%&#8221; max_width=&#8221;100%&#8221; global_colors_info=&#8221;{}&#8221;][\/et_pb_image][\/et_pb_column][et_pb_column type=&#8221;1_4&#8243; _builder_version=&#8221;4.16&#8243; _module_preset=&#8221;default&#8221; global_colors_info=&#8221;{}&#8221;][et_pb_image src=&#8221;https:\/\/hgfhammel.dk\/wp-content\/uploads\/2020\/02\/Voka-industri-logo-1.png&#8221; title_text=&#8221;Voka-industri-logo-1&#8243; url=&#8221;https:\/\/voka.dk\/&#8221; url_new_window=&#8221;on&#8221; align=&#8221;center&#8221; _builder_version=&#8221;4.19.0&#8243; _module_preset=&#8221;default&#8221; transform_translate=&#8221;0px|30px&#8221; transform_translate_linked=&#8221;off&#8221; custom_padding=&#8221;20px||||false|false&#8221; global_colors_info=&#8221;{}&#8221;][\/et_pb_image][\/et_pb_column][et_pb_column type=&#8221;1_4&#8243; _builder_version=&#8221;4.16&#8243; _module_preset=&#8221;default&#8221; global_colors_info=&#8221;{}&#8221;][et_pb_image src=&#8221;https:\/\/hgfhammel.dk\/wp-content\/uploads\/2023\/04\/Wavin-Orbia-logo.jpg&#8221; title_text=&#8221;Wavin Orbia logo&#8221; url=&#8221;https:\/\/www.wavin.com\/da-dk\/&#8221; url_new_window=&#8221;on&#8221; align=&#8221;center&#8221; force_fullwidth=&#8221;on&#8221; _builder_version=&#8221;4.19.0&#8243; _module_preset=&#8221;default&#8221; transform_translate=&#8221;0px|30px&#8221; transform_translate_linked=&#8221;off&#8221; z_index=&#8221;355&#8243; custom_margin=&#8221;24px|||0px|false|false&#8221; global_colors_info=&#8221;{}&#8221;][\/et_pb_image][\/et_pb_column][et_pb_column type=&#8221;1_4&#8243; _builder_version=&#8221;4.16&#8243; _module_preset=&#8221;default&#8221; global_colors_info=&#8221;{}&#8221;][et_pb_image src=&#8221;https:\/\/hgfhammel.dk\/wp-content\/uploads\/2019\/12\/Frjisenborg-til-weeb.jpg&#8221; title_text=&#8221;Frjisenborg til weeb&#8221; url=&#8221;https:\/\/wefri.dk\/&#8221; url_new_window=&#8221;on&#8221; _builder_version=&#8221;4.19.0&#8243; _module_preset=&#8221;default&#8221; global_colors_info=&#8221;{}&#8221;][\/et_pb_image][\/et_pb_column][\/et_pb_row][\/et_pb_section][et_pb_section fb_built=&#8221;1&#8243; module_class=&#8221;news_container&#8221; _builder_version=&#8221;4.16&#8243; global_colors_info=&#8221;{}&#8221;][et_pb_row _builder_version=&#8221;4.16&#8243; custom_padding=&#8221;||0px|&#8221; global_colors_info=&#8221;{}&#8221;][et_pb_column type=&#8221;4_4&#8243; _builder_version=&#8221;4.16&#8243; custom_padding=&#8221;|||&#8221; global_colors_info=&#8221;{}&#8221; custom_padding__hover=&#8221;|||&#8221;][et_pb_text admin_label=&#8221;Sektion overskrift&#8221; module_class=&#8221;section_headline&#8221; _builder_version=&#8221;4.16&#8243; saved_tabs=&#8221;all&#8221; global_colors_info=&#8221;{}&#8221;]<\/p>\n<p style=\"text-align: center;\">Nyheder<\/p>\n<p>[\/et_pb_text][et_pb_text _builder_version=&#8221;4.16&#8243; global_colors_info=&#8221;{}&#8221;]<\/p>\n<p><b>FLOTTE DONATIONER TIL KROLFBANEN<\/b><\/p>\n<p>Det er dyrt at investere i st\u00f8rre ting til foreningen.<\/p>\n<p>Derfor har vi s\u00f8gt midler hos forskellige fonde. Og det har vi haft stor held med.<\/p>\n<p>Fra Velux Fonden har vi modtaget 15.000 kr. og fra Nordea Fonden 5.000 kr. Begge bel\u00f8b er brugt p\u00e5 indk\u00f8b af nye bord-\/b\u00e6nks\u00e6t.<\/p>\n<p>Fra DGI&#8217;s Foreningspulje har vi modtaget 15.000 kr., som er brugt til k\u00f8b af en toiletkabine.<\/p>\n<p>Det er bare s\u00e5 dejligt, at man har mulighed for at s\u00f8ge disse fonde, og ikke mindst v\u00e6re heldig at f\u00e5 noget ud af det. <\/p>\n<p>Det er vi meget taknemmelige for.<\/p>\n<address>Lene Skouborg<\/address>\n<address>formand<\/address>\n<address><img decoding=\"async\" loading=\"lazy\" src=\"https:\/\/hgfhammel.dk\/motionungeaeldre\/wp-content\/uploads\/sites\/13\/2021\/05\/4-Bord-Baenksaet-300x225.jpg\" width=\"300\" height=\"225\" alt=\"\" class=\"wp-image-1327 alignnone size-medium\" \/> <img decoding=\"async\" loading=\"lazy\" src=\"https:\/\/hgfhammel.dk\/motionungeaeldre\/wp-content\/uploads\/sites\/13\/2021\/05\/Bord-Baenksaet-225x300.jpg\" width=\"225\" height=\"300\" alt=\"\" class=\"wp-image-1328 alignnone size-medium\" srcset=\"https:\/\/hgfhammel.dk\/motionungeaeldre\/wp-content\/uploads\/sites\/13\/2021\/05\/Bord-Baenksaet-225x300.jpg 225w, https:\/\/hgfhammel.dk\/motionungeaeldre\/wp-content\/uploads\/sites\/13\/2021\/05\/Bord-Baenksaet-rotated.jpg 480w\" sizes=\"(max-width: 225px) 100vw, 225px\" \/> <img decoding=\"async\" loading=\"lazy\" src=\"https:\/\/hgfhammel.dk\/motionungeaeldre\/wp-content\/uploads\/sites\/13\/2021\/05\/Toiletkabine-225x300.jpg\" width=\"225\" height=\"300\" alt=\"\" class=\"wp-image-1329 alignnone size-medium\" srcset=\"https:\/\/hgfhammel.dk\/motionungeaeldre\/wp-content\/uploads\/sites\/13\/2021\/05\/Toiletkabine-225x300.jpg 225w, https:\/\/hgfhammel.dk\/motionungeaeldre\/wp-content\/uploads\/sites\/13\/2021\/05\/Toiletkabine-rotated.jpg 480w\" sizes=\"(max-width: 225px) 100vw, 225px\" \/><\/address>\n<p>[\/et_pb_text][et_pb_button button_url=&#8221;\/motionungeaeldre\/nyheder\/&#8221; button_text=&#8221;Se alle nyheder&#8221; button_alignment=&#8221;right&#8221; admin_label=&#8221;Link knap&#8221; module_class=&#8221;link_button&#8221; _builder_version=&#8221;4.16&#8243; saved_tabs=&#8221;all&#8221; global_colors_info=&#8221;{}&#8221; button_text_size__hover_enabled=&#8221;off&#8221; button_text_size__hover=&#8221;null&#8221; button_one_text_size__hover_enabled=&#8221;off&#8221; button_one_text_size__hover=&#8221;null&#8221; button_two_text_size__hover_enabled=&#8221;off&#8221; button_two_text_size__hover=&#8221;null&#8221; button_text_color__hover_enabled=&#8221;off&#8221; button_text_color__hover=&#8221;null&#8221; button_one_text_color__hover_enabled=&#8221;off&#8221; button_one_text_color__hover=&#8221;null&#8221; button_two_text_color__hover_enabled=&#8221;off&#8221; button_two_text_color__hover=&#8221;null&#8221; button_border_width__hover_enabled=&#8221;off&#8221; button_border_width__hover=&#8221;null&#8221; button_one_border_width__hover_enabled=&#8221;off&#8221; button_one_border_width__hover=&#8221;null&#8221; button_two_border_width__hover_enabled=&#8221;off&#8221; button_two_border_width__hover=&#8221;null&#8221; button_border_color__hover_enabled=&#8221;off&#8221; button_border_color__hover=&#8221;null&#8221; button_one_border_color__hover_enabled=&#8221;off&#8221; button_one_border_color__hover=&#8221;null&#8221; button_two_border_color__hover_enabled=&#8221;off&#8221; button_two_border_color__hover=&#8221;null&#8221; button_border_radius__hover_enabled=&#8221;off&#8221; button_border_radius__hover=&#8221;null&#8221; button_one_border_radius__hover_enabled=&#8221;off&#8221; button_one_border_radius__hover=&#8221;null&#8221; button_two_border_radius__hover_enabled=&#8221;off&#8221; button_two_border_radius__hover=&#8221;null&#8221; button_letter_spacing__hover_enabled=&#8221;off&#8221; button_letter_spacing__hover=&#8221;null&#8221; button_one_letter_spacing__hover_enabled=&#8221;off&#8221; button_one_letter_spacing__hover=&#8221;null&#8221; button_two_letter_spacing__hover_enabled=&#8221;off&#8221; button_two_letter_spacing__hover=&#8221;null&#8221; button_bg_color__hover_enabled=&#8221;off&#8221; button_bg_color__hover=&#8221;null&#8221; button_one_bg_color__hover_enabled=&#8221;off&#8221; button_one_bg_color__hover=&#8221;null&#8221; button_two_bg_color__hover_enabled=&#8221;off&#8221; button_two_bg_color__hover=&#8221;null&#8221;]<br \/>\n[\/et_pb_button][\/et_pb_column][\/et_pb_row][\/et_pb_section][et_pb_section fb_built=&#8221;1&#8243; _builder_version=&#8221;4.16&#8243; global_colors_info=&#8221;{}&#8221;][et_pb_row _builder_version=&#8221;4.16&#8243; global_colors_info=&#8221;{}&#8221;][et_pb_column type=&#8221;4_4&#8243; _builder_version=&#8221;4.16&#8243; global_colors_info=&#8221;{}&#8221;][et_pb_image src=&#8221;https:\/\/hgfhammel.dk\/motionungeaeldre\/wp-content\/uploads\/sites\/13\/2019\/10\/maps1.jpg&#8221; url=&#8221;https:\/\/goo.gl\/maps\/vQhLmBvnBb2MHcT46&#8243; _builder_version=&#8221;4.16&#8243; global_colors_info=&#8221;{}&#8221;][\/et_pb_image][\/et_pb_column][\/et_pb_row][\/et_pb_section]<\/p>\n","protected":false},"excerpt":{"rendered":"<p>HovedsponsorerNyhederFLOTTE DONATIONER TIL KROLFBANEN Det er dyrt at investere i st\u00f8rre ting til foreningen. Derfor har vi s\u00f8gt midler hos forskellige fonde. Og det har vi haft stor held med. Fra Velux Fonden har vi modtaget 15.000 kr. og fra Nordea Fonden 5.000 kr. Begge bel\u00f8b er brugt p\u00e5 indk\u00f8b af nye bord-\/b\u00e6nks\u00e6t. Fra DGI&#8217;s [&hellip;]<\/p>\n","protected":false},"author":1,"featured_media":0,"parent":0,"menu_order":0,"comment_status":"closed","ping_status":"closed","template":"","meta":{"_et_pb_use_builder":"on","_et_pb_old_content":"","_et_gb_content_width":""},"yoast_head":"<!-- This site is optimized with the Yoast SEO plugin v20.9 - https:\/\/yoast.com\/wordpress\/plugins\/seo\/ -->\n<title>Forside - Motion &quot;unge \u00e6ldre&quot;<\/title>\n<meta name=\"robots\" content=\"index, follow, max-snippet:-1, max-image-preview:large, max-video-preview:-1\" \/>\n<link rel=\"canonical\" href=\"https:\/\/hgfhammel.dk\/motionungeaeldre\/\" \/>\n<meta property=\"og:locale\" content=\"da_DK\" \/>\n<meta property=\"og:type\" content=\"article\" \/>\n<meta property=\"og:title\" content=\"Forside - Motion &quot;unge \u00e6ldre&quot;\" \/>\n<meta property=\"og:description\" content=\"HovedsponsorerNyhederFLOTTE DONATIONER TIL KROLFBANEN Det er dyrt at investere i st\u00f8rre ting til foreningen. Derfor har vi s\u00f8gt midler hos forskellige fonde. Og det har vi haft stor held med. Fra Velux Fonden har vi modtaget 15.000 kr. og fra Nordea Fonden 5.000 kr. Begge bel\u00f8b er brugt p\u00e5 indk\u00f8b af nye bord-\/b\u00e6nks\u00e6t. Fra DGI&#039;s [&hellip;]\" \/>\n<meta property=\"og:url\" content=\"https:\/\/hgfhammel.dk\/motionungeaeldre\/\" \/>\n<meta property=\"og:site_name\" content=\"Motion &quot;unge \u00e6ldre&quot;\" \/>\n<meta property=\"article:modified_time\" content=\"2025-02-06T15:45:13+00:00\" \/>\n<meta property=\"og:image\" content=\"https:\/\/hgfhammel.dk\/motionungeaeldre\/wp-content\/uploads\/sites\/13\/2021\/05\/4-Bord-Baenksaet-300x225.jpg\" \/>\n<meta name=\"twitter:card\" content=\"summary_large_image\" \/>\n<meta name=\"twitter:label1\" content=\"Estimeret l\u00e6setid\" \/>\n\t<meta name=\"twitter:data1\" content=\"3 minutter\" \/>\n<!-- \/ Yoast SEO plugin. -->","yoast_head_json":{"title":"Forside - Motion &quot;unge \u00e6ldre&quot;","robots":{"index":"index","follow":"follow","max-snippet":"max-snippet:-1","max-image-preview":"max-image-preview:large","max-video-preview":"max-video-preview:-1"},"canonical":"https:\/\/hgfhammel.dk\/motionungeaeldre\/","og_locale":"da_DK","og_type":"article","og_title":"Forside - Motion &quot;unge \u00e6ldre&quot;","og_description":"HovedsponsorerNyhederFLOTTE DONATIONER TIL KROLFBANEN Det er dyrt at investere i st\u00f8rre ting til foreningen. Derfor har vi s\u00f8gt midler hos forskellige fonde. Og det har vi haft stor held med. Fra Velux Fonden har vi modtaget 15.000 kr. og fra Nordea Fonden 5.000 kr. Begge bel\u00f8b er brugt p\u00e5 indk\u00f8b af nye bord-\/b\u00e6nks\u00e6t. Fra DGI's [&hellip;]","og_url":"https:\/\/hgfhammel.dk\/motionungeaeldre\/","og_site_name":"Motion &quot;unge \u00e6ldre&quot;","article_modified_time":"2025-02-06T15:45:13+00:00","og_image":[{"url":"https:\/\/hgfhammel.dk\/motionungeaeldre\/wp-content\/uploads\/sites\/13\/2021\/05\/4-Bord-Baenksaet-300x225.jpg"}],"twitter_card":"summary_large_image","twitter_misc":{"Estimeret l\u00e6setid":"3 minutter"},"schema":{"@context":"https:\/\/schema.org","@graph":[{"@type":"WebPage","@id":"https:\/\/hgfhammel.dk\/motionungeaeldre\/","url":"https:\/\/hgfhammel.dk\/motionungeaeldre\/","name":"Forside - Motion &quot;unge \u00e6ldre&quot;","isPartOf":{"@id":"https:\/\/hgfhammel.dk\/motionungeaeldre\/#website"},"datePublished":"2018-06-27T12:30:25+00:00","dateModified":"2025-02-06T15:45:13+00:00","breadcrumb":{"@id":"https:\/\/hgfhammel.dk\/motionungeaeldre\/#breadcrumb"},"inLanguage":"da-DK","potentialAction":[{"@type":"ReadAction","target":["https:\/\/hgfhammel.dk\/motionungeaeldre\/"]}]},{"@type":"BreadcrumbList","@id":"https:\/\/hgfhammel.dk\/motionungeaeldre\/#breadcrumb","itemListElement":[{"@type":"ListItem","position":1,"name":"Hjem","item":"https:\/\/hgfhammel.dk\/motionungeaeldre\/"},{"@type":"ListItem","position":2,"name":"Forside"}]},{"@type":"WebSite","@id":"https:\/\/hgfhammel.dk\/motionungeaeldre\/#website","url":"https:\/\/hgfhammel.dk\/motionungeaeldre\/","name":"Motion &quot;unge \u00e6ldre&quot;","description":"Motion &quot;unge \u00e6ldre&quot;","potentialAction":[{"@type":"SearchAction","target":{"@type":"EntryPoint","urlTemplate":"https:\/\/hgfhammel.dk\/motionungeaeldre\/?s={search_term_string}"},"query-input":"required name=search_term_string"}],"inLanguage":"da-DK"}]}},"_links":{"self":[{"href":"https:\/\/hgfhammel.dk\/motionungeaeldre\/wp-json\/wp\/v2\/pages\/40"}],"collection":[{"href":"https:\/\/hgfhammel.dk\/motionungeaeldre\/wp-json\/wp\/v2\/pages"}],"about":[{"href":"https:\/\/hgfhammel.dk\/motionungeaeldre\/wp-json\/wp\/v2\/types\/page"}],"author":[{"embeddable":true,"href":"https:\/\/hgfhammel.dk\/motionungeaeldre\/wp-json\/wp\/v2\/users\/1"}],"replies":[{"embeddable":true,"href":"https:\/\/hgfhammel.dk\/motionungeaeldre\/wp-json\/wp\/v2\/comments?post=40"}],"version-history":[{"count":47,"href":"https:\/\/hgfhammel.dk\/motionungeaeldre\/wp-json\/wp\/v2\/pages\/40\/revisions"}],"predecessor-version":[{"id":1553,"href":"https:\/\/hgfhammel.dk\/motionungeaeldre\/wp-json\/wp\/v2\/pages\/40\/revisions\/1553"}],"wp:attachment":[{"href":"https:\/\/hgfhammel.dk\/motionungeaeldre\/wp-json\/wp\/v2\/media?parent=40"}],"curies":[{"name":"wp","href":"https:\/\/api.w.org\/{rel}","templated":true}]}}