{"id":736,"date":"2018-10-17T17:27:56","date_gmt":"2018-10-17T15:27:56","guid":{"rendered":"http:\/\/hgfhammel.dk\/motionungeaeldre\/?page_id=736"},"modified":"2018-10-17T17:27:56","modified_gmt":"2018-10-17T15:27:56","slug":"10-aars-jubilaeumsfest-25-04-2013","status":"publish","type":"page","link":"https:\/\/hgfhammel.dk\/motionungeaeldre\/10-aars-jubilaeumsfest-25-04-2013\/","title":{"rendered":"10 \u00e5rs jubil\u00e6umsfest 25.04.2013"},"content":{"rendered":"<p><img decoding=\"async\" loading=\"lazy\" class=\"alignnone size-medium wp-image-737\" src=\"http:\/\/hgfhammel.dk\/motionungeaeldre\/wp-content\/uploads\/sites\/13\/2018\/10\/0001-1-1-300x225.jpg\" alt=\"\" width=\"300\" height=\"225\" srcset=\"https:\/\/hgfhammel.dk\/motionungeaeldre\/wp-content\/uploads\/sites\/13\/2018\/10\/0001-1-1-300x225.jpg 300w, https:\/\/hgfhammel.dk\/motionungeaeldre\/wp-content\/uploads\/sites\/13\/2018\/10\/0001-1-1-510x382.jpg 510w, https:\/\/hgfhammel.dk\/motionungeaeldre\/wp-content\/uploads\/sites\/13\/2018\/10\/0001-1-1.jpg 552w\" sizes=\"(max-width: 300px) 100vw, 300px\" \/> <img decoding=\"async\" loading=\"lazy\" class=\"alignnone size-medium wp-image-738\" src=\"http:\/\/hgfhammel.dk\/motionungeaeldre\/wp-content\/uploads\/sites\/13\/2018\/10\/0002-2-300x225.jpg\" alt=\"\" width=\"300\" height=\"225\" srcset=\"https:\/\/hgfhammel.dk\/motionungeaeldre\/wp-content\/uploads\/sites\/13\/2018\/10\/0002-2-300x225.jpg 300w, https:\/\/hgfhammel.dk\/motionungeaeldre\/wp-content\/uploads\/sites\/13\/2018\/10\/0002-2-510x382.jpg 510w, https:\/\/hgfhammel.dk\/motionungeaeldre\/wp-content\/uploads\/sites\/13\/2018\/10\/0002-2.jpg 552w\" sizes=\"(max-width: 300px) 100vw, 300px\" \/> <img decoding=\"async\" loading=\"lazy\" class=\"alignnone size-medium wp-image-739\" src=\"http:\/\/hgfhammel.dk\/motionungeaeldre\/wp-content\/uploads\/sites\/13\/2018\/10\/0003-2-300x225.jpg\" alt=\"\" width=\"300\" height=\"225\" srcset=\"https:\/\/hgfhammel.dk\/motionungeaeldre\/wp-content\/uploads\/sites\/13\/2018\/10\/0003-2-300x225.jpg 300w, https:\/\/hgfhammel.dk\/motionungeaeldre\/wp-content\/uploads\/sites\/13\/2018\/10\/0003-2-510x382.jpg 510w, https:\/\/hgfhammel.dk\/motionungeaeldre\/wp-content\/uploads\/sites\/13\/2018\/10\/0003-2.jpg 552w\" sizes=\"(max-width: 300px) 100vw, 300px\" \/> <img decoding=\"async\" loading=\"lazy\" class=\"alignnone size-medium wp-image-740\" src=\"http:\/\/hgfhammel.dk\/motionungeaeldre\/wp-content\/uploads\/sites\/13\/2018\/10\/0004-2-300x225.jpg\" alt=\"\" width=\"300\" height=\"225\" srcset=\"https:\/\/hgfhammel.dk\/motionungeaeldre\/wp-content\/uploads\/sites\/13\/2018\/10\/0004-2-300x225.jpg 300w, https:\/\/hgfhammel.dk\/motionungeaeldre\/wp-content\/uploads\/sites\/13\/2018\/10\/0004-2-510x382.jpg 510w, https:\/\/hgfhammel.dk\/motionungeaeldre\/wp-content\/uploads\/sites\/13\/2018\/10\/0004-2.jpg 552w\" sizes=\"(max-width: 300px) 100vw, 300px\" \/> <img decoding=\"async\" loading=\"lazy\" class=\"alignnone size-medium wp-image-741\" src=\"http:\/\/hgfhammel.dk\/motionungeaeldre\/wp-content\/uploads\/sites\/13\/2018\/10\/0007-2-300x225.jpg\" alt=\"\" width=\"300\" height=\"225\" srcset=\"https:\/\/hgfhammel.dk\/motionungeaeldre\/wp-content\/uploads\/sites\/13\/2018\/10\/0007-2-300x225.jpg 300w, https:\/\/hgfhammel.dk\/motionungeaeldre\/wp-content\/uploads\/sites\/13\/2018\/10\/0007-2-510x382.jpg 510w, https:\/\/hgfhammel.dk\/motionungeaeldre\/wp-content\/uploads\/sites\/13\/2018\/10\/0007-2.jpg 552w\" sizes=\"(max-width: 300px) 100vw, 300px\" \/> <img decoding=\"async\" loading=\"lazy\" class=\"alignnone size-medium wp-image-742\" src=\"http:\/\/hgfhammel.dk\/motionungeaeldre\/wp-content\/uploads\/sites\/13\/2018\/10\/0008-2-300x225.jpg\" alt=\"\" width=\"300\" height=\"225\" srcset=\"https:\/\/hgfhammel.dk\/motionungeaeldre\/wp-content\/uploads\/sites\/13\/2018\/10\/0008-2-300x225.jpg 300w, https:\/\/hgfhammel.dk\/motionungeaeldre\/wp-content\/uploads\/sites\/13\/2018\/10\/0008-2-510x382.jpg 510w, https:\/\/hgfhammel.dk\/motionungeaeldre\/wp-content\/uploads\/sites\/13\/2018\/10\/0008-2.jpg 552w\" sizes=\"(max-width: 300px) 100vw, 300px\" \/> <img decoding=\"async\" loading=\"lazy\" class=\"alignnone size-medium wp-image-743\" src=\"http:\/\/hgfhammel.dk\/motionungeaeldre\/wp-content\/uploads\/sites\/13\/2018\/10\/0009-1-300x225.jpg\" alt=\"\" width=\"300\" height=\"225\" srcset=\"https:\/\/hgfhammel.dk\/motionungeaeldre\/wp-content\/uploads\/sites\/13\/2018\/10\/0009-1-300x225.jpg 300w, https:\/\/hgfhammel.dk\/motionungeaeldre\/wp-content\/uploads\/sites\/13\/2018\/10\/0009-1-510x382.jpg 510w, https:\/\/hgfhammel.dk\/motionungeaeldre\/wp-content\/uploads\/sites\/13\/2018\/10\/0009-1.jpg 552w\" sizes=\"(max-width: 300px) 100vw, 300px\" \/> <img decoding=\"async\" loading=\"lazy\" class=\"alignnone size-medium wp-image-744\" src=\"http:\/\/hgfhammel.dk\/motionungeaeldre\/wp-content\/uploads\/sites\/13\/2018\/10\/0010-300x225.jpg\" alt=\"\" width=\"300\" height=\"225\" srcset=\"https:\/\/hgfhammel.dk\/motionungeaeldre\/wp-content\/uploads\/sites\/13\/2018\/10\/0010-300x225.jpg 300w, https:\/\/hgfhammel.dk\/motionungeaeldre\/wp-content\/uploads\/sites\/13\/2018\/10\/0010-510x382.jpg 510w, https:\/\/hgfhammel.dk\/motionungeaeldre\/wp-content\/uploads\/sites\/13\/2018\/10\/0010.jpg 552w\" sizes=\"(max-width: 300px) 100vw, 300px\" \/> <img decoding=\"async\" loading=\"lazy\" class=\"alignnone size-medium wp-image-745\" src=\"http:\/\/hgfhammel.dk\/motionungeaeldre\/wp-content\/uploads\/sites\/13\/2018\/10\/0011-300x225.jpg\" alt=\"\" width=\"300\" height=\"225\" srcset=\"https:\/\/hgfhammel.dk\/motionungeaeldre\/wp-content\/uploads\/sites\/13\/2018\/10\/0011-300x225.jpg 300w, https:\/\/hgfhammel.dk\/motionungeaeldre\/wp-content\/uploads\/sites\/13\/2018\/10\/0011-510x382.jpg 510w, https:\/\/hgfhammel.dk\/motionungeaeldre\/wp-content\/uploads\/sites\/13\/2018\/10\/0011.jpg 552w\" sizes=\"(max-width: 300px) 100vw, 300px\" \/> <img decoding=\"async\" loading=\"lazy\" class=\"alignnone size-medium wp-image-746\" src=\"http:\/\/hgfhammel.dk\/motionungeaeldre\/wp-content\/uploads\/sites\/13\/2018\/10\/0012-225x300.jpg\" alt=\"\" width=\"225\" height=\"300\" srcset=\"https:\/\/hgfhammel.dk\/motionungeaeldre\/wp-content\/uploads\/sites\/13\/2018\/10\/0012-225x300.jpg 225w, https:\/\/hgfhammel.dk\/motionungeaeldre\/wp-content\/uploads\/sites\/13\/2018\/10\/0012.jpg 414w\" sizes=\"(max-width: 225px) 100vw, 225px\" \/> <img decoding=\"async\" loading=\"lazy\" class=\"alignnone size-medium wp-image-747\" src=\"http:\/\/hgfhammel.dk\/motionungeaeldre\/wp-content\/uploads\/sites\/13\/2018\/10\/0013-300x225.jpg\" alt=\"\" width=\"300\" height=\"225\" srcset=\"https:\/\/hgfhammel.dk\/motionungeaeldre\/wp-content\/uploads\/sites\/13\/2018\/10\/0013-300x225.jpg 300w, https:\/\/hgfhammel.dk\/motionungeaeldre\/wp-content\/uploads\/sites\/13\/2018\/10\/0013-510x382.jpg 510w, https:\/\/hgfhammel.dk\/motionungeaeldre\/wp-content\/uploads\/sites\/13\/2018\/10\/0013.jpg 552w\" sizes=\"(max-width: 300px) 100vw, 300px\" \/> <img decoding=\"async\" loading=\"lazy\" class=\"alignnone size-medium wp-image-748\" src=\"http:\/\/hgfhammel.dk\/motionungeaeldre\/wp-content\/uploads\/sites\/13\/2018\/10\/0015-300x225.jpg\" alt=\"\" width=\"300\" height=\"225\" srcset=\"https:\/\/hgfhammel.dk\/motionungeaeldre\/wp-content\/uploads\/sites\/13\/2018\/10\/0015-300x225.jpg 300w, https:\/\/hgfhammel.dk\/motionungeaeldre\/wp-content\/uploads\/sites\/13\/2018\/10\/0015-510x382.jpg 510w, https:\/\/hgfhammel.dk\/motionungeaeldre\/wp-content\/uploads\/sites\/13\/2018\/10\/0015.jpg 552w\" sizes=\"(max-width: 300px) 100vw, 300px\" \/> <img decoding=\"async\" loading=\"lazy\" class=\"alignnone size-medium wp-image-749\" src=\"http:\/\/hgfhammel.dk\/motionungeaeldre\/wp-content\/uploads\/sites\/13\/2018\/10\/0016-300x225.jpg\" alt=\"\" width=\"300\" height=\"225\" srcset=\"https:\/\/hgfhammel.dk\/motionungeaeldre\/wp-content\/uploads\/sites\/13\/2018\/10\/0016-300x225.jpg 300w, https:\/\/hgfhammel.dk\/motionungeaeldre\/wp-content\/uploads\/sites\/13\/2018\/10\/0016-510x382.jpg 510w, https:\/\/hgfhammel.dk\/motionungeaeldre\/wp-content\/uploads\/sites\/13\/2018\/10\/0016.jpg 552w\" sizes=\"(max-width: 300px) 100vw, 300px\" \/> <img decoding=\"async\" loading=\"lazy\" class=\"alignnone size-medium wp-image-750\" src=\"http:\/\/hgfhammel.dk\/motionungeaeldre\/wp-content\/uploads\/sites\/13\/2018\/10\/0017-225x300.jpg\" alt=\"\" width=\"225\" height=\"300\" srcset=\"https:\/\/hgfhammel.dk\/motionungeaeldre\/wp-content\/uploads\/sites\/13\/2018\/10\/0017-225x300.jpg 225w, https:\/\/hgfhammel.dk\/motionungeaeldre\/wp-content\/uploads\/sites\/13\/2018\/10\/0017.jpg 414w\" sizes=\"(max-width: 225px) 100vw, 225px\" \/><\/p>\n","protected":false},"excerpt":{"rendered":"","protected":false},"author":19,"featured_media":0,"parent":0,"menu_order":0,"comment_status":"closed","ping_status":"closed","template":"","meta":{"_et_pb_use_builder":"","_et_pb_old_content":"","_et_gb_content_width":""},"yoast_head":"<!-- This site is optimized with the Yoast SEO plugin v20.9 - https:\/\/yoast.com\/wordpress\/plugins\/seo\/ -->\n<title>10 \u00e5rs jubil\u00e6umsfest 25.04.2013 - Motion &quot;unge \u00e6ldre&quot;<\/title>\n<meta name=\"robots\" content=\"index, follow, max-snippet:-1, max-image-preview:large, max-video-preview:-1\" \/>\n<link rel=\"canonical\" href=\"https:\/\/hgfhammel.dk\/motionungeaeldre\/10-aars-jubilaeumsfest-25-04-2013\/\" \/>\n<meta property=\"og:locale\" content=\"da_DK\" \/>\n<meta property=\"og:type\" content=\"article\" \/>\n<meta property=\"og:title\" content=\"10 \u00e5rs jubil\u00e6umsfest 25.04.2013 - Motion &quot;unge \u00e6ldre&quot;\" \/>\n<meta property=\"og:url\" content=\"https:\/\/hgfhammel.dk\/motionungeaeldre\/10-aars-jubilaeumsfest-25-04-2013\/\" \/>\n<meta property=\"og:site_name\" content=\"Motion &quot;unge \u00e6ldre&quot;\" \/>\n<meta property=\"og:image\" content=\"http:\/\/hgfhammel.dk\/motionungeaeldre\/wp-content\/uploads\/sites\/13\/2018\/10\/0001-1-1-300x225.jpg\" \/>\n<meta name=\"twitter:card\" content=\"summary_large_image\" \/>\n<!-- \/ Yoast SEO plugin. -->","yoast_head_json":{"title":"10 \u00e5rs jubil\u00e6umsfest 25.04.2013 - Motion &quot;unge \u00e6ldre&quot;","robots":{"index":"index","follow":"follow","max-snippet":"max-snippet:-1","max-image-preview":"max-image-preview:large","max-video-preview":"max-video-preview:-1"},"canonical":"https:\/\/hgfhammel.dk\/motionungeaeldre\/10-aars-jubilaeumsfest-25-04-2013\/","og_locale":"da_DK","og_type":"article","og_title":"10 \u00e5rs jubil\u00e6umsfest 25.04.2013 - Motion &quot;unge \u00e6ldre&quot;","og_url":"https:\/\/hgfhammel.dk\/motionungeaeldre\/10-aars-jubilaeumsfest-25-04-2013\/","og_site_name":"Motion &quot;unge \u00e6ldre&quot;","og_image":[{"url":"http:\/\/hgfhammel.dk\/motionungeaeldre\/wp-content\/uploads\/sites\/13\/2018\/10\/0001-1-1-300x225.jpg"}],"twitter_card":"summary_large_image","schema":{"@context":"https:\/\/schema.org","@graph":[{"@type":"WebPage","@id":"https:\/\/hgfhammel.dk\/motionungeaeldre\/10-aars-jubilaeumsfest-25-04-2013\/","url":"https:\/\/hgfhammel.dk\/motionungeaeldre\/10-aars-jubilaeumsfest-25-04-2013\/","name":"10 \u00e5rs jubil\u00e6umsfest 25.04.2013 - Motion &quot;unge \u00e6ldre&quot;","isPartOf":{"@id":"https:\/\/hgfhammel.dk\/motionungeaeldre\/#website"},"datePublished":"2018-10-17T15:27:56+00:00","dateModified":"2018-10-17T15:27:56+00:00","breadcrumb":{"@id":"https:\/\/hgfhammel.dk\/motionungeaeldre\/10-aars-jubilaeumsfest-25-04-2013\/#breadcrumb"},"inLanguage":"da-DK","potentialAction":[{"@type":"ReadAction","target":["https:\/\/hgfhammel.dk\/motionungeaeldre\/10-aars-jubilaeumsfest-25-04-2013\/"]}]},{"@type":"BreadcrumbList","@id":"https:\/\/hgfhammel.dk\/motionungeaeldre\/10-aars-jubilaeumsfest-25-04-2013\/#breadcrumb","itemListElement":[{"@type":"ListItem","position":1,"name":"Hjem","item":"https:\/\/hgfhammel.dk\/motionungeaeldre\/"},{"@type":"ListItem","position":2,"name":"10 \u00e5rs jubil\u00e6umsfest 25.04.2013"}]},{"@type":"WebSite","@id":"https:\/\/hgfhammel.dk\/motionungeaeldre\/#website","url":"https:\/\/hgfhammel.dk\/motionungeaeldre\/","name":"Motion &quot;unge \u00e6ldre&quot;","description":"Motion &quot;unge \u00e6ldre&quot;","potentialAction":[{"@type":"SearchAction","target":{"@type":"EntryPoint","urlTemplate":"https:\/\/hgfhammel.dk\/motionungeaeldre\/?s={search_term_string}"},"query-input":"required name=search_term_string"}],"inLanguage":"da-DK"}]}},"_links":{"self":[{"href":"https:\/\/hgfhammel.dk\/motionungeaeldre\/wp-json\/wp\/v2\/pages\/736"}],"collection":[{"href":"https:\/\/hgfhammel.dk\/motionungeaeldre\/wp-json\/wp\/v2\/pages"}],"about":[{"href":"https:\/\/hgfhammel.dk\/motionungeaeldre\/wp-json\/wp\/v2\/types\/page"}],"author":[{"embeddable":true,"href":"https:\/\/hgfhammel.dk\/motionungeaeldre\/wp-json\/wp\/v2\/users\/19"}],"replies":[{"embeddable":true,"href":"https:\/\/hgfhammel.dk\/motionungeaeldre\/wp-json\/wp\/v2\/comments?post=736"}],"version-history":[{"count":0,"href":"https:\/\/hgfhammel.dk\/motionungeaeldre\/wp-json\/wp\/v2\/pages\/736\/revisions"}],"wp:attachment":[{"href":"https:\/\/hgfhammel.dk\/motionungeaeldre\/wp-json\/wp\/v2\/media?parent=736"}],"curies":[{"name":"wp","href":"https:\/\/api.w.org\/{rel}","templated":true}]}}