{"id":1252,"date":"2021-02-11T20:12:18","date_gmt":"2021-02-11T19:12:18","guid":{"rendered":"https:\/\/hgfhammel.dk\/svoemning\/?page_id=1252"},"modified":"2022-06-22T18:14:15","modified_gmt":"2022-06-22T16:14:15","slug":"fritidspas","status":"publish","type":"page","link":"https:\/\/hgfhammel.dk\/svoemning\/fritidspas\/","title":{"rendered":"Fritidspas"},"content":{"rendered":"<p>Er \u00f8konomien stram, s\u00e5 kan du her f\u00e5 en hj\u00e6lpende h\u00e5nd til at sende dine b\u00f8rn under 18 \u00e5r til sv\u00f8mning.<\/p>\n<p>Hvis du vil l\u00e6se mere om tilbuddet klik p\u00e5 linket her: <a href=\"https:\/\/hgfhammel.dk\/fritidspas\/\">Fritidspas<\/a><\/p>\n<p>\u00d8nsker du hj\u00e6lp til at ans\u00f8ge, s\u00e5 kan du kontakte Janni Brandt-Larsen p\u00e5 mail: jbl@hgfhammel.dk<\/p>\n<p>Vi gl\u00e6der os til at se dine b\u00f8rn i sv\u00f8mmehallen.<\/p>\n<p>&nbsp;<\/p>\n<p>&nbsp;<\/p>\n","protected":false},"excerpt":{"rendered":"<p>Er \u00f8konomien stram, s\u00e5 kan du her f\u00e5 en hj\u00e6lpende h\u00e5nd til at sende dine b\u00f8rn under 18 \u00e5r til sv\u00f8mning. Hvis du vil l\u00e6se mere om tilbuddet klik p\u00e5 linket her: Fritidspas \u00d8nsker du hj\u00e6lp til at ans\u00f8ge, s\u00e5 kan du kontakte Janni Brandt-Larsen p\u00e5 mail: jbl@hgfhammel.dk Vi gl\u00e6der os til at se dine [&hellip;]<\/p>\n","protected":false},"author":24,"featured_media":0,"parent":0,"menu_order":0,"comment_status":"closed","ping_status":"closed","template":"","meta":{"_et_pb_use_builder":"","_et_pb_old_content":"","_et_gb_content_width":""},"yoast_head":"<!-- This site is optimized with the Yoast SEO plugin v20.9 - https:\/\/yoast.com\/wordpress\/plugins\/seo\/ -->\n<title>Fritidspas - Sv\u00f8mning<\/title>\n<meta name=\"robots\" content=\"index, follow, max-snippet:-1, max-image-preview:large, max-video-preview:-1\" \/>\n<link rel=\"canonical\" href=\"https:\/\/hgfhammel.dk\/svoemning\/fritidspas\/\" \/>\n<meta property=\"og:locale\" content=\"da_DK\" \/>\n<meta property=\"og:type\" content=\"article\" \/>\n<meta property=\"og:title\" content=\"Fritidspas - Sv\u00f8mning\" \/>\n<meta property=\"og:description\" content=\"Er \u00f8konomien stram, s\u00e5 kan du her f\u00e5 en hj\u00e6lpende h\u00e5nd til at sende dine b\u00f8rn under 18 \u00e5r til sv\u00f8mning. Hvis du vil l\u00e6se mere om tilbuddet klik p\u00e5 linket her: Fritidspas \u00d8nsker du hj\u00e6lp til at ans\u00f8ge, s\u00e5 kan du kontakte Janni Brandt-Larsen p\u00e5 mail: jbl@hgfhammel.dk Vi gl\u00e6der os til at se dine [&hellip;]\" \/>\n<meta property=\"og:url\" content=\"https:\/\/hgfhammel.dk\/svoemning\/fritidspas\/\" \/>\n<meta property=\"og:site_name\" content=\"Sv\u00f8mning\" \/>\n<meta property=\"article:modified_time\" content=\"2022-06-22T16:14:15+00:00\" \/>\n<meta name=\"twitter:card\" content=\"summary_large_image\" \/>\n<!-- \/ Yoast SEO plugin. -->","yoast_head_json":{"title":"Fritidspas - Sv\u00f8mning","robots":{"index":"index","follow":"follow","max-snippet":"max-snippet:-1","max-image-preview":"max-image-preview:large","max-video-preview":"max-video-preview:-1"},"canonical":"https:\/\/hgfhammel.dk\/svoemning\/fritidspas\/","og_locale":"da_DK","og_type":"article","og_title":"Fritidspas - Sv\u00f8mning","og_description":"Er \u00f8konomien stram, s\u00e5 kan du her f\u00e5 en hj\u00e6lpende h\u00e5nd til at sende dine b\u00f8rn under 18 \u00e5r til sv\u00f8mning. Hvis du vil l\u00e6se mere om tilbuddet klik p\u00e5 linket her: Fritidspas \u00d8nsker du hj\u00e6lp til at ans\u00f8ge, s\u00e5 kan du kontakte Janni Brandt-Larsen p\u00e5 mail: jbl@hgfhammel.dk Vi gl\u00e6der os til at se dine [&hellip;]","og_url":"https:\/\/hgfhammel.dk\/svoemning\/fritidspas\/","og_site_name":"Sv\u00f8mning","article_modified_time":"2022-06-22T16:14:15+00:00","twitter_card":"summary_large_image","schema":{"@context":"https:\/\/schema.org","@graph":[{"@type":"WebPage","@id":"https:\/\/hgfhammel.dk\/svoemning\/fritidspas\/","url":"https:\/\/hgfhammel.dk\/svoemning\/fritidspas\/","name":"Fritidspas - Sv\u00f8mning","isPartOf":{"@id":"https:\/\/hgfhammel.dk\/svoemning\/#website"},"datePublished":"2021-02-11T19:12:18+00:00","dateModified":"2022-06-22T16:14:15+00:00","breadcrumb":{"@id":"https:\/\/hgfhammel.dk\/svoemning\/fritidspas\/#breadcrumb"},"inLanguage":"da-DK","potentialAction":[{"@type":"ReadAction","target":["https:\/\/hgfhammel.dk\/svoemning\/fritidspas\/"]}]},{"@type":"BreadcrumbList","@id":"https:\/\/hgfhammel.dk\/svoemning\/fritidspas\/#breadcrumb","itemListElement":[{"@type":"ListItem","position":1,"name":"Hjem","item":"https:\/\/hgfhammel.dk\/svoemning\/"},{"@type":"ListItem","position":2,"name":"Fritidspas"}]},{"@type":"WebSite","@id":"https:\/\/hgfhammel.dk\/svoemning\/#website","url":"https:\/\/hgfhammel.dk\/svoemning\/","name":"Sv\u00f8mning","description":"Sv\u00f8mning","potentialAction":[{"@type":"SearchAction","target":{"@type":"EntryPoint","urlTemplate":"https:\/\/hgfhammel.dk\/svoemning\/?s={search_term_string}"},"query-input":"required name=search_term_string"}],"inLanguage":"da-DK"}]}},"_links":{"self":[{"href":"https:\/\/hgfhammel.dk\/svoemning\/wp-json\/wp\/v2\/pages\/1252"}],"collection":[{"href":"https:\/\/hgfhammel.dk\/svoemning\/wp-json\/wp\/v2\/pages"}],"about":[{"href":"https:\/\/hgfhammel.dk\/svoemning\/wp-json\/wp\/v2\/types\/page"}],"author":[{"embeddable":true,"href":"https:\/\/hgfhammel.dk\/svoemning\/wp-json\/wp\/v2\/users\/24"}],"replies":[{"embeddable":true,"href":"https:\/\/hgfhammel.dk\/svoemning\/wp-json\/wp\/v2\/comments?post=1252"}],"version-history":[{"count":4,"href":"https:\/\/hgfhammel.dk\/svoemning\/wp-json\/wp\/v2\/pages\/1252\/revisions"}],"predecessor-version":[{"id":1569,"href":"https:\/\/hgfhammel.dk\/svoemning\/wp-json\/wp\/v2\/pages\/1252\/revisions\/1569"}],"wp:attachment":[{"href":"https:\/\/hgfhammel.dk\/svoemning\/wp-json\/wp\/v2\/media?parent=1252"}],"curies":[{"name":"wp","href":"https:\/\/api.w.org\/{rel}","templated":true}]}}