{"id":1338,"date":"2021-08-16T20:09:21","date_gmt":"2021-08-16T18:09:21","guid":{"rendered":"https:\/\/hgfhammel.dk\/svoemning\/?page_id=1338"},"modified":"2021-08-16T21:07:01","modified_gmt":"2021-08-16T19:07:01","slug":"sprint-cup","status":"publish","type":"page","link":"https:\/\/hgfhammel.dk\/svoemning\/sprint-cup\/","title":{"rendered":"Sprint Cup"},"content":{"rendered":"<p>[et_pb_section fb_built=&#8221;1&#8243; _builder_version=&#8221;4.5.1&#8243; _module_preset=&#8221;default&#8221;][et_pb_row _builder_version=&#8221;4.5.1&#8243; _module_preset=&#8221;default&#8221;][et_pb_column type=&#8221;4_4&#8243; _builder_version=&#8221;4.5.1&#8243; _module_preset=&#8221;default&#8221;][et_pb_text _builder_version=&#8221;4.5.1&#8243; _module_preset=&#8221;default&#8221; text_font_size=&#8221;25px&#8221; text_orientation=&#8221;center&#8221;]<\/p>\n<p>G\u00e5 p\u00e5 udforskning i Hammel Sprint Cup, som er et tilbagevendende st\u00e6vnet, men massere af lys, god musik og giver sv\u00f8mmerne en helt unik st\u00e6vne oplevelse.\u00a0<\/p>\n<p>St\u00e6vnet bliver altid afholdt den sidste fredag i januar m\u00e5ned, s\u00e5 s\u00e6t kryds i kalenderen allerede nu.\u00a0<\/p>\n<p>Tryk p\u00e5 nedenst\u00e5ende bokse for at finde ud af endnu mere om denne unikke oplevelse<\/p>\n<p>[\/et_pb_text][\/et_pb_column][\/et_pb_row][et_pb_row column_structure=&#8221;1_3,1_3,1_3&#8243; _builder_version=&#8221;4.5.1&#8243; _module_preset=&#8221;default&#8221;][et_pb_column type=&#8221;1_3&#8243; _builder_version=&#8221;4.5.1&#8243; _module_preset=&#8221;default&#8221;][et_pb_text admin_label=&#8221;Link til FB&#8221; _builder_version=&#8221;4.5.1&#8243; _module_preset=&#8221;default&#8221; text_font_size=&#8221;23px&#8221; text_orientation=&#8221;center&#8221; link_option_url=&#8221;https:\/\/www.facebook.com\/profile.php?id=100035392376411&#8243; link_option_url_new_window=&#8221;on&#8221; border_width_all=&#8221;9px&#8221; border_color_all=&#8221;#35e500&#8243;]<\/p>\n<p>Tjek vores Facebook side.\u00a0<\/p>\n<p>[\/et_pb_text][\/et_pb_column][et_pb_column type=&#8221;1_3&#8243; _builder_version=&#8221;4.5.1&#8243; _module_preset=&#8221;default&#8221;][et_pb_text admin_label=&#8221;Hj\u00e6lpere&#8221; _builder_version=&#8221;4.5.1&#8243; _module_preset=&#8221;default&#8221; text_font_size=&#8221;23px&#8221; text_orientation=&#8221;center&#8221; hover_enabled=&#8221;0&#8243; border_width_all=&#8221;9px&#8221; border_color_all=&#8221;#31ef07&#8243; link_option_url=&#8221;https:\/\/hgfhammel.dk\/svoemning\/sprint-cup-hjaelpere\/&#8221;]<\/p>\n<p>Vil du v\u00e6re en del af holdet<\/p>\n<p>[\/et_pb_text][\/et_pb_column][et_pb_column type=&#8221;1_3&#8243; _builder_version=&#8221;4.5.1&#8243; _module_preset=&#8221;default&#8221;][et_pb_text admin_label=&#8221;Billeder&#8221; _builder_version=&#8221;4.5.1&#8243; _module_preset=&#8221;default&#8221; text_font_size=&#8221;23px&#8221; text_orientation=&#8221;center&#8221; link_option_url=&#8221;https:\/\/www.facebook.com\/profile.php?id=100035392376411&#038;sk=photos&#8221; border_width_all=&#8221;9px&#8221; border_color_all=&#8221;#41f700&#8243;]<\/p>\n<p>Billeder\u00a0<\/p>\n<p>[\/et_pb_text][\/et_pb_column][\/et_pb_row][\/et_pb_section]<\/p>\n","protected":false},"excerpt":{"rendered":"<p>G\u00e5 p\u00e5 udforskning i Hammel Sprint Cup, som er et tilbagevendende st\u00e6vnet, men massere af lys, god musik og giver sv\u00f8mmerne en helt unik st\u00e6vne oplevelse.\u00a0 St\u00e6vnet bliver altid afholdt den sidste fredag i januar m\u00e5ned, s\u00e5 s\u00e6t kryds i kalenderen allerede nu.\u00a0 Tryk p\u00e5 nedenst\u00e5ende bokse for at finde ud af endnu mere om [&hellip;]<\/p>\n","protected":false},"author":24,"featured_media":0,"parent":0,"menu_order":0,"comment_status":"closed","ping_status":"closed","template":"","meta":{"_et_pb_use_builder":"on","_et_pb_old_content":"","_et_gb_content_width":""},"yoast_head":"<!-- This site is optimized with the Yoast SEO plugin v20.9 - https:\/\/yoast.com\/wordpress\/plugins\/seo\/ -->\n<title>Sprint Cup - Sv\u00f8mning<\/title>\n<meta name=\"robots\" content=\"index, follow, max-snippet:-1, max-image-preview:large, max-video-preview:-1\" \/>\n<link rel=\"canonical\" href=\"https:\/\/hgfhammel.dk\/svoemning\/sprint-cup\/\" \/>\n<meta property=\"og:locale\" content=\"da_DK\" \/>\n<meta property=\"og:type\" content=\"article\" \/>\n<meta property=\"og:title\" content=\"Sprint Cup - Sv\u00f8mning\" \/>\n<meta property=\"og:description\" content=\"G\u00e5 p\u00e5 udforskning i Hammel Sprint Cup, som er et tilbagevendende st\u00e6vnet, men massere af lys, god musik og giver sv\u00f8mmerne en helt unik st\u00e6vne oplevelse.\u00a0 St\u00e6vnet bliver altid afholdt den sidste fredag i januar m\u00e5ned, s\u00e5 s\u00e6t kryds i kalenderen allerede nu.\u00a0 Tryk p\u00e5 nedenst\u00e5ende bokse for at finde ud af endnu mere om [&hellip;]\" \/>\n<meta property=\"og:url\" content=\"https:\/\/hgfhammel.dk\/svoemning\/sprint-cup\/\" \/>\n<meta property=\"og:site_name\" content=\"Sv\u00f8mning\" \/>\n<meta property=\"article:modified_time\" content=\"2021-08-16T19:07:01+00:00\" \/>\n<meta name=\"twitter:card\" content=\"summary_large_image\" \/>\n<meta name=\"twitter:label1\" content=\"Estimeret l\u00e6setid\" \/>\n\t<meta name=\"twitter:data1\" content=\"2 minutter\" \/>\n<!-- \/ Yoast SEO plugin. -->","yoast_head_json":{"title":"Sprint Cup - Sv\u00f8mning","robots":{"index":"index","follow":"follow","max-snippet":"max-snippet:-1","max-image-preview":"max-image-preview:large","max-video-preview":"max-video-preview:-1"},"canonical":"https:\/\/hgfhammel.dk\/svoemning\/sprint-cup\/","og_locale":"da_DK","og_type":"article","og_title":"Sprint Cup - Sv\u00f8mning","og_description":"G\u00e5 p\u00e5 udforskning i Hammel Sprint Cup, som er et tilbagevendende st\u00e6vnet, men massere af lys, god musik og giver sv\u00f8mmerne en helt unik st\u00e6vne oplevelse.\u00a0 St\u00e6vnet bliver altid afholdt den sidste fredag i januar m\u00e5ned, s\u00e5 s\u00e6t kryds i kalenderen allerede nu.\u00a0 Tryk p\u00e5 nedenst\u00e5ende bokse for at finde ud af endnu mere om [&hellip;]","og_url":"https:\/\/hgfhammel.dk\/svoemning\/sprint-cup\/","og_site_name":"Sv\u00f8mning","article_modified_time":"2021-08-16T19:07:01+00:00","twitter_card":"summary_large_image","twitter_misc":{"Estimeret l\u00e6setid":"2 minutter"},"schema":{"@context":"https:\/\/schema.org","@graph":[{"@type":"WebPage","@id":"https:\/\/hgfhammel.dk\/svoemning\/sprint-cup\/","url":"https:\/\/hgfhammel.dk\/svoemning\/sprint-cup\/","name":"Sprint Cup - Sv\u00f8mning","isPartOf":{"@id":"https:\/\/hgfhammel.dk\/svoemning\/#website"},"datePublished":"2021-08-16T18:09:21+00:00","dateModified":"2021-08-16T19:07:01+00:00","breadcrumb":{"@id":"https:\/\/hgfhammel.dk\/svoemning\/sprint-cup\/#breadcrumb"},"inLanguage":"da-DK","potentialAction":[{"@type":"ReadAction","target":["https:\/\/hgfhammel.dk\/svoemning\/sprint-cup\/"]}]},{"@type":"BreadcrumbList","@id":"https:\/\/hgfhammel.dk\/svoemning\/sprint-cup\/#breadcrumb","itemListElement":[{"@type":"ListItem","position":1,"name":"Hjem","item":"https:\/\/hgfhammel.dk\/svoemning\/"},{"@type":"ListItem","position":2,"name":"Sprint Cup"}]},{"@type":"WebSite","@id":"https:\/\/hgfhammel.dk\/svoemning\/#website","url":"https:\/\/hgfhammel.dk\/svoemning\/","name":"Sv\u00f8mning","description":"Sv\u00f8mning","potentialAction":[{"@type":"SearchAction","target":{"@type":"EntryPoint","urlTemplate":"https:\/\/hgfhammel.dk\/svoemning\/?s={search_term_string}"},"query-input":"required name=search_term_string"}],"inLanguage":"da-DK"}]}},"_links":{"self":[{"href":"https:\/\/hgfhammel.dk\/svoemning\/wp-json\/wp\/v2\/pages\/1338"}],"collection":[{"href":"https:\/\/hgfhammel.dk\/svoemning\/wp-json\/wp\/v2\/pages"}],"about":[{"href":"https:\/\/hgfhammel.dk\/svoemning\/wp-json\/wp\/v2\/types\/page"}],"author":[{"embeddable":true,"href":"https:\/\/hgfhammel.dk\/svoemning\/wp-json\/wp\/v2\/users\/24"}],"replies":[{"embeddable":true,"href":"https:\/\/hgfhammel.dk\/svoemning\/wp-json\/wp\/v2\/comments?post=1338"}],"version-history":[{"count":5,"href":"https:\/\/hgfhammel.dk\/svoemning\/wp-json\/wp\/v2\/pages\/1338\/revisions"}],"predecessor-version":[{"id":1519,"href":"https:\/\/hgfhammel.dk\/svoemning\/wp-json\/wp\/v2\/pages\/1338\/revisions\/1519"}],"wp:attachment":[{"href":"https:\/\/hgfhammel.dk\/svoemning\/wp-json\/wp\/v2\/media?parent=1338"}],"curies":[{"name":"wp","href":"https:\/\/api.w.org\/{rel}","templated":true}]}}