{"id":1441,"date":"2021-03-22T13:08:52","date_gmt":"2021-03-22T12:08:52","guid":{"rendered":"https:\/\/hgfhammel.dk\/svoemning\/?page_id=1441"},"modified":"2023-09-15T12:52:04","modified_gmt":"2023-09-15T10:52:04","slug":"hgf-dolphins-soc-arr","status":"publish","type":"page","link":"https:\/\/hgfhammel.dk\/svoemning\/hgf-dolphins-soc-arr\/","title":{"rendered":"HGF Dolphins &#8211; Soc. Arr."},"content":{"rendered":"<p>[et_pb_section fb_built=&#8221;1&#8243; _builder_version=&#8221;4.16&#8243; _module_preset=&#8221;default&#8221; global_colors_info=&#8221;{}&#8221;][et_pb_row _builder_version=&#8221;4.16&#8243; _module_preset=&#8221;default&#8221; global_colors_info=&#8221;{}&#8221;][et_pb_column type=&#8221;4_4&#8243; _builder_version=&#8221;4.16&#8243; _module_preset=&#8221;default&#8221; global_colors_info=&#8221;{}&#8221;][et_pb_text _builder_version=&#8221;4.16&#8243; _module_preset=&#8221;default&#8221; global_colors_info=&#8221;{}&#8221;]<\/p>\n<p>I HGF Dolphins fokuserer vi meget p\u00e5 det sociale. Det er enormt vigtigt for at b\u00f8rnene synes det skal v\u00e6re sjovt at bruge s\u00e5 mange timer i vandet og omkring de samme mennesker. Derfor fors\u00f8ger vi at give sv\u00f8mmerne en masse sjove f\u00e6lles oplevelser igennem forskellige st\u00e6vner, aktiviteter og events.\u00a0<\/p>\n<p>[\/et_pb_text][\/et_pb_column][\/et_pb_row][\/et_pb_section][et_pb_section fb_built=&#8221;1&#8243; _builder_version=&#8221;4.16&#8243; _module_preset=&#8221;default&#8221; global_colors_info=&#8221;{}&#8221;][et_pb_row column_structure=&#8221;1_4,1_4,1_4,1_4&#8243; _builder_version=&#8221;4.16&#8243; _module_preset=&#8221;default&#8221; global_colors_info=&#8221;{}&#8221;][et_pb_column type=&#8221;1_4&#8243; _builder_version=&#8221;4.16&#8243; _module_preset=&#8221;default&#8221; global_colors_info=&#8221;{}&#8221;][et_pb_text admin_label=&#8221;Tr\u00e6ningslejr&#8221; _builder_version=&#8221;4.21.0&#8243; _module_preset=&#8221;default&#8221; background_color=&#8221;RGBA(255,255,255,0)&#8221; link_option_url=&#8221;https:\/\/hgfhammel.dk\/svoemning\/hgf-dolphins-traeningslejr\/&#8221; hover_enabled=&#8221;0&#8243; global_colors_info=&#8221;{}&#8221; sticky_enabled=&#8221;0&#8243;]<\/p>\n<p>Tr\u00e6ninglejr<\/p>\n<p>[\/et_pb_text][\/et_pb_column][et_pb_column type=&#8221;1_4&#8243; _builder_version=&#8221;4.16&#8243; _module_preset=&#8221;default&#8221; global_colors_info=&#8221;{}&#8221;][et_pb_text admin_label=&#8221;Klubmesterskab &#8221; _builder_version=&#8221;4.21.0&#8243; _module_preset=&#8221;default&#8221; link_option_url=&#8221;https:\/\/hgfhammel.dk\/svoemning\/hgf-dolphins-klubmesterskab\/&#8221; global_colors_info=&#8221;{}&#8221;]<\/p>\n<p>Klubmesterskab<\/p>\n<p>[\/et_pb_text][\/et_pb_column][et_pb_column type=&#8221;1_4&#8243; _builder_version=&#8221;4.16&#8243; _module_preset=&#8221;default&#8221; global_colors_info=&#8221;{}&#8221;][et_pb_text admin_label=&#8221;Corona &#8221; _builder_version=&#8221;4.21.0&#8243; _module_preset=&#8221;default&#8221; background_color=&#8221;RGBA(255,255,255,0)&#8221; link_option_url=&#8221;https:\/\/hgfhammel.dk\/svoemning\/hgf-dolphins-corona\/&#8221; hover_enabled=&#8221;0&#8243; global_colors_info=&#8221;{}&#8221; sticky_enabled=&#8221;0&#8243;]<\/p>\n<p>Corona<\/p>\n<p>[\/et_pb_text][\/et_pb_column][et_pb_column type=&#8221;1_4&#8243; _builder_version=&#8221;4.16&#8243; _module_preset=&#8221;default&#8221; global_colors_info=&#8221;{}&#8221;][\/et_pb_column][\/et_pb_row][et_pb_row _builder_version=&#8221;4.16&#8243; _module_preset=&#8221;default&#8221; global_colors_info=&#8221;{}&#8221;][et_pb_column type=&#8221;4_4&#8243; _builder_version=&#8221;4.16&#8243; _module_preset=&#8221;default&#8221; global_colors_info=&#8221;{}&#8221;][et_pb_text admin_label=&#8221;Billeder &#8221; _builder_version=&#8221;4.16&#8243; _module_preset=&#8221;default&#8221; global_colors_info=&#8221;{}&#8221;][\/et_pb_text][\/et_pb_column][\/et_pb_row][\/et_pb_section]<\/p>\n","protected":false},"excerpt":{"rendered":"<p>I HGF Dolphins fokuserer vi meget p\u00e5 det sociale. Det er enormt vigtigt for at b\u00f8rnene synes det skal v\u00e6re sjovt at bruge s\u00e5 mange timer i vandet og omkring de samme mennesker. Derfor fors\u00f8ger vi at give sv\u00f8mmerne en masse sjove f\u00e6lles oplevelser igennem forskellige st\u00e6vner, aktiviteter og events.\u00a0Tr\u00e6ninglejrKlubmesterskabCorona<\/p>\n","protected":false},"author":53,"featured_media":0,"parent":0,"menu_order":0,"comment_status":"closed","ping_status":"closed","template":"","meta":{"_et_pb_use_builder":"on","_et_pb_old_content":"","_et_gb_content_width":""},"yoast_head":"<!-- This site is optimized with the Yoast SEO plugin v20.9 - https:\/\/yoast.com\/wordpress\/plugins\/seo\/ -->\n<title>HGF Dolphins - Soc. Arr. - Sv\u00f8mning<\/title>\n<meta name=\"robots\" content=\"index, follow, max-snippet:-1, max-image-preview:large, max-video-preview:-1\" \/>\n<link rel=\"canonical\" href=\"https:\/\/hgfhammel.dk\/svoemning\/hgf-dolphins-soc-arr\/\" \/>\n<meta property=\"og:locale\" content=\"da_DK\" \/>\n<meta property=\"og:type\" content=\"article\" \/>\n<meta property=\"og:title\" content=\"HGF Dolphins - Soc. Arr. - Sv\u00f8mning\" \/>\n<meta property=\"og:description\" content=\"I HGF Dolphins fokuserer vi meget p\u00e5 det sociale. Det er enormt vigtigt for at b\u00f8rnene synes det skal v\u00e6re sjovt at bruge s\u00e5 mange timer i vandet og omkring de samme mennesker. Derfor fors\u00f8ger vi at give sv\u00f8mmerne en masse sjove f\u00e6lles oplevelser igennem forskellige st\u00e6vner, aktiviteter og events.\u00a0Tr\u00e6ninglejrKlubmesterskabCorona\" \/>\n<meta property=\"og:url\" content=\"https:\/\/hgfhammel.dk\/svoemning\/hgf-dolphins-soc-arr\/\" \/>\n<meta property=\"og:site_name\" content=\"Sv\u00f8mning\" \/>\n<meta property=\"article:modified_time\" content=\"2023-09-15T10:52:04+00:00\" \/>\n<meta name=\"twitter:card\" content=\"summary_large_image\" \/>\n<meta name=\"twitter:label1\" content=\"Estimeret l\u00e6setid\" \/>\n\t<meta name=\"twitter:data1\" content=\"1 minut\" \/>\n<!-- \/ Yoast SEO plugin. -->","yoast_head_json":{"title":"HGF Dolphins - Soc. Arr. - Sv\u00f8mning","robots":{"index":"index","follow":"follow","max-snippet":"max-snippet:-1","max-image-preview":"max-image-preview:large","max-video-preview":"max-video-preview:-1"},"canonical":"https:\/\/hgfhammel.dk\/svoemning\/hgf-dolphins-soc-arr\/","og_locale":"da_DK","og_type":"article","og_title":"HGF Dolphins - Soc. Arr. - Sv\u00f8mning","og_description":"I HGF Dolphins fokuserer vi meget p\u00e5 det sociale. Det er enormt vigtigt for at b\u00f8rnene synes det skal v\u00e6re sjovt at bruge s\u00e5 mange timer i vandet og omkring de samme mennesker. Derfor fors\u00f8ger vi at give sv\u00f8mmerne en masse sjove f\u00e6lles oplevelser igennem forskellige st\u00e6vner, aktiviteter og events.\u00a0Tr\u00e6ninglejrKlubmesterskabCorona","og_url":"https:\/\/hgfhammel.dk\/svoemning\/hgf-dolphins-soc-arr\/","og_site_name":"Sv\u00f8mning","article_modified_time":"2023-09-15T10:52:04+00:00","twitter_card":"summary_large_image","twitter_misc":{"Estimeret l\u00e6setid":"1 minut"},"schema":{"@context":"https:\/\/schema.org","@graph":[{"@type":"WebPage","@id":"https:\/\/hgfhammel.dk\/svoemning\/hgf-dolphins-soc-arr\/","url":"https:\/\/hgfhammel.dk\/svoemning\/hgf-dolphins-soc-arr\/","name":"HGF Dolphins - Soc. Arr. - Sv\u00f8mning","isPartOf":{"@id":"https:\/\/hgfhammel.dk\/svoemning\/#website"},"datePublished":"2021-03-22T12:08:52+00:00","dateModified":"2023-09-15T10:52:04+00:00","breadcrumb":{"@id":"https:\/\/hgfhammel.dk\/svoemning\/hgf-dolphins-soc-arr\/#breadcrumb"},"inLanguage":"da-DK","potentialAction":[{"@type":"ReadAction","target":["https:\/\/hgfhammel.dk\/svoemning\/hgf-dolphins-soc-arr\/"]}]},{"@type":"BreadcrumbList","@id":"https:\/\/hgfhammel.dk\/svoemning\/hgf-dolphins-soc-arr\/#breadcrumb","itemListElement":[{"@type":"ListItem","position":1,"name":"Hjem","item":"https:\/\/hgfhammel.dk\/svoemning\/"},{"@type":"ListItem","position":2,"name":"HGF Dolphins &#8211; Soc. Arr."}]},{"@type":"WebSite","@id":"https:\/\/hgfhammel.dk\/svoemning\/#website","url":"https:\/\/hgfhammel.dk\/svoemning\/","name":"Sv\u00f8mning","description":"Sv\u00f8mning","potentialAction":[{"@type":"SearchAction","target":{"@type":"EntryPoint","urlTemplate":"https:\/\/hgfhammel.dk\/svoemning\/?s={search_term_string}"},"query-input":"required name=search_term_string"}],"inLanguage":"da-DK"}]}},"_links":{"self":[{"href":"https:\/\/hgfhammel.dk\/svoemning\/wp-json\/wp\/v2\/pages\/1441"}],"collection":[{"href":"https:\/\/hgfhammel.dk\/svoemning\/wp-json\/wp\/v2\/pages"}],"about":[{"href":"https:\/\/hgfhammel.dk\/svoemning\/wp-json\/wp\/v2\/types\/page"}],"author":[{"embeddable":true,"href":"https:\/\/hgfhammel.dk\/svoemning\/wp-json\/wp\/v2\/users\/53"}],"replies":[{"embeddable":true,"href":"https:\/\/hgfhammel.dk\/svoemning\/wp-json\/wp\/v2\/comments?post=1441"}],"version-history":[{"count":2,"href":"https:\/\/hgfhammel.dk\/svoemning\/wp-json\/wp\/v2\/pages\/1441\/revisions"}],"predecessor-version":[{"id":1833,"href":"https:\/\/hgfhammel.dk\/svoemning\/wp-json\/wp\/v2\/pages\/1441\/revisions\/1833"}],"wp:attachment":[{"href":"https:\/\/hgfhammel.dk\/svoemning\/wp-json\/wp\/v2\/media?parent=1441"}],"curies":[{"name":"wp","href":"https:\/\/api.w.org\/{rel}","templated":true}]}}