{"id":59,"date":"2018-07-25T10:25:08","date_gmt":"2018-07-25T08:25:08","guid":{"rendered":"http:\/\/hgfhammel.dk\/svomning\/?page_id=59"},"modified":"2020-10-26T20:59:19","modified_gmt":"2020-10-26T19:59:19","slug":"events","status":"publish","type":"page","link":"https:\/\/hgfhammel.dk\/svoemning\/events\/","title":{"rendered":"Events"},"content":{"rendered":"<p>[et_pb_section fb_built=&#8221;1&#8243; _builder_version=&#8221;3.22&#8243;][et_pb_row _builder_version=&#8221;3.25&#8243; background_size=&#8221;initial&#8221; background_position=&#8221;top_left&#8221; background_repeat=&#8221;repeat&#8221;][et_pb_column type=&#8221;4_4&#8243; _builder_version=&#8221;3.25&#8243; custom_padding=&#8221;|||&#8221; custom_padding__hover=&#8221;|||&#8221;][et_pb_text admin_label=&#8221;Overskrift med br\u00f8dtekst&#8221; module_class=&#8221;headline_text&#8221; _builder_version=&#8221;3.27.4&#8243; saved_tabs=&#8221;all&#8221;]<\/p>\n<h1>Events<\/h1>\n<p>Her finder du events b\u00e5de til Hammel GF sv\u00f8mning og generelt i hammel gf.\u00a0<\/p>\n<p>&nbsp;<\/p>\n<p>vi gl\u00e6der os til AT SE JER I HALLEN.<\/p>\n<p>[\/et_pb_text][\/et_pb_column][\/et_pb_row][et_pb_row _builder_version=&#8221;3.25&#8243; background_size=&#8221;initial&#8221; background_position=&#8221;top_left&#8221; background_repeat=&#8221;repeat&#8221; column_structure=&#8221;1_2,1_2&#8243;][et_pb_column type=&#8221;1_2&#8243; _builder_version=&#8221;3.25&#8243; custom_padding=&#8221;|||&#8221; custom_padding__hover=&#8221;|||&#8221;][et_pb_image src=&#8221;https:\/\/hgfhammel.dk\/svoemning\/wp-content\/uploads\/sites\/18\/2018\/11\/DolphinsLogo.png&#8221; url=&#8221;https:\/\/hgfsvomning.klub-modul.dk\/cms\/ProfileEventEnrollment.aspx?EventID=1281&#8243; align_tablet=&#8221;center&#8221; align_last_edited=&#8221;on|desktop&#8221; _builder_version=&#8221;3.23&#8243;]<br \/>\n[\/et_pb_image][et_pb_text _builder_version=&#8221;3.27.4&#8243;]<\/p>\n<p><strong>Landsdelsmesterskaberne<\/strong><\/p>\n<p>HGF Dolphins kan nu tilmelde sig landsdelsmesterskaberne, som afholdes i Hammel den 12\/1-2019.<\/p>\n<p>Go Dolphins!<\/p>\n<p>[\/et_pb_text][\/et_pb_column][et_pb_column type=&#8221;1_2&#8243; _builder_version=&#8221;3.25&#8243; custom_padding=&#8221;|||&#8221; custom_padding__hover=&#8221;|||&#8221;][et_pb_image src=&#8221;https:\/\/hgfhammel.dk\/svoemning\/wp-content\/uploads\/sites\/18\/2018\/11\/Wellness-februar-2019-til-facebook.jpg&#8221; url=&#8221;https:\/\/hgfhammel.dk\/svoemning\/nyheder\/wellness-februar-2019\/&#8221; align_tablet=&#8221;center&#8221; align_last_edited=&#8221;on|desktop&#8221; _builder_version=&#8221;3.23&#8243;]<br \/>\n[\/et_pb_image][et_pb_text _builder_version=&#8221;3.27.4&#8243;]<\/p>\n<p><strong>\u00c5rets julegaveide<\/strong><\/p>\n<p><span> Fork\u00e6l dig selv eller en du holder af, med en super\u00a0<\/span><br \/> <span>l\u00e6kker wellness aften i Hammel Sv\u00f8mmehal.\u00a0<\/span><\/p>\n<p><span>Fredag d. 1. februar \u00e5bner vi d\u00f8rene op til en forvandlet sv\u00f8mmehal,\u00a0<\/span><br \/> <span>men vandfald, levende lys, l\u00e6kker tapas, bobler, mulighed for massage\u00a0<\/span><br \/> <span>m.m.\u00a0<\/span><\/p>\n<p><span>Der vil som noget nyt v\u00e6re et udend\u00f8rs Vildmarksbad med plads til 8\u00a0<\/span><br \/> <span>personer af gangen<\/span><\/p>\n<p><span><\/span><\/p>\n<p><span>Klik p\u00e5 logoet og kom direkte til tilmeldingen.<\/span><\/p>\n<p>[\/et_pb_text][\/et_pb_column][\/et_pb_row][\/et_pb_section]<\/p>\n","protected":false},"excerpt":{"rendered":"<p>Events Her finder du events b\u00e5de til Hammel GF sv\u00f8mning og generelt i hammel gf.\u00a0 &nbsp; vi gl\u00e6der os til AT SE JER I HALLEN. LandsdelsmesterskaberneHGF Dolphins kan nu tilmelde sig landsdelsmesterskaberne, som afholdes i Hammel den 12\/1-2019.Go Dolphins! \u00c5rets julegaveide Fork\u00e6l dig selv eller en du holder af, med en super\u00a0 l\u00e6kker wellness aften [&hellip;]<\/p>\n","protected":false},"author":1,"featured_media":0,"parent":0,"menu_order":0,"comment_status":"closed","ping_status":"closed","template":"","meta":{"_et_pb_use_builder":"on","_et_pb_old_content":"","_et_gb_content_width":""},"yoast_head":"<!-- This site is optimized with the Yoast SEO plugin v20.9 - https:\/\/yoast.com\/wordpress\/plugins\/seo\/ -->\n<title>Events - Sv\u00f8mning<\/title>\n<meta name=\"robots\" content=\"index, follow, max-snippet:-1, max-image-preview:large, max-video-preview:-1\" \/>\n<link rel=\"canonical\" href=\"https:\/\/hgfhammel.dk\/svoemning\/events\/\" \/>\n<meta property=\"og:locale\" content=\"da_DK\" \/>\n<meta property=\"og:type\" content=\"article\" \/>\n<meta property=\"og:title\" content=\"Events - Sv\u00f8mning\" \/>\n<meta property=\"og:description\" content=\"Events Her finder du events b\u00e5de til Hammel GF sv\u00f8mning og generelt i hammel gf.\u00a0 &nbsp; vi gl\u00e6der os til AT SE JER I HALLEN. LandsdelsmesterskaberneHGF Dolphins kan nu tilmelde sig landsdelsmesterskaberne, som afholdes i Hammel den 12\/1-2019.Go Dolphins! \u00c5rets julegaveide Fork\u00e6l dig selv eller en du holder af, med en super\u00a0 l\u00e6kker wellness aften [&hellip;]\" \/>\n<meta property=\"og:url\" content=\"https:\/\/hgfhammel.dk\/svoemning\/events\/\" \/>\n<meta property=\"og:site_name\" content=\"Sv\u00f8mning\" \/>\n<meta property=\"article:modified_time\" content=\"2020-10-26T19:59:19+00:00\" \/>\n<meta name=\"twitter:card\" content=\"summary_large_image\" \/>\n<meta name=\"twitter:label1\" content=\"Estimeret l\u00e6setid\" \/>\n\t<meta name=\"twitter:data1\" content=\"2 minutter\" \/>\n<!-- \/ Yoast SEO plugin. -->","yoast_head_json":{"title":"Events - Sv\u00f8mning","robots":{"index":"index","follow":"follow","max-snippet":"max-snippet:-1","max-image-preview":"max-image-preview:large","max-video-preview":"max-video-preview:-1"},"canonical":"https:\/\/hgfhammel.dk\/svoemning\/events\/","og_locale":"da_DK","og_type":"article","og_title":"Events - Sv\u00f8mning","og_description":"Events Her finder du events b\u00e5de til Hammel GF sv\u00f8mning og generelt i hammel gf.\u00a0 &nbsp; vi gl\u00e6der os til AT SE JER I HALLEN. LandsdelsmesterskaberneHGF Dolphins kan nu tilmelde sig landsdelsmesterskaberne, som afholdes i Hammel den 12\/1-2019.Go Dolphins! \u00c5rets julegaveide Fork\u00e6l dig selv eller en du holder af, med en super\u00a0 l\u00e6kker wellness aften [&hellip;]","og_url":"https:\/\/hgfhammel.dk\/svoemning\/events\/","og_site_name":"Sv\u00f8mning","article_modified_time":"2020-10-26T19:59:19+00:00","twitter_card":"summary_large_image","twitter_misc":{"Estimeret l\u00e6setid":"2 minutter"},"schema":{"@context":"https:\/\/schema.org","@graph":[{"@type":"WebPage","@id":"https:\/\/hgfhammel.dk\/svoemning\/events\/","url":"https:\/\/hgfhammel.dk\/svoemning\/events\/","name":"Events - Sv\u00f8mning","isPartOf":{"@id":"https:\/\/hgfhammel.dk\/svoemning\/#website"},"datePublished":"2018-07-25T08:25:08+00:00","dateModified":"2020-10-26T19:59:19+00:00","breadcrumb":{"@id":"https:\/\/hgfhammel.dk\/svoemning\/events\/#breadcrumb"},"inLanguage":"da-DK","potentialAction":[{"@type":"ReadAction","target":["https:\/\/hgfhammel.dk\/svoemning\/events\/"]}]},{"@type":"BreadcrumbList","@id":"https:\/\/hgfhammel.dk\/svoemning\/events\/#breadcrumb","itemListElement":[{"@type":"ListItem","position":1,"name":"Hjem","item":"https:\/\/hgfhammel.dk\/svoemning\/"},{"@type":"ListItem","position":2,"name":"Events"}]},{"@type":"WebSite","@id":"https:\/\/hgfhammel.dk\/svoemning\/#website","url":"https:\/\/hgfhammel.dk\/svoemning\/","name":"Sv\u00f8mning","description":"Sv\u00f8mning","potentialAction":[{"@type":"SearchAction","target":{"@type":"EntryPoint","urlTemplate":"https:\/\/hgfhammel.dk\/svoemning\/?s={search_term_string}"},"query-input":"required name=search_term_string"}],"inLanguage":"da-DK"}]}},"_links":{"self":[{"href":"https:\/\/hgfhammel.dk\/svoemning\/wp-json\/wp\/v2\/pages\/59"}],"collection":[{"href":"https:\/\/hgfhammel.dk\/svoemning\/wp-json\/wp\/v2\/pages"}],"about":[{"href":"https:\/\/hgfhammel.dk\/svoemning\/wp-json\/wp\/v2\/types\/page"}],"author":[{"embeddable":true,"href":"https:\/\/hgfhammel.dk\/svoemning\/wp-json\/wp\/v2\/users\/1"}],"replies":[{"embeddable":true,"href":"https:\/\/hgfhammel.dk\/svoemning\/wp-json\/wp\/v2\/comments?post=59"}],"version-history":[{"count":0,"href":"https:\/\/hgfhammel.dk\/svoemning\/wp-json\/wp\/v2\/pages\/59\/revisions"}],"wp:attachment":[{"href":"https:\/\/hgfhammel.dk\/svoemning\/wp-json\/wp\/v2\/media?parent=59"}],"curies":[{"name":"wp","href":"https:\/\/api.w.org\/{rel}","templated":true}]}}