{"id":642,"date":"2018-11-18T21:17:53","date_gmt":"2018-11-18T20:17:53","guid":{"rendered":"http:\/\/hgfhammel.dk\/svoemning\/?page_id=642"},"modified":"2018-11-28T21:58:58","modified_gmt":"2018-11-28T20:58:58","slug":"holdoversigt-2","status":"publish","type":"page","link":"https:\/\/hgfhammel.dk\/svoemning\/holdoversigt-2\/","title":{"rendered":"Sv\u00f8mning &#8211; Holdoversigt"},"content":{"rendered":"<p>[et_pb_section bb_built=&#8221;1&#8243; _builder_version=&#8221;3.0.47&#8243; next_background_color=&#8221;#000000&#8243;][et_pb_row _builder_version=&#8221;3.0.48&#8243; background_size=&#8221;initial&#8221; background_position=&#8221;top_left&#8221; background_repeat=&#8221;repeat&#8221;][et_pb_column type=&#8221;4_4&#8243;][et_pb_text admin_label=&#8221;Overskrift med br\u00f8dtekst&#8221; module_class=&#8221;headline_text&#8221; _builder_version=&#8221;3.12.1&#8243; saved_tabs=&#8221;all&#8221;]<\/p>\n<h1>Holdoversigt<\/h1>\n<p>Nedenst\u00e5ende finder du en beskrivelse til hvert hold, som vi tilbyder i sv\u00f8mmeafdelingen. Vi besTr\u00e6ber os p\u00e5 b\u00e5de at tilbyde de traditionelle hold, men vi ogs\u00e5 fors\u00f8ger at f\u00f8lge med udviklingen indenfor vandhold.\u00a0<\/p>\n<p>&nbsp;<\/p>\n<p>Vi ses i vandet!<\/p>\n<p>[\/et_pb_text][\/et_pb_column][\/et_pb_row][\/et_pb_section][et_pb_section bb_built=&#8221;1&#8243; _builder_version=&#8221;3.0.47&#8243; prev_background_color=&#8221;#000000&#8243;][et_pb_row _builder_version=&#8221;3.12.1&#8243;][et_pb_column type=&#8221;1_4&#8243;][et_pb_text admin_label=&#8221;Link boks&#8221; module_class=&#8221;linkbox&#8221; _builder_version=&#8221;3.17.5&#8243; link_option_url=&#8221;http:\/\/hgfhammel.dk\/svoemning\/babyhold\/&#8221;]<\/p>\n<p><a href=\"http:\/\/hgfhammel.dk\/svoemning\/babyhold\/\">Babysv\u00f8mning<\/a><\/p>\n<p>[\/et_pb_text][\/et_pb_column][et_pb_column type=&#8221;1_4&#8243;][et_pb_text admin_label=&#8221;Link boks&#8221; module_class=&#8221;linkbox&#8221; _builder_version=&#8221;3.17.5&#8243; background_color=&#8221;#ee1929&#8243; link_option_url=&#8221;http:\/\/hgfhammel.dk\/svoemning\/boernehold\/&#8221; link_option_url_new_window=&#8221;on&#8221;]<\/p>\n<p><a href=\"http:\/\/hgfhammel.dk\/svoemning\/boernehold\/\">B\u00f8rnesv\u00f8mning<\/a><\/p>\n<p>[\/et_pb_text][\/et_pb_column][et_pb_column type=&#8221;1_4&#8243;][et_pb_text admin_label=&#8221;Link boks&#8221; module_class=&#8221;linkbox&#8221; _builder_version=&#8221;3.17.5&#8243; background_color=&#8221;#07b759&#8243; link_option_url=&#8221;http:\/\/hgfhammel.dk\/svoemning\/dolphins\/&#8221; link_option_url_new_window=&#8221;on&#8221;]<\/p>\n<p><a href=\"http:\/\/hgfhammel.dk\/svoemning\/dolphins\/\">HGF Dolphins<\/a><\/p>\n<p>[\/et_pb_text][\/et_pb_column][et_pb_column type=&#8221;1_4&#8243;][et_pb_text admin_label=&#8221;Link boks&#8221; module_class=&#8221;linkbox&#8221; _builder_version=&#8221;3.17.5&#8243; background_color=&#8221;#ee1929&#8243; use_background_color_gradient=&#8221;on&#8221;]<\/p>\n<p><a href=\"http:\/\/hgfhammel.dk\/svoemning\/familiesvoemning\/\">Familiesv\u00f8mning<\/a><\/p>\n<p>[\/et_pb_text][\/et_pb_column][\/et_pb_row][et_pb_row custom_padding=&#8221;10px|||&#8221; _builder_version=&#8221;3.12.1&#8243;][et_pb_column type=&#8221;1_4&#8243;][et_pb_text admin_label=&#8221;Link boks&#8221; module_class=&#8221;linkbox&#8221; _builder_version=&#8221;3.17.5&#8243; background_color=&#8221;#06178f&#8221;]<\/p>\n<p><a href=\"http:\/\/hgfhammel.dk\/svoemning\/voksne\/\">Voksne<\/a><\/p>\n<p>[\/et_pb_text][\/et_pb_column][et_pb_column type=&#8221;1_4&#8243;][et_pb_text admin_label=&#8221;Link boks&#8221; module_class=&#8221;linkbox&#8221; _builder_version=&#8221;3.17.5&#8243; background_color=&#8221;#06178f&#8221;]<\/p>\n<p><a href=\"http:\/\/hgfhammel.dk\/svoemning\/trihold\/\">Triathlon \/ Masters<\/a><\/p>\n<p>[\/et_pb_text][\/et_pb_column][et_pb_column type=&#8221;1_4&#8243;][et_pb_text admin_label=&#8221;Link boks&#8221; module_class=&#8221;linkbox&#8221; _builder_version=&#8221;3.17.5&#8243; background_color=&#8221;#06178f&#8221;]<\/p>\n<p><a href=\"http:\/\/hgfhammel.dk\/svoemning\/aquafitness\/\">Aqua Fitness<\/a><\/p>\n<p>[\/et_pb_text][\/et_pb_column][et_pb_column type=&#8221;1_4&#8243;][et_pb_text admin_label=&#8221;Link boks&#8221; module_class=&#8221;linkbox&#8221; _builder_version=&#8221;3.17.5&#8243; background_color=&#8221;#06178f&#8221;]<\/p>\n<p><a href=\"http:\/\/hgfhammel.dk\/svoemning\/varmtvandsmotion\/\">Varmtvandsmotion<\/a><\/p>\n<p>[\/et_pb_text][\/et_pb_column][\/et_pb_row][\/et_pb_section]<\/p>\n","protected":false},"excerpt":{"rendered":"<p>Holdoversigt Nedenst\u00e5ende finder du en beskrivelse til hvert hold, som vi tilbyder i sv\u00f8mmeafdelingen. Vi besTr\u00e6ber os p\u00e5 b\u00e5de at tilbyde de traditionelle hold, men vi ogs\u00e5 fors\u00f8ger at f\u00f8lge med udviklingen indenfor vandhold.\u00a0 &nbsp; Vi ses i vandet! Babysv\u00f8mning B\u00f8rnesv\u00f8mning HGF Dolphins Familiesv\u00f8mning Voksne Triathlon \/ Masters Aqua Fitness Varmtvandsmotion<\/p>\n","protected":false},"author":24,"featured_media":0,"parent":0,"menu_order":0,"comment_status":"closed","ping_status":"closed","template":"","meta":{"_et_pb_use_builder":"on","_et_pb_old_content":"","_et_gb_content_width":""},"yoast_head":"<!-- This site is optimized with the Yoast SEO plugin v20.9 - https:\/\/yoast.com\/wordpress\/plugins\/seo\/ -->\n<title>Sv\u00f8mning - Holdoversigt - Sv\u00f8mning<\/title>\n<meta name=\"robots\" content=\"index, follow, max-snippet:-1, max-image-preview:large, max-video-preview:-1\" \/>\n<link rel=\"canonical\" href=\"https:\/\/hgfhammel.dk\/svoemning\/holdoversigt-2\/\" \/>\n<meta property=\"og:locale\" content=\"da_DK\" \/>\n<meta property=\"og:type\" content=\"article\" \/>\n<meta property=\"og:title\" content=\"Sv\u00f8mning - Holdoversigt - Sv\u00f8mning\" \/>\n<meta property=\"og:description\" content=\"Holdoversigt Nedenst\u00e5ende finder du en beskrivelse til hvert hold, som vi tilbyder i sv\u00f8mmeafdelingen. Vi besTr\u00e6ber os p\u00e5 b\u00e5de at tilbyde de traditionelle hold, men vi ogs\u00e5 fors\u00f8ger at f\u00f8lge med udviklingen indenfor vandhold.\u00a0 &nbsp; Vi ses i vandet! Babysv\u00f8mning B\u00f8rnesv\u00f8mning HGF Dolphins Familiesv\u00f8mning Voksne Triathlon \/ Masters Aqua Fitness Varmtvandsmotion\" \/>\n<meta property=\"og:url\" content=\"https:\/\/hgfhammel.dk\/svoemning\/holdoversigt-2\/\" \/>\n<meta property=\"og:site_name\" content=\"Sv\u00f8mning\" \/>\n<meta property=\"article:modified_time\" content=\"2018-11-28T20:58:58+00:00\" \/>\n<meta name=\"twitter:card\" content=\"summary_large_image\" \/>\n<meta name=\"twitter:label1\" content=\"Estimeret l\u00e6setid\" \/>\n\t<meta name=\"twitter:data1\" content=\"2 minutter\" \/>\n<!-- \/ Yoast SEO plugin. -->","yoast_head_json":{"title":"Sv\u00f8mning - Holdoversigt - Sv\u00f8mning","robots":{"index":"index","follow":"follow","max-snippet":"max-snippet:-1","max-image-preview":"max-image-preview:large","max-video-preview":"max-video-preview:-1"},"canonical":"https:\/\/hgfhammel.dk\/svoemning\/holdoversigt-2\/","og_locale":"da_DK","og_type":"article","og_title":"Sv\u00f8mning - Holdoversigt - Sv\u00f8mning","og_description":"Holdoversigt Nedenst\u00e5ende finder du en beskrivelse til hvert hold, som vi tilbyder i sv\u00f8mmeafdelingen. Vi besTr\u00e6ber os p\u00e5 b\u00e5de at tilbyde de traditionelle hold, men vi ogs\u00e5 fors\u00f8ger at f\u00f8lge med udviklingen indenfor vandhold.\u00a0 &nbsp; Vi ses i vandet! Babysv\u00f8mning B\u00f8rnesv\u00f8mning HGF Dolphins Familiesv\u00f8mning Voksne Triathlon \/ Masters Aqua Fitness Varmtvandsmotion","og_url":"https:\/\/hgfhammel.dk\/svoemning\/holdoversigt-2\/","og_site_name":"Sv\u00f8mning","article_modified_time":"2018-11-28T20:58:58+00:00","twitter_card":"summary_large_image","twitter_misc":{"Estimeret l\u00e6setid":"2 minutter"},"schema":{"@context":"https:\/\/schema.org","@graph":[{"@type":"WebPage","@id":"https:\/\/hgfhammel.dk\/svoemning\/holdoversigt-2\/","url":"https:\/\/hgfhammel.dk\/svoemning\/holdoversigt-2\/","name":"Sv\u00f8mning - Holdoversigt - Sv\u00f8mning","isPartOf":{"@id":"https:\/\/hgfhammel.dk\/svoemning\/#website"},"datePublished":"2018-11-18T20:17:53+00:00","dateModified":"2018-11-28T20:58:58+00:00","breadcrumb":{"@id":"https:\/\/hgfhammel.dk\/svoemning\/holdoversigt-2\/#breadcrumb"},"inLanguage":"da-DK","potentialAction":[{"@type":"ReadAction","target":["https:\/\/hgfhammel.dk\/svoemning\/holdoversigt-2\/"]}]},{"@type":"BreadcrumbList","@id":"https:\/\/hgfhammel.dk\/svoemning\/holdoversigt-2\/#breadcrumb","itemListElement":[{"@type":"ListItem","position":1,"name":"Hjem","item":"https:\/\/hgfhammel.dk\/svoemning\/"},{"@type":"ListItem","position":2,"name":"Sv\u00f8mning &#8211; Holdoversigt"}]},{"@type":"WebSite","@id":"https:\/\/hgfhammel.dk\/svoemning\/#website","url":"https:\/\/hgfhammel.dk\/svoemning\/","name":"Sv\u00f8mning","description":"Sv\u00f8mning","potentialAction":[{"@type":"SearchAction","target":{"@type":"EntryPoint","urlTemplate":"https:\/\/hgfhammel.dk\/svoemning\/?s={search_term_string}"},"query-input":"required name=search_term_string"}],"inLanguage":"da-DK"}]}},"_links":{"self":[{"href":"https:\/\/hgfhammel.dk\/svoemning\/wp-json\/wp\/v2\/pages\/642"}],"collection":[{"href":"https:\/\/hgfhammel.dk\/svoemning\/wp-json\/wp\/v2\/pages"}],"about":[{"href":"https:\/\/hgfhammel.dk\/svoemning\/wp-json\/wp\/v2\/types\/page"}],"author":[{"embeddable":true,"href":"https:\/\/hgfhammel.dk\/svoemning\/wp-json\/wp\/v2\/users\/24"}],"replies":[{"embeddable":true,"href":"https:\/\/hgfhammel.dk\/svoemning\/wp-json\/wp\/v2\/comments?post=642"}],"version-history":[{"count":0,"href":"https:\/\/hgfhammel.dk\/svoemning\/wp-json\/wp\/v2\/pages\/642\/revisions"}],"wp:attachment":[{"href":"https:\/\/hgfhammel.dk\/svoemning\/wp-json\/wp\/v2\/media?parent=642"}],"curies":[{"name":"wp","href":"https:\/\/api.w.org\/{rel}","templated":true}]}}