{"id":664,"date":"2018-11-18T21:59:50","date_gmt":"2018-11-18T20:59:50","guid":{"rendered":"http:\/\/hgfhammel.dk\/svoemning\/?page_id=664"},"modified":"2021-03-11T21:25:53","modified_gmt":"2021-03-11T20:25:53","slug":"boernehold","status":"publish","type":"page","link":"https:\/\/hgfhammel.dk\/svoemning\/boernehold\/","title":{"rendered":"B\u00f8rnehold"},"content":{"rendered":"<p>[et_pb_section fb_built=&#8221;1&#8243; _builder_version=&#8221;3.22&#8243;][et_pb_row _builder_version=&#8221;3.25&#8243; background_size=&#8221;initial&#8221; background_position=&#8221;top_left&#8221; background_repeat=&#8221;repeat&#8221;][et_pb_column type=&#8221;4_4&#8243; _builder_version=&#8221;3.25&#8243; custom_padding=&#8221;|||&#8221; custom_padding__hover=&#8221;|||&#8221;][et_pb_text admin_label=&#8221;Overskrift med br\u00f8dtekst&#8221; module_class=&#8221;headline_text&#8221; _builder_version=&#8221;3.27.4&#8243; saved_tabs=&#8221;all&#8221;]<\/p>\n<h1>B\u00f8rnehold<\/h1>\n<p>&nbsp;<\/p>\n<p>[\/et_pb_text][et_pb_text _builder_version=&#8221;4.5.1&#8243;]<\/p>\n<p><strong>0-1 Klasse:<\/strong><br \/>Undervisningen foreg\u00e5r i det store bassin, og vi anbefaler at barnet kun udstyres med et b\u00e6lte, da det fremmer barnets motorik i vandet. Vi arbejder rigtig meget med tryghed i vandet, det er vigtigt at barnet f\u00f8ler sig tryg og dermed begynde at l\u00e6re og sv\u00f8mme. I undervisningen tages der udgangspunkt i de 5 grundf\u00e6rdigheder; Elementskifte, Dykning, Vejrtr\u00e6kning, Bev\u00e6gelse i vand og Flyde, vi udvikler dem s\u00e5 barnet l\u00e6rer at sv\u00f8mme Crawl og rygcrawl. Derudover er det vigtigt at der er plads til massere af leg og sjov, derfor \u00f8ver vi p\u00e5 dette hold b\u00e5de dykning og spring fra diverse ting. <\/p>\n<p><strong>2-3 Klasse:<\/strong><br \/>Vi anbefaler at barnet kun udstyres med et b\u00e6lte fra starten af s\u00e6sonen og arbejder henimod at barnet kan sv\u00f8mme uden hj\u00e6lpemidler. Vi arbejder med motorik og tryghed i vandet. I undervisningen tages der udgangspunkt i Crawl og rygcrawl og vi begynder p\u00e5 butterfly\/fly. Vi \u00f8ver ogs\u00e5 i at dykke efter ting p\u00e5 bunden af bassinet og udspring fra b\u00e5de kanten og vipperne. Tr\u00e6nerne bygger undervisningen op gennem lege og hygge.<\/p>\n<p><strong>4 klasse og opefter:<\/strong> <br \/>Dette hold er til sv\u00f8mmere, som \u00f8nsker at dygtigg\u00f8re sig inden for vandaktiviteter. Undervisningen rummer en lang r\u00e6kke af forskellige aktiviteter, s\u00e5som Aqua Cross, Udspring og Dykning derudover undervises der ogs\u00e5 i standard sv\u00f8mning s\u00e5som Crawl, Bryst, RygCrawl, og Butterfly\/Fly. Alt l\u00e6ring sker bedst gennem lege og sjove aktiviteter. Holdet her er derfor beregnet til ham eller hende, som \u00f8nsker at g\u00e5 til sv\u00f8mning uden at det prim\u00e6rt skal handle om de 4 stilarter. <\/p>\n<p><a href=\"https:\/\/hgfsvomning.klub-modul.dk\/cms\/TeamOverview.aspx\">Klik her for tilmelding<\/a><\/p>\n<p>[\/et_pb_text][\/et_pb_column][\/et_pb_row][\/et_pb_section]<\/p>\n","protected":false},"excerpt":{"rendered":"<p>B\u00f8rnehold &nbsp; 0-1 Klasse:Undervisningen foreg\u00e5r i det store bassin, og vi anbefaler at barnet kun udstyres med et b\u00e6lte, da det fremmer barnets motorik i vandet. Vi arbejder rigtig meget med tryghed i vandet, det er vigtigt at barnet f\u00f8ler sig tryg og dermed begynde at l\u00e6re og sv\u00f8mme. I undervisningen tages der udgangspunkt i [&hellip;]<\/p>\n","protected":false},"author":24,"featured_media":0,"parent":0,"menu_order":0,"comment_status":"closed","ping_status":"closed","template":"","meta":{"_et_pb_use_builder":"on","_et_pb_old_content":"","_et_gb_content_width":""},"yoast_head":"<!-- This site is optimized with the Yoast SEO plugin v20.9 - https:\/\/yoast.com\/wordpress\/plugins\/seo\/ -->\n<title>B\u00f8rnehold - Sv\u00f8mning<\/title>\n<meta name=\"robots\" content=\"index, follow, max-snippet:-1, max-image-preview:large, max-video-preview:-1\" \/>\n<link rel=\"canonical\" href=\"https:\/\/hgfhammel.dk\/svoemning\/boernehold\/\" \/>\n<meta property=\"og:locale\" content=\"da_DK\" \/>\n<meta property=\"og:type\" content=\"article\" \/>\n<meta property=\"og:title\" content=\"B\u00f8rnehold - Sv\u00f8mning\" \/>\n<meta property=\"og:description\" content=\"B\u00f8rnehold &nbsp; 0-1 Klasse:Undervisningen foreg\u00e5r i det store bassin, og vi anbefaler at barnet kun udstyres med et b\u00e6lte, da det fremmer barnets motorik i vandet. Vi arbejder rigtig meget med tryghed i vandet, det er vigtigt at barnet f\u00f8ler sig tryg og dermed begynde at l\u00e6re og sv\u00f8mme. I undervisningen tages der udgangspunkt i [&hellip;]\" \/>\n<meta property=\"og:url\" content=\"https:\/\/hgfhammel.dk\/svoemning\/boernehold\/\" \/>\n<meta property=\"og:site_name\" content=\"Sv\u00f8mning\" \/>\n<meta property=\"article:modified_time\" content=\"2021-03-11T20:25:53+00:00\" \/>\n<meta name=\"twitter:card\" content=\"summary_large_image\" \/>\n<meta name=\"twitter:label1\" content=\"Estimeret l\u00e6setid\" \/>\n\t<meta name=\"twitter:data1\" content=\"2 minutter\" \/>\n<!-- \/ Yoast SEO plugin. -->","yoast_head_json":{"title":"B\u00f8rnehold - Sv\u00f8mning","robots":{"index":"index","follow":"follow","max-snippet":"max-snippet:-1","max-image-preview":"max-image-preview:large","max-video-preview":"max-video-preview:-1"},"canonical":"https:\/\/hgfhammel.dk\/svoemning\/boernehold\/","og_locale":"da_DK","og_type":"article","og_title":"B\u00f8rnehold - Sv\u00f8mning","og_description":"B\u00f8rnehold &nbsp; 0-1 Klasse:Undervisningen foreg\u00e5r i det store bassin, og vi anbefaler at barnet kun udstyres med et b\u00e6lte, da det fremmer barnets motorik i vandet. Vi arbejder rigtig meget med tryghed i vandet, det er vigtigt at barnet f\u00f8ler sig tryg og dermed begynde at l\u00e6re og sv\u00f8mme. I undervisningen tages der udgangspunkt i [&hellip;]","og_url":"https:\/\/hgfhammel.dk\/svoemning\/boernehold\/","og_site_name":"Sv\u00f8mning","article_modified_time":"2021-03-11T20:25:53+00:00","twitter_card":"summary_large_image","twitter_misc":{"Estimeret l\u00e6setid":"2 minutter"},"schema":{"@context":"https:\/\/schema.org","@graph":[{"@type":"WebPage","@id":"https:\/\/hgfhammel.dk\/svoemning\/boernehold\/","url":"https:\/\/hgfhammel.dk\/svoemning\/boernehold\/","name":"B\u00f8rnehold - Sv\u00f8mning","isPartOf":{"@id":"https:\/\/hgfhammel.dk\/svoemning\/#website"},"datePublished":"2018-11-18T20:59:50+00:00","dateModified":"2021-03-11T20:25:53+00:00","breadcrumb":{"@id":"https:\/\/hgfhammel.dk\/svoemning\/boernehold\/#breadcrumb"},"inLanguage":"da-DK","potentialAction":[{"@type":"ReadAction","target":["https:\/\/hgfhammel.dk\/svoemning\/boernehold\/"]}]},{"@type":"BreadcrumbList","@id":"https:\/\/hgfhammel.dk\/svoemning\/boernehold\/#breadcrumb","itemListElement":[{"@type":"ListItem","position":1,"name":"Hjem","item":"https:\/\/hgfhammel.dk\/svoemning\/"},{"@type":"ListItem","position":2,"name":"B\u00f8rnehold"}]},{"@type":"WebSite","@id":"https:\/\/hgfhammel.dk\/svoemning\/#website","url":"https:\/\/hgfhammel.dk\/svoemning\/","name":"Sv\u00f8mning","description":"Sv\u00f8mning","potentialAction":[{"@type":"SearchAction","target":{"@type":"EntryPoint","urlTemplate":"https:\/\/hgfhammel.dk\/svoemning\/?s={search_term_string}"},"query-input":"required name=search_term_string"}],"inLanguage":"da-DK"}]}},"_links":{"self":[{"href":"https:\/\/hgfhammel.dk\/svoemning\/wp-json\/wp\/v2\/pages\/664"}],"collection":[{"href":"https:\/\/hgfhammel.dk\/svoemning\/wp-json\/wp\/v2\/pages"}],"about":[{"href":"https:\/\/hgfhammel.dk\/svoemning\/wp-json\/wp\/v2\/types\/page"}],"author":[{"embeddable":true,"href":"https:\/\/hgfhammel.dk\/svoemning\/wp-json\/wp\/v2\/users\/24"}],"replies":[{"embeddable":true,"href":"https:\/\/hgfhammel.dk\/svoemning\/wp-json\/wp\/v2\/comments?post=664"}],"version-history":[{"count":0,"href":"https:\/\/hgfhammel.dk\/svoemning\/wp-json\/wp\/v2\/pages\/664\/revisions"}],"wp:attachment":[{"href":"https:\/\/hgfhammel.dk\/svoemning\/wp-json\/wp\/v2\/media?parent=664"}],"curies":[{"name":"wp","href":"https:\/\/api.w.org\/{rel}","templated":true}]}}