{"id":680,"date":"2018-11-18T22:32:41","date_gmt":"2018-11-18T21:32:41","guid":{"rendered":"http:\/\/hgfhammel.dk\/svoemning\/?page_id=680"},"modified":"2023-11-07T21:48:11","modified_gmt":"2023-11-07T20:48:11","slug":"dolphins","status":"publish","type":"page","link":"https:\/\/hgfhammel.dk\/svoemning\/dolphins\/","title":{"rendered":"Dolphins"},"content":{"rendered":"<p>[et_pb_section fb_built=&#8221;1&#8243; _builder_version=&#8221;4.16&#8243; global_colors_info=&#8221;{}&#8221;][et_pb_row _builder_version=&#8221;4.16&#8243; background_size=&#8221;initial&#8221; background_position=&#8221;top_left&#8221; background_repeat=&#8221;repeat&#8221; global_colors_info=&#8221;{}&#8221;][et_pb_column type=&#8221;4_4&#8243; _builder_version=&#8221;4.16&#8243; custom_padding=&#8221;|||&#8221; global_colors_info=&#8221;{}&#8221; custom_padding__hover=&#8221;|||&#8221;][et_pb_text admin_label=&#8221;Overskrift med br\u00f8dtekst&#8221; module_class=&#8221;headline_text&#8221; _builder_version=&#8221;4.16&#8243; saved_tabs=&#8221;all&#8221; global_colors_info=&#8221;{}&#8221;]<\/p>\n<h1>HGF Dolphins &#8211; konkurrencehold<\/h1>\n<p>&nbsp;<\/p>\n<p>[\/et_pb_text][et_pb_text _builder_version=&#8221;4.16&#8243; global_colors_info=&#8221;{}&#8221;]<\/p>\n<p><strong>Pr\u00e6-talent:<\/strong><\/p>\n<p>Holdet er det 1. ud af 3 inden for konkurrenceafdelingen og typisk her man starter. Her finder du ofte de yngste sv\u00f8mmere, dem som gl\u00e6der sig til at komme til sv\u00f8mning og som gerne vil l\u00e6re at sv\u00f8mme flot sv\u00f8mning og hurtigt. P\u00e5 holdet bliver der undervist i Crawl, Rygcrawl og Butterfly\/Fly samt vendinger og starter. Desuden begynder man at snuse til Brystsv\u00f8mning. Det vigtigste p\u00e5 dette hold er l\u00e6ring gennem leg.<\/p>\n<p><strong>Talent:<\/strong><br \/>Holdet er det 2. ud af 3 inden for konkurrenceafdelingen. Sv\u00f8mmerne bliver som oftest rykket fra vores Pr\u00e6-talenthold og forts\u00e6tter deres udvikling p\u00e5 Talentholdet. P\u00e5 holdet er der fokus p\u00e5 at forbedre den enkeltes tekniske f\u00e6rdigheder, samt begynde at l\u00e6rer og forst\u00e5 Brystsv\u00f8mning. Det er her sv\u00f8mmeren forbedres p\u00e5 den mentale del af sv\u00f8mning, derudover arbejdes der ogs\u00e5 med personlige m\u00e5ls\u00e6tninger.<\/p>\n<p><strong>Konkurrence:<\/strong><br \/>Holdet er det sidste i vores konkurrenceafdeling, det er ogs\u00e5 de \u00e6ldste sv\u00f8mmer, som ofte g\u00e5r p\u00e5 dette hold. Sv\u00f8mmerne kommer oftest fra vores talent hold og \u00f8nsker at give den et ekstra ryk opad, sv\u00f8mmerne tr\u00e6nere ca. 2 timer, 4 gang om ugen. Holdet her fokuserer p\u00e5 at finjusterer sv\u00f8mmernes tekniske f\u00e6rdigheder samt \u00f8ge deres kondition, derudover arbejdes der mere med deres mentale f\u00e6rdigheder f\u00f8r, under og efter deres tr\u00e6ning og til st\u00e6vner.<\/p>\n<p><strong>SuperMasters:<\/strong><br \/>Dette hold er for de aller\u00e6ldste i konkurrenceafdelingen, ofte er det tidligere konkurrencesv\u00f8mmere, som bare ikke kan undv\u00e6re vandet og f\u00e6llesskabet. Holdet undervises 2 dage om ugen, udover h\u00e5rd tr\u00e6ning er det sociale prioriteret h\u00f8jt. Holdet har sine egne baner at sv\u00f8mme p\u00e5 og der bliver lavet programmer til sv\u00f8mmerne og af og til bliver de udfordret p\u00e5 deres kondition af konkurrencesv\u00f8mmerne.<\/p>\n<p><strong>Efterskoleholdet:<\/strong><br \/>Dette hold er tilknyttet HGF Dolphins, og kan kun bruge af de sv\u00f8mmere som er p\u00e5 efterskole, men som stadigv\u00e6k \u00f8nsker at v\u00e6re tilknyttet HGF Sv\u00f8mning. Krav: Tidligere HGF Dolphins sv\u00f8mmer + G\u00e5r p\u00e5 Efterskole.<\/p>\n<p>\u00d8nsker du at deltage p\u00e5 dette hold, skal du henvende dig til din nuv\u00e6rende tr\u00e6ner.\u00a0<\/p>\n<p>&nbsp;<\/p>\n<p>&nbsp;<\/p>\n<p>[\/et_pb_text][\/et_pb_column][\/et_pb_row][\/et_pb_section][et_pb_section fb_built=&#8221;1&#8243; _builder_version=&#8221;4.16&#8243; global_colors_info=&#8221;{}&#8221;][et_pb_row column_structure=&#8221;1_4,1_4,1_4,1_4&#8243; make_equal=&#8221;on&#8221; module_class=&#8221;sponsorlogo_row&#8221; _builder_version=&#8221;4.16&#8243; global_colors_info=&#8221;{}&#8221;][et_pb_column type=&#8221;1_4&#8243; _builder_version=&#8221;4.16&#8243; custom_padding=&#8221;|||&#8221; global_colors_info=&#8221;{}&#8221; custom_padding__hover=&#8221;|||&#8221;][et_pb_image src=&#8221;http:\/\/hgfhammel.dk\/wp-content\/uploads\/2018\/08\/sponsor_kronjylland.png&#8221; url=&#8221;https:\/\/google.dk&#8221; url_new_window=&#8221;on&#8221; align_tablet=&#8221;center&#8221; align_phone=&#8221;&#8221; align_last_edited=&#8221;on|desktop&#8221; admin_label=&#8221;Sponsor logo&#8221; module_class=&#8221;sponsorlogo&#8221; _builder_version=&#8221;4.16&#8243; saved_tabs=&#8221;all&#8221; global_colors_info=&#8221;{}&#8221;]<br \/>\n[\/et_pb_image][\/et_pb_column][et_pb_column type=&#8221;1_4&#8243; _builder_version=&#8221;4.16&#8243; custom_padding=&#8221;|||&#8221; global_colors_info=&#8221;{}&#8221; custom_padding__hover=&#8221;|||&#8221;][et_pb_image src=&#8221;http:\/\/hgfhammel.dk\/wp-content\/uploads\/2018\/08\/sponsor_jordgaard.png&#8221; url=&#8221;https:\/\/google.dk&#8221; url_new_window=&#8221;on&#8221; align_tablet=&#8221;center&#8221; align_phone=&#8221;&#8221; align_last_edited=&#8221;on|desktop&#8221; admin_label=&#8221;Sponsor logo&#8221; module_class=&#8221;sponsorlogo&#8221; _builder_version=&#8221;4.16&#8243; saved_tabs=&#8221;all&#8221; global_colors_info=&#8221;{}&#8221;]<br \/>\n[\/et_pb_image][\/et_pb_column][et_pb_column type=&#8221;1_4&#8243; _builder_version=&#8221;4.16&#8243; custom_padding=&#8221;|||&#8221; global_colors_info=&#8221;{}&#8221; custom_padding__hover=&#8221;|||&#8221;][et_pb_image src=&#8221;http:\/\/hgfhammel.dk\/wp-content\/uploads\/2018\/08\/sponsor-olehagen.png&#8221; url=&#8221;https:\/\/google.dk&#8221; url_new_window=&#8221;on&#8221; align_tablet=&#8221;center&#8221; align_phone=&#8221;&#8221; align_last_edited=&#8221;on|desktop&#8221; admin_label=&#8221;Sponsor logo&#8221; module_class=&#8221;sponsorlogo&#8221; _builder_version=&#8221;4.16&#8243; saved_tabs=&#8221;all&#8221; global_colors_info=&#8221;{}&#8221;]<br \/>\n[\/et_pb_image][\/et_pb_column][et_pb_column type=&#8221;1_4&#8243; _builder_version=&#8221;4.16&#8243; custom_padding=&#8221;|||&#8221; global_colors_info=&#8221;{}&#8221; custom_padding__hover=&#8221;|||&#8221;][et_pb_image src=&#8221;http:\/\/hgfhammel.dk\/wp-content\/uploads\/2018\/08\/sponsor_oeko.png&#8221; url=&#8221;https:\/\/google.dk&#8221; url_new_window=&#8221;on&#8221; align=&#8221;center&#8221; align_tablet=&#8221;center&#8221; align_phone=&#8221;&#8221; align_last_edited=&#8221;on|desktop&#8221; admin_label=&#8221;Sponsor logo&#8221; module_class=&#8221;sponsorlogo&#8221; _builder_version=&#8221;4.16&#8243; saved_tabs=&#8221;all&#8221; global_colors_info=&#8221;{}&#8221;]<br \/>\n[\/et_pb_image][\/et_pb_column][\/et_pb_row][\/et_pb_section]<\/p>\n","protected":false},"excerpt":{"rendered":"<p>HGF Dolphins &#8211; konkurrencehold &nbsp; Pr\u00e6-talent: Holdet er det 1. ud af 3 inden for konkurrenceafdelingen og typisk her man starter. Her finder du ofte de yngste sv\u00f8mmere, dem som gl\u00e6der sig til at komme til sv\u00f8mning og som gerne vil l\u00e6re at sv\u00f8mme flot sv\u00f8mning og hurtigt. P\u00e5 holdet bliver der undervist i Crawl, [&hellip;]<\/p>\n","protected":false},"author":24,"featured_media":0,"parent":0,"menu_order":0,"comment_status":"closed","ping_status":"closed","template":"","meta":{"_et_pb_use_builder":"on","_et_pb_old_content":"","_et_gb_content_width":""},"yoast_head":"<!-- This site is optimized with the Yoast SEO plugin v20.9 - https:\/\/yoast.com\/wordpress\/plugins\/seo\/ -->\n<title>Dolphins - Sv\u00f8mning<\/title>\n<meta name=\"robots\" content=\"index, follow, max-snippet:-1, max-image-preview:large, max-video-preview:-1\" \/>\n<link rel=\"canonical\" href=\"https:\/\/hgfhammel.dk\/svoemning\/dolphins\/\" \/>\n<meta property=\"og:locale\" content=\"da_DK\" \/>\n<meta property=\"og:type\" content=\"article\" \/>\n<meta property=\"og:title\" content=\"Dolphins - Sv\u00f8mning\" \/>\n<meta property=\"og:description\" content=\"HGF Dolphins - konkurrencehold &nbsp; Pr\u00e6-talent: Holdet er det 1. ud af 3 inden for konkurrenceafdelingen og typisk her man starter. Her finder du ofte de yngste sv\u00f8mmere, dem som gl\u00e6der sig til at komme til sv\u00f8mning og som gerne vil l\u00e6re at sv\u00f8mme flot sv\u00f8mning og hurtigt. P\u00e5 holdet bliver der undervist i Crawl, [&hellip;]\" \/>\n<meta property=\"og:url\" content=\"https:\/\/hgfhammel.dk\/svoemning\/dolphins\/\" \/>\n<meta property=\"og:site_name\" content=\"Sv\u00f8mning\" \/>\n<meta property=\"article:modified_time\" content=\"2023-11-07T20:48:11+00:00\" \/>\n<meta name=\"twitter:card\" content=\"summary_large_image\" \/>\n<meta name=\"twitter:label1\" content=\"Estimeret l\u00e6setid\" \/>\n\t<meta name=\"twitter:data1\" content=\"3 minutter\" \/>\n<!-- \/ Yoast SEO plugin. -->","yoast_head_json":{"title":"Dolphins - Sv\u00f8mning","robots":{"index":"index","follow":"follow","max-snippet":"max-snippet:-1","max-image-preview":"max-image-preview:large","max-video-preview":"max-video-preview:-1"},"canonical":"https:\/\/hgfhammel.dk\/svoemning\/dolphins\/","og_locale":"da_DK","og_type":"article","og_title":"Dolphins - Sv\u00f8mning","og_description":"HGF Dolphins - konkurrencehold &nbsp; Pr\u00e6-talent: Holdet er det 1. ud af 3 inden for konkurrenceafdelingen og typisk her man starter. Her finder du ofte de yngste sv\u00f8mmere, dem som gl\u00e6der sig til at komme til sv\u00f8mning og som gerne vil l\u00e6re at sv\u00f8mme flot sv\u00f8mning og hurtigt. P\u00e5 holdet bliver der undervist i Crawl, [&hellip;]","og_url":"https:\/\/hgfhammel.dk\/svoemning\/dolphins\/","og_site_name":"Sv\u00f8mning","article_modified_time":"2023-11-07T20:48:11+00:00","twitter_card":"summary_large_image","twitter_misc":{"Estimeret l\u00e6setid":"3 minutter"},"schema":{"@context":"https:\/\/schema.org","@graph":[{"@type":"WebPage","@id":"https:\/\/hgfhammel.dk\/svoemning\/dolphins\/","url":"https:\/\/hgfhammel.dk\/svoemning\/dolphins\/","name":"Dolphins - Sv\u00f8mning","isPartOf":{"@id":"https:\/\/hgfhammel.dk\/svoemning\/#website"},"datePublished":"2018-11-18T21:32:41+00:00","dateModified":"2023-11-07T20:48:11+00:00","breadcrumb":{"@id":"https:\/\/hgfhammel.dk\/svoemning\/dolphins\/#breadcrumb"},"inLanguage":"da-DK","potentialAction":[{"@type":"ReadAction","target":["https:\/\/hgfhammel.dk\/svoemning\/dolphins\/"]}]},{"@type":"BreadcrumbList","@id":"https:\/\/hgfhammel.dk\/svoemning\/dolphins\/#breadcrumb","itemListElement":[{"@type":"ListItem","position":1,"name":"Hjem","item":"https:\/\/hgfhammel.dk\/svoemning\/"},{"@type":"ListItem","position":2,"name":"Dolphins"}]},{"@type":"WebSite","@id":"https:\/\/hgfhammel.dk\/svoemning\/#website","url":"https:\/\/hgfhammel.dk\/svoemning\/","name":"Sv\u00f8mning","description":"Sv\u00f8mning","potentialAction":[{"@type":"SearchAction","target":{"@type":"EntryPoint","urlTemplate":"https:\/\/hgfhammel.dk\/svoemning\/?s={search_term_string}"},"query-input":"required name=search_term_string"}],"inLanguage":"da-DK"}]}},"_links":{"self":[{"href":"https:\/\/hgfhammel.dk\/svoemning\/wp-json\/wp\/v2\/pages\/680"}],"collection":[{"href":"https:\/\/hgfhammel.dk\/svoemning\/wp-json\/wp\/v2\/pages"}],"about":[{"href":"https:\/\/hgfhammel.dk\/svoemning\/wp-json\/wp\/v2\/types\/page"}],"author":[{"embeddable":true,"href":"https:\/\/hgfhammel.dk\/svoemning\/wp-json\/wp\/v2\/users\/24"}],"replies":[{"embeddable":true,"href":"https:\/\/hgfhammel.dk\/svoemning\/wp-json\/wp\/v2\/comments?post=680"}],"version-history":[{"count":2,"href":"https:\/\/hgfhammel.dk\/svoemning\/wp-json\/wp\/v2\/pages\/680\/revisions"}],"predecessor-version":[{"id":1859,"href":"https:\/\/hgfhammel.dk\/svoemning\/wp-json\/wp\/v2\/pages\/680\/revisions\/1859"}],"wp:attachment":[{"href":"https:\/\/hgfhammel.dk\/svoemning\/wp-json\/wp\/v2\/media?parent=680"}],"curies":[{"name":"wp","href":"https:\/\/api.w.org\/{rel}","templated":true}]}}